{"id":1351,"date":"2020-09-07T12:59:10","date_gmt":"2020-09-07T12:59:10","guid":{"rendered":"http:\/\/itdweb.hu\/?page_id=1351"},"modified":"2020-09-28T07:47:27","modified_gmt":"2020-09-28T07:47:27","slug":"ris-2020-innovation-training","status":"publish","type":"page","link":"https:\/\/itdweb.hu\/en\/ris-2020-innovation-training\/","title":{"rendered":"RIS 2020 Innovation Training"},"content":{"rendered":"<div class=\"wpb-content-wrapper\">\r\n<div  data-mk-stretch-content=\"true\" class=\"wpb_row vc_row vc_row-fluid jupiter-donut- mk-fullwidth-false  attched-false     js-master-row  mk-grid\">\r\n\t\t\t\t\r\n<div class=\"vc_col-sm-12 wpb_column column_container  jupiter-donut- _ jupiter-donut-height-full\">\r\n\t<div class=\"vc_empty_space\"   style=\"height: 100px\"><span class=\"vc_empty_space_inner\"><\/span><\/div><\/div>\r\n\t<\/div>\r\n\r\n<div  data-mk-stretch-content=\"true\" class=\"wpb_row vc_row vc_row-fluid jupiter-donut- mk-fullwidth-false  attched-false     js-master-row  mk-grid\">\r\n\t\t\t\t\r\n<div class=\"vc_col-sm-12 wpb_column column_container  jupiter-donut- _ jupiter-donut-height-full\">\r\n\t\r\n<h2 id=\"fancy-title-3\" class=\"mk-fancy-title  simple-style jupiter-donut-  color-single\">\r\n\t<span>\r\n\t\t\t\t<h2 class=\"centerFormProp\">RIS 2020 Innovation Training<\/h2>\n\t\t\t<\/span>\r\n<\/h2>\r\n<div class=\"clearboth\"><\/div>\r\n\r\n\r\n\r\n\t<div class=\"vc_custom_1599813347523\">\r\n\r\n<div id=\"text-block-4\" class=\"mk-text-block  jupiter-donut-\">\r\n\r\n\t\r\n\t<div class=\"o9v6fnle cxmmr5t8 oygrvhab hcukyx3x c1et5uql ii04i59q\">\n<div dir=\"auto\"><span style=\"color: #001b48; font-size: 12pt; font-family: georgia, palatino, serif;\">Az EIT Health InnoStars \u00fajra elind\u00edtja az EIT Health RIS Innov\u00e1ci\u00f3s K\u00e9pz\u00e9s\u00e9t!<\/span><\/div>\n<div dir=\"auto\"><\/div>\n<div dir=\"auto\"><span style=\"color: #001b48; font-size: 12pt; font-family: georgia, palatino, serif;\">Az RIS Innov\u00e1ci\u00f3s K\u00e9pz\u00e9s olyan mikro- \u00e9s kisv\u00e1llalkoz\u00e1sokat, kutat\u00e1si- \u00e9s oktat\u00e1si int\u00e9zm\u00e9nyeket, spin-off v\u00e1llalkoz\u00e1sokat \u00e9s indul\u00f3 v\u00e1llalkoz\u00e1sokat t\u00e1mogat amelyek m\u00e1r rendelkeznek innov\u00e1ci\u00f3val \/ term\u00e9kkel \/ megold\u00e1ssal \u00e9s teljes\u00edtett\u00e9k a CIMIT 1. szintj\u00e9t.<\/span><\/div>\n<div dir=\"auto\"><span style=\"color: #001b48; font-size: 12pt; font-family: georgia, palatino, serif;\">Pitchel\u00e9si lehet\u0151s\u00e9gek lesznek szeptemberben \u00e9s okt\u00f3berben is. A csapatokat csoportokba rendezik a projekt tartalm\u00e1nak \u00e9s \u00e9retts\u00e9gi szintj\u00e9nek megfelel\u0151en.<\/span><\/div>\n<div dir=\"auto\"><\/div>\n<\/div>\n<div class=\"o9v6fnle cxmmr5t8 oygrvhab hcukyx3x c1et5uql ii04i59q\">\n<div dir=\"auto\"><span style=\"color: #001b48; font-size: 12pt; font-family: georgia, palatino, serif;\"><span class=\"q9uorilb tbxw36s4 knj5qynh kvgmc6g5 ditlmg2l oygrvhab nvdbi5me fgm26odu gl3lb2sf hhz5lgdu\"><img decoding=\"async\" src=\"https:\/\/static.xx.fbcdn.net\/images\/emoji.php\/v9\/td7\/1.5\/16\/1f4c5.png\" alt=\"?\" width=\"16\" height=\"16\" \/><\/span> Jelentkez\u00e9si hat\u00e1rid\u0151: 2020. szeptember 19.<\/span><\/div>\n<div dir=\"auto\"><\/div>\n<div dir=\"auto\"><span style=\"color: #001b48; font-size: 12pt; font-family: georgia, palatino, serif;\"><span class=\"q9uorilb tbxw36s4 knj5qynh kvgmc6g5 ditlmg2l oygrvhab nvdbi5me fgm26odu gl3lb2sf hhz5lgdu\"><img decoding=\"async\" src=\"https:\/\/static.xx.fbcdn.net\/images\/emoji.php\/v9\/taa\/1.5\/16\/1f449.png\" alt=\"?\" width=\"16\" height=\"16\" \/><\/span> Jelentkez\u00e9s itt: <a class=\"oajrlxb2 g5ia77u1 qu0x051f esr5mh6w e9989ue4 r7d6kgcz rq0escxv nhd2j8a9 nc684nl6 p7hjln8o kvgmc6g5 cxmmr5t8 oygrvhab hcukyx3x jb3vyjys rz4wbd8a qt6c0cv9 a8nywdso i1ao9s8h esuyzwwr f1sip0of lzcic4wl py34i1dx gpro0wi8\" style=\"color: #001b48;\" tabindex=\"0\" role=\"link\" href=\"https:\/\/eithealth.wufoo.com\/forms\/ris-2020-innovation-training-22nd-september?fbclid=IwAR24OCxFnKnN-k4IovQiXm9yu1Ljh0kxdwj3e-AWSmcj3BdPH_JJRdbMyGw\" target=\"_blank\" rel=\"nofollow noopener noreferrer\">https:\/\/eithealth.wufoo.com\/forms\/ris-2020-innovation-training-22nd-september<\/a><\/span><\/div>\n<div dir=\"auto\">\n<p><span style=\"font-family: georgia, palatino, serif; font-size: 12pt; color: #001b48;\"><strong>B\u0151vebb inform\u00e1ci\u00f3 a k\u00e9pz\u00e9sr\u0151l (angolul):<\/strong><\/span> <a id=\"LPlnk974453\" href=\"https:\/\/eit.europa.eu\/our-activities\/opportunities\/health-ris-call\" target=\"_blank\" rel=\"noopener noreferrer\" data-auth=\"NotApplicable\">https:\/\/eit.europa.eu\/our-activities\/opportunities\/health-ris-call<\/a><\/p>\n<p><strong><span style=\"font-family: georgia, palatino, serif; font-size: 12pt; color: #001b48;\">T\u00e1j\u00e9koztat\u00f3 a CIMIT megfelel\u00e9si szintekr\u0151l: <\/span><\/strong><a id=\"LPlnk322853\" href=\"https:\/\/cimit.org\/documents\/173804\/228699\/Navigating+the+HealthTech+Innovation+Cycle.pdf\/2257c90b-d90b-3b78-6dc9-745db401fbc6?version=1.0\" target=\"_blank\" rel=\"noopener noreferrer\" data-auth=\"NotApplicable\">https:\/\/cimit.org\/documents\/173804\/228699\/Navigating+the+HealthTech+Innovation+Cycle.pdf\/2257c90b-d90b-3b78-6dc9-745db401fbc6?version=1.0<\/a><\/p>\n<\/div>\n<\/div>\n<div class=\"o9v6fnle cxmmr5t8 oygrvhab hcukyx3x c1et5uql ii04i59q\">\n<div dir=\"auto\"><span style=\"color: #001b48; font-size: 12pt; font-family: georgia, palatino, serif;\">&#8211; &#8211; &#8211; &#8211; &#8211; &#8211; &#8211; &#8211; &#8211; &#8211; &#8211; &#8211; &#8211; &#8211; &#8211; &#8211; &#8211; &#8211; &#8211; &#8211; &#8211; &#8211; &#8211; &#8211; &#8211; &#8211; &#8211; &#8211; &#8211; &#8211; &#8211; &#8211; &#8211; &#8211; &#8211; &#8211; &#8211; &#8211; &#8211; &#8211; &#8211; &#8211; &#8211; &#8211; &#8211; &#8211; &#8211; &#8211; &#8211; &#8211; &#8211; &#8211; &#8211; &#8211; &#8211; &#8211; &#8211; &#8211; &#8211; &#8211; &#8211; &#8211; &#8211; &#8211; &#8211; &#8211; &#8211; &#8211; &#8211; &#8211; &#8211; &#8211; &#8211; &#8211; &#8211;<\/span><\/div>\n<div dir=\"auto\"><\/div>\n<\/div>\n<div class=\"o9v6fnle cxmmr5t8 oygrvhab hcukyx3x c1et5uql ii04i59q\">\n<div dir=\"auto\"><span style=\"color: #001b48; font-size: 12pt; font-family: georgia, palatino, serif;\">@EITHealthInnoStars launches EIT Health RIS Innovation Training again!<\/span><\/div>\n<div dir=\"auto\"><\/div>\n<div dir=\"auto\"><span style=\"color: #001b48; font-size: 12pt; font-family: georgia, palatino, serif;\">Eligible applicants and projects RIS Innovation Training is suitable for micro and small enterprises, research and educational institutions, spin-offs and start-ups that already have an innovation\/product\/solution and has completed CIMIT Maturity Level 1.<\/span><\/div>\n<div dir=\"auto\"><span style=\"color: #001b48; font-size: 12pt; font-family: georgia, palatino, serif;\">Pitch consultation sessions will be organised in September\/October, teams will be organized into groups, based on the content and level of development of their project.<\/span><\/div>\n<\/div>\n<div class=\"o9v6fnle cxmmr5t8 oygrvhab hcukyx3x c1et5uql ii04i59q\">\n<p dir=\"auto\"><span style=\"color: #001b48; font-size: 12pt; font-family: georgia, palatino, serif;\"><span class=\"q9uorilb tbxw36s4 knj5qynh kvgmc6g5 ditlmg2l oygrvhab nvdbi5me fgm26odu gl3lb2sf hhz5lgdu\"><img decoding=\"async\" src=\"https:\/\/static.xx.fbcdn.net\/images\/emoji.php\/v9\/td7\/1.5\/16\/1f4c5.png\" alt=\"?\" width=\"16\" height=\"16\" \/><\/span><strong>Application deadline:<\/strong> 19th Sept 17:00 (CET)<\/span><\/p>\n<\/div>\n<div class=\"o9v6fnle cxmmr5t8 oygrvhab hcukyx3x c1et5uql ii04i59q\">\n<p dir=\"auto\"><span style=\"color: #001b48; font-size: 12pt; font-family: georgia, palatino, serif;\"><span class=\"q9uorilb tbxw36s4 knj5qynh kvgmc6g5 ditlmg2l oygrvhab nvdbi5me fgm26odu gl3lb2sf hhz5lgdu\"><img decoding=\"async\" src=\"https:\/\/static.xx.fbcdn.net\/images\/emoji.php\/v9\/taa\/1.5\/16\/1f449.png\" alt=\"?\" width=\"16\" height=\"16\" \/><\/span><strong>Apply here:<\/strong> <a class=\"oajrlxb2 g5ia77u1 qu0x051f esr5mh6w e9989ue4 r7d6kgcz rq0escxv nhd2j8a9 nc684nl6 p7hjln8o kvgmc6g5 cxmmr5t8 oygrvhab hcukyx3x jb3vyjys rz4wbd8a qt6c0cv9 a8nywdso i1ao9s8h esuyzwwr f1sip0of lzcic4wl py34i1dx gpro0wi8\" style=\"color: #001b48;\" tabindex=\"0\" role=\"link\" href=\"https:\/\/l.facebook.com\/l.php?u=https%3A%2F%2Feithealth.wufoo.com%2Fforms%2Fris-2020-innovation-training-22nd-september%3Ffbclid%3DIwAR24OCxFnKnN-k4IovQiXm9yu1Ljh0kxdwj3e-AWSmcj3BdPH_JJRdbMyGw&amp;h=AT3TOQFR5YleWKqmiL6JTPPBH7f4avWVTyn15FQr8PejyWurg_oAe2JhjhGEf7D-Bfm1kbfjAUM34z1ylbPNlr5-Gnm6q7ySRte08ilfBKo5KPXFwG8ksi0PbwwS_54qZ7lbILHRjNMoSGphobtp&amp;__tn__=-UK-R&amp;c&#091;0&#093;=AT0qE95m26_gAGDXFkmk3Krt5B_gI2NX6NiaEmQxZAYd-X-6oFZ0HHNAjlxLpcqHY96wR361UrQ_GI2tRLRHjW8yxlR6izQ1oian_gn2AElhoHYhnnM0M7ToxmxXhWhTzkVqA_ZXEOcyx8goQwfsR7rgl3ZzWOoAE9LdQ8ZjEYWCMkucaWcQD5l0X3o\" target=\"_blank\" rel=\"nofollow noopener noreferrer\">https:\/\/eithealth.wufoo.com\/forms\/ris-2020-innovation-training-22nd-september<\/a><\/span><\/p>\n<\/div>\n<div dir=\"auto\">\n<p><span style=\"font-family: georgia, palatino, serif; font-size: 12pt; color: #001b48;\"><strong>More information about training:<\/strong><\/span> <a id=\"LPlnk974453\" href=\"https:\/\/eit.europa.eu\/our-activities\/opportunities\/health-ris-call\" target=\"_blank\" rel=\"noopener noreferrer\" data-auth=\"NotApplicable\">https:\/\/eit.europa.eu\/our-activities\/opportunities\/health-ris-call<\/a><\/p>\n<p><strong><span style=\"font-family: georgia, palatino, serif; font-size: 12pt; color: #001b48;\">Information about CIMIT compliance levels: <\/span><\/strong><a id=\"LPlnk322853\" href=\"https:\/\/cimit.org\/documents\/173804\/228699\/Navigating+the+HealthTech+Innovation+Cycle.pdf\/2257c90b-d90b-3b78-6dc9-745db401fbc6?version=1.0\" target=\"_blank\" rel=\"noopener noreferrer\" data-auth=\"NotApplicable\">https:\/\/cimit.org\/documents\/173804\/228699\/Navigating+the+HealthTech+Innovation+Cycle.pdf\/2257c90b-d90b-3b78-6dc9-745db401fbc6?version=1.0<\/a><\/p>\n<\/div>\n\r\n\t<div class=\"clearboth\"><\/div>\r\n<\/div>\r\n\r\n\t<\/div>\r\n\r\n<div id=\"padding-5\" class=\"mk-padding-divider jupiter-donut-  jupiter-donut-clearfix\"><\/div>\r\n\r\n\n\t<div  class=\"wpb_single_image wpb_content_element vc_align_center wpb_content_element\">\n\t\t\n\t\t<figure class=\"wpb_wrapper vc_figure\">\n\t\t\t<div class=\"vc_single_image-wrapper   vc_box_border_grey\"><img fetchpriority=\"high\" decoding=\"async\" width=\"1200\" height=\"627\" src=\"https:\/\/itdweb.hu\/wp-content\/uploads\/2020\/09\/118389784_706466793268183_485419835373858796_o.jpg\" class=\"vc_single_image-img attachment-full\" alt=\"\" title=\"118389784_706466793268183_485419835373858796_o\" srcset=\"https:\/\/itdweb.hu\/wp-content\/uploads\/2020\/09\/118389784_706466793268183_485419835373858796_o.jpg 1200w, https:\/\/itdweb.hu\/wp-content\/uploads\/2020\/09\/118389784_706466793268183_485419835373858796_o-600x313.jpg 600w, https:\/\/itdweb.hu\/wp-content\/uploads\/2020\/09\/118389784_706466793268183_485419835373858796_o-300x157.jpg 300w, https:\/\/itdweb.hu\/wp-content\/uploads\/2020\/09\/118389784_706466793268183_485419835373858796_o-1024x535.jpg 1024w, https:\/\/itdweb.hu\/wp-content\/uploads\/2020\/09\/118389784_706466793268183_485419835373858796_o-768x401.jpg 768w\" sizes=\"(max-width: 1200px) 100vw, 1200px\" itemprop=\"image\" \/><\/div>\n\t\t<\/figure>\n\t<\/div>\n<\/div>\r\n\t<\/div>\r\n\n<\/div>","protected":false},"excerpt":{"rendered":"RIS 2020 Innovation Training Az EIT Health InnoStars \u00fajra elind\u00edtja az EIT Health RIS Innov\u00e1ci\u00f3s K\u00e9pz\u00e9s\u00e9t! Az RIS Innov\u00e1ci\u00f3s K\u00e9pz\u00e9s olyan mikro- \u00e9s kisv\u00e1llalkoz\u00e1sokat, kutat\u00e1si- \u00e9s oktat\u00e1si int\u00e9zm\u00e9nyeket, spin-off v\u00e1llalkoz\u00e1sokat \u00e9s indul\u00f3 v\u00e1llalkoz\u00e1sokat t\u00e1mogat amelyek m\u00e1r rendelkeznek innov\u00e1ci\u00f3val \/ term\u00e9kkel \/ megold\u00e1ssal \u00e9s teljes\u00edtett\u00e9k a CIMIT 1. szintj\u00e9t. Pitchel\u00e9si lehet\u0151s\u00e9gek lesznek szeptemberben \u00e9s okt\u00f3berben is. [...]","protected":false},"author":7,"featured_media":1352,"parent":0,"menu_order":0,"comment_status":"closed","ping_status":"closed","template":"","meta":{"om_disable_all_campaigns":false,"_monsterinsights_skip_tracking":false,"_monsterinsights_sitenote_active":false,"_monsterinsights_sitenote_note":"","_monsterinsights_sitenote_category":0,"_uf_show_specific_survey":0,"_uf_disable_surveys":false,"footnotes":""},"class_list":["post-1351","page","type-page","status-publish","has-post-thumbnail","hentry"],"yoast_head":"<!-- This site is optimized with the Yoast SEO plugin v27.5 - https:\/\/yoast.com\/product\/yoast-seo-wordpress\/ -->\n<title>RIS 2020 Innovation Training - ITD official webpage<\/title>\n<meta name=\"robots\" content=\"index, follow, max-snippet:-1, max-image-preview:large, max-video-preview:-1\" \/>\n<link rel=\"canonical\" href=\"https:\/\/itdweb.hu\/en\/ris-2020-innovation-training\/\" \/>\n<meta property=\"og:locale\" content=\"en_US\" \/>\n<meta property=\"og:type\" content=\"article\" \/>\n<meta property=\"og:title\" content=\"RIS 2020 Innovation Training - ITD official webpage\" \/>\n<meta property=\"og:url\" content=\"https:\/\/itdweb.hu\/en\/ris-2020-innovation-training\/\" \/>\n<meta property=\"og:site_name\" content=\"ITD official webpage\" \/>\n<meta property=\"article:publisher\" content=\"https:\/\/www.facebook.com\/itdpteaok\" \/>\n<meta property=\"article:modified_time\" content=\"2020-09-28T07:47:27+00:00\" \/>\n<meta property=\"og:image\" content=\"https:\/\/itdweb.hu\/wp-content\/uploads\/2020\/09\/118389784_706466793268183_485419835373858796_o.jpg\" \/>\n\t<meta property=\"og:image:width\" content=\"1200\" \/>\n\t<meta property=\"og:image:height\" content=\"627\" \/>\n\t<meta property=\"og:image:type\" content=\"image\/jpeg\" \/>\n<meta name=\"twitter:card\" content=\"summary_large_image\" \/>\n<meta name=\"twitter:site\" content=\"@itd_pte\" \/>\n<meta name=\"twitter:label1\" content=\"Est. reading time\" \/>\n\t<meta name=\"twitter:data1\" content=\"2 minutes\" \/>\n<script type=\"application\/ld+json\" class=\"yoast-schema-graph\">{\"@context\":\"https:\\\/\\\/schema.org\",\"@graph\":[{\"@type\":\"WebPage\",\"@id\":\"https:\\\/\\\/itdweb.hu\\\/ris-2020-innovation-training\\\/\",\"url\":\"https:\\\/\\\/itdweb.hu\\\/ris-2020-innovation-training\\\/\",\"name\":\"RIS 2020 Innovation Training - ITD official webpage\",\"isPartOf\":{\"@id\":\"https:\\\/\\\/itdweb.hu\\\/en\\\/#website\"},\"primaryImageOfPage\":{\"@id\":\"https:\\\/\\\/itdweb.hu\\\/ris-2020-innovation-training\\\/#primaryimage\"},\"image\":{\"@id\":\"https:\\\/\\\/itdweb.hu\\\/ris-2020-innovation-training\\\/#primaryimage\"},\"thumbnailUrl\":\"https:\\\/\\\/itdweb.hu\\\/wp-content\\\/uploads\\\/2020\\\/09\\\/118389784_706466793268183_485419835373858796_o.jpg\",\"datePublished\":\"2020-09-07T12:59:10+00:00\",\"dateModified\":\"2020-09-28T07:47:27+00:00\",\"breadcrumb\":{\"@id\":\"https:\\\/\\\/itdweb.hu\\\/ris-2020-innovation-training\\\/#breadcrumb\"},\"inLanguage\":\"en-US\",\"potentialAction\":[{\"@type\":\"ReadAction\",\"target\":[\"https:\\\/\\\/itdweb.hu\\\/ris-2020-innovation-training\\\/\"]}]},{\"@type\":\"ImageObject\",\"inLanguage\":\"en-US\",\"@id\":\"https:\\\/\\\/itdweb.hu\\\/ris-2020-innovation-training\\\/#primaryimage\",\"url\":\"https:\\\/\\\/itdweb.hu\\\/wp-content\\\/uploads\\\/2020\\\/09\\\/118389784_706466793268183_485419835373858796_o.jpg\",\"contentUrl\":\"https:\\\/\\\/itdweb.hu\\\/wp-content\\\/uploads\\\/2020\\\/09\\\/118389784_706466793268183_485419835373858796_o.jpg\",\"width\":1200,\"height\":627},{\"@type\":\"BreadcrumbList\",\"@id\":\"https:\\\/\\\/itdweb.hu\\\/ris-2020-innovation-training\\\/#breadcrumb\",\"itemListElement\":[{\"@type\":\"ListItem\",\"position\":1,\"name\":\"Home\",\"item\":\"https:\\\/\\\/itdweb.hu\\\/\"},{\"@type\":\"ListItem\",\"position\":2,\"name\":\"RIS 2020 Innovation Training\"}]},{\"@type\":\"WebSite\",\"@id\":\"https:\\\/\\\/itdweb.hu\\\/en\\\/#website\",\"url\":\"https:\\\/\\\/itdweb.hu\\\/en\\\/\",\"name\":\"ITD official webpage\",\"description\":\"\",\"publisher\":{\"@id\":\"https:\\\/\\\/itdweb.hu\\\/en\\\/#organization\"},\"potentialAction\":[{\"@type\":\"SearchAction\",\"target\":{\"@type\":\"EntryPoint\",\"urlTemplate\":\"https:\\\/\\\/itdweb.hu\\\/en\\\/?s={search_term_string}\"},\"query-input\":{\"@type\":\"PropertyValueSpecification\",\"valueRequired\":true,\"valueName\":\"search_term_string\"}}],\"inLanguage\":\"en-US\"},{\"@type\":\"Organization\",\"@id\":\"https:\\\/\\\/itdweb.hu\\\/en\\\/#organization\",\"name\":\"ITD - Institute of Transdisciplinary Discoveries\",\"url\":\"https:\\\/\\\/itdweb.hu\\\/en\\\/\",\"logo\":{\"@type\":\"ImageObject\",\"inLanguage\":\"en-US\",\"@id\":\"https:\\\/\\\/itdweb.hu\\\/en\\\/#\\\/schema\\\/logo\\\/image\\\/\",\"url\":\"https:\\\/\\\/itdweb.hu\\\/wp-content\\\/uploads\\\/2020\\\/11\\\/itd-ikon.png\",\"contentUrl\":\"https:\\\/\\\/itdweb.hu\\\/wp-content\\\/uploads\\\/2020\\\/11\\\/itd-ikon.png\",\"width\":512,\"height\":512,\"caption\":\"ITD - Institute of Transdisciplinary Discoveries\"},\"image\":{\"@id\":\"https:\\\/\\\/itdweb.hu\\\/en\\\/#\\\/schema\\\/logo\\\/image\\\/\"},\"sameAs\":[\"https:\\\/\\\/www.facebook.com\\\/itdpteaok\",\"https:\\\/\\\/x.com\\\/itd_pte\",\"https:\\\/\\\/www.linkedin.com\\\/company\\\/institute-of-transdisciplinary-discoveries\",\"https:\\\/\\\/www.youtube.com\\\/channel\\\/UCJpKCIjIg0aVbPQztlXBdcg\"]}]}<\/script>\n<!-- \/ Yoast SEO plugin. -->","yoast_head_json":{"title":"RIS 2020 Innovation Training - ITD official webpage","robots":{"index":"index","follow":"follow","max-snippet":"max-snippet:-1","max-image-preview":"max-image-preview:large","max-video-preview":"max-video-preview:-1"},"canonical":"https:\/\/itdweb.hu\/en\/ris-2020-innovation-training\/","og_locale":"en_US","og_type":"article","og_title":"RIS 2020 Innovation Training - ITD official webpage","og_url":"https:\/\/itdweb.hu\/en\/ris-2020-innovation-training\/","og_site_name":"ITD official webpage","article_publisher":"https:\/\/www.facebook.com\/itdpteaok","article_modified_time":"2020-09-28T07:47:27+00:00","og_image":[{"width":1200,"height":627,"url":"https:\/\/itdweb.hu\/wp-content\/uploads\/2020\/09\/118389784_706466793268183_485419835373858796_o.jpg","type":"image\/jpeg"}],"twitter_card":"summary_large_image","twitter_site":"@itd_pte","twitter_misc":{"Est. reading time":"2 minutes"},"schema":{"@context":"https:\/\/schema.org","@graph":[{"@type":"WebPage","@id":"https:\/\/itdweb.hu\/ris-2020-innovation-training\/","url":"https:\/\/itdweb.hu\/ris-2020-innovation-training\/","name":"RIS 2020 Innovation Training - ITD official webpage","isPartOf":{"@id":"https:\/\/itdweb.hu\/en\/#website"},"primaryImageOfPage":{"@id":"https:\/\/itdweb.hu\/ris-2020-innovation-training\/#primaryimage"},"image":{"@id":"https:\/\/itdweb.hu\/ris-2020-innovation-training\/#primaryimage"},"thumbnailUrl":"https:\/\/itdweb.hu\/wp-content\/uploads\/2020\/09\/118389784_706466793268183_485419835373858796_o.jpg","datePublished":"2020-09-07T12:59:10+00:00","dateModified":"2020-09-28T07:47:27+00:00","breadcrumb":{"@id":"https:\/\/itdweb.hu\/ris-2020-innovation-training\/#breadcrumb"},"inLanguage":"en-US","potentialAction":[{"@type":"ReadAction","target":["https:\/\/itdweb.hu\/ris-2020-innovation-training\/"]}]},{"@type":"ImageObject","inLanguage":"en-US","@id":"https:\/\/itdweb.hu\/ris-2020-innovation-training\/#primaryimage","url":"https:\/\/itdweb.hu\/wp-content\/uploads\/2020\/09\/118389784_706466793268183_485419835373858796_o.jpg","contentUrl":"https:\/\/itdweb.hu\/wp-content\/uploads\/2020\/09\/118389784_706466793268183_485419835373858796_o.jpg","width":1200,"height":627},{"@type":"BreadcrumbList","@id":"https:\/\/itdweb.hu\/ris-2020-innovation-training\/#breadcrumb","itemListElement":[{"@type":"ListItem","position":1,"name":"Home","item":"https:\/\/itdweb.hu\/"},{"@type":"ListItem","position":2,"name":"RIS 2020 Innovation Training"}]},{"@type":"WebSite","@id":"https:\/\/itdweb.hu\/en\/#website","url":"https:\/\/itdweb.hu\/en\/","name":"ITD official webpage","description":"","publisher":{"@id":"https:\/\/itdweb.hu\/en\/#organization"},"potentialAction":[{"@type":"SearchAction","target":{"@type":"EntryPoint","urlTemplate":"https:\/\/itdweb.hu\/en\/?s={search_term_string}"},"query-input":{"@type":"PropertyValueSpecification","valueRequired":true,"valueName":"search_term_string"}}],"inLanguage":"en-US"},{"@type":"Organization","@id":"https:\/\/itdweb.hu\/en\/#organization","name":"ITD - Institute of Transdisciplinary Discoveries","url":"https:\/\/itdweb.hu\/en\/","logo":{"@type":"ImageObject","inLanguage":"en-US","@id":"https:\/\/itdweb.hu\/en\/#\/schema\/logo\/image\/","url":"https:\/\/itdweb.hu\/wp-content\/uploads\/2020\/11\/itd-ikon.png","contentUrl":"https:\/\/itdweb.hu\/wp-content\/uploads\/2020\/11\/itd-ikon.png","width":512,"height":512,"caption":"ITD - Institute of Transdisciplinary Discoveries"},"image":{"@id":"https:\/\/itdweb.hu\/en\/#\/schema\/logo\/image\/"},"sameAs":["https:\/\/www.facebook.com\/itdpteaok","https:\/\/x.com\/itd_pte","https:\/\/www.linkedin.com\/company\/institute-of-transdisciplinary-discoveries","https:\/\/www.youtube.com\/channel\/UCJpKCIjIg0aVbPQztlXBdcg"]}]}},"_links":{"self":[{"href":"https:\/\/itdweb.hu\/en\/wp-json\/wp\/v2\/pages\/1351","targetHints":{"allow":["GET"]}}],"collection":[{"href":"https:\/\/itdweb.hu\/en\/wp-json\/wp\/v2\/pages"}],"about":[{"href":"https:\/\/itdweb.hu\/en\/wp-json\/wp\/v2\/types\/page"}],"author":[{"embeddable":true,"href":"https:\/\/itdweb.hu\/en\/wp-json\/wp\/v2\/users\/7"}],"replies":[{"embeddable":true,"href":"https:\/\/itdweb.hu\/en\/wp-json\/wp\/v2\/comments?post=1351"}],"version-history":[{"count":5,"href":"https:\/\/itdweb.hu\/en\/wp-json\/wp\/v2\/pages\/1351\/revisions"}],"predecessor-version":[{"id":1430,"href":"https:\/\/itdweb.hu\/en\/wp-json\/wp\/v2\/pages\/1351\/revisions\/1430"}],"wp:featuredmedia":[{"embeddable":true,"href":"https:\/\/itdweb.hu\/en\/wp-json\/wp\/v2\/media\/1352"}],"wp:attachment":[{"href":"https:\/\/itdweb.hu\/en\/wp-json\/wp\/v2\/media?parent=1351"}],"curies":[{"name":"wp","href":"https:\/\/api.w.org\/{rel}","templated":true}]}}