{"id":1359,"date":"2020-09-07T13:32:05","date_gmt":"2020-09-07T13:32:05","guid":{"rendered":"http:\/\/itdweb.hu\/?page_id=1359"},"modified":"2020-09-28T07:42:09","modified_gmt":"2020-09-28T07:42:09","slug":"innostars-start-up-amplifier","status":"publish","type":"page","link":"https:\/\/itdweb.hu\/en\/innostars-start-up-amplifier\/","title":{"rendered":"InnoStars Start-up Amplifier"},"content":{"rendered":"<div class=\"wpb-content-wrapper\">\r\n<div  data-mk-stretch-content=\"true\" class=\"wpb_row vc_row vc_row-fluid jupiter-donut- mk-fullwidth-false  attched-false     js-master-row  mk-grid\">\r\n\t\t\t\t\r\n<div class=\"vc_col-sm-12 wpb_column column_container  jupiter-donut- _ jupiter-donut-height-full\">\r\n\t<div class=\"vc_empty_space\"   style=\"height: 100px\"><span class=\"vc_empty_space_inner\"><\/span><\/div><\/div>\r\n\t<\/div>\r\n\r\n<div  data-mk-stretch-content=\"true\" class=\"wpb_row vc_row vc_row-fluid jupiter-donut- mk-fullwidth-false  attched-false     js-master-row  mk-grid\">\r\n\t\t\t\t\r\n<div class=\"vc_col-sm-12 wpb_column column_container  jupiter-donut- _ jupiter-donut-height-full\">\r\n\t\r\n<h2 id=\"fancy-title-3\" class=\"mk-fancy-title  simple-style jupiter-donut-  color-single\">\r\n\t<span>\r\n\t\t\t\t<h1>InnoStars Start-up Amplifier<\/h1>\n\t\t\t<\/span>\r\n<\/h2>\r\n<div class=\"clearboth\"><\/div>\r\n\r\n\r\n\r\n<\/div>\r\n\t<\/div>\r\n\r\n<div  data-mk-stretch-content=\"true\" class=\"wpb_row vc_row vc_row-fluid jupiter-donut- mk-fullwidth-false  attched-false     js-master-row  mk-grid\">\r\n\t\t\t\t\r\n<div class=\"vc_col-sm-12 wpb_column column_container  jupiter-donut- _ jupiter-donut-height-full\">\r\n\t\t<div class=\"vc_custom_1599817058364\">\r\n\r\n<div id=\"text-block-5\" class=\"mk-text-block  jupiter-donut-\">\r\n\r\n\t\r\n\t<p><span style=\"font-family: georgia, palatino, serif; font-size: 12pt; color: #001b48;\">&#8211; &#8211; &#8211; ENGLISH BELOW &#8211; &#8211; &#8211;\u00a0<\/span><\/p>\n<p><span style=\"font-family: georgia, palatino, serif; font-size: 12pt; color: #001b48;\"><strong>Lehet\u0151s\u00e9g: InnoStars Start-Up Amplifier el\u0151v\u00e1logat\u00f3<\/strong><\/span><\/p>\n<p><span style=\"font-family: georgia, palatino, serif; font-size: 12pt; color: #001b48;\">Az EIT Health InnoStars megkezdte a 2022-es EIT Health Start-Up Amplifier program indul\u00f3 v\u00e1llalkoz\u00e1sainak felkutat\u00e1s\u00e1t. A program ir\u00e1nt \u00e9rdekl\u0151d\u0151 indul\u00f3 v\u00e1llalkoz\u00e1sok p\u00e1ly\u00e1zhatnak erre az el\u0151v\u00e1logat\u00f3ra, mellyel 2000 eur\u00f3s utalv\u00e1nyt szerezhetnek az EIT Health t\u00e1mogat\u00e1s\u00e1val. Mentori \u00e9s coach h\u00e1l\u00f3zat k\u00f6zrem\u0171k\u00f6d\u00e9s\u00e9vel egy ingyenes felm\u00e9r\u00e9sre ker\u00fcl sor \u00e9s m\u00e1ris ott lehetsz az el\u0151v\u00e1logat\u00f3 short list-j\u00e9n!<\/span><\/p>\n<p><span style=\"font-family: georgia, palatino, serif; font-size: 12pt; color: #001b48;\">Az InnoStars kiv\u00e9teles projekteket, alkot\u00f3kat \u00e9s elk\u00e9pzel\u00e9seket keres az eg\u00e9szs\u00e9g\u00fcgyi innov\u00e1ci\u00f3k ter\u00fclet\u00e9n: olyan indul\u00f3 v\u00e1llalkoz\u00e1sokat, amelyek tev\u00e9kenys\u00e9g\u00fcket m\u00e1s eur\u00f3pai orsz\u00e1gokba szeretn\u00e9k kiterjeszteni, \u00e9s egy\u00fcttm\u0171k\u00f6d\u00e9st k\u00edv\u00e1nnak kialak\u00edtani kutat\u00f3k\u00f6zpontokkal, k\u00f3rh\u00e1zakkal vagy eg\u00e9szs\u00e9g\u00fcgyi szolg\u00e1ltat\u00f3kkal eg\u00e9sz Eur\u00f3p\u00e1ban az EIT eg\u00e9szs\u00e9g\u00fcgyi k\u00f6z\u00f6ss\u00e9g\u00e9nek. Ha be akarsz jutni az indul\u00f3 v\u00e1logat\u00f3ba, akkor j\u00f3l fel kell k\u00e9sz\u00fclni de mi itt vagyunk, hogy seg\u00edts\u00fcnk. \u00d6r\u00f6mmel fogunk veled dolgozni ebben a kezdeti szakaszban. Tudj meg t\u00f6bbet err\u0151l a lehet\u0151s\u00e9gr\u0151l!<\/span><\/p>\n<p><span style=\"text-decoration: underline;\"><span style=\"font-family: georgia, palatino, serif; font-size: 12pt; color: #001b48; text-decoration: underline;\">N\u00e9h\u00e1ny sz\u00f3 az el\u0151v\u00e1logat\u00f3r\u00f3l:<\/span><\/span><\/p>\n<p><span style=\"font-family: georgia, palatino, serif; font-size: 12pt; color: #001b48;\">A Start-up Amplifier seg\u00edts\u00e9g\u00e9vel arra t\u00f6reksz\u00fcnk, hogy a legjobb indul\u00f3 v\u00e1llalkoz\u00e1soknak kulcsszerepet biztos\u00edtsunk az EIT eg\u00e9szs\u00e9g\u00fcgyi innov\u00e1ci\u00f3s projektjeiben. Ha Te kezd\u0151 biotechnol\u00f3giai, med-tech vagy digit\u00e1lis eg\u00e9szs\u00e9g\u00fcgyben dolgozol, \u00e9s szeretn\u00e9d felgyors\u00edtani term\u00e9ked vagy szolg\u00e1ltat\u00e1sod piacra ker\u00fcl\u00e9s\u00e9t, az <strong>InnoStars Start-Up Amplifier<\/strong> megold\u00e1s lehet sz\u00e1modra.<\/span><\/p>\n<p><span style=\"font-family: georgia, palatino, serif; font-size: 12pt; color: #001b48;\">Csatlakozz InnoStars<span class=\"q9uorilb tbxw36s4 knj5qynh kvgmc6g5 ditlmg2l oygrvhab nvdbi5me fgm26odu gl3lb2sf hhz5lgdu\"><img decoding=\"async\" src=\"https:\/\/static.xx.fbcdn.net\/images\/emoji.php\/v9\/t3b\/1.5\/16\/2b50.png\" alt=\"\u2b50\ufe0f\" width=\"16\" height=\"16\" \/><\/span> el\u0151v\u00e1logat\u00f3nkhoz! <\/span><\/p>\n<p><span style=\"font-family: georgia, palatino, serif; font-size: 12pt; color: #001b48;\"><strong>Regisztr\u00e1ci\u00f3 2020. szeptember 17-ig itt:<\/strong> <a class=\"oajrlxb2 g5ia77u1 qu0x051f esr5mh6w e9989ue4 r7d6kgcz rq0escxv nhd2j8a9 nc684nl6 p7hjln8o kvgmc6g5 cxmmr5t8 oygrvhab hcukyx3x jb3vyjys rz4wbd8a qt6c0cv9 a8nywdso i1ao9s8h esuyzwwr f1sip0of lzcic4wl py34i1dx gpro0wi8\" style=\"color: #001b48;\" tabindex=\"0\" role=\"link\" href=\"https:\/\/bit.ly\/2E1c0yO?fbclid=IwAR24OCxFnKnN-k4IovQiXm9yu1Ljh0kxdwj3e-AWSmcj3BdPH_JJRdbMyGw\" target=\"_blank\" rel=\"nofollow noopener noreferrer\">https:\/\/bit.ly\/2E1c0yO<\/a><\/span><\/p>\n<p><span style=\"font-family: georgia, palatino, serif; font-size: 12pt; color: #001b48;\"><strong>B\u0151vebb inform\u00e1ci\u00f3 az InnoStars Start-Up Amplifier lehet\u0151s\u00e9gr\u0151l:<\/strong> <a href=\"https:\/\/eithealth.eu\/wp-content\/uploads\/2020\/08\/EIT-Health-InnoStars-Start-up-Amplifier-pre-selection-2.pdf\">https:\/\/eithealth.eu\/wp-content\/uploads\/2020\/08\/EIT-Health-InnoStars-Start-up-Amplifier-pre-selection-2.pdf<\/a><\/span><\/p>\n<p><span style=\"font-family: georgia, palatino, serif; font-size: 12pt; color: #001b48;\">&#8211; &#8211; &#8211; &#8211; &#8211; &#8211; &#8211; &#8211; &#8211; &#8211; &#8211; &#8211; &#8211; &#8211; &#8211; &#8211; &#8211; &#8211; &#8211; &#8211; &#8211; &#8211; &#8211; &#8211; &#8211; &#8211; &#8211; &#8211; &#8211; &#8211; &#8211; &#8211; &#8211; &#8211; &#8211; &#8211; &#8211; &#8211; &#8211; &#8211; &#8211; &#8211; &#8211; &#8211; &#8211; &#8211; &#8211; &#8211; &#8211; &#8211; &#8211; &#8211; &#8211; &#8211; &#8211; &#8211; &#8211; &#8211; &#8211; &#8211; &#8211; &#8211; &#8211;<\/span><\/p>\n<div class=\"container top-banner-new-container\">\n<div class=\"row\">\n<div class=\"title col-12\">\n<div class=\"col-11 offset-lg-1 title-box\">\n<p><strong><span style=\"font-family: georgia, palatino, serif; font-size: 12pt; color: #001b48;\">Opportunity: InnoStars Start-up Amplifier pre-selection<\/span><\/strong><\/p>\n<\/div>\n<\/div>\n<\/div>\n<\/div>\n<div class=\"container post-content\">\n<div class=\"row\">\n<div class=\"col-12\">\n<div class=\"row justify-content-center\">\n<p class=\"col-12 col-lg-10\"><span style=\"font-family: georgia, palatino, serif; font-size: 12pt; color: #001b48;\">EIT Health InnoStars has begun the search for start-ups for the EIT Health Start-up Amplifier programme 2022. Start-ups interested in the programme can apply for this pre-selection round, to obtain a \u20ac2,000 voucher for assistance from the\u00a0<a style=\"color: #001b48;\" href=\"https:\/\/eithealth.eu\/project\/mentoring-and-coaching-network\/\">EIT Health Mentoring &amp; Coaching Network<\/a>, and free Due Diligence, and to get on the short list for the next Start-up Amplifier round!InnoStars is looking for exceptional projects, creators, and visionaries in the field of healthcare innovations: start-ups that want to scale up their activities to other European countries and establish cooperation with research centres, hospitals, or health service providers throughout Europe using the possibilities of the EIT Health community. If you want to get into the Start-up Amplifier you need to be well-prepared, and we are here to help. We will be happy to work with you in this pre-selection phase. Learn more about how to get called for this opportunity!<\/span><\/p>\n<p class=\"col-12 col-lg-10\"><span style=\"font-family: georgia, palatino, serif; font-size: 12pt; color: #001b48;\"><strong>About the Start-up Amplifier<\/strong><\/span><\/p>\n<p class=\"col-12 col-lg-10\"><span style=\"font-family: georgia, palatino, serif; font-size: 12pt; color: #001b48;\">With the Start-up Amplifier, we aim to give top start-ups the opportunity to play a key role in EIT Health Innovation Projects. If you are a start-up working in biotech, med-tech or digital health and you would like to accelerate your product or service to market, the EIT Health Amplifier may be a solution for you.<\/span><\/p>\n<\/div>\n<\/div>\n<\/div>\n<\/div>\n<p><span style=\"font-family: georgia, palatino, serif; font-size: 12pt; color: #001b48;\">Join our InnoStars<span class=\"q9uorilb tbxw36s4 knj5qynh kvgmc6g5 ditlmg2l oygrvhab nvdbi5me fgm26odu gl3lb2sf hhz5lgdu\"><img decoding=\"async\" src=\"https:\/\/static.xx.fbcdn.net\/images\/emoji.php\/v9\/t3b\/1.5\/16\/2b50.png\" alt=\"\u2b50\ufe0f\" width=\"16\" height=\"16\" \/><\/span> pre-selection round. <\/span><\/p>\n<p><span style=\"font-family: georgia, palatino, serif; font-size: 12pt; color: #001b48;\"><strong>Register here:<\/strong> <a class=\"oajrlxb2 g5ia77u1 qu0x051f esr5mh6w e9989ue4 r7d6kgcz rq0escxv nhd2j8a9 nc684nl6 p7hjln8o kvgmc6g5 cxmmr5t8 oygrvhab hcukyx3x jb3vyjys rz4wbd8a qt6c0cv9 a8nywdso i1ao9s8h esuyzwwr f1sip0of lzcic4wl py34i1dx gpro0wi8\" style=\"color: #001b48;\" tabindex=\"0\" role=\"link\" href=\"https:\/\/bit.ly\/2Q6GnqB?fbclid=IwAR24OCxFnKnN-k4IovQiXm9yu1Ljh0kxdwj3e-AWSmcj3BdPH_JJRdbMyGw\" target=\"_blank\" rel=\"nofollow noopener noreferrer\">https:\/\/bit.ly\/2Q6GnqB<\/a> till 17\/09\/2020<\/span><span class=\"q9uorilb tbxw36s4 knj5qynh kvgmc6g5 ditlmg2l oygrvhab nvdbi5me fgm26odu gl3lb2sf hhz5lgdu\"><img decoding=\"async\" src=\"https:\/\/static.xx.fbcdn.net\/images\/emoji.php\/v9\/tfe\/1.5\/16\/203c.png\" alt=\"\u203c\ufe0f\" width=\"16\" height=\"16\" \/><\/span><\/p>\n<p><span style=\"font-family: georgia, palatino, serif; font-size: 12pt; color: #001b48;\"><strong>More information about InnoStars Start-Up Amplifier:<\/strong> <a href=\"https:\/\/eithealth.eu\/wp-content\/uploads\/2020\/08\/EIT-Health-InnoStars-Start-up-Amplifier-pre-selection-2.pdf\">https:\/\/eithealth.eu\/wp-content\/uploads\/2020\/08\/EIT-Health-InnoStars-Start-up-Amplifier-pre-selection-2.pdf<\/a><\/span><\/p>\n\r\n\t<div class=\"clearboth\"><\/div>\r\n<\/div>\r\n\r\n\t<\/div>\r\n<\/div>\r\n\t<\/div>\r\n\r\n<div  data-mk-stretch-content=\"true\" class=\"wpb_row vc_row vc_row-fluid jupiter-donut- mk-fullwidth-false  attched-false     js-master-row  mk-grid\">\r\n\t\t\t\t\r\n<div class=\"vc_col-sm-12 wpb_column column_container  jupiter-donut- _ jupiter-donut-height-full\">\r\n\t\n\t<div  class=\"wpb_single_image wpb_content_element vc_align_center wpb_content_element\">\n\t\t\n\t\t<figure class=\"wpb_wrapper vc_figure\">\n\t\t\t<div class=\"vc_single_image-wrapper   vc_box_border_grey\"><img fetchpriority=\"high\" decoding=\"async\" width=\"1835\" height=\"960\" src=\"https:\/\/itdweb.hu\/wp-content\/uploads\/2020\/09\/118584712_705729723341890_8625234652737671285_o.jpg\" class=\"vc_single_image-img attachment-full\" alt=\"\" title=\"118584712_705729723341890_8625234652737671285_o\" srcset=\"https:\/\/itdweb.hu\/wp-content\/uploads\/2020\/09\/118584712_705729723341890_8625234652737671285_o.jpg 1835w, https:\/\/itdweb.hu\/wp-content\/uploads\/2020\/09\/118584712_705729723341890_8625234652737671285_o-600x314.jpg 600w, https:\/\/itdweb.hu\/wp-content\/uploads\/2020\/09\/118584712_705729723341890_8625234652737671285_o-300x157.jpg 300w, https:\/\/itdweb.hu\/wp-content\/uploads\/2020\/09\/118584712_705729723341890_8625234652737671285_o-1024x536.jpg 1024w, https:\/\/itdweb.hu\/wp-content\/uploads\/2020\/09\/118584712_705729723341890_8625234652737671285_o-768x402.jpg 768w\" sizes=\"(max-width: 1835px) 100vw, 1835px\" itemprop=\"image\" \/><\/div>\n\t\t<\/figure>\n\t<\/div>\n<\/div>\r\n\t<\/div>\r\n\n<\/div>","protected":false},"excerpt":{"rendered":"InnoStars Start-up Amplifier - - - ENGLISH BELOW - - -\u00a0 Lehet\u0151s\u00e9g: InnoStars Start-Up Amplifier el\u0151v\u00e1logat\u00f3 Az EIT Health InnoStars megkezdte a 2022-es EIT Health Start-Up Amplifier program indul\u00f3 v\u00e1llalkoz\u00e1sainak felkutat\u00e1s\u00e1t. A program ir\u00e1nt \u00e9rdekl\u0151d\u0151 indul\u00f3 v\u00e1llalkoz\u00e1sok p\u00e1ly\u00e1zhatnak erre az el\u0151v\u00e1logat\u00f3ra, mellyel 2000 eur\u00f3s utalv\u00e1nyt szerezhetnek az EIT Health t\u00e1mogat\u00e1s\u00e1val. Mentori \u00e9s coach h\u00e1l\u00f3zat k\u00f6zrem\u0171k\u00f6d\u00e9s\u00e9vel [...]","protected":false},"author":7,"featured_media":0,"parent":0,"menu_order":0,"comment_status":"closed","ping_status":"closed","template":"","meta":{"om_disable_all_campaigns":false,"_monsterinsights_skip_tracking":false,"_monsterinsights_sitenote_active":false,"_monsterinsights_sitenote_note":"","_monsterinsights_sitenote_category":0,"_uf_show_specific_survey":0,"_uf_disable_surveys":false,"footnotes":""},"class_list":["post-1359","page","type-page","status-publish","hentry"],"yoast_head":"<!-- This site is optimized with the Yoast SEO plugin v27.3 - https:\/\/yoast.com\/product\/yoast-seo-wordpress\/ -->\n<title>InnoStars Start-up Amplifier - ITD official webpage<\/title>\n<meta name=\"robots\" content=\"index, follow, max-snippet:-1, max-image-preview:large, max-video-preview:-1\" \/>\n<link rel=\"canonical\" href=\"https:\/\/itdweb.hu\/en\/innostars-start-up-amplifier\/\" \/>\n<meta property=\"og:locale\" content=\"en_US\" \/>\n<meta property=\"og:type\" content=\"article\" \/>\n<meta property=\"og:title\" content=\"InnoStars Start-up Amplifier - ITD official webpage\" \/>\n<meta property=\"og:url\" content=\"https:\/\/itdweb.hu\/en\/innostars-start-up-amplifier\/\" \/>\n<meta property=\"og:site_name\" content=\"ITD official webpage\" \/>\n<meta property=\"article:publisher\" content=\"https:\/\/www.facebook.com\/itdpteaok\" \/>\n<meta property=\"article:modified_time\" content=\"2020-09-28T07:42:09+00:00\" \/>\n<meta property=\"og:image\" content=\"https:\/\/static.xx.fbcdn.net\/images\/emoji.php\/v9\/t3b\/1.5\/16\/2b50.png\" \/>\n<meta name=\"twitter:card\" content=\"summary_large_image\" \/>\n<meta name=\"twitter:site\" content=\"@itd_pte\" \/>\n<meta name=\"twitter:label1\" content=\"Est. reading time\" \/>\n\t<meta name=\"twitter:data1\" content=\"4 minutes\" \/>\n<script type=\"application\/ld+json\" class=\"yoast-schema-graph\">{\"@context\":\"https:\\\/\\\/schema.org\",\"@graph\":[{\"@type\":\"WebPage\",\"@id\":\"https:\\\/\\\/itdweb.hu\\\/innostars-start-up-amplifier\\\/\",\"url\":\"https:\\\/\\\/itdweb.hu\\\/innostars-start-up-amplifier\\\/\",\"name\":\"InnoStars Start-up Amplifier - ITD official webpage\",\"isPartOf\":{\"@id\":\"https:\\\/\\\/itdweb.hu\\\/en\\\/#website\"},\"primaryImageOfPage\":{\"@id\":\"https:\\\/\\\/itdweb.hu\\\/innostars-start-up-amplifier\\\/#primaryimage\"},\"image\":{\"@id\":\"https:\\\/\\\/itdweb.hu\\\/innostars-start-up-amplifier\\\/#primaryimage\"},\"thumbnailUrl\":\"https:\\\/\\\/static.xx.fbcdn.net\\\/images\\\/emoji.php\\\/v9\\\/t3b\\\/1.5\\\/16\\\/2b50.png\",\"datePublished\":\"2020-09-07T13:32:05+00:00\",\"dateModified\":\"2020-09-28T07:42:09+00:00\",\"breadcrumb\":{\"@id\":\"https:\\\/\\\/itdweb.hu\\\/innostars-start-up-amplifier\\\/#breadcrumb\"},\"inLanguage\":\"en-US\",\"potentialAction\":[{\"@type\":\"ReadAction\",\"target\":[\"https:\\\/\\\/itdweb.hu\\\/innostars-start-up-amplifier\\\/\"]}]},{\"@type\":\"ImageObject\",\"inLanguage\":\"en-US\",\"@id\":\"https:\\\/\\\/itdweb.hu\\\/innostars-start-up-amplifier\\\/#primaryimage\",\"url\":\"https:\\\/\\\/static.xx.fbcdn.net\\\/images\\\/emoji.php\\\/v9\\\/t3b\\\/1.5\\\/16\\\/2b50.png\",\"contentUrl\":\"https:\\\/\\\/static.xx.fbcdn.net\\\/images\\\/emoji.php\\\/v9\\\/t3b\\\/1.5\\\/16\\\/2b50.png\"},{\"@type\":\"BreadcrumbList\",\"@id\":\"https:\\\/\\\/itdweb.hu\\\/innostars-start-up-amplifier\\\/#breadcrumb\",\"itemListElement\":[{\"@type\":\"ListItem\",\"position\":1,\"name\":\"Home\",\"item\":\"https:\\\/\\\/itdweb.hu\\\/\"},{\"@type\":\"ListItem\",\"position\":2,\"name\":\"InnoStars Start-up Amplifier\"}]},{\"@type\":\"WebSite\",\"@id\":\"https:\\\/\\\/itdweb.hu\\\/en\\\/#website\",\"url\":\"https:\\\/\\\/itdweb.hu\\\/en\\\/\",\"name\":\"ITD official webpage\",\"description\":\"\",\"publisher\":{\"@id\":\"https:\\\/\\\/itdweb.hu\\\/en\\\/#organization\"},\"potentialAction\":[{\"@type\":\"SearchAction\",\"target\":{\"@type\":\"EntryPoint\",\"urlTemplate\":\"https:\\\/\\\/itdweb.hu\\\/en\\\/?s={search_term_string}\"},\"query-input\":{\"@type\":\"PropertyValueSpecification\",\"valueRequired\":true,\"valueName\":\"search_term_string\"}}],\"inLanguage\":\"en-US\"},{\"@type\":\"Organization\",\"@id\":\"https:\\\/\\\/itdweb.hu\\\/en\\\/#organization\",\"name\":\"ITD - Institute of Transdisciplinary Discoveries\",\"url\":\"https:\\\/\\\/itdweb.hu\\\/en\\\/\",\"logo\":{\"@type\":\"ImageObject\",\"inLanguage\":\"en-US\",\"@id\":\"https:\\\/\\\/itdweb.hu\\\/en\\\/#\\\/schema\\\/logo\\\/image\\\/\",\"url\":\"https:\\\/\\\/itdweb.hu\\\/wp-content\\\/uploads\\\/2020\\\/11\\\/itd-ikon.png\",\"contentUrl\":\"https:\\\/\\\/itdweb.hu\\\/wp-content\\\/uploads\\\/2020\\\/11\\\/itd-ikon.png\",\"width\":512,\"height\":512,\"caption\":\"ITD - Institute of Transdisciplinary Discoveries\"},\"image\":{\"@id\":\"https:\\\/\\\/itdweb.hu\\\/en\\\/#\\\/schema\\\/logo\\\/image\\\/\"},\"sameAs\":[\"https:\\\/\\\/www.facebook.com\\\/itdpteaok\",\"https:\\\/\\\/x.com\\\/itd_pte\",\"https:\\\/\\\/www.linkedin.com\\\/company\\\/institute-of-transdisciplinary-discoveries\",\"https:\\\/\\\/www.youtube.com\\\/channel\\\/UCJpKCIjIg0aVbPQztlXBdcg\"]}]}<\/script>\n<!-- \/ Yoast SEO plugin. -->","yoast_head_json":{"title":"InnoStars Start-up Amplifier - ITD official webpage","robots":{"index":"index","follow":"follow","max-snippet":"max-snippet:-1","max-image-preview":"max-image-preview:large","max-video-preview":"max-video-preview:-1"},"canonical":"https:\/\/itdweb.hu\/en\/innostars-start-up-amplifier\/","og_locale":"en_US","og_type":"article","og_title":"InnoStars Start-up Amplifier - ITD official webpage","og_url":"https:\/\/itdweb.hu\/en\/innostars-start-up-amplifier\/","og_site_name":"ITD official webpage","article_publisher":"https:\/\/www.facebook.com\/itdpteaok","article_modified_time":"2020-09-28T07:42:09+00:00","og_image":[{"url":"https:\/\/static.xx.fbcdn.net\/images\/emoji.php\/v9\/t3b\/1.5\/16\/2b50.png","type":"","width":"","height":""}],"twitter_card":"summary_large_image","twitter_site":"@itd_pte","twitter_misc":{"Est. reading time":"4 minutes"},"schema":{"@context":"https:\/\/schema.org","@graph":[{"@type":"WebPage","@id":"https:\/\/itdweb.hu\/innostars-start-up-amplifier\/","url":"https:\/\/itdweb.hu\/innostars-start-up-amplifier\/","name":"InnoStars Start-up Amplifier - ITD official webpage","isPartOf":{"@id":"https:\/\/itdweb.hu\/en\/#website"},"primaryImageOfPage":{"@id":"https:\/\/itdweb.hu\/innostars-start-up-amplifier\/#primaryimage"},"image":{"@id":"https:\/\/itdweb.hu\/innostars-start-up-amplifier\/#primaryimage"},"thumbnailUrl":"https:\/\/static.xx.fbcdn.net\/images\/emoji.php\/v9\/t3b\/1.5\/16\/2b50.png","datePublished":"2020-09-07T13:32:05+00:00","dateModified":"2020-09-28T07:42:09+00:00","breadcrumb":{"@id":"https:\/\/itdweb.hu\/innostars-start-up-amplifier\/#breadcrumb"},"inLanguage":"en-US","potentialAction":[{"@type":"ReadAction","target":["https:\/\/itdweb.hu\/innostars-start-up-amplifier\/"]}]},{"@type":"ImageObject","inLanguage":"en-US","@id":"https:\/\/itdweb.hu\/innostars-start-up-amplifier\/#primaryimage","url":"https:\/\/static.xx.fbcdn.net\/images\/emoji.php\/v9\/t3b\/1.5\/16\/2b50.png","contentUrl":"https:\/\/static.xx.fbcdn.net\/images\/emoji.php\/v9\/t3b\/1.5\/16\/2b50.png"},{"@type":"BreadcrumbList","@id":"https:\/\/itdweb.hu\/innostars-start-up-amplifier\/#breadcrumb","itemListElement":[{"@type":"ListItem","position":1,"name":"Home","item":"https:\/\/itdweb.hu\/"},{"@type":"ListItem","position":2,"name":"InnoStars Start-up Amplifier"}]},{"@type":"WebSite","@id":"https:\/\/itdweb.hu\/en\/#website","url":"https:\/\/itdweb.hu\/en\/","name":"ITD official webpage","description":"","publisher":{"@id":"https:\/\/itdweb.hu\/en\/#organization"},"potentialAction":[{"@type":"SearchAction","target":{"@type":"EntryPoint","urlTemplate":"https:\/\/itdweb.hu\/en\/?s={search_term_string}"},"query-input":{"@type":"PropertyValueSpecification","valueRequired":true,"valueName":"search_term_string"}}],"inLanguage":"en-US"},{"@type":"Organization","@id":"https:\/\/itdweb.hu\/en\/#organization","name":"ITD - Institute of Transdisciplinary Discoveries","url":"https:\/\/itdweb.hu\/en\/","logo":{"@type":"ImageObject","inLanguage":"en-US","@id":"https:\/\/itdweb.hu\/en\/#\/schema\/logo\/image\/","url":"https:\/\/itdweb.hu\/wp-content\/uploads\/2020\/11\/itd-ikon.png","contentUrl":"https:\/\/itdweb.hu\/wp-content\/uploads\/2020\/11\/itd-ikon.png","width":512,"height":512,"caption":"ITD - Institute of Transdisciplinary Discoveries"},"image":{"@id":"https:\/\/itdweb.hu\/en\/#\/schema\/logo\/image\/"},"sameAs":["https:\/\/www.facebook.com\/itdpteaok","https:\/\/x.com\/itd_pte","https:\/\/www.linkedin.com\/company\/institute-of-transdisciplinary-discoveries","https:\/\/www.youtube.com\/channel\/UCJpKCIjIg0aVbPQztlXBdcg"]}]}},"_links":{"self":[{"href":"https:\/\/itdweb.hu\/en\/wp-json\/wp\/v2\/pages\/1359","targetHints":{"allow":["GET"]}}],"collection":[{"href":"https:\/\/itdweb.hu\/en\/wp-json\/wp\/v2\/pages"}],"about":[{"href":"https:\/\/itdweb.hu\/en\/wp-json\/wp\/v2\/types\/page"}],"author":[{"embeddable":true,"href":"https:\/\/itdweb.hu\/en\/wp-json\/wp\/v2\/users\/7"}],"replies":[{"embeddable":true,"href":"https:\/\/itdweb.hu\/en\/wp-json\/wp\/v2\/comments?post=1359"}],"version-history":[{"count":7,"href":"https:\/\/itdweb.hu\/en\/wp-json\/wp\/v2\/pages\/1359\/revisions"}],"predecessor-version":[{"id":1429,"href":"https:\/\/itdweb.hu\/en\/wp-json\/wp\/v2\/pages\/1359\/revisions\/1429"}],"wp:attachment":[{"href":"https:\/\/itdweb.hu\/en\/wp-json\/wp\/v2\/media?parent=1359"}],"curies":[{"name":"wp","href":"https:\/\/api.w.org\/{rel}","templated":true}]}}