{"id":1605,"date":"2020-09-20T19:21:06","date_gmt":"2020-09-20T19:21:06","guid":{"rendered":"http:\/\/itdweb.hu\/?page_id=1605"},"modified":"2020-10-07T19:23:54","modified_gmt":"2020-10-07T19:23:54","slug":"health-technology-assessment","status":"publish","type":"page","link":"https:\/\/itdweb.hu\/en\/health-technology-assessment\/","title":{"rendered":"Health Technology Assessment"},"content":{"rendered":"<div class=\"wpb-content-wrapper\">\r\n<div  data-mk-stretch-content=\"true\" class=\"wpb_row vc_row vc_row-fluid jupiter-donut- mk-fullwidth-false  attched-false     js-master-row  mk-grid\">\r\n\t\t\t\t\r\n<div class=\"vc_col-sm-12 wpb_column column_container  jupiter-donut- _ jupiter-donut-height-full\">\r\n\t<div class=\"vc_empty_space\"   style=\"height: 100px\"><span class=\"vc_empty_space_inner\"><\/span><\/div>\n\t<div  class=\"wpb_single_image wpb_content_element vc_align_left wpb_content_element\">\n\t\t\n\t\t<figure class=\"wpb_wrapper vc_figure\">\n\t\t\t<div class=\"vc_single_image-wrapper   vc_box_border_grey\"><img fetchpriority=\"high\" decoding=\"async\" width=\"1200\" height=\"628\" src=\"https:\/\/itdweb.hu\/wp-content\/uploads\/2020\/10\/119478317_718710015377194_7765052141353197959_o.jpg\" class=\"vc_single_image-img attachment-full\" alt=\"\" title=\"119478317_718710015377194_7765052141353197959_o\" srcset=\"https:\/\/itdweb.hu\/wp-content\/uploads\/2020\/10\/119478317_718710015377194_7765052141353197959_o.jpg 1200w, https:\/\/itdweb.hu\/wp-content\/uploads\/2020\/10\/119478317_718710015377194_7765052141353197959_o-600x314.jpg 600w, https:\/\/itdweb.hu\/wp-content\/uploads\/2020\/10\/119478317_718710015377194_7765052141353197959_o-300x157.jpg 300w, https:\/\/itdweb.hu\/wp-content\/uploads\/2020\/10\/119478317_718710015377194_7765052141353197959_o-1024x536.jpg 1024w, https:\/\/itdweb.hu\/wp-content\/uploads\/2020\/10\/119478317_718710015377194_7765052141353197959_o-768x402.jpg 768w\" sizes=\"(max-width: 1200px) 100vw, 1200px\" itemprop=\"image\" \/><\/div>\n\t\t<\/figure>\n\t<\/div>\n\r\n<div id=\"text-block-2\" class=\"mk-text-block  jupiter-donut-\">\r\n\r\n\t\r\n\t<p><span class=\"d2edcug0 hpfvmrgz qv66sw1b c1et5uql rrkovp55 a8c37x1j keod5gw0 nxhoafnm aigsh9s9 d3f4x2em fe6kdd0r mau55g9w c8b282yb iv3no6db jq4qci2q a3bd9o3v knj5qynh oo9gr5id\" dir=\"auto\" style=\"font-family: georgia, palatino, serif; font-size: 12pt; color: #001b48;\">\u2013\u00a0\u2013 \u2013 ENGLISH BELOW \u2013 \u2013 \u2013<\/span><\/p>\n<p><span style=\"font-family: georgia, palatino, serif; font-size: 12pt; color: #001b48;\"><strong>Assess your pricing strategy for your health technology with us!<\/strong><\/span><\/p>\n<p><span style=\"font-family: georgia, palatino, serif; font-size: 12pt; color: #001b48;\">Please find details and registration link below and promotion materials attached. Registration deadline is September 21.<\/span><\/p>\n<p><span style=\"font-family: georgia, palatino, serif; font-size: 12pt; color: #001b48;\"><strong>Title: Principles of early phase health technology assessment (webinar)<\/strong><\/span><\/p>\n<p><span style=\"font-family: georgia, palatino, serif; font-size: 12pt; color: #001b48;\"><strong>Short description: the webinar will explore the rationale why early phase technology assessment is necessary for developers and investors to make informed decisions about investment to the development of medical devices and digital health technologies, and provide an overview on the methods used in such assessment.<\/strong>\u00a0A webes szemin\u00e1rium felt\u00e1rja, mi\u00e9rt van sz\u00fcks\u00e9g a korai f\u00e1zis\u00fa technol\u00f3giai \u00e9rt\u00e9kel\u00e9sre a fejleszt\u0151k \u00e9s a befektet\u0151k sz\u00e1m\u00e1ra, hogy megalapozott d\u00f6nt\u00e9seket hozzanak az orvostechnikai eszk\u00f6z\u00f6k \u00e9s a digit\u00e1lis eg\u00e9szs\u00e9g\u00fcgyi technol\u00f3gi\u00e1k fejleszt\u00e9s\u00e9re ir\u00e1nyul\u00f3 beruh\u00e1z\u00e1sokr\u00f3l, \u00e9s \u00e1ttekint\u00e9st ny\u00fajtanak az ilyen \u00e9rt\u00e9kel\u00e9s sor\u00e1n alkalmazott m\u00f3dszerekr\u0151l.<\/span><\/p>\n<p><span style=\"font-family: georgia, palatino, serif; font-size: 12pt; color: #001b48;\"><a class=\"oajrlxb2 g5ia77u1 qu0x051f esr5mh6w e9989ue4 r7d6kgcz rq0escxv nhd2j8a9 nc684nl6 p7hjln8o kvgmc6g5 cxmmr5t8 oygrvhab hcukyx3x jb3vyjys rz4wbd8a qt6c0cv9 a8nywdso i1ao9s8h esuyzwwr f1sip0of lzcic4wl py34i1dx gpro0wi8\" style=\"color: #001b48;\" tabindex=\"0\" role=\"link\" href=\"https:\/\/eu.eventscloud.com\/ereg\/newreg.php?eventid=200209973&amp;fbclid=IwAR2eDasfPdOi_b7O93zkyuvBtEEm-w1ThQe7nFCs9CiEj37YlifyB-nf1dA\" target=\"_blank\" rel=\"nofollow noopener noreferrer\">https:\/\/eu.eventscloud.com\/ereg\/newreg.php?eventid=200209973<\/a>&amp;<\/span><\/p>\n<p><span style=\"font-family: georgia, palatino, serif; font-size: 12pt; color: #001b48;\"><strong>Title: Theory and practice of early phase health technology assessment<\/strong><\/span><\/p>\n<p><span style=\"font-family: georgia, palatino, serif; font-size: 12pt; color: #001b48;\"><strong>Short description: the webinar will explore the rationale why early phase technology assessment is necessary for developers and investors to make informed decisions about investment to the development of medical devices and digital health technologies, and provide an overview on the methods used in such assessment.<\/strong>\u00a0A korai f\u00e1zis\u00fa technol\u00f3giai \u00e9rt\u00e9kel\u00e9s elengedhetetlen az \u00e1rk\u00e9pz\u00e9si felt\u00e9telez\u00e9sek \u00e9s \u00fczleti modellek \u00e9rv\u00e9nyes\u00edt\u00e9s\u00e9hez, miel\u0151tt jelent\u0151s beruh\u00e1z\u00e1sokat eszk\u00f6z\u00f6ln\u00e9nek az orvostechnikai eszk\u00f6z\u00f6k \u00e9s a digit\u00e1lis eg\u00e9szs\u00e9g\u00fcgyi technol\u00f3gi\u00e1k fejleszt\u00e9s\u00e9ben. Az ilyen \u00e9rt\u00e9kel\u00e9shez azonban speci\u00e1lis ismeretekre van sz\u00fcks\u00e9g az eg\u00e9szs\u00e9ggazdas\u00e1gtanban, a piackutat\u00e1sban \u00e9s a kapcsol\u00f3d\u00f3 tudom\u00e1nyokban. A 3 napos r\u00f6vid tanfolyam \u2013 amellett, hogy betekint\u00e9st ny\u00fajt a legfontosabb elm\u00e9letekbe \u2013 esettanulm\u00e1nyokat vezet be a r\u00e9sztvev\u0151k sz\u00e1m\u00e1ra, hogy fejlesszenek ki technol\u00f3giai \u00e9rt\u00e9kel\u00e9si eszk\u00f6z\u00f6ket, \u00e9s alkalmazz\u00e1k \u0151ket a strat\u00e9giai \u00e1rk\u00e9pz\u00e9sre, a jelz\u00e9sek kiv\u00e1laszt\u00e1s\u00e1ra \u00e9s a go-no go d\u00f6nt\u00e9sekre.<\/span><\/p>\n<p><span style=\"font-family: georgia, palatino, serif; font-size: 12pt; color: #001b48;\"><a class=\"oajrlxb2 g5ia77u1 qu0x051f esr5mh6w e9989ue4 r7d6kgcz rq0escxv nhd2j8a9 nc684nl6 p7hjln8o kvgmc6g5 cxmmr5t8 oygrvhab hcukyx3x jb3vyjys rz4wbd8a qt6c0cv9 a8nywdso i1ao9s8h esuyzwwr f1sip0of lzcic4wl py34i1dx gpro0wi8\" style=\"color: #001b48;\" tabindex=\"0\" role=\"link\" href=\"https:\/\/eu.eventscloud.com\/ereg\/newreg.php?eventid=200210572&amp;fbclid=IwAR2mJDCrFU-uUWt2YlE8Ov4LGY52LrVu8mcX6O3C0MQkfmWJkwoVfyDsoE8\" target=\"_blank\" rel=\"nofollow noopener noreferrer\">https:\/\/eu.eventscloud.com\/ereg\/newreg.php?eventid=200210572<\/a>&amp;<\/span><\/p>\n<p><span class=\"d2edcug0 hpfvmrgz qv66sw1b c1et5uql rrkovp55 a8c37x1j keod5gw0 nxhoafnm aigsh9s9 d3f4x2em fe6kdd0r mau55g9w c8b282yb iv3no6db jq4qci2q a3bd9o3v knj5qynh oo9gr5id\" dir=\"auto\" style=\"font-family: georgia, palatino, serif; font-size: 12pt; color: #001b48;\"><br \/>\n\u2013 \u2013 \u2013 \u2013 \u2013 \u2013 \u2013 \u2013 \u2013 \u2013 \u2013 \u2013 \u2013 \u2013 \u2013 \u2013 \u2013 \u2013 \u2013 \u2013 \u2013 \u2013 \u2013 \u2013 \u2013 \u2013 \u2013 \u2013 \u2013 \u2013 \u2013 \u2013<\/span><\/p>\n<p><span style=\"font-family: georgia, palatino, serif; font-size: 12pt; color: #001b48;\"><strong>Assess your pricing strategy for your health technology with us!<\/strong><\/span><\/p>\n<p><span style=\"font-family: georgia, palatino, serif; font-size: 12pt; color: #001b48;\">Please find details and registration link below and promotion materials attached. Registration deadline is September 21.<\/span><\/p>\n<p><span style=\"font-family: georgia, palatino, serif; font-size: 12pt; color: #001b48;\"><strong>Title: Principles of early phase health technology assessment (webinar)<\/strong><\/span><\/p>\n<p><span style=\"font-family: georgia, palatino, serif; font-size: 12pt; color: #001b48;\"><strong>Short description:<\/strong>\u00a0the webinar will explore the rationale why early phase technology assessment is necessary for developers and investors to make informed decisions about investment to the development of medical devices and digital health technologies, and provide an overview on the methods used in such assessment.<\/span><\/p>\n<p><span style=\"font-family: georgia, palatino, serif; font-size: 12pt; color: #001b48;\"><a class=\"oajrlxb2 g5ia77u1 qu0x051f esr5mh6w e9989ue4 r7d6kgcz rq0escxv nhd2j8a9 nc684nl6 p7hjln8o kvgmc6g5 cxmmr5t8 oygrvhab hcukyx3x jb3vyjys rz4wbd8a qt6c0cv9 a8nywdso i1ao9s8h esuyzwwr f1sip0of lzcic4wl py34i1dx gpro0wi8\" style=\"color: #001b48;\" tabindex=\"0\" role=\"link\" href=\"https:\/\/l.facebook.com\/l.php?u=https%3A%2F%2Feu.eventscloud.com%2Fereg%2Fnewreg.php%3Feventid%3D200209973%26fbclid%3DIwAR0bj_xo-6B4T7IKdSJ390-7Q8Kw4w0Xf14Vgp3wOhVw2YiVMx3fuT_6_I8&amp;h=AT2z1HZHVb8D6WHZTkJ5KavdR28SO_reDCdn-aaMb8tCBP9deFcV2vHB4C_hr0EmXY8_TJg8h6NOrNpaJmsj__e6COv7ZmOteiC3hgo5ni6XVdhheTYURY5Y1C5ntVGe4oRm&amp;__tn__=-UK*F&amp;c&#091;0&#093;=AT0vA2gG4Cr99ooJdmPs0db6W6kDNhRIwH9bK7RiP--XRuq9wviANtFRi-m3YHpeV6lRnBKgAw5Z8PPdMX-v4Q-r8yS_WqkLq5qBCXjZZWv1Mdwg0lUglse--dLBsmVV8tOS5hpgEnBd4-muHBeDTFBxItX4GKnFZ73OBSDHx9m4lejRPbp4-v21Tlg\" target=\"_blank\" rel=\"nofollow noopener noreferrer\">https:\/\/eu.eventscloud.com\/ereg\/newreg.php?eventid=200209973<\/a>&amp;<\/span><\/p>\n<p><span style=\"font-family: georgia, palatino, serif; font-size: 12pt; color: #001b48;\"><strong>Title: Theory and practice of early phase health technology assessment<\/strong><\/span><\/p>\n<p><span style=\"font-family: georgia, palatino, serif; font-size: 12pt; color: #001b48;\"><strong>Short description:<\/strong>\u00a0Early phase technology assessment is essential to validate pricing assumptions and business models prior to making significant investment to the development of medical devices and digital health technologies. However, such assessment requires special skills in health economics, market research and related sciences. The 3-day short course \u2013 in addition to providing insights to key theories \u2013 will introduce case studies for participants to develop technology assessment tools and apply them for strategic pricing, indication selection and go-no go decisions.<\/span><\/p>\n<p><span style=\"font-family: georgia, palatino, serif; font-size: 12pt; color: #001b48;\"><a class=\"oajrlxb2 g5ia77u1 qu0x051f esr5mh6w e9989ue4 r7d6kgcz rq0escxv nhd2j8a9 nc684nl6 p7hjln8o kvgmc6g5 cxmmr5t8 oygrvhab hcukyx3x jb3vyjys rz4wbd8a qt6c0cv9 a8nywdso i1ao9s8h esuyzwwr f1sip0of lzcic4wl py34i1dx gpro0wi8\" style=\"color: #001b48;\" tabindex=\"0\" role=\"link\" href=\"https:\/\/l.facebook.com\/l.php?u=https%3A%2F%2Feu.eventscloud.com%2Fereg%2Fnewreg.php%3Feventid%3D200210572%26fbclid%3DIwAR2yYMj0CGw9Fcr2f6FxW5C720XORm_rPHPxRK_NiJExQOkrDn6NCPtuDkk&amp;h=AT0g8HP8atSpLUsTcEEH69sGOq8pLMMJA0mvnAprBcwHOUELjxkTebIJ-f60opk82uUG6IZ4-vdKWlTMLNIhahqWjNhnK2zkRkrMiXlx7dsXtinYGsNK8ZdvVQtJBb_Y4Axs&amp;__tn__=-UK*F&amp;c&#091;0&#093;=AT0vA2gG4Cr99ooJdmPs0db6W6kDNhRIwH9bK7RiP--XRuq9wviANtFRi-m3YHpeV6lRnBKgAw5Z8PPdMX-v4Q-r8yS_WqkLq5qBCXjZZWv1Mdwg0lUglse--dLBsmVV8tOS5hpgEnBd4-muHBeDTFBxItX4GKnFZ73OBSDHx9m4lejRPbp4-v21Tlg\" target=\"_blank\" rel=\"nofollow noopener noreferrer\">https:\/\/eu.eventscloud.com\/ereg\/newreg.php?eventid=200210572<\/a>&amp;<\/span><\/p>\n\r\n\t<div class=\"clearboth\"><\/div>\r\n<\/div>\r\n\r\n<\/div>\r\n\t<\/div>\r\n\n<\/div>","protected":false},"excerpt":{"rendered":"\u2013\u00a0\u2013 \u2013 ENGLISH BELOW \u2013 \u2013 \u2013 \u00c9rt\u00e9kelje vel\u00fcnk eg\u00e9szs\u00e9g\u00fcgyi technol\u00f3gi\u00e1j\u00e1nak \u00e1rstrat\u00e9gi\u00e1j\u00e1t! A r\u00e9szleteket \u00e9s a regisztr\u00e1ci\u00f3s linket, valamint a prom\u00f3ci\u00f3s anyagot al\u00e1bb tal\u00e1lja. A regisztr\u00e1ci\u00f3 hat\u00e1rideje szeptember 21. C\u00edm: A korai f\u00e1zis\u00fa eg\u00e9szs\u00e9g\u00fcgyi technol\u00f3giai \u00e9rt\u00e9kel\u00e9s alapelvei (webinar) R\u00f6vid le\u00edr\u00e1s:\u00a0A webes szemin\u00e1rium felt\u00e1rja, mi\u00e9rt van sz\u00fcks\u00e9g a korai f\u00e1zis\u00fa technol\u00f3giai \u00e9rt\u00e9kel\u00e9sre a fejleszt\u0151k \u00e9s a [...]","protected":false},"author":7,"featured_media":0,"parent":0,"menu_order":0,"comment_status":"closed","ping_status":"closed","template":"","meta":{"om_disable_all_campaigns":false,"_monsterinsights_skip_tracking":false,"_monsterinsights_sitenote_active":false,"_monsterinsights_sitenote_note":"","_monsterinsights_sitenote_category":0,"_uf_show_specific_survey":0,"_uf_disable_surveys":false,"footnotes":""},"class_list":["post-1605","page","type-page","status-publish","hentry"],"yoast_head":"<!-- This site is optimized with the Yoast SEO plugin v27.4 - https:\/\/yoast.com\/product\/yoast-seo-wordpress\/ -->\n<title>Health Technology Assessment - ITD official webpage<\/title>\n<meta name=\"robots\" content=\"index, follow, max-snippet:-1, max-image-preview:large, max-video-preview:-1\" \/>\n<link rel=\"canonical\" href=\"https:\/\/itdweb.hu\/en\/health-technology-assessment\/\" \/>\n<meta property=\"og:locale\" content=\"en_US\" \/>\n<meta property=\"og:type\" content=\"article\" \/>\n<meta property=\"og:title\" content=\"Health Technology Assessment - ITD official webpage\" \/>\n<meta property=\"og:url\" content=\"https:\/\/itdweb.hu\/en\/health-technology-assessment\/\" \/>\n<meta property=\"og:site_name\" content=\"ITD official webpage\" \/>\n<meta property=\"article:publisher\" content=\"https:\/\/www.facebook.com\/itdpteaok\" \/>\n<meta property=\"article:modified_time\" content=\"2020-10-07T19:23:54+00:00\" \/>\n<meta name=\"twitter:card\" content=\"summary_large_image\" \/>\n<meta name=\"twitter:site\" content=\"@itd_pte\" \/>\n<meta name=\"twitter:label1\" content=\"Est. reading time\" \/>\n\t<meta name=\"twitter:data1\" content=\"3 minutes\" \/>\n<script type=\"application\/ld+json\" class=\"yoast-schema-graph\">{\"@context\":\"https:\\\/\\\/schema.org\",\"@graph\":[{\"@type\":\"WebPage\",\"@id\":\"https:\\\/\\\/itdweb.hu\\\/health-technology-assessment\\\/\",\"url\":\"https:\\\/\\\/itdweb.hu\\\/health-technology-assessment\\\/\",\"name\":\"Health Technology Assessment - ITD official webpage\",\"isPartOf\":{\"@id\":\"https:\\\/\\\/itdweb.hu\\\/en\\\/#website\"},\"datePublished\":\"2020-09-20T19:21:06+00:00\",\"dateModified\":\"2020-10-07T19:23:54+00:00\",\"breadcrumb\":{\"@id\":\"https:\\\/\\\/itdweb.hu\\\/health-technology-assessment\\\/#breadcrumb\"},\"inLanguage\":\"en-US\",\"potentialAction\":[{\"@type\":\"ReadAction\",\"target\":[\"https:\\\/\\\/itdweb.hu\\\/health-technology-assessment\\\/\"]}]},{\"@type\":\"BreadcrumbList\",\"@id\":\"https:\\\/\\\/itdweb.hu\\\/health-technology-assessment\\\/#breadcrumb\",\"itemListElement\":[{\"@type\":\"ListItem\",\"position\":1,\"name\":\"Home\",\"item\":\"https:\\\/\\\/itdweb.hu\\\/\"},{\"@type\":\"ListItem\",\"position\":2,\"name\":\"Health Technology Assessment\"}]},{\"@type\":\"WebSite\",\"@id\":\"https:\\\/\\\/itdweb.hu\\\/en\\\/#website\",\"url\":\"https:\\\/\\\/itdweb.hu\\\/en\\\/\",\"name\":\"ITD official webpage\",\"description\":\"\",\"publisher\":{\"@id\":\"https:\\\/\\\/itdweb.hu\\\/en\\\/#organization\"},\"potentialAction\":[{\"@type\":\"SearchAction\",\"target\":{\"@type\":\"EntryPoint\",\"urlTemplate\":\"https:\\\/\\\/itdweb.hu\\\/en\\\/?s={search_term_string}\"},\"query-input\":{\"@type\":\"PropertyValueSpecification\",\"valueRequired\":true,\"valueName\":\"search_term_string\"}}],\"inLanguage\":\"en-US\"},{\"@type\":\"Organization\",\"@id\":\"https:\\\/\\\/itdweb.hu\\\/en\\\/#organization\",\"name\":\"ITD - Institute of Transdisciplinary Discoveries\",\"url\":\"https:\\\/\\\/itdweb.hu\\\/en\\\/\",\"logo\":{\"@type\":\"ImageObject\",\"inLanguage\":\"en-US\",\"@id\":\"https:\\\/\\\/itdweb.hu\\\/en\\\/#\\\/schema\\\/logo\\\/image\\\/\",\"url\":\"https:\\\/\\\/itdweb.hu\\\/wp-content\\\/uploads\\\/2020\\\/11\\\/itd-ikon.png\",\"contentUrl\":\"https:\\\/\\\/itdweb.hu\\\/wp-content\\\/uploads\\\/2020\\\/11\\\/itd-ikon.png\",\"width\":512,\"height\":512,\"caption\":\"ITD - Institute of Transdisciplinary Discoveries\"},\"image\":{\"@id\":\"https:\\\/\\\/itdweb.hu\\\/en\\\/#\\\/schema\\\/logo\\\/image\\\/\"},\"sameAs\":[\"https:\\\/\\\/www.facebook.com\\\/itdpteaok\",\"https:\\\/\\\/x.com\\\/itd_pte\",\"https:\\\/\\\/www.linkedin.com\\\/company\\\/institute-of-transdisciplinary-discoveries\",\"https:\\\/\\\/www.youtube.com\\\/channel\\\/UCJpKCIjIg0aVbPQztlXBdcg\"]}]}<\/script>\n<!-- \/ Yoast SEO plugin. -->","yoast_head_json":{"title":"Health Technology Assessment - ITD official webpage","robots":{"index":"index","follow":"follow","max-snippet":"max-snippet:-1","max-image-preview":"max-image-preview:large","max-video-preview":"max-video-preview:-1"},"canonical":"https:\/\/itdweb.hu\/en\/health-technology-assessment\/","og_locale":"en_US","og_type":"article","og_title":"Health Technology Assessment - ITD official webpage","og_url":"https:\/\/itdweb.hu\/en\/health-technology-assessment\/","og_site_name":"ITD official webpage","article_publisher":"https:\/\/www.facebook.com\/itdpteaok","article_modified_time":"2020-10-07T19:23:54+00:00","twitter_card":"summary_large_image","twitter_site":"@itd_pte","twitter_misc":{"Est. reading time":"3 minutes"},"schema":{"@context":"https:\/\/schema.org","@graph":[{"@type":"WebPage","@id":"https:\/\/itdweb.hu\/health-technology-assessment\/","url":"https:\/\/itdweb.hu\/health-technology-assessment\/","name":"Health Technology Assessment - ITD official webpage","isPartOf":{"@id":"https:\/\/itdweb.hu\/en\/#website"},"datePublished":"2020-09-20T19:21:06+00:00","dateModified":"2020-10-07T19:23:54+00:00","breadcrumb":{"@id":"https:\/\/itdweb.hu\/health-technology-assessment\/#breadcrumb"},"inLanguage":"en-US","potentialAction":[{"@type":"ReadAction","target":["https:\/\/itdweb.hu\/health-technology-assessment\/"]}]},{"@type":"BreadcrumbList","@id":"https:\/\/itdweb.hu\/health-technology-assessment\/#breadcrumb","itemListElement":[{"@type":"ListItem","position":1,"name":"Home","item":"https:\/\/itdweb.hu\/"},{"@type":"ListItem","position":2,"name":"Health Technology Assessment"}]},{"@type":"WebSite","@id":"https:\/\/itdweb.hu\/en\/#website","url":"https:\/\/itdweb.hu\/en\/","name":"ITD official webpage","description":"","publisher":{"@id":"https:\/\/itdweb.hu\/en\/#organization"},"potentialAction":[{"@type":"SearchAction","target":{"@type":"EntryPoint","urlTemplate":"https:\/\/itdweb.hu\/en\/?s={search_term_string}"},"query-input":{"@type":"PropertyValueSpecification","valueRequired":true,"valueName":"search_term_string"}}],"inLanguage":"en-US"},{"@type":"Organization","@id":"https:\/\/itdweb.hu\/en\/#organization","name":"ITD - Institute of Transdisciplinary Discoveries","url":"https:\/\/itdweb.hu\/en\/","logo":{"@type":"ImageObject","inLanguage":"en-US","@id":"https:\/\/itdweb.hu\/en\/#\/schema\/logo\/image\/","url":"https:\/\/itdweb.hu\/wp-content\/uploads\/2020\/11\/itd-ikon.png","contentUrl":"https:\/\/itdweb.hu\/wp-content\/uploads\/2020\/11\/itd-ikon.png","width":512,"height":512,"caption":"ITD - Institute of Transdisciplinary Discoveries"},"image":{"@id":"https:\/\/itdweb.hu\/en\/#\/schema\/logo\/image\/"},"sameAs":["https:\/\/www.facebook.com\/itdpteaok","https:\/\/x.com\/itd_pte","https:\/\/www.linkedin.com\/company\/institute-of-transdisciplinary-discoveries","https:\/\/www.youtube.com\/channel\/UCJpKCIjIg0aVbPQztlXBdcg"]}]}},"_links":{"self":[{"href":"https:\/\/itdweb.hu\/en\/wp-json\/wp\/v2\/pages\/1605","targetHints":{"allow":["GET"]}}],"collection":[{"href":"https:\/\/itdweb.hu\/en\/wp-json\/wp\/v2\/pages"}],"about":[{"href":"https:\/\/itdweb.hu\/en\/wp-json\/wp\/v2\/types\/page"}],"author":[{"embeddable":true,"href":"https:\/\/itdweb.hu\/en\/wp-json\/wp\/v2\/users\/7"}],"replies":[{"embeddable":true,"href":"https:\/\/itdweb.hu\/en\/wp-json\/wp\/v2\/comments?post=1605"}],"version-history":[{"count":3,"href":"https:\/\/itdweb.hu\/en\/wp-json\/wp\/v2\/pages\/1605\/revisions"}],"predecessor-version":[{"id":1608,"href":"https:\/\/itdweb.hu\/en\/wp-json\/wp\/v2\/pages\/1605\/revisions\/1608"}],"wp:attachment":[{"href":"https:\/\/itdweb.hu\/en\/wp-json\/wp\/v2\/media?parent=1605"}],"curies":[{"name":"wp","href":"https:\/\/api.w.org\/{rel}","templated":true}]}}