{"id":1612,"date":"2020-10-09T11:59:03","date_gmt":"2020-10-09T11:59:03","guid":{"rendered":"http:\/\/itdweb.hu\/?page_id=1612"},"modified":"2021-11-29T12:41:32","modified_gmt":"2021-11-29T12:41:32","slug":"workshop-operativ-klinikusoknak","status":"publish","type":"page","link":"https:\/\/itdweb.hu\/en\/workshop-operativ-klinikusoknak\/","title":{"rendered":"Workshop for operative surgeons"},"content":{"rendered":"<div data-elementor-type=\"wp-page\" data-elementor-id=\"1612\" class=\"elementor elementor-1612\" data-elementor-post-type=\"page\">\n\t\t\t\t\t\t<section class=\"elementor-section elementor-top-section elementor-element elementor-element-697e3447 elementor-section-content-middle elementor-section-boxed elementor-section-height-default elementor-section-height-default\" data-id=\"697e3447\" data-element_type=\"section\">\n\t\t\t\t\t\t<div class=\"elementor-container elementor-column-gap-no\">\n\t\t\t\t\t<div class=\"elementor-column elementor-col-100 elementor-top-column elementor-element elementor-element-7927f797\" data-id=\"7927f797\" data-element_type=\"column\">\n\t\t\t<div class=\"elementor-widget-wrap elementor-element-populated\">\n\t\t\t\t\t\t<div class=\"elementor-element elementor-element-7482106e elementor-widget elementor-widget-image\" data-id=\"7482106e\" data-element_type=\"widget\" data-widget_type=\"image.default\">\n\t\t\t\t<div class=\"elementor-widget-container\">\n\t\t\t\t\t\t\t\t\t\t\t\t\t\t\t<img fetchpriority=\"high\" decoding=\"async\" width=\"1920\" height=\"1080\" src=\"https:\/\/itdweb.hu\/wp-content\/uploads\/2021\/11\/dsc00032.jpg\" class=\"attachment-full size-full wp-image-3263\" alt=\"\" srcset=\"https:\/\/itdweb.hu\/wp-content\/uploads\/2021\/11\/dsc00032.jpg 1920w, https:\/\/itdweb.hu\/wp-content\/uploads\/2021\/11\/dsc00032-300x169.jpg 300w, https:\/\/itdweb.hu\/wp-content\/uploads\/2021\/11\/dsc00032-1024x576.jpg 1024w, https:\/\/itdweb.hu\/wp-content\/uploads\/2021\/11\/dsc00032-768x432.jpg 768w, https:\/\/itdweb.hu\/wp-content\/uploads\/2021\/11\/dsc00032-18x10.jpg 18w, https:\/\/itdweb.hu\/wp-content\/uploads\/2021\/11\/dsc00032-600x338.jpg 600w\" sizes=\"(max-width: 1920px) 100vw, 1920px\" \/>\t\t\t\t\t\t\t\t\t\t\t\t\t\t\t<\/div>\n\t\t\t\t<\/div>\n\t\t\t\t<div class=\"elementor-element elementor-element-7ce7fe90 elementor-widget elementor-widget-heading\" data-id=\"7ce7fe90\" data-element_type=\"widget\" data-widget_type=\"heading.default\">\n\t\t\t\t<div class=\"elementor-widget-container\">\n\t\t\t\t\t<h3 class=\"elementor-heading-title elementor-size-default\">A sikeres probl\u00e9mamegold\u00e1s, projektv\u00e9grehajt\u00e1s egy\u00e9ni \u00e9s csapatszint\u0171 felt\u00e9telei \u00e9s szervezeti sz\u00fcks\u00e9gletei<\/h3>\t\t\t\t<\/div>\n\t\t\t\t<\/div>\n\t\t\t\t<div class=\"elementor-element elementor-element-524765dc elementor-widget elementor-widget-text-editor\" data-id=\"524765dc\" data-element_type=\"widget\" data-widget_type=\"text-editor.default\">\n\t\t\t\t<div class=\"elementor-widget-container\">\n\t\t\t\t\t\t\t\t\t<p style=\"text-align: justify;\"><span style=\"color: #05012d;\">Int\u00e9zet\u00fcnk a fenti c\u00edmmel\u00a0 workshopot szervez klinikai dolgoz\u00f3k r\u00e9sz\u00e9re. A workshop OFTEX-en j\u00f3v\u00e1hagyott, ut\u00f3akkredit\u00e1lt szakmai program, a r\u00e9szv\u00e9tel\u00e9rt 2 kredit szerezhet\u0151. A program az EIT Health t\u00e1mogat\u00e1s\u00e1val val\u00f3sul meg.<\/span><\/p><p><span style=\"text-decoration: underline;\"><span style=\"color: #05012d; text-decoration: underline;\">Kinek aj\u00e1nljuk?<\/span><\/span><\/p><p><span style=\"color: #05012d;\">Azon klinikai dolgoz\u00f3nak<\/span><\/p><ul><li><span style=\"color: #05012d;\">Aki \u00fagy \u00e9rzi, hogy a munk\u00e1ja sor\u00e1n gyakran el\u0151fordul, hogy probl\u00e9m\u00e1ba\/akad\u00e1lyba \u00fctk\u00f6zik.<\/span><\/li><li><span style=\"color: #05012d;\">Aki tudja, hogy mik a c\u00e9ljai, de a gyakorlati megval\u00f3s\u00edt\u00e1s sor\u00e1n eszk\u00f6ztelennek \u00e9rzi mag\u00e1t.<\/span><\/li><\/ul><p><span style=\"text-decoration: underline;\"><span style=\"color: #05012d; text-decoration: underline;\">Mir\u0151l fog sz\u00f3lni a workshop?<\/span><\/span><\/p><p><span style=\"color: #05012d;\">Workshopunkon megismerkedhet olyan konkr\u00e9t eszk\u00f6z\u00f6kkel, amelyek seg\u00edts\u00e9g\u00e9vel a probl\u00e9m\u00e1t\u00f3l k\u00f6nnyed\u00e9n eljuthat a megold\u00e1sig. Seg\u00edt\u00fcnk a projekt-szeml\u00e9let \u00e9s v\u00e1ltoz\u00e1shoz val\u00f3 alkalmazkod\u00e1s (change management) kialak\u00edt\u00e1s\u00e1ban\/elsaj\u00e1t\u00edt\u00e1s\u00e1ban. Foglalkozunk az \u00f6nismerettel \u00e9s az egy\u00e9n csapatban bet\u00f6lt\u00f6tt szerep\u00e9vel.Az elsaj\u00e1t\u00edtott eszk\u00f6z\u00f6ket pedig egy projektmunka keret\u00e9ben a gyakorlatban is kipr\u00f3b\u00e1ljuk majd.<\/span><\/p><p><span style=\"color: #05012d;\">Amiben sz\u00e1m\u00edthat r\u00e1nk:<\/span><\/p><ul><li><span style=\"color: #05012d;\">projekt management ismeretek<\/span><\/li><li><span style=\"color: #05012d;\">projekt megval\u00f3s\u00edt\u00e1s\u00e1t seg\u00edt\u0151 eszk\u00f6z\u00f6k<\/span><\/li><li><span style=\"color: #05012d;\">change management jelent\u0151s\u00e9ge<\/span><\/li><li><span style=\"color: #05012d;\">\u00f6nismeret, motiv\u00e1ci\u00f3<\/span><\/li><li><span style=\"color: #05012d;\">gyakorlati megval\u00f3s\u00edt\u00e1s<\/span><\/li><li><span style=\"color: #05012d;\">innov\u00e1ci\u00f3s megk\u00f6zel\u00edt\u00e9sek elsaj\u00e1t\u00edt\u00e1sa<\/span><\/li><li><span style=\"color: #05012d;\">hat\u00e9kony munkav\u00e9gz\u00e9s eszk\u00f6zei<\/span><\/li><\/ul><p><span style=\"text-decoration: underline;\"><span style=\"color: #05012d; text-decoration: underline;\">\u00d3rarend<\/span><\/span><\/p><p><span style=\"color: #05012d;\">10:00 \u201310:45 Probl\u00e9m\u00e1b\u00f3l megold\u00e1s \u2013project management ciklus \u00e1ttekint\u00e9se<\/span><\/p><p><span style=\"color: #05012d;\">10:45 \u201311:30 Projekt lebonyol\u00edt\u00e1st t\u00e1mogat\u00f3 eszk\u00f6z\u00f6k \u00e1ttekint\u00e9se (SMART, SWOT, Empathy Map, Stakeholder elemz\u00e9s)<\/span><\/p><p><span style=\"color: #05012d;\">11:30 \u201312:15 D\u00f6nt\u00e9s, \u00c9rt\u00e9kel\u00e9s, Korrekci\u00f3 fontoss\u00e1ga \u2013Change Management szerepe a projekt ciklusban<\/span><\/p><p><span style=\"color: #05012d;\">12:15 \u201312:30 K\u00e1v\u00e9sz\u00fcnet<\/span><\/p><p><span style=\"color: #05012d;\">12:30 \u201313:15 Az egy\u00e9n szerepe a folyamatban \u2013\u00f6nismeret \u00e9s motiv\u00e1ci\u00f3 (MBTI)A csapat munka fontoss\u00e1ga \u2013gyakorlati k\u00e9rd\u00e9sek<\/span><\/p><p><span style=\"color: #05012d;\">13:15 \u201314:00 ProjektmunkaI.\u2013val\u00f3s r\u00e9sztvev\u0151i gyakorlati probl\u00e9ma feldolgoz\u00e1sa \u2013tanult eszk\u00f6z\u00f6k haszn\u00e1lata, prezent\u00e1ci\u00f3, vita<\/span><\/p><p><span style=\"color: #05012d;\">14:00 \u201314:45 Projektmunka II. \u2013val\u00f3s r\u00e9sztvev\u0151i gyakorlati probl\u00e9ma feldolgoz\u00e1sa \u2013\u00e9rt\u00e9kel\u00e9s<\/span><\/p><p><span style=\"color: #05012d;\">El\u0151ad\u00f3ink a Semmelweis Egyetem Eg\u00e9szs\u00e9g\u00fcgyi Menedzserk\u00e9pz\u0151 K\u00f6zpont innov\u00e1ci\u00f3s szak\u00e9rt\u0151i: Kis M\u00e1rton, Sz\u00f6gi Melinda, Feller Anna \u00e9s T\u00f3th D\u00f3ra.<\/span><\/p><p><span style=\"color: #05012d;\">Workshop nyelve: magyar<\/span><\/p><p><span style=\"text-decoration: underline;\"><span style=\"color: #05012d; text-decoration: underline;\">Mikor \u00e9s hol?<\/span><\/span><\/p><p><span style=\"color: #05012d;\">A workshop id\u0151pontja: 2021. december 9. (cs\u00fct\u00f6rt\u00f6k), 10.00 \u201314.45<\/span><\/p><p><span style=\"color: #05012d;\">A workshop helysz\u00edne: online (a linket a regisztr\u00e1ci\u00f3t k\u00f6vet\u0151en k\u00fcldj\u00fck meg a regisztr\u00e1ci\u00f3 sor\u00e1n megadott email c\u00edmre)<\/span><\/p><p><span style=\"color: #05012d;\">Regisztr\u00e1lni az al\u00e1bbi linken lehet:<\/span><\/p>\t\t\t\t\t\t\t\t<\/div>\n\t\t\t\t<\/div>\n\t\t\t\t<div class=\"elementor-element elementor-element-587816f elementor-align-center elementor-widget elementor-widget-button\" data-id=\"587816f\" data-element_type=\"widget\" data-widget_type=\"button.default\">\n\t\t\t\t<div class=\"elementor-widget-container\">\n\t\t\t\t\t\t\t\t\t<div class=\"elementor-button-wrapper\">\n\t\t\t\t\t<a class=\"elementor-button elementor-button-link elementor-size-sm\" href=\"https:\/\/forms.gle\/uhw9hQZiFnZRLYbq6\">\n\t\t\t\t\t\t<span class=\"elementor-button-content-wrapper\">\n\t\t\t\t\t\t\t\t\t<span class=\"elementor-button-text\">Regisztr\u00e1ci\u00f3<\/span>\n\t\t\t\t\t<\/span>\n\t\t\t\t\t<\/a>\n\t\t\t\t<\/div>\n\t\t\t\t\t\t\t\t<\/div>\n\t\t\t\t<\/div>\n\t\t\t\t\t<\/div>\n\t\t<\/div>\n\t\t\t\t\t<\/div>\n\t\t<\/section>\n\t\t\t\t<\/div>","protected":false},"excerpt":{"rendered":"<p>A sikeres probl\u00e9mamegold\u00e1s, projektv\u00e9grehajt\u00e1s egy\u00e9ni \u00e9s csapatszint\u0171 felt\u00e9telei \u00e9s szervezeti sz\u00fcks\u00e9gletei Int\u00e9zet\u00fcnk a fenti c\u00edmmel\u00a0 workshopot szervez klinikai dolgoz\u00f3k r\u00e9sz\u00e9re. A workshop OFTEX-en j\u00f3v\u00e1hagyott, ut\u00f3akkredit\u00e1lt szakmai program, a r\u00e9szv\u00e9tel\u00e9rt 2 kredit szerezhet\u0151. A program az EIT Health t\u00e1mogat\u00e1s\u00e1val val\u00f3sul meg. Kinek aj\u00e1nljuk? Azon klinikai dolgoz\u00f3nak Aki \u00fagy \u00e9rzi, hogy a munk\u00e1ja sor\u00e1n gyakran el\u0151fordul, hogy [&hellip;]<\/p>\n","protected":false},"author":7,"featured_media":0,"parent":0,"menu_order":0,"comment_status":"closed","ping_status":"closed","template":"","meta":{"om_disable_all_campaigns":false,"_monsterinsights_skip_tracking":false,"_monsterinsights_sitenote_active":false,"_monsterinsights_sitenote_note":"","_monsterinsights_sitenote_category":0,"_uf_show_specific_survey":0,"_uf_disable_surveys":false,"footnotes":""},"class_list":["post-1612","page","type-page","status-publish","hentry"],"yoast_head":"<!-- This site is optimized with the Yoast SEO plugin v27.4 - https:\/\/yoast.com\/product\/yoast-seo-wordpress\/ -->\n<title>Workshop operat\u00edv klinikusoknak - ITD official webpage<\/title>\n<meta name=\"robots\" content=\"index, follow, max-snippet:-1, max-image-preview:large, max-video-preview:-1\" \/>\n<link rel=\"canonical\" href=\"https:\/\/itdweb.hu\/en\/workshop-operativ-klinikusoknak\/\" \/>\n<meta property=\"og:locale\" content=\"en_US\" \/>\n<meta property=\"og:type\" content=\"article\" \/>\n<meta property=\"og:title\" content=\"Workshop operat\u00edv klinikusoknak - ITD official webpage\" \/>\n<meta property=\"og:description\" content=\"A sikeres probl\u00e9mamegold\u00e1s, projektv\u00e9grehajt\u00e1s egy\u00e9ni \u00e9s csapatszint\u0171 felt\u00e9telei \u00e9s szervezeti sz\u00fcks\u00e9gletei Int\u00e9zet\u00fcnk a fenti c\u00edmmel\u00a0 workshopot szervez klinikai dolgoz\u00f3k r\u00e9sz\u00e9re. A workshop OFTEX-en j\u00f3v\u00e1hagyott, ut\u00f3akkredit\u00e1lt szakmai program, a r\u00e9szv\u00e9tel\u00e9rt 2 kredit szerezhet\u0151. A program az EIT Health t\u00e1mogat\u00e1s\u00e1val val\u00f3sul meg. Kinek aj\u00e1nljuk? Azon klinikai dolgoz\u00f3nak Aki \u00fagy \u00e9rzi, hogy a munk\u00e1ja sor\u00e1n gyakran el\u0151fordul, hogy [&hellip;]\" \/>\n<meta property=\"og:url\" content=\"https:\/\/itdweb.hu\/en\/workshop-operativ-klinikusoknak\/\" \/>\n<meta property=\"og:site_name\" content=\"ITD official webpage\" \/>\n<meta property=\"article:publisher\" content=\"https:\/\/www.facebook.com\/itdpteaok\" \/>\n<meta property=\"article:modified_time\" content=\"2021-11-29T12:41:32+00:00\" \/>\n<meta property=\"og:image\" content=\"https:\/\/itdweb.hu\/wp-content\/uploads\/2021\/11\/dsc00032.jpg\" \/>\n<meta name=\"twitter:card\" content=\"summary_large_image\" \/>\n<meta name=\"twitter:site\" content=\"@itd_pte\" \/>\n<meta name=\"twitter:label1\" content=\"Est. reading time\" \/>\n\t<meta name=\"twitter:data1\" content=\"2 minutes\" \/>\n<script type=\"application\/ld+json\" class=\"yoast-schema-graph\">{\"@context\":\"https:\\\/\\\/schema.org\",\"@graph\":[{\"@type\":\"WebPage\",\"@id\":\"https:\\\/\\\/itdweb.hu\\\/en\\\/workshop-operativ-klinikusoknak\\\/\",\"url\":\"https:\\\/\\\/itdweb.hu\\\/en\\\/workshop-operativ-klinikusoknak\\\/\",\"name\":\"Workshop operat\u00edv klinikusoknak - ITD official webpage\",\"isPartOf\":{\"@id\":\"https:\\\/\\\/itdweb.hu\\\/en\\\/#website\"},\"primaryImageOfPage\":{\"@id\":\"https:\\\/\\\/itdweb.hu\\\/en\\\/workshop-operativ-klinikusoknak\\\/#primaryimage\"},\"image\":{\"@id\":\"https:\\\/\\\/itdweb.hu\\\/en\\\/workshop-operativ-klinikusoknak\\\/#primaryimage\"},\"thumbnailUrl\":\"https:\\\/\\\/itdweb.hu\\\/wp-content\\\/uploads\\\/2021\\\/11\\\/dsc00032.jpg\",\"datePublished\":\"2020-10-09T11:59:03+00:00\",\"dateModified\":\"2021-11-29T12:41:32+00:00\",\"breadcrumb\":{\"@id\":\"https:\\\/\\\/itdweb.hu\\\/en\\\/workshop-operativ-klinikusoknak\\\/#breadcrumb\"},\"inLanguage\":\"en-US\",\"potentialAction\":[{\"@type\":\"ReadAction\",\"target\":[\"https:\\\/\\\/itdweb.hu\\\/en\\\/workshop-operativ-klinikusoknak\\\/\"]}]},{\"@type\":\"ImageObject\",\"inLanguage\":\"en-US\",\"@id\":\"https:\\\/\\\/itdweb.hu\\\/en\\\/workshop-operativ-klinikusoknak\\\/#primaryimage\",\"url\":\"https:\\\/\\\/itdweb.hu\\\/wp-content\\\/uploads\\\/2021\\\/11\\\/dsc00032.jpg\",\"contentUrl\":\"https:\\\/\\\/itdweb.hu\\\/wp-content\\\/uploads\\\/2021\\\/11\\\/dsc00032.jpg\"},{\"@type\":\"BreadcrumbList\",\"@id\":\"https:\\\/\\\/itdweb.hu\\\/en\\\/workshop-operativ-klinikusoknak\\\/#breadcrumb\",\"itemListElement\":[{\"@type\":\"ListItem\",\"position\":1,\"name\":\"Home\",\"item\":\"https:\\\/\\\/itdweb.hu\\\/\"},{\"@type\":\"ListItem\",\"position\":2,\"name\":\"Workshop operat\u00edv klinikusoknak\"}]},{\"@type\":\"WebSite\",\"@id\":\"https:\\\/\\\/itdweb.hu\\\/en\\\/#website\",\"url\":\"https:\\\/\\\/itdweb.hu\\\/en\\\/\",\"name\":\"ITD official webpage\",\"description\":\"\",\"publisher\":{\"@id\":\"https:\\\/\\\/itdweb.hu\\\/en\\\/#organization\"},\"potentialAction\":[{\"@type\":\"SearchAction\",\"target\":{\"@type\":\"EntryPoint\",\"urlTemplate\":\"https:\\\/\\\/itdweb.hu\\\/en\\\/?s={search_term_string}\"},\"query-input\":{\"@type\":\"PropertyValueSpecification\",\"valueRequired\":true,\"valueName\":\"search_term_string\"}}],\"inLanguage\":\"en-US\"},{\"@type\":\"Organization\",\"@id\":\"https:\\\/\\\/itdweb.hu\\\/en\\\/#organization\",\"name\":\"ITD - Institute of Transdisciplinary Discoveries\",\"url\":\"https:\\\/\\\/itdweb.hu\\\/en\\\/\",\"logo\":{\"@type\":\"ImageObject\",\"inLanguage\":\"en-US\",\"@id\":\"https:\\\/\\\/itdweb.hu\\\/en\\\/#\\\/schema\\\/logo\\\/image\\\/\",\"url\":\"https:\\\/\\\/itdweb.hu\\\/wp-content\\\/uploads\\\/2020\\\/11\\\/itd-ikon.png\",\"contentUrl\":\"https:\\\/\\\/itdweb.hu\\\/wp-content\\\/uploads\\\/2020\\\/11\\\/itd-ikon.png\",\"width\":512,\"height\":512,\"caption\":\"ITD - Institute of Transdisciplinary Discoveries\"},\"image\":{\"@id\":\"https:\\\/\\\/itdweb.hu\\\/en\\\/#\\\/schema\\\/logo\\\/image\\\/\"},\"sameAs\":[\"https:\\\/\\\/www.facebook.com\\\/itdpteaok\",\"https:\\\/\\\/x.com\\\/itd_pte\",\"https:\\\/\\\/www.linkedin.com\\\/company\\\/institute-of-transdisciplinary-discoveries\",\"https:\\\/\\\/www.youtube.com\\\/channel\\\/UCJpKCIjIg0aVbPQztlXBdcg\"]}]}<\/script>\n<!-- \/ Yoast SEO plugin. -->","yoast_head_json":{"title":"Workshop operat\u00edv klinikusoknak - ITD official webpage","robots":{"index":"index","follow":"follow","max-snippet":"max-snippet:-1","max-image-preview":"max-image-preview:large","max-video-preview":"max-video-preview:-1"},"canonical":"https:\/\/itdweb.hu\/en\/workshop-operativ-klinikusoknak\/","og_locale":"en_US","og_type":"article","og_title":"Workshop operat\u00edv klinikusoknak - ITD official webpage","og_description":"A sikeres probl\u00e9mamegold\u00e1s, projektv\u00e9grehajt\u00e1s egy\u00e9ni \u00e9s csapatszint\u0171 felt\u00e9telei \u00e9s szervezeti sz\u00fcks\u00e9gletei Int\u00e9zet\u00fcnk a fenti c\u00edmmel\u00a0 workshopot szervez klinikai dolgoz\u00f3k r\u00e9sz\u00e9re. A workshop OFTEX-en j\u00f3v\u00e1hagyott, ut\u00f3akkredit\u00e1lt szakmai program, a r\u00e9szv\u00e9tel\u00e9rt 2 kredit szerezhet\u0151. A program az EIT Health t\u00e1mogat\u00e1s\u00e1val val\u00f3sul meg. Kinek aj\u00e1nljuk? Azon klinikai dolgoz\u00f3nak Aki \u00fagy \u00e9rzi, hogy a munk\u00e1ja sor\u00e1n gyakran el\u0151fordul, hogy [&hellip;]","og_url":"https:\/\/itdweb.hu\/en\/workshop-operativ-klinikusoknak\/","og_site_name":"ITD official webpage","article_publisher":"https:\/\/www.facebook.com\/itdpteaok","article_modified_time":"2021-11-29T12:41:32+00:00","og_image":[{"url":"https:\/\/itdweb.hu\/wp-content\/uploads\/2021\/11\/dsc00032.jpg","type":"","width":"","height":""}],"twitter_card":"summary_large_image","twitter_site":"@itd_pte","twitter_misc":{"Est. reading time":"2 minutes"},"schema":{"@context":"https:\/\/schema.org","@graph":[{"@type":"WebPage","@id":"https:\/\/itdweb.hu\/en\/workshop-operativ-klinikusoknak\/","url":"https:\/\/itdweb.hu\/en\/workshop-operativ-klinikusoknak\/","name":"Workshop operat\u00edv klinikusoknak - ITD official webpage","isPartOf":{"@id":"https:\/\/itdweb.hu\/en\/#website"},"primaryImageOfPage":{"@id":"https:\/\/itdweb.hu\/en\/workshop-operativ-klinikusoknak\/#primaryimage"},"image":{"@id":"https:\/\/itdweb.hu\/en\/workshop-operativ-klinikusoknak\/#primaryimage"},"thumbnailUrl":"https:\/\/itdweb.hu\/wp-content\/uploads\/2021\/11\/dsc00032.jpg","datePublished":"2020-10-09T11:59:03+00:00","dateModified":"2021-11-29T12:41:32+00:00","breadcrumb":{"@id":"https:\/\/itdweb.hu\/en\/workshop-operativ-klinikusoknak\/#breadcrumb"},"inLanguage":"en-US","potentialAction":[{"@type":"ReadAction","target":["https:\/\/itdweb.hu\/en\/workshop-operativ-klinikusoknak\/"]}]},{"@type":"ImageObject","inLanguage":"en-US","@id":"https:\/\/itdweb.hu\/en\/workshop-operativ-klinikusoknak\/#primaryimage","url":"https:\/\/itdweb.hu\/wp-content\/uploads\/2021\/11\/dsc00032.jpg","contentUrl":"https:\/\/itdweb.hu\/wp-content\/uploads\/2021\/11\/dsc00032.jpg"},{"@type":"BreadcrumbList","@id":"https:\/\/itdweb.hu\/en\/workshop-operativ-klinikusoknak\/#breadcrumb","itemListElement":[{"@type":"ListItem","position":1,"name":"Home","item":"https:\/\/itdweb.hu\/"},{"@type":"ListItem","position":2,"name":"Workshop operat\u00edv klinikusoknak"}]},{"@type":"WebSite","@id":"https:\/\/itdweb.hu\/en\/#website","url":"https:\/\/itdweb.hu\/en\/","name":"ITD official webpage","description":"","publisher":{"@id":"https:\/\/itdweb.hu\/en\/#organization"},"potentialAction":[{"@type":"SearchAction","target":{"@type":"EntryPoint","urlTemplate":"https:\/\/itdweb.hu\/en\/?s={search_term_string}"},"query-input":{"@type":"PropertyValueSpecification","valueRequired":true,"valueName":"search_term_string"}}],"inLanguage":"en-US"},{"@type":"Organization","@id":"https:\/\/itdweb.hu\/en\/#organization","name":"ITD - Institute of Transdisciplinary Discoveries","url":"https:\/\/itdweb.hu\/en\/","logo":{"@type":"ImageObject","inLanguage":"en-US","@id":"https:\/\/itdweb.hu\/en\/#\/schema\/logo\/image\/","url":"https:\/\/itdweb.hu\/wp-content\/uploads\/2020\/11\/itd-ikon.png","contentUrl":"https:\/\/itdweb.hu\/wp-content\/uploads\/2020\/11\/itd-ikon.png","width":512,"height":512,"caption":"ITD - Institute of Transdisciplinary Discoveries"},"image":{"@id":"https:\/\/itdweb.hu\/en\/#\/schema\/logo\/image\/"},"sameAs":["https:\/\/www.facebook.com\/itdpteaok","https:\/\/x.com\/itd_pte","https:\/\/www.linkedin.com\/company\/institute-of-transdisciplinary-discoveries","https:\/\/www.youtube.com\/channel\/UCJpKCIjIg0aVbPQztlXBdcg"]}]}},"_links":{"self":[{"href":"https:\/\/itdweb.hu\/en\/wp-json\/wp\/v2\/pages\/1612","targetHints":{"allow":["GET"]}}],"collection":[{"href":"https:\/\/itdweb.hu\/en\/wp-json\/wp\/v2\/pages"}],"about":[{"href":"https:\/\/itdweb.hu\/en\/wp-json\/wp\/v2\/types\/page"}],"author":[{"embeddable":true,"href":"https:\/\/itdweb.hu\/en\/wp-json\/wp\/v2\/users\/7"}],"replies":[{"embeddable":true,"href":"https:\/\/itdweb.hu\/en\/wp-json\/wp\/v2\/comments?post=1612"}],"version-history":[{"count":29,"href":"https:\/\/itdweb.hu\/en\/wp-json\/wp\/v2\/pages\/1612\/revisions"}],"predecessor-version":[{"id":3296,"href":"https:\/\/itdweb.hu\/en\/wp-json\/wp\/v2\/pages\/1612\/revisions\/3296"}],"wp:attachment":[{"href":"https:\/\/itdweb.hu\/en\/wp-json\/wp\/v2\/media?parent=1612"}],"curies":[{"name":"wp","href":"https:\/\/api.w.org\/{rel}","templated":true}]}}