{"id":1622,"date":"2020-10-09T12:33:49","date_gmt":"2020-10-09T12:33:49","guid":{"rendered":"http:\/\/itdweb.hu\/?page_id=1622"},"modified":"2021-11-29T12:56:39","modified_gmt":"2021-11-29T12:56:39","slug":"workshop-klinikai-vezetoknek","status":"publish","type":"page","link":"https:\/\/itdweb.hu\/en\/workshop-klinikai-vezetoknek\/","title":{"rendered":"Workshop klinikai vezet\u0151knek"},"content":{"rendered":"<div data-elementor-type=\"wp-page\" data-elementor-id=\"1622\" class=\"elementor elementor-1622\" data-elementor-post-type=\"page\">\n\t\t\t\t\t\t<section class=\"elementor-section elementor-top-section elementor-element elementor-element-4811ed57 elementor-section-boxed elementor-section-height-default elementor-section-height-default\" data-id=\"4811ed57\" data-element_type=\"section\">\n\t\t\t\t\t\t<div class=\"elementor-container elementor-column-gap-default\">\n\t\t\t\t\t<div class=\"elementor-column elementor-col-100 elementor-top-column elementor-element elementor-element-16f902a\" data-id=\"16f902a\" data-element_type=\"column\">\n\t\t\t<div class=\"elementor-widget-wrap\">\n\t\t\t\t\t\t\t<\/div>\n\t\t<\/div>\n\t\t\t\t\t<\/div>\n\t\t<\/section>\n\t\t\t\t<section class=\"elementor-section elementor-top-section elementor-element elementor-element-1b516412 elementor-section-content-middle elementor-section-boxed elementor-section-height-default elementor-section-height-default\" data-id=\"1b516412\" data-element_type=\"section\">\n\t\t\t\t\t\t<div class=\"elementor-container elementor-column-gap-no\">\n\t\t\t\t\t<div class=\"elementor-column elementor-col-100 elementor-top-column elementor-element elementor-element-17baf2cb\" data-id=\"17baf2cb\" data-element_type=\"column\">\n\t\t\t<div class=\"elementor-widget-wrap elementor-element-populated\">\n\t\t\t\t\t\t<div class=\"elementor-element elementor-element-151fb112 elementor-widget elementor-widget-image\" data-id=\"151fb112\" data-element_type=\"widget\" data-widget_type=\"image.default\">\n\t\t\t\t<div class=\"elementor-widget-container\">\n\t\t\t\t\t\t\t\t\t\t\t\t\t\t\t<img fetchpriority=\"high\" decoding=\"async\" width=\"2560\" height=\"1920\" src=\"https:\/\/itdweb.hu\/wp-content\/uploads\/2021\/11\/img_0478-scaled.jpg\" class=\"attachment-full size-full wp-image-3199\" alt=\"\" srcset=\"https:\/\/itdweb.hu\/wp-content\/uploads\/2021\/11\/img_0478-scaled.jpg 2560w, https:\/\/itdweb.hu\/wp-content\/uploads\/2021\/11\/img_0478-scaled-300x225.jpg 300w, https:\/\/itdweb.hu\/wp-content\/uploads\/2021\/11\/img_0478-scaled-1024x768.jpg 1024w, https:\/\/itdweb.hu\/wp-content\/uploads\/2021\/11\/img_0478-768x576.jpg 768w, https:\/\/itdweb.hu\/wp-content\/uploads\/2021\/11\/img_0478-1536x1152.jpg 1536w, https:\/\/itdweb.hu\/wp-content\/uploads\/2021\/11\/img_0478-2048x1536.jpg 2048w, https:\/\/itdweb.hu\/wp-content\/uploads\/2021\/11\/img_0478-scaled-16x12.jpg 16w, https:\/\/itdweb.hu\/wp-content\/uploads\/2021\/11\/img_0478-600x450.jpg 600w\" sizes=\"(max-width: 2560px) 100vw, 2560px\" \/>\t\t\t\t\t\t\t\t\t\t\t\t\t\t\t<\/div>\n\t\t\t\t<\/div>\n\t\t\t\t<div class=\"elementor-element elementor-element-420dc2ca elementor-widget elementor-widget-heading\" data-id=\"420dc2ca\" data-element_type=\"widget\" data-widget_type=\"heading.default\">\n\t\t\t\t<div class=\"elementor-widget-container\">\n\t\t\t\t\t<h3 class=\"elementor-heading-title elementor-size-default\">A sikeres probl\u00e9mamegold\u00e1s, projektv\u00e9grehajt\u00e1s egy\u00e9ni \u00e9s csapatszint\u0171 felt\u00e9telei \u00e9s szervezeti sz\u00fcks\u00e9gletei<\/h3>\t\t\t\t<\/div>\n\t\t\t\t<\/div>\n\t\t\t\t<div class=\"elementor-element elementor-element-26feb3d6 elementor-widget elementor-widget-text-editor\" data-id=\"26feb3d6\" data-element_type=\"widget\" data-widget_type=\"text-editor.default\">\n\t\t\t\t<div class=\"elementor-widget-container\">\n\t\t\t\t\t\t\t\t\t<p style=\"text-align: justify;\"><span style=\"color: #05012d;\">Int\u00e9zet\u00fcnk a fenti c\u00edmmel\u00a0 workshopot szervez klinikavezet\u0151k, klinikai int\u00e9zetvezet\u0151k \u00e9s helyetteseik r\u00e9sz\u00e9re. A program az EIT Health t\u00e1mogat\u00e1s\u00e1val val\u00f3sul meg.<\/span><\/p><p style=\"text-align: justify;\"><span style=\"text-decoration: underline; color: #05012d;\">Kinek aj\u00e1nljuk?<\/span><\/p><p style=\"text-align: justify;\"><span style=\"color: #05012d;\">Azon klinika vezet\u0151nek,klinikai int\u00e9zetvezet\u0151nek<\/span><\/p><ul style=\"text-align: justify;\"><li><span style=\"color: #05012d;\">Aki azt tapasztja, hogy munkat\u00e1rsai tele vannak nagyszer\u0171 \u00f6tletekkel, amelyek megval\u00f3s\u00edt\u00e1sa eset\u00e9n a klinikai mindennapok k\u00f6nnyebb\u00e9 v\u00e1ln\u00e1nak\u00e9s<\/span><\/li><li><span style=\"color: #05012d;\">Aki t\u00e1mogat\u00f3 vezet\u0151k\u00e9nt seg\u00edteni szeretn\u00e9 munkat\u00e1rsait ezen \u00f6tletek megval\u00f3s\u00edt\u00e1s\u00e1ban.<\/span><\/li><\/ul><p style=\"text-align: justify;\"><span style=\"text-decoration: underline; color: #05012d;\">Mir\u0151l fog sz\u00f3lni a workshop?<\/span><\/p><p style=\"text-align: justify;\"><span style=\"color: #05012d;\">Akt\u00edv klinikusi tapasztalatokon, felt\u00e1rt val\u00f3s probl\u00e9ma k\u00f6r\u00f6k\u00f6n alapul\u00f3 workshopunkon megismerkedhet azokkal a konkr\u00e9t eszk\u00f6z\u00f6kkel, technik\u00e1kkal, amelyek seg\u00edts\u00e9g\u00e9vel, mint vezet\u0151 seg\u00edteni tudja csapat\u00e1t, munkat\u00e1rsait.Tal\u00e1lkozhat \u00e9s tapasztalatot cser\u00e9lhet az \u00d6nh\u00f6z hasonl\u00f3 innovat\u00edv szakemberekkel, hiszen az \u00d6n\u00f6k akt\u00edv k\u00f6zrem\u0171k\u00f6d\u00e9s\u00e9re van sz\u00fcks\u00e9g ahhoz, hogy kis l\u00e9p\u00e9senk\u00e9nt, igazi v\u00e1ltoz\u00e1sok menjenek v\u00e9gbe az eg\u00e9szs\u00e9g\u00fcgyben.<\/span><\/p><p style=\"text-align: justify;\"><span style=\"color: #05012d;\">Amiben sz\u00e1m\u00edthat r\u00e1nk:<\/span><\/p><ul style=\"text-align: justify;\"><li><span style=\"color: #05012d;\">Vezet\u0151i szerepek:deleg\u00e1l\u00e1s, felhatalmaz\u00e1s, d\u00f6nt\u00e9s, change management, kock\u00e1zatkezel\u00e9s<\/span><\/li><li><span style=\"color: #05012d;\">Vezet\u0151i szerepek csapatban:vezet\u0151i motiv\u00e1ci\u00f3, \u00e9rt\u00e9kel\u00e9s csapatban \u00e9s egy\u00e9ni szinten<\/span><\/li><li><span style=\"color: #05012d;\">Szervezet rugalmass\u00e1g\u00e1nak biztos\u00edt\u00e1sa \u2013\u00e9rt\u00e9kek, hiedelmek, kult\u00fara alak\u00edt\u00e1sa<\/span><\/li><li><span style=\"color: #05012d;\">Motiv\u00e1ci\u00f3 -mentor\u00e1l\u00e1s, \u00f6nmegval\u00f3s\u00edt\u00e1s eszk\u00f6zei<\/span><\/li><li><span style=\"color: #05012d;\">Probl\u00e9mafelt\u00e1r\u00e1s vezet\u0151i eszk\u00f6zei lok\u00e1lis szinten<\/span><\/li><li><span style=\"color: #05012d;\">Innov\u00e1ci\u00f3s megk\u00f6zel\u00edt\u00e9sek elsaj\u00e1t\u00edt\u00e1sa<\/span><\/li><\/ul><p style=\"text-align: justify;\"><span style=\"text-decoration: underline; color: #05012d;\">\u00d3rarend<\/span><\/p><p style=\"text-align: justify;\"><span style=\"color: #05012d;\">12.00 \u201312.45 Vezet\u0151i t\u00e1mogat\u00e1s I. \u2013deleg\u00e1l\u00e1s, felhatalmaz\u00e1s, d\u00f6nt\u00e9s, kock\u00e1zat kezel\u00e9s, v\u00e1ltoz\u00e1s kezel\u00e9s<\/span><\/p><p style=\"text-align: justify;\"><span style=\"color: #05012d;\">12.45 \u201313.30 Vezet\u0151i t\u00e1mogat\u00e1s II. \u2013vezet\u0151i motiv\u00e1ci\u00f3, \u00e9rt\u00e9kel\u00e9s csapat \u00e9s egy\u00e9ni szinten, szervezet rugalmass\u00e1g\u00e1nak biztos\u00edt\u00e1sa \u2013\u00e9rt\u00e9kek, hiedelmek, kult\u00fara alak\u00edt\u00e1sa<\/span><\/p><p style=\"text-align: justify;\"><span style=\"color: #05012d;\">El\u0151ad\u00f3ink a Semmelweis Egyetem Eg\u00e9szs\u00e9g\u00fcgyi Menedzserk\u00e9pz\u0151 K\u00f6zpont innov\u00e1ci\u00f3s szak\u00e9rt\u0151i: Kis M\u00e1rton, Sz\u00f6gi Melinda, Feller Anna \u00e9s T\u00f3th D\u00f3ra.Workshop nyelve:magyar.<\/span><\/p><p style=\"text-align: justify;\"><span style=\"text-decoration: underline; color: #05012d;\">Mikor \u00e9s hol?<\/span><\/p><p style=\"text-align: justify;\"><span style=\"color: #05012d;\">A workshop id\u0151pontja: 2021. december 10. (p\u00e9ntek), 12.00 \u201313.30<\/span><\/p><p style=\"text-align: justify;\"><span style=\"color: #05012d;\"><span style=\"text-decoration: underline;\">A workshop helysz\u00edne:<\/span> online (a linket a regisztr\u00e1ci\u00f3t k\u00f6vet\u0151en k\u00fcldj\u00fck meg a regisztr\u00e1ci\u00f3 sor\u00e1n megadott email c\u00edmre).<\/span><\/p><p style=\"text-align: justify;\"><span style=\"text-decoration: underline; color: #05012d;\">Regisztr\u00e1ci\u00f3<\/span><\/p><p style=\"text-align: justify;\"><span style=\"color: #05012d;\">Regisztr\u00e1lni az al\u00e1bbi linken lehet:<\/span><\/p>\t\t\t\t\t\t\t\t<\/div>\n\t\t\t\t<\/div>\n\t\t\t\t<div class=\"elementor-element elementor-element-20db28e elementor-align-center elementor-widget elementor-widget-button\" data-id=\"20db28e\" data-element_type=\"widget\" data-widget_type=\"button.default\">\n\t\t\t\t<div class=\"elementor-widget-container\">\n\t\t\t\t\t\t\t\t\t<div class=\"elementor-button-wrapper\">\n\t\t\t\t\t<a class=\"elementor-button elementor-button-link elementor-size-sm\" href=\"https:\/\/forms.gle\/hT5aqohpiemrrY1q9\">\n\t\t\t\t\t\t<span class=\"elementor-button-content-wrapper\">\n\t\t\t\t\t\t\t\t\t<span class=\"elementor-button-text\">Regisztr\u00e1ci\u00f3<\/span>\n\t\t\t\t\t<\/span>\n\t\t\t\t\t<\/a>\n\t\t\t\t<\/div>\n\t\t\t\t\t\t\t\t<\/div>\n\t\t\t\t<\/div>\n\t\t\t\t\t<\/div>\n\t\t<\/div>\n\t\t\t\t\t<\/div>\n\t\t<\/section>\n\t\t\t\t<\/div>","protected":false},"excerpt":{"rendered":"<p>A sikeres probl\u00e9mamegold\u00e1s, projektv\u00e9grehajt\u00e1s egy\u00e9ni \u00e9s csapatszint\u0171 felt\u00e9telei \u00e9s szervezeti sz\u00fcks\u00e9gletei Int\u00e9zet\u00fcnk a fenti c\u00edmmel\u00a0 workshopot szervez klinikavezet\u0151k, klinikai int\u00e9zetvezet\u0151k \u00e9s helyetteseik r\u00e9sz\u00e9re. A program az EIT Health t\u00e1mogat\u00e1s\u00e1val val\u00f3sul meg. Kinek aj\u00e1nljuk? Azon klinika vezet\u0151nek,klinikai int\u00e9zetvezet\u0151nek Aki azt tapasztja, hogy munkat\u00e1rsai tele vannak nagyszer\u0171 \u00f6tletekkel, amelyek megval\u00f3s\u00edt\u00e1sa eset\u00e9n a klinikai mindennapok k\u00f6nnyebb\u00e9 v\u00e1ln\u00e1nak\u00e9s Aki [&hellip;]<\/p>\n","protected":false},"author":7,"featured_media":0,"parent":0,"menu_order":0,"comment_status":"closed","ping_status":"closed","template":"","meta":{"om_disable_all_campaigns":false,"_monsterinsights_skip_tracking":false,"_monsterinsights_sitenote_active":false,"_monsterinsights_sitenote_note":"","_monsterinsights_sitenote_category":0,"_uf_show_specific_survey":0,"_uf_disable_surveys":false,"footnotes":""},"class_list":["post-1622","page","type-page","status-publish","hentry"],"yoast_head":"<!-- This site is optimized with the Yoast SEO plugin v27.4 - https:\/\/yoast.com\/product\/yoast-seo-wordpress\/ -->\n<title>Workshop klinikai vezet\u0151knek - ITD official webpage<\/title>\n<meta name=\"robots\" content=\"index, follow, max-snippet:-1, max-image-preview:large, max-video-preview:-1\" \/>\n<link rel=\"canonical\" href=\"https:\/\/itdweb.hu\/en\/workshop-klinikai-vezetoknek\/\" \/>\n<meta property=\"og:locale\" content=\"en_US\" \/>\n<meta property=\"og:type\" content=\"article\" \/>\n<meta property=\"og:title\" content=\"Workshop klinikai vezet\u0151knek - ITD official webpage\" \/>\n<meta property=\"og:description\" content=\"A sikeres probl\u00e9mamegold\u00e1s, projektv\u00e9grehajt\u00e1s egy\u00e9ni \u00e9s csapatszint\u0171 felt\u00e9telei \u00e9s szervezeti sz\u00fcks\u00e9gletei Int\u00e9zet\u00fcnk a fenti c\u00edmmel\u00a0 workshopot szervez klinikavezet\u0151k, klinikai int\u00e9zetvezet\u0151k \u00e9s helyetteseik r\u00e9sz\u00e9re. A program az EIT Health t\u00e1mogat\u00e1s\u00e1val val\u00f3sul meg. Kinek aj\u00e1nljuk? Azon klinika vezet\u0151nek,klinikai int\u00e9zetvezet\u0151nek Aki azt tapasztja, hogy munkat\u00e1rsai tele vannak nagyszer\u0171 \u00f6tletekkel, amelyek megval\u00f3s\u00edt\u00e1sa eset\u00e9n a klinikai mindennapok k\u00f6nnyebb\u00e9 v\u00e1ln\u00e1nak\u00e9s Aki [&hellip;]\" \/>\n<meta property=\"og:url\" content=\"https:\/\/itdweb.hu\/en\/workshop-klinikai-vezetoknek\/\" \/>\n<meta property=\"og:site_name\" content=\"ITD official webpage\" \/>\n<meta property=\"article:publisher\" content=\"https:\/\/www.facebook.com\/itdpteaok\" \/>\n<meta property=\"article:modified_time\" content=\"2021-11-29T12:56:39+00:00\" \/>\n<meta property=\"og:image\" content=\"https:\/\/itdweb.hu\/wp-content\/uploads\/2021\/11\/img_0478-scaled.jpg\" \/>\n<meta name=\"twitter:card\" content=\"summary_large_image\" \/>\n<meta name=\"twitter:site\" content=\"@itd_pte\" \/>\n<meta name=\"twitter:label1\" content=\"Est. reading time\" \/>\n\t<meta name=\"twitter:data1\" content=\"2 minutes\" \/>\n<script type=\"application\/ld+json\" class=\"yoast-schema-graph\">{\"@context\":\"https:\\\/\\\/schema.org\",\"@graph\":[{\"@type\":\"WebPage\",\"@id\":\"https:\\\/\\\/itdweb.hu\\\/en\\\/workshop-klinikai-vezetoknek\\\/\",\"url\":\"https:\\\/\\\/itdweb.hu\\\/en\\\/workshop-klinikai-vezetoknek\\\/\",\"name\":\"Workshop klinikai vezet\u0151knek - ITD official webpage\",\"isPartOf\":{\"@id\":\"https:\\\/\\\/itdweb.hu\\\/en\\\/#website\"},\"primaryImageOfPage\":{\"@id\":\"https:\\\/\\\/itdweb.hu\\\/en\\\/workshop-klinikai-vezetoknek\\\/#primaryimage\"},\"image\":{\"@id\":\"https:\\\/\\\/itdweb.hu\\\/en\\\/workshop-klinikai-vezetoknek\\\/#primaryimage\"},\"thumbnailUrl\":\"https:\\\/\\\/itdweb.hu\\\/wp-content\\\/uploads\\\/2021\\\/11\\\/img_0478-scaled.jpg\",\"datePublished\":\"2020-10-09T12:33:49+00:00\",\"dateModified\":\"2021-11-29T12:56:39+00:00\",\"breadcrumb\":{\"@id\":\"https:\\\/\\\/itdweb.hu\\\/en\\\/workshop-klinikai-vezetoknek\\\/#breadcrumb\"},\"inLanguage\":\"en-US\",\"potentialAction\":[{\"@type\":\"ReadAction\",\"target\":[\"https:\\\/\\\/itdweb.hu\\\/en\\\/workshop-klinikai-vezetoknek\\\/\"]}]},{\"@type\":\"ImageObject\",\"inLanguage\":\"en-US\",\"@id\":\"https:\\\/\\\/itdweb.hu\\\/en\\\/workshop-klinikai-vezetoknek\\\/#primaryimage\",\"url\":\"https:\\\/\\\/itdweb.hu\\\/wp-content\\\/uploads\\\/2021\\\/11\\\/img_0478-scaled.jpg\",\"contentUrl\":\"https:\\\/\\\/itdweb.hu\\\/wp-content\\\/uploads\\\/2021\\\/11\\\/img_0478-scaled.jpg\"},{\"@type\":\"BreadcrumbList\",\"@id\":\"https:\\\/\\\/itdweb.hu\\\/en\\\/workshop-klinikai-vezetoknek\\\/#breadcrumb\",\"itemListElement\":[{\"@type\":\"ListItem\",\"position\":1,\"name\":\"Home\",\"item\":\"https:\\\/\\\/itdweb.hu\\\/\"},{\"@type\":\"ListItem\",\"position\":2,\"name\":\"Workshop klinikai vezet\u0151knek\"}]},{\"@type\":\"WebSite\",\"@id\":\"https:\\\/\\\/itdweb.hu\\\/en\\\/#website\",\"url\":\"https:\\\/\\\/itdweb.hu\\\/en\\\/\",\"name\":\"ITD official webpage\",\"description\":\"\",\"publisher\":{\"@id\":\"https:\\\/\\\/itdweb.hu\\\/en\\\/#organization\"},\"potentialAction\":[{\"@type\":\"SearchAction\",\"target\":{\"@type\":\"EntryPoint\",\"urlTemplate\":\"https:\\\/\\\/itdweb.hu\\\/en\\\/?s={search_term_string}\"},\"query-input\":{\"@type\":\"PropertyValueSpecification\",\"valueRequired\":true,\"valueName\":\"search_term_string\"}}],\"inLanguage\":\"en-US\"},{\"@type\":\"Organization\",\"@id\":\"https:\\\/\\\/itdweb.hu\\\/en\\\/#organization\",\"name\":\"ITD - Institute of Transdisciplinary Discoveries\",\"url\":\"https:\\\/\\\/itdweb.hu\\\/en\\\/\",\"logo\":{\"@type\":\"ImageObject\",\"inLanguage\":\"en-US\",\"@id\":\"https:\\\/\\\/itdweb.hu\\\/en\\\/#\\\/schema\\\/logo\\\/image\\\/\",\"url\":\"https:\\\/\\\/itdweb.hu\\\/wp-content\\\/uploads\\\/2020\\\/11\\\/itd-ikon.png\",\"contentUrl\":\"https:\\\/\\\/itdweb.hu\\\/wp-content\\\/uploads\\\/2020\\\/11\\\/itd-ikon.png\",\"width\":512,\"height\":512,\"caption\":\"ITD - Institute of Transdisciplinary Discoveries\"},\"image\":{\"@id\":\"https:\\\/\\\/itdweb.hu\\\/en\\\/#\\\/schema\\\/logo\\\/image\\\/\"},\"sameAs\":[\"https:\\\/\\\/www.facebook.com\\\/itdpteaok\",\"https:\\\/\\\/x.com\\\/itd_pte\",\"https:\\\/\\\/www.linkedin.com\\\/company\\\/institute-of-transdisciplinary-discoveries\",\"https:\\\/\\\/www.youtube.com\\\/channel\\\/UCJpKCIjIg0aVbPQztlXBdcg\"]}]}<\/script>\n<!-- \/ Yoast SEO plugin. -->","yoast_head_json":{"title":"Workshop klinikai vezet\u0151knek - ITD official webpage","robots":{"index":"index","follow":"follow","max-snippet":"max-snippet:-1","max-image-preview":"max-image-preview:large","max-video-preview":"max-video-preview:-1"},"canonical":"https:\/\/itdweb.hu\/en\/workshop-klinikai-vezetoknek\/","og_locale":"en_US","og_type":"article","og_title":"Workshop klinikai vezet\u0151knek - ITD official webpage","og_description":"A sikeres probl\u00e9mamegold\u00e1s, projektv\u00e9grehajt\u00e1s egy\u00e9ni \u00e9s csapatszint\u0171 felt\u00e9telei \u00e9s szervezeti sz\u00fcks\u00e9gletei Int\u00e9zet\u00fcnk a fenti c\u00edmmel\u00a0 workshopot szervez klinikavezet\u0151k, klinikai int\u00e9zetvezet\u0151k \u00e9s helyetteseik r\u00e9sz\u00e9re. A program az EIT Health t\u00e1mogat\u00e1s\u00e1val val\u00f3sul meg. Kinek aj\u00e1nljuk? Azon klinika vezet\u0151nek,klinikai int\u00e9zetvezet\u0151nek Aki azt tapasztja, hogy munkat\u00e1rsai tele vannak nagyszer\u0171 \u00f6tletekkel, amelyek megval\u00f3s\u00edt\u00e1sa eset\u00e9n a klinikai mindennapok k\u00f6nnyebb\u00e9 v\u00e1ln\u00e1nak\u00e9s Aki [&hellip;]","og_url":"https:\/\/itdweb.hu\/en\/workshop-klinikai-vezetoknek\/","og_site_name":"ITD official webpage","article_publisher":"https:\/\/www.facebook.com\/itdpteaok","article_modified_time":"2021-11-29T12:56:39+00:00","og_image":[{"url":"https:\/\/itdweb.hu\/wp-content\/uploads\/2021\/11\/img_0478-scaled.jpg","type":"","width":"","height":""}],"twitter_card":"summary_large_image","twitter_site":"@itd_pte","twitter_misc":{"Est. reading time":"2 minutes"},"schema":{"@context":"https:\/\/schema.org","@graph":[{"@type":"WebPage","@id":"https:\/\/itdweb.hu\/en\/workshop-klinikai-vezetoknek\/","url":"https:\/\/itdweb.hu\/en\/workshop-klinikai-vezetoknek\/","name":"Workshop klinikai vezet\u0151knek - ITD official webpage","isPartOf":{"@id":"https:\/\/itdweb.hu\/en\/#website"},"primaryImageOfPage":{"@id":"https:\/\/itdweb.hu\/en\/workshop-klinikai-vezetoknek\/#primaryimage"},"image":{"@id":"https:\/\/itdweb.hu\/en\/workshop-klinikai-vezetoknek\/#primaryimage"},"thumbnailUrl":"https:\/\/itdweb.hu\/wp-content\/uploads\/2021\/11\/img_0478-scaled.jpg","datePublished":"2020-10-09T12:33:49+00:00","dateModified":"2021-11-29T12:56:39+00:00","breadcrumb":{"@id":"https:\/\/itdweb.hu\/en\/workshop-klinikai-vezetoknek\/#breadcrumb"},"inLanguage":"en-US","potentialAction":[{"@type":"ReadAction","target":["https:\/\/itdweb.hu\/en\/workshop-klinikai-vezetoknek\/"]}]},{"@type":"ImageObject","inLanguage":"en-US","@id":"https:\/\/itdweb.hu\/en\/workshop-klinikai-vezetoknek\/#primaryimage","url":"https:\/\/itdweb.hu\/wp-content\/uploads\/2021\/11\/img_0478-scaled.jpg","contentUrl":"https:\/\/itdweb.hu\/wp-content\/uploads\/2021\/11\/img_0478-scaled.jpg"},{"@type":"BreadcrumbList","@id":"https:\/\/itdweb.hu\/en\/workshop-klinikai-vezetoknek\/#breadcrumb","itemListElement":[{"@type":"ListItem","position":1,"name":"Home","item":"https:\/\/itdweb.hu\/"},{"@type":"ListItem","position":2,"name":"Workshop klinikai vezet\u0151knek"}]},{"@type":"WebSite","@id":"https:\/\/itdweb.hu\/en\/#website","url":"https:\/\/itdweb.hu\/en\/","name":"ITD official webpage","description":"","publisher":{"@id":"https:\/\/itdweb.hu\/en\/#organization"},"potentialAction":[{"@type":"SearchAction","target":{"@type":"EntryPoint","urlTemplate":"https:\/\/itdweb.hu\/en\/?s={search_term_string}"},"query-input":{"@type":"PropertyValueSpecification","valueRequired":true,"valueName":"search_term_string"}}],"inLanguage":"en-US"},{"@type":"Organization","@id":"https:\/\/itdweb.hu\/en\/#organization","name":"ITD - Institute of Transdisciplinary Discoveries","url":"https:\/\/itdweb.hu\/en\/","logo":{"@type":"ImageObject","inLanguage":"en-US","@id":"https:\/\/itdweb.hu\/en\/#\/schema\/logo\/image\/","url":"https:\/\/itdweb.hu\/wp-content\/uploads\/2020\/11\/itd-ikon.png","contentUrl":"https:\/\/itdweb.hu\/wp-content\/uploads\/2020\/11\/itd-ikon.png","width":512,"height":512,"caption":"ITD - Institute of Transdisciplinary Discoveries"},"image":{"@id":"https:\/\/itdweb.hu\/en\/#\/schema\/logo\/image\/"},"sameAs":["https:\/\/www.facebook.com\/itdpteaok","https:\/\/x.com\/itd_pte","https:\/\/www.linkedin.com\/company\/institute-of-transdisciplinary-discoveries","https:\/\/www.youtube.com\/channel\/UCJpKCIjIg0aVbPQztlXBdcg"]}]}},"_links":{"self":[{"href":"https:\/\/itdweb.hu\/en\/wp-json\/wp\/v2\/pages\/1622","targetHints":{"allow":["GET"]}}],"collection":[{"href":"https:\/\/itdweb.hu\/en\/wp-json\/wp\/v2\/pages"}],"about":[{"href":"https:\/\/itdweb.hu\/en\/wp-json\/wp\/v2\/types\/page"}],"author":[{"embeddable":true,"href":"https:\/\/itdweb.hu\/en\/wp-json\/wp\/v2\/users\/7"}],"replies":[{"embeddable":true,"href":"https:\/\/itdweb.hu\/en\/wp-json\/wp\/v2\/comments?post=1622"}],"version-history":[{"count":14,"href":"https:\/\/itdweb.hu\/en\/wp-json\/wp\/v2\/pages\/1622\/revisions"}],"predecessor-version":[{"id":3300,"href":"https:\/\/itdweb.hu\/en\/wp-json\/wp\/v2\/pages\/1622\/revisions\/3300"}],"wp:attachment":[{"href":"https:\/\/itdweb.hu\/en\/wp-json\/wp\/v2\/media?parent=1622"}],"curies":[{"name":"wp","href":"https:\/\/api.w.org\/{rel}","templated":true}]}}