{"id":1743,"date":"2020-11-09T14:53:25","date_gmt":"2020-11-09T14:53:25","guid":{"rendered":"http:\/\/itdweb.hu\/?page_id=1743"},"modified":"2020-11-09T15:21:52","modified_gmt":"2020-11-09T15:21:52","slug":"we-health-capsule-empowering-women-in-health-innovation","status":"publish","type":"page","link":"https:\/\/itdweb.hu\/en\/we-health-capsule-empowering-women-in-health-innovation\/","title":{"rendered":"WE HEALTH CAPSULE: Empowering Women in Health Innovation"},"content":{"rendered":"<p style=\"text-align: center;\"><span style=\"font-family: georgia, palatino, serif; color: #001b48;\"><strong>As part of the EIT HEALTH RIS Programme<\/strong><\/span><\/p>\n<p style=\"text-align: center;\"><span style=\"font-family: georgia, palatino, serif; color: #000080;\"><strong><span style=\"text-decoration: underline;\">[WE HEALTH CAPSULE: Empowering Women in Health Innovation]<\/span><\/strong><\/span><\/p>\n<p style=\"text-align: center;\"><span style=\"font-family: georgia, palatino, serif; color: #001b48;\">Thursday 19th November 2020, 15.00-19.30, online event<\/span><br \/>\n<span style=\"font-family: georgia, palatino, serif; color: #001b48;\">Registration till 17th November 2020 <span style=\"text-decoration: underline; background-color: #ffff00;\"><a style=\"background-color: #ffff00; color: #001b48; text-decoration: underline;\" href=\"https:\/\/eu.eventscloud.com\/ereg\/newreg.php?eventid=200214690&amp;\">here<\/a><\/span><\/span><\/p>\n<p><span style=\"font-family: georgia, palatino, serif; color: #001b48;\">The aim of the event is to strengthen practical knowledge of women who are engaged with healthcare innovations. We are welcoming women from the RIS countries (listed below)*, who have an innovative health or healthcare related idea that they would like to develop, or who already lead a team or a start-up working on breakthrough products or services that will improve the health of citizens in the future.<\/span><\/p>\n<p><span style=\"font-family: georgia, palatino, serif; color: #001b48;\">*Eligibility &#8211; Croatia, Czechia, Estonia, <\/span><span style=\"font-family: georgia, palatino, serif; color: #001b48;\">Greece, Hungary, Italy, Latvia, Lithuania, Poland, Portugal, Romania, Slovakia, Slovenia.<\/span><\/p>\n<hr \/>\n<p style=\"text-align: center;\"><strong><span style=\"font-family: georgia, palatino, serif; font-size: 12pt; color: #001b48;\">Az EIT Health RIS programj\u00e1nak r\u00e9szek\u00e9nt<\/span><\/strong><\/p>\n<p style=\"text-align: center;\"><span style=\"text-decoration: underline;\"><span style=\"color: #000080;\"><strong><span style=\"font-family: georgia, palatino, serif; font-size: 12pt;\">[WE HEALTH CAPSULE: A n\u0151k szerep\u00e9nek er\u0151s\u00edt\u00e9se az eg\u00e9szs\u00e9g\u00fcgyi innov\u00e1ci\u00f3ban]<\/span><\/strong><\/span><\/span><\/p>\n<p style=\"text-align: center;\"><span style=\"font-family: georgia, palatino, serif; font-size: 12pt; color: #001b48;\">2020. november 19., cs\u00fct\u00f6rt\u00f6k, 15.00-19.30, online esem\u00e9ny<\/span><br \/>\n<span style=\"font-family: georgia, palatino, serif; font-size: 12pt; color: #001b48;\">Regisztr\u00e1ci\u00f3: 2020. november 17-ig <span style=\"text-decoration: underline;\"><a href=\"https:\/\/eu.eventscloud.com\/ereg\/newreg.php?eventid=200214690&amp;\"><span style=\"background-color: #ffff00;\">itt<\/span><\/a><\/span><\/span><\/p>\n<p><span style=\"font-family: georgia, palatino, serif; font-size: 12pt; color: #001b48;\">A rendezv\u00e9ny c\u00e9lja az eg\u00e9szs\u00e9g\u00fcgyi innov\u00e1ci\u00f3val foglalkoz\u00f3 n\u0151k gyakorlati ismereteinek meger\u0151s\u00edt\u00e9se. \u00dcdv\u00f6z\u00f6lj\u00fck a kifejezetten RIS-orsz\u00e1gokb\u00f3l sz\u00e1rmaz\u00f3 n\u0151ket (az al\u00e1bbiakban felsorolva) *, akiknek innovat\u00edv, eg\u00e9szs\u00e9ggel vagy eg\u00e9szs\u00e9g\u00fcggyel kapcsolatos \u00f6tlet\u00fck van, amelyet szeretn\u00e9nek fejleszteni, vagy akik m\u00e1r vezetnek egy csapatot vagy egy indul\u00f3 v\u00e1llalkoz\u00e1st, akik \u00e1tt\u00f6r\u0151 term\u00e9keken vagy szolg\u00e1ltat\u00e1sokon dolgoznak, amelyek a j\u00f6v\u0151ben jav\u00edtani fogj\u00e1k az \u00e1llampolg\u00e1rok eg\u00e9szs\u00e9g\u00e9t.<\/span><\/p>\n<p><span style=\"font-family: georgia, palatino, serif; font-size: 12pt; color: #001b48;\">*Jogosults\u00e1g &#8211;\u00a0 Horv\u00e1torsz\u00e1g, Csehorsz\u00e1g, \u00c9sztorsz\u00e1g, <\/span><span style=\"font-family: georgia, palatino, serif; font-size: 12pt; color: #001b48;\">G\u00f6r\u00f6gorsz\u00e1g, Magyarorsz\u00e1g, Olaszorsz\u00e1g, Lettorsz\u00e1g, Litv\u00e1nia, Lengyelorsz\u00e1g, Portug\u00e1lia, Rom\u00e1nia, Szlov\u00e1kia, Szlov\u00e9nia<\/span><\/p>\n<p>&nbsp;<\/p>\n<p style=\"text-align: center;\"><strong><span style=\"font-family: georgia, palatino, serif; font-size: 14pt; color: #001b48;\">AGENDA:<\/span><\/strong><\/p>\n<p style=\"text-align: center;\"><strong><span style=\"color: #001b48; font-family: georgia, palatino, serif; font-size: 14pt;\">Thursday, 19 th November 2020<\/span><\/strong><\/p>\n<table class=\"aligncenter\" style=\"width: 99.2398%; border-collapse: collapse; border-style: dotted; border-color: #001b48; background-color: #ffffff;\" border=\"1px\">\n<tbody>\n<tr style=\"border-color: #001b48; background-color: #001b48;\">\n<td style=\"width: 13.2396%; text-align: left; border-color: #001b48;\"><\/td>\n<td style=\"width: 137.726%; text-align: left; border-color: #001b48;\"><span style=\"color: #ffffff;\"><strong><span style=\"font-family: georgia, palatino, serif; font-size: 12pt;\">Thursday, 19 th November 2020<\/span><\/strong><\/span><\/td>\n<\/tr>\n<tr style=\"border-color: #001b48;\">\n<td style=\"width: 13.2396%; text-align: left; border-color: #001b48;\"><span style=\"font-family: georgia, palatino, serif; font-size: 12pt; color: #001b48;\">14.50-15:00<\/span><\/td>\n<td style=\"width: 137.726%; text-align: left; border-color: #001b48;\"><span style=\"color: #001b48; font-family: georgia, palatino, serif; font-size: 12pt;\">Participants access to the virtual space<\/span><\/td>\n<\/tr>\n<tr style=\"border-color: #001b48;\">\n<td style=\"width: 13.2396%; text-align: left; border-color: #001b48;\"><span style=\"font-family: georgia, palatino, serif; font-size: 12pt; color: #001b48;\">15.15-16.30<\/span><\/td>\n<td style=\"width: 137.726%; text-align: left; border-color: #001b48;\"><strong><span style=\"color: #001b48; font-family: georgia, palatino, serif; font-size: 12pt;\">Welcome to the WE Health Capsule<\/span><\/strong><\/p>\n<p><span style=\"color: #001b48; font-family: georgia, palatino, serif; font-size: 12pt;\">EIT Health InnoStars &amp; IESE Barcelona<\/span><\/td>\n<\/tr>\n<tr style=\"border-color: #001b48;\">\n<td style=\"width: 13.2396%; text-align: left; border-color: #001b48;\"><span style=\"font-family: georgia, palatino, serif; font-size: 12pt; color: #001b48;\">15.15-16.30<\/span><\/td>\n<td style=\"width: 137.726%; text-align: left; border-color: #001b48;\"><strong><span style=\"color: #001b48; font-family: georgia, palatino, serif; font-size: 12pt;\">Innovating and Co-creation in Healthcare: How woman leadership style makes you successful in healthcare innovation?<\/span><\/strong><\/p>\n<p><span style=\"color: #001b48; font-family: georgia, palatino, serif; font-size: 12pt;\">Co-creation, in business refers to a product or service design in which input from consumers plays a central role from the start to the end. In any case of healthcare innovations the role of the patients, finally consumers, is fundamental. How Co-creation works will be shown during a case study.<\/span><\/p>\n<p><span style=\"color: #001b48; font-family: georgia, palatino, serif; font-size: 12pt;\">Case: Pina Bausch: Leadership as collective Genius<\/span><\/p>\n<ul>\n<li><span style=\"color: #001b48; font-family: georgia, palatino, serif; font-size: 12pt;\">If you were a manager, would you hire Pina Bausch? If so, why? And if you were Bausch, would you want to take over as the director? <\/span><\/li>\n<li><span style=\"color: #001b48; font-family: georgia, palatino, serif; font-size: 12pt;\">Who \u2018 Bausch\u2019s career and how?<\/span><\/li>\n<li><span style=\"color: #001b48; font-family: georgia, palatino, serif; font-size: 12pt;\">What were the characteristics of Bausch\u2019s leadership style and how were they developed? Are those characteristics universal?<\/span><\/li>\n<\/ul>\n<p><span style=\"color: #001b48; font-family: georgia, palatino, serif; font-size: 12pt;\"><span style=\"text-decoration: underline; color: #3366ff;\">Magda Rosenm\u00f6ller<\/span> IESE Business School (Barcelona)<\/span><\/td>\n<\/tr>\n<tr style=\"border-color: #001b48; background-color: #001b48;\">\n<td style=\"width: 13.2396%; text-align: left; border-color: #001b48;\"><span style=\"color: #ffffff; font-family: georgia, palatino, serif; font-size: 12pt;\">16.30-16.45<\/span><\/td>\n<td style=\"width: 137.726%; text-align: left; border-color: #001b48;\"><strong><span style=\"color: #ffffff; font-family: georgia, palatino, serif; font-size: 12pt;\">Break<\/span><\/strong><\/td>\n<\/tr>\n<tr style=\"border-color: #001b48;\">\n<td style=\"width: 13.2396%; text-align: left; border-color: #001b48;\"><span style=\"font-family: georgia, palatino, serif; font-size: 12pt; color: #001b48;\">16.45-18.00<\/span><\/td>\n<td style=\"width: 137.726%; text-align: left; border-color: #001b48;\"><strong><span style=\"font-family: georgia, palatino, serif; font-size: 12pt; color: #001b48;\">Powerful <\/span><span style=\"font-family: georgia, palatino, serif; font-size: 12pt; color: #001b48;\">Communication: See me Stage Impact<\/span><\/strong><\/p>\n<p><span style=\"font-family: georgia, palatino, serif; font-size: 12pt; color: #001b48;\">Practical elements in business communication which help you to win teammates and partners, build up collaborations, acquire money resources.<\/span><\/p>\n<p><span style=\"font-family: georgia, palatino, serif; font-size: 12pt; color: #001b48;\">Action Learning Session<\/span><\/p>\n<p><span style=\"font-family: georgia, palatino, serif; font-size: 12pt; color: #001b48;\"><span style=\"text-decoration: underline;\"><span style=\"color: #3366ff; text-decoration: underline;\">Olivia Schofield<\/span><\/span>, Spectacular Speaking<\/span><\/p>\n<p><span style=\"font-family: georgia, palatino, serif; font-size: 12pt; color: #001b48;\">International Award-winning speaker<\/span><\/td>\n<\/tr>\n<tr style=\"border-color: #001b48; background-color: #001b48;\">\n<td style=\"width: 13.2396%; text-align: left; border-color: #001b48;\"><span style=\"color: #ffffff; font-family: georgia, palatino, serif; font-size: 12pt;\">18.00-18.15<\/span><\/td>\n<td style=\"width: 137.726%; text-align: left; border-color: #001b48;\"><strong><span style=\"color: #ffffff; font-family: georgia, palatino, serif; font-size: 12pt;\">Break<\/span><\/strong><\/td>\n<\/tr>\n<tr style=\"border-color: #001b48;\">\n<td style=\"width: 13.2396%; text-align: left; border-color: #001b48;\"><span style=\"font-family: georgia, palatino, serif; font-size: 12pt; color: #001b48;\">18.15-19.15<\/span><\/td>\n<td style=\"width: 137.726%; text-align: left; border-color: #001b48;\"><strong><span style=\"font-family: georgia, palatino, serif; font-size: 12pt; color: #001b48;\">Inspirational Women &amp; Success Stories<\/span><\/strong><\/p>\n<p><span style=\"font-family: georgia, palatino, serif; font-size: 12pt; color: #001b48;\">Honest speeches: business development and the person behind<\/span><\/p>\n<ul>\n<li><span style=\"font-family: georgia, palatino, serif; font-size: 12pt; color: #001b48;\">Maya Zlatanova, CEO, FindMeCure, Bulgaria<\/span><\/li>\n<li><span style=\"font-family: georgia, palatino, serif; font-size: 12pt; color: #001b48;\">Nina Sesto, Director of Information Technology, Private Clinic Magdalena, Croatia<\/span><\/li>\n<li><span style=\"font-family: georgia, palatino, serif; font-size: 12pt; color: #001b48;\">Monika Paul\u00e9, CEO, CasZyme, Lithuania<\/span><\/li>\n<\/ul>\n<p><span style=\"font-family: georgia, palatino, serif; font-size: 12pt; color: #001b48;\">Speeches will be followed by free discussions between the audience and the speakers about succeeding in the healthcare innovation sphere.<\/span><\/td>\n<\/tr>\n<tr style=\"border-color: #001b48; background-color: #001b48;\">\n<td style=\"width: 13.2396%; text-align: left; border-color: #001b48;\"><span style=\"color: #ffffff; font-family: georgia, palatino, serif; font-size: 12pt;\">19.15-19.30<\/span><\/td>\n<td style=\"width: 137.726%; text-align: left; border-color: #001b48;\"><strong><span style=\"color: #ffffff; font-family: georgia, palatino, serif; font-size: 12pt;\">Closing<\/span><\/strong><\/td>\n<\/tr>\n<\/tbody>\n<\/table>\n<p>&nbsp;<\/p>\n<p><img fetchpriority=\"high\" decoding=\"async\" class=\"size-medium wp-image-1754 aligncenter\" src=\"http:\/\/itdweb.hu\/wp-content\/uploads\/2020\/11\/wehealth_photo_facbooktwitter-300x251.png\" alt=\"\" width=\"300\" height=\"251\" srcset=\"https:\/\/itdweb.hu\/wp-content\/uploads\/2020\/11\/wehealth_photo_facbooktwitter-300x251.png 300w, https:\/\/itdweb.hu\/wp-content\/uploads\/2020\/11\/wehealth_photo_facbooktwitter-600x503.png 600w, https:\/\/itdweb.hu\/wp-content\/uploads\/2020\/11\/wehealth_photo_facbooktwitter-768x644.png 768w, https:\/\/itdweb.hu\/wp-content\/uploads\/2020\/11\/wehealth_photo_facbooktwitter.png 940w\" sizes=\"(max-width: 300px) 100vw, 300px\" \/><\/p>\n<hr \/>\n<p>&nbsp;<\/p>\n","protected":false},"excerpt":{"rendered":"<p>As part of the EIT HEALTH RIS Programme [WE HEALTH CAPSULE: Empowering Women in Health Innovation] Thursday 19th November 2020, 15.00-19.30, online event Registration till 17th November 2020 here The aim of the event is to strengthen practical knowledge of women who are engaged with healthcare innovations. We are welcoming women from the RIS countries [&hellip;]<\/p>\n","protected":false},"author":7,"featured_media":0,"parent":0,"menu_order":0,"comment_status":"closed","ping_status":"closed","template":"","meta":{"om_disable_all_campaigns":false,"_monsterinsights_skip_tracking":false,"_monsterinsights_sitenote_active":false,"_monsterinsights_sitenote_note":"","_monsterinsights_sitenote_category":0,"_uf_show_specific_survey":0,"_uf_disable_surveys":false,"footnotes":""},"class_list":["post-1743","page","type-page","status-publish","hentry"],"yoast_head":"<!-- This site is optimized with the Yoast SEO plugin v27.4 - https:\/\/yoast.com\/product\/yoast-seo-wordpress\/ -->\n<title>WE HEALTH CAPSULE: Empowering Women in Health Innovation - ITD official webpage<\/title>\n<meta name=\"robots\" content=\"index, follow, max-snippet:-1, max-image-preview:large, max-video-preview:-1\" \/>\n<link rel=\"canonical\" href=\"https:\/\/itdweb.hu\/en\/we-health-capsule-empowering-women-in-health-innovation\/\" \/>\n<meta property=\"og:locale\" content=\"en_US\" \/>\n<meta property=\"og:type\" content=\"article\" \/>\n<meta property=\"og:title\" content=\"WE HEALTH CAPSULE: Empowering Women in Health Innovation - ITD official webpage\" \/>\n<meta property=\"og:description\" content=\"As part of the EIT HEALTH RIS Programme [WE HEALTH CAPSULE: Empowering Women in Health Innovation] Thursday 19th November 2020, 15.00-19.30, online event Registration till 17th November 2020 here The aim of the event is to strengthen practical knowledge of women who are engaged with healthcare innovations. We are welcoming women from the RIS countries [&hellip;]\" \/>\n<meta property=\"og:url\" content=\"https:\/\/itdweb.hu\/en\/we-health-capsule-empowering-women-in-health-innovation\/\" \/>\n<meta property=\"og:site_name\" content=\"ITD official webpage\" \/>\n<meta property=\"article:publisher\" content=\"https:\/\/www.facebook.com\/itdpteaok\" \/>\n<meta property=\"article:modified_time\" content=\"2020-11-09T15:21:52+00:00\" \/>\n<meta property=\"og:image\" content=\"http:\/\/itdweb.hu\/wp-content\/uploads\/2020\/11\/wehealth_photo_facbooktwitter-300x251.png\" \/>\n<meta name=\"twitter:card\" content=\"summary_large_image\" \/>\n<meta name=\"twitter:site\" content=\"@itd_pte\" \/>\n<meta name=\"twitter:label1\" content=\"Est. reading time\" \/>\n\t<meta name=\"twitter:data1\" content=\"3 minutes\" \/>\n<script type=\"application\/ld+json\" class=\"yoast-schema-graph\">{\"@context\":\"https:\\\/\\\/schema.org\",\"@graph\":[{\"@type\":\"WebPage\",\"@id\":\"https:\\\/\\\/itdweb.hu\\\/we-health-capsule-empowering-women-in-health-innovation\\\/\",\"url\":\"https:\\\/\\\/itdweb.hu\\\/we-health-capsule-empowering-women-in-health-innovation\\\/\",\"name\":\"WE HEALTH CAPSULE: Empowering Women in Health Innovation - ITD official webpage\",\"isPartOf\":{\"@id\":\"https:\\\/\\\/itdweb.hu\\\/en\\\/#website\"},\"primaryImageOfPage\":{\"@id\":\"https:\\\/\\\/itdweb.hu\\\/we-health-capsule-empowering-women-in-health-innovation\\\/#primaryimage\"},\"image\":{\"@id\":\"https:\\\/\\\/itdweb.hu\\\/we-health-capsule-empowering-women-in-health-innovation\\\/#primaryimage\"},\"thumbnailUrl\":\"http:\\\/\\\/itdweb.hu\\\/wp-content\\\/uploads\\\/2020\\\/11\\\/wehealth_photo_facbooktwitter-300x251.png\",\"datePublished\":\"2020-11-09T14:53:25+00:00\",\"dateModified\":\"2020-11-09T15:21:52+00:00\",\"breadcrumb\":{\"@id\":\"https:\\\/\\\/itdweb.hu\\\/we-health-capsule-empowering-women-in-health-innovation\\\/#breadcrumb\"},\"inLanguage\":\"en-US\",\"potentialAction\":[{\"@type\":\"ReadAction\",\"target\":[\"https:\\\/\\\/itdweb.hu\\\/we-health-capsule-empowering-women-in-health-innovation\\\/\"]}]},{\"@type\":\"ImageObject\",\"inLanguage\":\"en-US\",\"@id\":\"https:\\\/\\\/itdweb.hu\\\/we-health-capsule-empowering-women-in-health-innovation\\\/#primaryimage\",\"url\":\"http:\\\/\\\/itdweb.hu\\\/wp-content\\\/uploads\\\/2020\\\/11\\\/wehealth_photo_facbooktwitter-300x251.png\",\"contentUrl\":\"http:\\\/\\\/itdweb.hu\\\/wp-content\\\/uploads\\\/2020\\\/11\\\/wehealth_photo_facbooktwitter-300x251.png\"},{\"@type\":\"BreadcrumbList\",\"@id\":\"https:\\\/\\\/itdweb.hu\\\/we-health-capsule-empowering-women-in-health-innovation\\\/#breadcrumb\",\"itemListElement\":[{\"@type\":\"ListItem\",\"position\":1,\"name\":\"Home\",\"item\":\"https:\\\/\\\/itdweb.hu\\\/\"},{\"@type\":\"ListItem\",\"position\":2,\"name\":\"WE HEALTH CAPSULE: Empowering Women in Health Innovation\"}]},{\"@type\":\"WebSite\",\"@id\":\"https:\\\/\\\/itdweb.hu\\\/en\\\/#website\",\"url\":\"https:\\\/\\\/itdweb.hu\\\/en\\\/\",\"name\":\"ITD official webpage\",\"description\":\"\",\"publisher\":{\"@id\":\"https:\\\/\\\/itdweb.hu\\\/en\\\/#organization\"},\"potentialAction\":[{\"@type\":\"SearchAction\",\"target\":{\"@type\":\"EntryPoint\",\"urlTemplate\":\"https:\\\/\\\/itdweb.hu\\\/en\\\/?s={search_term_string}\"},\"query-input\":{\"@type\":\"PropertyValueSpecification\",\"valueRequired\":true,\"valueName\":\"search_term_string\"}}],\"inLanguage\":\"en-US\"},{\"@type\":\"Organization\",\"@id\":\"https:\\\/\\\/itdweb.hu\\\/en\\\/#organization\",\"name\":\"ITD - Institute of Transdisciplinary Discoveries\",\"url\":\"https:\\\/\\\/itdweb.hu\\\/en\\\/\",\"logo\":{\"@type\":\"ImageObject\",\"inLanguage\":\"en-US\",\"@id\":\"https:\\\/\\\/itdweb.hu\\\/en\\\/#\\\/schema\\\/logo\\\/image\\\/\",\"url\":\"https:\\\/\\\/itdweb.hu\\\/wp-content\\\/uploads\\\/2020\\\/11\\\/itd-ikon.png\",\"contentUrl\":\"https:\\\/\\\/itdweb.hu\\\/wp-content\\\/uploads\\\/2020\\\/11\\\/itd-ikon.png\",\"width\":512,\"height\":512,\"caption\":\"ITD - Institute of Transdisciplinary Discoveries\"},\"image\":{\"@id\":\"https:\\\/\\\/itdweb.hu\\\/en\\\/#\\\/schema\\\/logo\\\/image\\\/\"},\"sameAs\":[\"https:\\\/\\\/www.facebook.com\\\/itdpteaok\",\"https:\\\/\\\/x.com\\\/itd_pte\",\"https:\\\/\\\/www.linkedin.com\\\/company\\\/institute-of-transdisciplinary-discoveries\",\"https:\\\/\\\/www.youtube.com\\\/channel\\\/UCJpKCIjIg0aVbPQztlXBdcg\"]}]}<\/script>\n<!-- \/ Yoast SEO plugin. -->","yoast_head_json":{"title":"WE HEALTH CAPSULE: Empowering Women in Health Innovation - ITD official webpage","robots":{"index":"index","follow":"follow","max-snippet":"max-snippet:-1","max-image-preview":"max-image-preview:large","max-video-preview":"max-video-preview:-1"},"canonical":"https:\/\/itdweb.hu\/en\/we-health-capsule-empowering-women-in-health-innovation\/","og_locale":"en_US","og_type":"article","og_title":"WE HEALTH CAPSULE: Empowering Women in Health Innovation - ITD official webpage","og_description":"As part of the EIT HEALTH RIS Programme [WE HEALTH CAPSULE: Empowering Women in Health Innovation] Thursday 19th November 2020, 15.00-19.30, online event Registration till 17th November 2020 here The aim of the event is to strengthen practical knowledge of women who are engaged with healthcare innovations. We are welcoming women from the RIS countries [&hellip;]","og_url":"https:\/\/itdweb.hu\/en\/we-health-capsule-empowering-women-in-health-innovation\/","og_site_name":"ITD official webpage","article_publisher":"https:\/\/www.facebook.com\/itdpteaok","article_modified_time":"2020-11-09T15:21:52+00:00","og_image":[{"url":"http:\/\/itdweb.hu\/wp-content\/uploads\/2020\/11\/wehealth_photo_facbooktwitter-300x251.png","type":"","width":"","height":""}],"twitter_card":"summary_large_image","twitter_site":"@itd_pte","twitter_misc":{"Est. reading time":"3 minutes"},"schema":{"@context":"https:\/\/schema.org","@graph":[{"@type":"WebPage","@id":"https:\/\/itdweb.hu\/we-health-capsule-empowering-women-in-health-innovation\/","url":"https:\/\/itdweb.hu\/we-health-capsule-empowering-women-in-health-innovation\/","name":"WE HEALTH CAPSULE: Empowering Women in Health Innovation - ITD official webpage","isPartOf":{"@id":"https:\/\/itdweb.hu\/en\/#website"},"primaryImageOfPage":{"@id":"https:\/\/itdweb.hu\/we-health-capsule-empowering-women-in-health-innovation\/#primaryimage"},"image":{"@id":"https:\/\/itdweb.hu\/we-health-capsule-empowering-women-in-health-innovation\/#primaryimage"},"thumbnailUrl":"http:\/\/itdweb.hu\/wp-content\/uploads\/2020\/11\/wehealth_photo_facbooktwitter-300x251.png","datePublished":"2020-11-09T14:53:25+00:00","dateModified":"2020-11-09T15:21:52+00:00","breadcrumb":{"@id":"https:\/\/itdweb.hu\/we-health-capsule-empowering-women-in-health-innovation\/#breadcrumb"},"inLanguage":"en-US","potentialAction":[{"@type":"ReadAction","target":["https:\/\/itdweb.hu\/we-health-capsule-empowering-women-in-health-innovation\/"]}]},{"@type":"ImageObject","inLanguage":"en-US","@id":"https:\/\/itdweb.hu\/we-health-capsule-empowering-women-in-health-innovation\/#primaryimage","url":"http:\/\/itdweb.hu\/wp-content\/uploads\/2020\/11\/wehealth_photo_facbooktwitter-300x251.png","contentUrl":"http:\/\/itdweb.hu\/wp-content\/uploads\/2020\/11\/wehealth_photo_facbooktwitter-300x251.png"},{"@type":"BreadcrumbList","@id":"https:\/\/itdweb.hu\/we-health-capsule-empowering-women-in-health-innovation\/#breadcrumb","itemListElement":[{"@type":"ListItem","position":1,"name":"Home","item":"https:\/\/itdweb.hu\/"},{"@type":"ListItem","position":2,"name":"WE HEALTH CAPSULE: Empowering Women in Health Innovation"}]},{"@type":"WebSite","@id":"https:\/\/itdweb.hu\/en\/#website","url":"https:\/\/itdweb.hu\/en\/","name":"ITD official webpage","description":"","publisher":{"@id":"https:\/\/itdweb.hu\/en\/#organization"},"potentialAction":[{"@type":"SearchAction","target":{"@type":"EntryPoint","urlTemplate":"https:\/\/itdweb.hu\/en\/?s={search_term_string}"},"query-input":{"@type":"PropertyValueSpecification","valueRequired":true,"valueName":"search_term_string"}}],"inLanguage":"en-US"},{"@type":"Organization","@id":"https:\/\/itdweb.hu\/en\/#organization","name":"ITD - Institute of Transdisciplinary Discoveries","url":"https:\/\/itdweb.hu\/en\/","logo":{"@type":"ImageObject","inLanguage":"en-US","@id":"https:\/\/itdweb.hu\/en\/#\/schema\/logo\/image\/","url":"https:\/\/itdweb.hu\/wp-content\/uploads\/2020\/11\/itd-ikon.png","contentUrl":"https:\/\/itdweb.hu\/wp-content\/uploads\/2020\/11\/itd-ikon.png","width":512,"height":512,"caption":"ITD - Institute of Transdisciplinary Discoveries"},"image":{"@id":"https:\/\/itdweb.hu\/en\/#\/schema\/logo\/image\/"},"sameAs":["https:\/\/www.facebook.com\/itdpteaok","https:\/\/x.com\/itd_pte","https:\/\/www.linkedin.com\/company\/institute-of-transdisciplinary-discoveries","https:\/\/www.youtube.com\/channel\/UCJpKCIjIg0aVbPQztlXBdcg"]}]}},"_links":{"self":[{"href":"https:\/\/itdweb.hu\/en\/wp-json\/wp\/v2\/pages\/1743","targetHints":{"allow":["GET"]}}],"collection":[{"href":"https:\/\/itdweb.hu\/en\/wp-json\/wp\/v2\/pages"}],"about":[{"href":"https:\/\/itdweb.hu\/en\/wp-json\/wp\/v2\/types\/page"}],"author":[{"embeddable":true,"href":"https:\/\/itdweb.hu\/en\/wp-json\/wp\/v2\/users\/7"}],"replies":[{"embeddable":true,"href":"https:\/\/itdweb.hu\/en\/wp-json\/wp\/v2\/comments?post=1743"}],"version-history":[{"count":11,"href":"https:\/\/itdweb.hu\/en\/wp-json\/wp\/v2\/pages\/1743\/revisions"}],"predecessor-version":[{"id":1756,"href":"https:\/\/itdweb.hu\/en\/wp-json\/wp\/v2\/pages\/1743\/revisions\/1756"}],"wp:attachment":[{"href":"https:\/\/itdweb.hu\/en\/wp-json\/wp\/v2\/media?parent=1743"}],"curies":[{"name":"wp","href":"https:\/\/api.w.org\/{rel}","templated":true}]}}