{"id":184,"date":"2020-05-06T08:24:24","date_gmt":"2020-05-06T08:24:24","guid":{"rendered":"http:\/\/itdweb.hu\/?page_id=184"},"modified":"2025-02-20T13:34:17","modified_gmt":"2025-02-20T13:34:17","slug":"eit-health","status":"publish","type":"page","link":"https:\/\/itdweb.hu\/en\/eit-health\/","title":{"rendered":"EIT Health"},"content":{"rendered":"<div class=\"wpb-content-wrapper\">\r\n<div  data-mk-stretch-content=\"true\" class=\"wpb_row vc_row vc_row-fluid jupiter-donut- mk-fullwidth-false  attched-false     js-master-row  mk-grid\">\r\n\t\t\t\t\r\n<div class=\"vc_col-sm-12 wpb_column column_container  jupiter-donut- _ jupiter-donut-height-full\">\r\n\t<div class=\"vc_empty_space\"   style=\"height: 32px\"><span class=\"vc_empty_space_inner\"><\/span><\/div><\/div>\r\n\t<\/div>\r\n\r\n<div  data-mk-stretch-content=\"true\" class=\"wpb_row vc_row vc_row-fluid jupiter-donut- mk-fullwidth-false  attched-false     js-master-row  mk-grid\">\r\n\t\t\t\t\r\n<div class=\"vc_col-sm-12 wpb_column column_container  jupiter-donut- _ jupiter-donut-height-full\">\r\n\t<div class=\"vc_empty_space\"   style=\"height: 32px\"><span class=\"vc_empty_space_inner\"><\/span><\/div><\/div>\r\n\t<\/div>\r\n\r\n<div  data-mk-stretch-content=\"true\" class=\"wpb_row vc_row vc_row-fluid jupiter-donut- mk-fullwidth-false  attched-false     js-master-row  mk-grid\">\r\n\t\t\t\t\r\n<div class=\"vc_col-sm-12 wpb_column column_container vc_custom_1591948247668 jupiter-donut- _ jupiter-donut-height-full\">\r\n\t\r\n\r\n<div class=\"wpb_row vc_inner vc_row vc_row-fluid jupiter-donut-   attched-false\">\r\n\t\t\t<div class=\"wpb_column vc_column_container vc_col-sm-3\"><div class=\"vc_column-inner\"><div class=\"wpb_wrapper\">\n\t<div  class=\"wpb_single_image wpb_content_element vc_align_left wpb_content_element\">\n\t\t\n\t\t<figure class=\"wpb_wrapper vc_figure\">\n\t\t\t<a href=\"https:\/\/itdweb.hu\/en\/hirek\/\" target=\"_self\" class=\"vc_single_image-wrapper   vc_box_border_grey\"><img fetchpriority=\"high\" decoding=\"async\" width=\"300\" height=\"300\" src=\"https:\/\/itdweb.hu\/wp-content\/uploads\/2021\/01\/hirek.jpg\" class=\"vc_single_image-img attachment-medium\" alt=\"\" title=\"awsedsrz\" srcset=\"https:\/\/itdweb.hu\/wp-content\/uploads\/2021\/01\/hirek.jpg 300w, https:\/\/itdweb.hu\/wp-content\/uploads\/2021\/01\/hirek-100x100.jpg 100w, https:\/\/itdweb.hu\/wp-content\/uploads\/2021\/01\/hirek-150x150.jpg 150w, https:\/\/itdweb.hu\/wp-content\/uploads\/2021\/01\/hirek-12x12.jpg 12w\" sizes=\"(max-width: 300px) 100vw, 300px\" itemprop=\"image\" \/><\/a>\n\t\t<\/figure>\n\t<\/div>\n<\/div><\/div><\/div><div class=\"wpb_column vc_column_container vc_col-sm-3\"><div class=\"vc_column-inner\"><div class=\"wpb_wrapper\">\n\t<div  class=\"wpb_single_image wpb_content_element vc_align_left wpb_content_element\">\n\t\t\n\t\t<figure class=\"wpb_wrapper vc_figure\">\n\t\t\t<a href=\"https:\/\/itdweb.hu\/en\/eit-hallgatoknak\/\" target=\"_self\" class=\"vc_single_image-wrapper   vc_box_border_grey\"><img decoding=\"async\" width=\"300\" height=\"300\" src=\"https:\/\/itdweb.hu\/wp-content\/uploads\/2021\/01\/hallgatoknak.jpg\" class=\"vc_single_image-img attachment-medium\" alt=\"\" title=\"dia1\" srcset=\"https:\/\/itdweb.hu\/wp-content\/uploads\/2021\/01\/hallgatoknak.jpg 300w, https:\/\/itdweb.hu\/wp-content\/uploads\/2021\/01\/hallgatoknak-100x100.jpg 100w, https:\/\/itdweb.hu\/wp-content\/uploads\/2021\/01\/hallgatoknak-150x150.jpg 150w, https:\/\/itdweb.hu\/wp-content\/uploads\/2021\/01\/hallgatoknak-12x12.jpg 12w\" sizes=\"(max-width: 300px) 100vw, 300px\" itemprop=\"image\" \/><\/a>\n\t\t<\/figure>\n\t<\/div>\n<\/div><\/div><\/div><div class=\"wpb_column vc_column_container vc_col-sm-3\"><div class=\"vc_column-inner\"><div class=\"wpb_wrapper\">\n\t<div  class=\"wpb_single_image wpb_content_element vc_align_left wpb_content_element\">\n\t\t\n\t\t<figure class=\"wpb_wrapper vc_figure\">\n\t\t\t<a href=\"https:\/\/itdweb.hu\/en\/eit-klinikusoknak\/\" target=\"_self\" class=\"vc_single_image-wrapper   vc_box_border_grey\"><img decoding=\"async\" width=\"300\" height=\"300\" src=\"https:\/\/itdweb.hu\/wp-content\/uploads\/2021\/01\/klinikusoknak.jpg\" class=\"vc_single_image-img attachment-medium\" alt=\"\" title=\"dia1\" srcset=\"https:\/\/itdweb.hu\/wp-content\/uploads\/2021\/01\/klinikusoknak.jpg 300w, https:\/\/itdweb.hu\/wp-content\/uploads\/2021\/01\/klinikusoknak-100x100.jpg 100w, https:\/\/itdweb.hu\/wp-content\/uploads\/2021\/01\/klinikusoknak-150x150.jpg 150w, https:\/\/itdweb.hu\/wp-content\/uploads\/2021\/01\/klinikusoknak-12x12.jpg 12w\" sizes=\"(max-width: 300px) 100vw, 300px\" itemprop=\"image\" \/><\/a>\n\t\t<\/figure>\n\t<\/div>\n<\/div><\/div><\/div><div class=\"wpb_column vc_column_container vc_col-sm-3\"><div class=\"vc_column-inner\"><div class=\"wpb_wrapper\">\n\t<div  class=\"wpb_single_image wpb_content_element vc_align_left wpb_content_element\">\n\t\t\n\t\t<figure class=\"wpb_wrapper vc_figure\">\n\t\t\t<a href=\"https:\/\/itdweb.hu\/en\/eit-startupoknak\/\" target=\"_self\" class=\"vc_single_image-wrapper   vc_box_border_grey\"><img loading=\"lazy\" decoding=\"async\" width=\"300\" height=\"300\" src=\"https:\/\/itdweb.hu\/wp-content\/uploads\/2021\/01\/startupoknak.jpg\" class=\"vc_single_image-img attachment-medium\" alt=\"\" title=\"su\" srcset=\"https:\/\/itdweb.hu\/wp-content\/uploads\/2021\/01\/startupoknak.jpg 300w, https:\/\/itdweb.hu\/wp-content\/uploads\/2021\/01\/startupoknak-100x100.jpg 100w, https:\/\/itdweb.hu\/wp-content\/uploads\/2021\/01\/startupoknak-150x150.jpg 150w, https:\/\/itdweb.hu\/wp-content\/uploads\/2021\/01\/startupoknak-12x12.jpg 12w\" sizes=\"(max-width: 300px) 100vw, 300px\" itemprop=\"image\" \/><\/a>\n\t\t<\/figure>\n\t<\/div>\n<\/div><\/div><\/div>\t<\/div>\r\n\r\n\r\n<div class=\"wpb_row vc_inner vc_row vc_row-fluid jupiter-donut-   attched-false\">\r\n\t\t\t<div class=\"wpb_column vc_column_container vc_col-sm-12\"><div class=\"vc_column-inner\"><div class=\"wpb_wrapper\"><\/div><\/div><\/div>\t<\/div>\r\n\t<div class=\"vc_custom_1610313880891\">\r\n\r\n<div id=\"text-block-4\" class=\"mk-text-block  jupiter-donut-\">\r\n\r\n\t\r\n\t<div id=\"p_p_id_56_INSTANCE_vwezFcdN5s5D_\" class=\"portlet-boundary portlet-boundary_56_ portlet-static portlet-static-end portlet-borderless portlet-journal-content\">\n<div class=\"portlet-borderless-container\">\n<div class=\"portlet-body\">\n<div class=\"journal-content-article\">\n<h4 style=\"text-align: justify;\">Together for healthy lives in Europe<\/h4>\n<\/div>\n<\/div>\n<\/div>\n<\/div>\n<div id=\"p_p_id_56_INSTANCE_p1Vlad7hB5eU_\" class=\"portlet-boundary portlet-boundary_56_ portlet-static portlet-static-end portlet-borderless portlet-journal-content\" style=\"text-align: justify;\">\n<div class=\"portlet-borderless-container\">\n<div class=\"portlet-body\">\n<div class=\"journal-content-article\">\n<p>EIT Health is a network of best-in-class health innovators backed by the EU. We deliver solutions to enable European citizens to live longer, healthier lives by promoting innovation. We connect the right people and the right topics across European borders, so that innovation can happen at the intersection of research, education and business \u2013 for the benefit of citizens.<\/p>\n<\/div>\n<\/div>\n<\/div>\n<\/div>\n<div id=\"p_p_id_56_INSTANCE_uBrO6LxsiEJe_\" class=\"portlet-boundary portlet-boundary_56_ portlet-static portlet-static-end portlet-borderless portlet-journal-content\">\n<div class=\"portlet-borderless-container\">\n<div class=\"portlet-body\">\n<div class=\"journal-content-article\">\n<div id=\"features\" class=\"clearfix\">\n<div class=\"feature\" style=\"text-align: justify;\">\n<div class=\"overlay-caption\">\n<h4>We facilitate<\/h4>\n<p>At EIT Health, we facilitate innovation to improve the health of European citizens. In Innovation Projects, workshops, and start-up programmes, we foster collaboration \u2013 and support innovators with funding, expertise, and access to the market, so that breakthrough ideas can be implemented rapidly.<\/p>\n<\/div>\n<\/div>\n<div class=\"feature\" style=\"text-align: justify;\">\n<div class=\"overlay-caption\">\n<h4>We collaborate<\/h4>\n<p>We collaborate across European borders and bring stakeholders to the table. We build strong links between business, research and education. And we connect innovators with payers, public authorities and investors. This allows us to break down existing barriers, boost entrepreneurship, and help build a stronger health ecosystem in Europe.<\/p>\n<\/div>\n<\/div>\n<div class=\"feature\" style=\"text-align: justify;\">\n<div class=\"overlay-caption\">\n<h4>We create<\/h4>\n<p>The EIT Health network comprises best-in-class health innovators, who create outside-the-box solutions. We deliver meaningful new products and services, and support ground-breaking ideas. These efforts help create new businesses and jobs \u2013 while always putting the health of citizens front and centre.<\/p>\n<\/div>\n<\/div>\n<div class=\"feature last\">\n<div class=\"overlay-caption\">\n<h4 style=\"text-align: justify;\">We educate<\/h4>\n<p style=\"text-align: justify;\">We want to improve health education, promote healthy lifestyles, and help health professionals grow. To this end, we share insights and disseminate knowledge. Because we believe that our findings and efforts can benefit many, we share them through citizen engagement activities, workshops, and skill development programmes.<\/p>\n<\/div>\n<\/div>\n<\/div>\n<\/div>\n<\/div>\n<\/div>\n<\/div>\n\r\n\t<div class=\"clearboth\"><\/div>\r\n<\/div>\r\n\r\n\t<\/div>\r\n<\/div>\r\n\t<\/div>\r\n\r\n<div  data-mk-stretch-content=\"true\" class=\"wpb_row vc_row vc_row-fluid jupiter-donut- mk-fullwidth-false  attched-false     js-master-row  mk-grid\">\r\n\t\t\t\t\r\n<div class=\"vc_col-sm-12 wpb_column column_container  jupiter-donut- _ jupiter-donut-height-full\">\r\n\t<div class=\"vc_empty_space\"   style=\"height: 32px\"><span class=\"vc_empty_space_inner\"><\/span><\/div><\/div>\r\n\t<\/div>\r\n\n<\/div>","protected":false},"excerpt":{"rendered":"Egy\u00fctt az eg\u00e9szs\u00e9ges \u00e9let\u00e9rt Eur\u00f3p\u00e1ban Az EIT Health a kateg\u00f3ri\u00e1j\u00e1ban legjobb eg\u00e9szs\u00e9g\u00fcgyi innov\u00e1torok h\u00e1l\u00f3zata, amelyet az EU t\u00e1mogat. Az innov\u00e1ci\u00f3 el\u0151mozd\u00edt\u00e1s\u00e1val megold\u00e1sokat k\u00edn\u00e1lunk arra, hogy az eur\u00f3pai polg\u00e1rok hosszabb \u00e9s eg\u00e9szs\u00e9gesebb \u00e9letet \u00e9lhessenek. A megfelel\u0151 embereket \u00e9s a megfelel\u0151 t\u00e9m\u00e1kat \u00f6sszekapcsoljuk az eur\u00f3pai hat\u00e1rokon \u00e1t, hogy az innov\u00e1ci\u00f3 a kutat\u00e1s, az oktat\u00e1s \u00e9s az \u00fczleti [...]","protected":false},"author":7,"featured_media":0,"parent":0,"menu_order":0,"comment_status":"closed","ping_status":"closed","template":"","meta":{"om_disable_all_campaigns":false,"_monsterinsights_skip_tracking":false,"_monsterinsights_sitenote_active":false,"_monsterinsights_sitenote_note":"","_monsterinsights_sitenote_category":0,"_uf_show_specific_survey":0,"_uf_disable_surveys":false,"footnotes":""},"class_list":["post-184","page","type-page","status-publish","hentry"],"yoast_head":"<!-- This site is optimized with the Yoast SEO plugin v27.4 - https:\/\/yoast.com\/product\/yoast-seo-wordpress\/ -->\n<title>EIT Health - ITD official webpage<\/title>\n<meta name=\"robots\" content=\"index, follow, max-snippet:-1, max-image-preview:large, max-video-preview:-1\" \/>\n<link rel=\"canonical\" href=\"https:\/\/itdweb.hu\/en\/eit-health\/\" \/>\n<meta property=\"og:locale\" content=\"en_US\" \/>\n<meta property=\"og:type\" content=\"article\" \/>\n<meta property=\"og:title\" content=\"EIT Health - ITD official webpage\" \/>\n<meta property=\"og:url\" content=\"https:\/\/itdweb.hu\/en\/eit-health\/\" \/>\n<meta property=\"og:site_name\" content=\"ITD official webpage\" \/>\n<meta property=\"article:publisher\" content=\"https:\/\/www.facebook.com\/itdpteaok\" \/>\n<meta property=\"article:modified_time\" content=\"2025-02-20T13:34:17+00:00\" \/>\n<meta name=\"twitter:card\" content=\"summary_large_image\" \/>\n<meta name=\"twitter:site\" content=\"@itd_pte\" \/>\n<meta name=\"twitter:label1\" content=\"Est. reading time\" \/>\n\t<meta name=\"twitter:data1\" content=\"3 minutes\" \/>\n<script type=\"application\/ld+json\" class=\"yoast-schema-graph\">{\"@context\":\"https:\\\/\\\/schema.org\",\"@graph\":[{\"@type\":\"WebPage\",\"@id\":\"https:\\\/\\\/itdweb.hu\\\/eit-health\\\/\",\"url\":\"https:\\\/\\\/itdweb.hu\\\/eit-health\\\/\",\"name\":\"EIT Health - ITD official webpage\",\"isPartOf\":{\"@id\":\"https:\\\/\\\/itdweb.hu\\\/en\\\/#website\"},\"datePublished\":\"2020-05-06T08:24:24+00:00\",\"dateModified\":\"2025-02-20T13:34:17+00:00\",\"breadcrumb\":{\"@id\":\"https:\\\/\\\/itdweb.hu\\\/eit-health\\\/#breadcrumb\"},\"inLanguage\":\"en-US\",\"potentialAction\":[{\"@type\":\"ReadAction\",\"target\":[\"https:\\\/\\\/itdweb.hu\\\/eit-health\\\/\"]}]},{\"@type\":\"BreadcrumbList\",\"@id\":\"https:\\\/\\\/itdweb.hu\\\/eit-health\\\/#breadcrumb\",\"itemListElement\":[{\"@type\":\"ListItem\",\"position\":1,\"name\":\"Home\",\"item\":\"https:\\\/\\\/itdweb.hu\\\/\"},{\"@type\":\"ListItem\",\"position\":2,\"name\":\"EIT Health\"}]},{\"@type\":\"WebSite\",\"@id\":\"https:\\\/\\\/itdweb.hu\\\/en\\\/#website\",\"url\":\"https:\\\/\\\/itdweb.hu\\\/en\\\/\",\"name\":\"ITD official webpage\",\"description\":\"\",\"publisher\":{\"@id\":\"https:\\\/\\\/itdweb.hu\\\/en\\\/#organization\"},\"potentialAction\":[{\"@type\":\"SearchAction\",\"target\":{\"@type\":\"EntryPoint\",\"urlTemplate\":\"https:\\\/\\\/itdweb.hu\\\/en\\\/?s={search_term_string}\"},\"query-input\":{\"@type\":\"PropertyValueSpecification\",\"valueRequired\":true,\"valueName\":\"search_term_string\"}}],\"inLanguage\":\"en-US\"},{\"@type\":\"Organization\",\"@id\":\"https:\\\/\\\/itdweb.hu\\\/en\\\/#organization\",\"name\":\"ITD - Institute of Transdisciplinary Discoveries\",\"url\":\"https:\\\/\\\/itdweb.hu\\\/en\\\/\",\"logo\":{\"@type\":\"ImageObject\",\"inLanguage\":\"en-US\",\"@id\":\"https:\\\/\\\/itdweb.hu\\\/en\\\/#\\\/schema\\\/logo\\\/image\\\/\",\"url\":\"https:\\\/\\\/itdweb.hu\\\/wp-content\\\/uploads\\\/2020\\\/11\\\/itd-ikon.png\",\"contentUrl\":\"https:\\\/\\\/itdweb.hu\\\/wp-content\\\/uploads\\\/2020\\\/11\\\/itd-ikon.png\",\"width\":512,\"height\":512,\"caption\":\"ITD - Institute of Transdisciplinary Discoveries\"},\"image\":{\"@id\":\"https:\\\/\\\/itdweb.hu\\\/en\\\/#\\\/schema\\\/logo\\\/image\\\/\"},\"sameAs\":[\"https:\\\/\\\/www.facebook.com\\\/itdpteaok\",\"https:\\\/\\\/x.com\\\/itd_pte\",\"https:\\\/\\\/www.linkedin.com\\\/company\\\/institute-of-transdisciplinary-discoveries\",\"https:\\\/\\\/www.youtube.com\\\/channel\\\/UCJpKCIjIg0aVbPQztlXBdcg\"]}]}<\/script>\n<!-- \/ Yoast SEO plugin. -->","yoast_head_json":{"title":"EIT Health - ITD official webpage","robots":{"index":"index","follow":"follow","max-snippet":"max-snippet:-1","max-image-preview":"max-image-preview:large","max-video-preview":"max-video-preview:-1"},"canonical":"https:\/\/itdweb.hu\/en\/eit-health\/","og_locale":"en_US","og_type":"article","og_title":"EIT Health - ITD official webpage","og_url":"https:\/\/itdweb.hu\/en\/eit-health\/","og_site_name":"ITD official webpage","article_publisher":"https:\/\/www.facebook.com\/itdpteaok","article_modified_time":"2025-02-20T13:34:17+00:00","twitter_card":"summary_large_image","twitter_site":"@itd_pte","twitter_misc":{"Est. reading time":"3 minutes"},"schema":{"@context":"https:\/\/schema.org","@graph":[{"@type":"WebPage","@id":"https:\/\/itdweb.hu\/eit-health\/","url":"https:\/\/itdweb.hu\/eit-health\/","name":"EIT Health - ITD official webpage","isPartOf":{"@id":"https:\/\/itdweb.hu\/en\/#website"},"datePublished":"2020-05-06T08:24:24+00:00","dateModified":"2025-02-20T13:34:17+00:00","breadcrumb":{"@id":"https:\/\/itdweb.hu\/eit-health\/#breadcrumb"},"inLanguage":"en-US","potentialAction":[{"@type":"ReadAction","target":["https:\/\/itdweb.hu\/eit-health\/"]}]},{"@type":"BreadcrumbList","@id":"https:\/\/itdweb.hu\/eit-health\/#breadcrumb","itemListElement":[{"@type":"ListItem","position":1,"name":"Home","item":"https:\/\/itdweb.hu\/"},{"@type":"ListItem","position":2,"name":"EIT Health"}]},{"@type":"WebSite","@id":"https:\/\/itdweb.hu\/en\/#website","url":"https:\/\/itdweb.hu\/en\/","name":"ITD official webpage","description":"","publisher":{"@id":"https:\/\/itdweb.hu\/en\/#organization"},"potentialAction":[{"@type":"SearchAction","target":{"@type":"EntryPoint","urlTemplate":"https:\/\/itdweb.hu\/en\/?s={search_term_string}"},"query-input":{"@type":"PropertyValueSpecification","valueRequired":true,"valueName":"search_term_string"}}],"inLanguage":"en-US"},{"@type":"Organization","@id":"https:\/\/itdweb.hu\/en\/#organization","name":"ITD - Institute of Transdisciplinary Discoveries","url":"https:\/\/itdweb.hu\/en\/","logo":{"@type":"ImageObject","inLanguage":"en-US","@id":"https:\/\/itdweb.hu\/en\/#\/schema\/logo\/image\/","url":"https:\/\/itdweb.hu\/wp-content\/uploads\/2020\/11\/itd-ikon.png","contentUrl":"https:\/\/itdweb.hu\/wp-content\/uploads\/2020\/11\/itd-ikon.png","width":512,"height":512,"caption":"ITD - Institute of Transdisciplinary Discoveries"},"image":{"@id":"https:\/\/itdweb.hu\/en\/#\/schema\/logo\/image\/"},"sameAs":["https:\/\/www.facebook.com\/itdpteaok","https:\/\/x.com\/itd_pte","https:\/\/www.linkedin.com\/company\/institute-of-transdisciplinary-discoveries","https:\/\/www.youtube.com\/channel\/UCJpKCIjIg0aVbPQztlXBdcg"]}]}},"_links":{"self":[{"href":"https:\/\/itdweb.hu\/en\/wp-json\/wp\/v2\/pages\/184","targetHints":{"allow":["GET"]}}],"collection":[{"href":"https:\/\/itdweb.hu\/en\/wp-json\/wp\/v2\/pages"}],"about":[{"href":"https:\/\/itdweb.hu\/en\/wp-json\/wp\/v2\/types\/page"}],"author":[{"embeddable":true,"href":"https:\/\/itdweb.hu\/en\/wp-json\/wp\/v2\/users\/7"}],"replies":[{"embeddable":true,"href":"https:\/\/itdweb.hu\/en\/wp-json\/wp\/v2\/comments?post=184"}],"version-history":[{"count":33,"href":"https:\/\/itdweb.hu\/en\/wp-json\/wp\/v2\/pages\/184\/revisions"}],"predecessor-version":[{"id":6827,"href":"https:\/\/itdweb.hu\/en\/wp-json\/wp\/v2\/pages\/184\/revisions\/6827"}],"wp:attachment":[{"href":"https:\/\/itdweb.hu\/en\/wp-json\/wp\/v2\/media?parent=184"}],"curies":[{"name":"wp","href":"https:\/\/api.w.org\/{rel}","templated":true}]}}