{"id":2211,"date":"2021-03-22T15:06:48","date_gmt":"2021-03-22T15:06:48","guid":{"rendered":"https:\/\/itdweb.hu\/?page_id=2211"},"modified":"2023-01-31T12:26:42","modified_gmt":"2023-01-31T12:26:42","slug":"our-champions","status":"publish","type":"page","link":"https:\/\/itdweb.hu\/en\/our-champions\/","title":{"rendered":"Our Champions"},"content":{"rendered":"<div class=\"wpb-content-wrapper\">\r\n<div  data-mk-stretch-content=\"true\" class=\"wpb_row vc_row vc_row-fluid jupiter-donut- mk-fullwidth-false  attched-false     js-master-row  mk-grid\">\r\n\t\t\t\t\r\n<div class=\"vc_col-sm-12 wpb_column column_container  jupiter-donut- _ jupiter-donut-height-full\">\r\n\t<div class=\"vc_empty_space\"   style=\"height: 150px\"><span class=\"vc_empty_space_inner\"><\/span><\/div><\/div>\r\n\t<\/div>\r\n\r\n<div  data-mk-stretch-content=\"true\" class=\"wpb_row vc_row vc_row-fluid jupiter-donut- mk-fullwidth-false  attched-false     js-master-row  mk-grid\">\r\n\t\t\t\t\r\n<div class=\"vc_col-sm-12 wpb_column column_container  jupiter-donut- _ jupiter-donut-height-full\">\r\n\t<h2 style=\"color: #001b48;text-align: left\" class=\"vc_custom_heading vc_do_custom_heading\" >Get to know our clinical champions! Who are they and why are they champions?<\/h2><div class=\"vc_empty_space\"   style=\"height: 32px\"><span class=\"vc_empty_space_inner\"><\/span><\/div>\t<div class=\"vc_custom_1675167998522\">\r\n\r\n<div id=\"text-block-3\" class=\"mk-text-block  jupiter-donut-\">\r\n\r\n\t\r\n\t<p style=\"text-align: justify;\"><span style=\"font-family: georgia, palatino, serif; font-size: 12pt; color: #001b48;\">As the Health RIS Hub of the EIT (European Institute of Innovation and Technology), our institute represents local health initiatives, innovative movements, and up-and-coming applicants. In 2021, we focused our tender commitments primarily on increasing the number of innovative projects and innovative clinicians coming out of the clinics. However, for this we had to and must build a close relationship with exemplary clinicians who are able to create motivation for innovation among clinicians, discover existing and new projects\/ideas and research, and create interest in EIT Health programs. Our institute provides them with all the necessary information, help and support. By finding and supporting champions, we have a better chance of organizing trainings\/workshops with a larger number of participants, clinics become more open to startups, external development ideas or strategic partnerships, validation of products and devices, and joint tenders.<\/span><\/p>\n<p style=\"text-align: justify;\"><span style=\"font-family: georgia, palatino, serif; font-size: 12pt; color: #001b48;\">Az al\u00e1bbiakban bemutatunk nektek 5 olyan kiemelked\u0151 klinikai champion-t, akik c\u00e9lvez\u00e9relten, motiv\u00e1ltan \u00e1llnak a fent eml\u00edtett kih\u00edv\u00e1sok el\u0151tt \u00e9s nyitottak a k\u00f6z\u00f6s munk\u00e1ra, hiszen l\u00e1tt\u00e1k, tapasztalt\u00e1k, hogy klinikai berkeken bel\u00fcl nagyon sok kreat\u00edv \u00f6tlet sz\u00fcletik, nagyon sok innovat\u00edv szakember dolgozik, akik nem tudj\u00e1k, hogy \u00f6tlet\u00fckkel hova is fordulhatn\u00e1nak. Mi pedig csak nehezen tal\u00e1ln\u00e1nk meg \u0151ket, pedig seg\u00edteni tudunk az \u00f6tlet\u00fck felkarol\u00e1s\u00e1val, \u00fatbaigaz\u00edt\u00e1ssal vagy ak\u00e1r a megl\u00e9v\u0151 kapcsolatrendszer\u00fcnkkel.<\/span><\/p>\n<p style=\"text-align: justify;\"><span style=\"text-decoration: underline;\"><span style=\"font-family: georgia, palatino, serif; font-size: 12pt; color: #001b48; text-decoration: underline;\">A PTE-\u00c1OK Transzdiszciplin\u00e1ris Kutat\u00e1sok Int\u00e9zete teh\u00e1t b\u00fcszk\u00e9n mutatja be 5 eddigi bajnok\u00e1t:<\/span><\/span><\/p>\n\r\n\t<div class=\"clearboth\"><\/div>\r\n<\/div>\r\n\r\n\t<\/div>\r\n<\/div>\r\n\t<\/div>\r\n\r\n<div  data-mk-stretch-content=\"true\" class=\"wpb_row vc_row vc_row-fluid jupiter-donut- mk-fullwidth-false  attched-false     js-master-row  mk-grid\">\r\n\t\t\t\t\r\n<div class=\"vc_col-sm-12 wpb_column column_container  jupiter-donut- _ jupiter-donut-height-full\">\r\n\t\r\n<div id=\"box-5\" class=\"mk-employees jupiter-donut-margin-bottom-10 jupiter-donut-margin-top-10 three-column u6col u5col u4col o0col o1col o2col mk-employees-grayscale simple c_cs  jupiter-donut-\">\r\n\t<ul>\r\n\r\n\t\r\n\t\t<li class=\"mk-employee-item jupiter-donut-colitem jupiter-donut-align-center jupiter-donut-display-inline-block jupiter-donut-float-left m_7\">\r\n\t\t\t<div class=\"item-holder\">\r\n\t\t\t\t<div class=\"team-thumbnail jupiter-donut-position-relative jupiter-donut-width-100-per jupiter-donut-height-100-per jupiter-donut-overflow-hidden rounded-true\">\r\n\t\t\t\t\t\t<a href=\"https:\/\/itdweb.hu\/en\/team\/4469\/\">\r\n\t\t<img decoding=\"async\" alt=\"Dr. Werling D\u00f3ra\" title=\"Dr. Werling D\u00f3ra\" src=\"https:\/\/itdweb.hu\/wp-content\/uploads\/bfi_thumb\/dummy-transparent-r41uz2ulc24cwqlg6iu5fs873v6dgx3hpxx15grxxk.png\" data-mk-image-src-set='{\"default\":\"https:\/\/itdweb.hu\/wp-content\/uploads\/2023\/01\/thumbnail_img_8640-1-500x500.jpg\",\"2x\":\"https:\/\/itdweb.hu\/wp-content\/uploads\/2023\/01\/thumbnail_img_8640-1.jpg\",\"mobile\":\"\",\"responsive\":\"true\"}'\/>\r\n\r\n\t<\/a>\r\n\r\n\t\t\t\t\t\r\n\t\t\t\t<\/div>\r\n\r\n\t\t\t\t<div class=\"team-info-wrapper m_7\" itemscope=\"itemscope\" itemtype=\"https:\/\/schema.org\/Person\" >\r\n\t\t\t\t\t\t<a class=\"team-member-name\" href=\"https:\/\/itdweb.hu\/en\/team\/4469\/\">\r\n\t<span class=\"team-member-name jupiter-donut-font-16 jupiter-donut-display-block jupiter-donut-font-weight-bold jupiter-donut-text-transform-up jupiter-donut-color-333\">Dr. Werling D\u00f3ra<\/span>\r\n\t<\/a>\r\n\t\t\t\t\t<span class=\"team-member-position jupiter-donut-font-12 jupiter-donut-text-transform-up jupiter-donut-display-block jupiter-donut-color-777 jupiter-donut-letter-spacing-1\">PTE Klinikai K\u00f6zpont, Szem\u00e9szeti Klinika<\/span>\r\n\t\t\t\t\t\r\n\t\t\t\t\t<div class=\"clearboth\"><\/div>\r\n\r\n\t\t\t\t\t\r\n<ul class=\"mk-employeee-networks\">\r\n\t<\/ul>\r\n\t\t\t\t<\/div>\r\n\t\t\t<\/div>\r\n\t\t<\/li>\r\n\r\n\t\t\r\n\t\t<li class=\"mk-employee-item jupiter-donut-colitem jupiter-donut-align-center jupiter-donut-display-inline-block jupiter-donut-float-left m_7\">\r\n\t\t\t<div class=\"item-holder\">\r\n\t\t\t\t<div class=\"team-thumbnail jupiter-donut-position-relative jupiter-donut-width-100-per jupiter-donut-height-100-per jupiter-donut-overflow-hidden rounded-true\">\r\n\t\t\t\t\t\t<a href=\"https:\/\/itdweb.hu\/en\/team\/dr-lendvay-marcell\/\">\r\n\t\t<img decoding=\"async\" alt=\"dr. Lendvay Marcell\" title=\"dr. Lendvay Marcell\" src=\"https:\/\/itdweb.hu\/wp-content\/uploads\/bfi_thumb\/dummy-transparent-r41uz2ulc24cwqlg6iu5fs873v6dgx3hpxx15grxxk.png\" data-mk-image-src-set='{\"default\":\"https:\/\/itdweb.hu\/wp-content\/uploads\/2023\/01\/img_4087-1-scaled-500x500.jpg\",\"2x\":\"https:\/\/itdweb.hu\/wp-content\/uploads\/2023\/01\/img_4087-1-scaled.jpg\",\"mobile\":\"\",\"responsive\":\"true\"}'\/>\r\n\r\n\t<\/a>\r\n\r\n\t\t\t\t\t\r\n\t\t\t\t<\/div>\r\n\r\n\t\t\t\t<div class=\"team-info-wrapper m_7\" itemscope=\"itemscope\" itemtype=\"https:\/\/schema.org\/Person\" >\r\n\t\t\t\t\t\t<a class=\"team-member-name\" href=\"https:\/\/itdweb.hu\/en\/team\/dr-lendvay-marcell\/\">\r\n\t<span class=\"team-member-name jupiter-donut-font-16 jupiter-donut-display-block jupiter-donut-font-weight-bold jupiter-donut-text-transform-up jupiter-donut-color-333\">dr. Lendvay Marcell<\/span>\r\n\t<\/a>\r\n\t\t\t\t\t<span class=\"team-member-position jupiter-donut-font-12 jupiter-donut-text-transform-up jupiter-donut-display-block jupiter-donut-color-777 jupiter-donut-letter-spacing-1\">PTE KK Reumatol\u00f3giai \u00e9s Immunol\u00f3giai Klinika - PhD hallgat\u00f3<\/span>\r\n\t\t\t\t\t\r\n\t\t\t\t\t<div class=\"clearboth\"><\/div>\r\n\r\n\t\t\t\t\t\r\n<ul class=\"mk-employeee-networks\">\r\n\t<\/ul>\r\n\t\t\t\t<\/div>\r\n\t\t\t<\/div>\r\n\t\t<\/li>\r\n\r\n\t\t\r\n\t\t<li class=\"mk-employee-item jupiter-donut-colitem jupiter-donut-align-center jupiter-donut-display-inline-block jupiter-donut-float-left m_7\">\r\n\t\t\t<div class=\"item-holder\">\r\n\t\t\t\t<div class=\"team-thumbnail jupiter-donut-position-relative jupiter-donut-width-100-per jupiter-donut-height-100-per jupiter-donut-overflow-hidden rounded-true\">\r\n\t\t\t\t\t\t<a href=\"https:\/\/itdweb.hu\/en\/team\/dr-laczy-boglarka\/\">\r\n\t\t<img decoding=\"async\" alt=\"Dr. Laczy Bogl\u00e1rka\" title=\"Dr. Bogl\u00e1rka Laczy\" src=\"https:\/\/itdweb.hu\/wp-content\/uploads\/bfi_thumb\/dummy-transparent-r41uz2ulc24cwqlg6iu5fs873v6dgx3hpxx15grxxk.png\" data-mk-image-src-set='{\"default\":\"https:\/\/itdweb.hu\/wp-content\/uploads\/2021\/03\/img_7759-500x500.jpg\",\"2x\":\"https:\/\/itdweb.hu\/wp-content\/uploads\/2021\/03\/img_7759.jpg\",\"mobile\":\"\",\"responsive\":\"true\"}'\/>\r\n\r\n\t<\/a>\r\n\r\n\t\t\t\t\t\r\n\t\t\t\t<\/div>\r\n\r\n\t\t\t\t<div class=\"team-info-wrapper m_7\" itemscope=\"itemscope\" itemtype=\"https:\/\/schema.org\/Person\" >\r\n\t\t\t\t\t\t<a class=\"team-member-name\" href=\"https:\/\/itdweb.hu\/en\/team\/dr-laczy-boglarka\/\">\r\n\t<span class=\"team-member-name jupiter-donut-font-16 jupiter-donut-display-block jupiter-donut-font-weight-bold jupiter-donut-text-transform-up jupiter-donut-color-333\">Dr. Bogl\u00e1rka Laczy<\/span>\r\n\t<\/a>\r\n\t\t\t\t\t<span class=\"team-member-position jupiter-donut-font-12 jupiter-donut-text-transform-up jupiter-donut-display-block jupiter-donut-color-777 jupiter-donut-letter-spacing-1\">2nd Department of Internal Medicine of PTE - general doctor<\/span>\r\n\t\t\t\t\t\r\n\t\t\t\t\t<div class=\"clearboth\"><\/div>\r\n\r\n\t\t\t\t\t\r\n<ul class=\"mk-employeee-networks\">\r\n\t<\/ul>\r\n\t\t\t\t<\/div>\r\n\t\t\t<\/div>\r\n\t\t<\/li>\r\n\r\n\t\t\t\t\t<div class=\"clearboth\"><\/div>\r\n\t\t\r\n\t\t<li class=\"mk-employee-item jupiter-donut-colitem jupiter-donut-align-center jupiter-donut-display-inline-block jupiter-donut-float-left m_7\">\r\n\t\t\t<div class=\"item-holder\">\r\n\t\t\t\t<div class=\"team-thumbnail jupiter-donut-position-relative jupiter-donut-width-100-per jupiter-donut-height-100-per jupiter-donut-overflow-hidden rounded-true\">\r\n\t\t\t\t\t\t<a href=\"https:\/\/itdweb.hu\/en\/team\/dr-katona-krisztian\/\">\r\n\t\t<img decoding=\"async\" alt=\"Dr. Katona Kriszti\u00e1n\" title=\"Dr. Kriszti\u00e1n Katona\" src=\"https:\/\/itdweb.hu\/wp-content\/uploads\/bfi_thumb\/dummy-transparent-r41uz2ulc24cwqlg6iu5fs873v6dgx3hpxx15grxxk.png\" data-mk-image-src-set='{\"default\":\"https:\/\/itdweb.hu\/wp-content\/uploads\/2021\/03\/katona-500x500.jpg\",\"2x\":\"https:\/\/itdweb.hu\/wp-content\/uploads\/2021\/03\/katona.jpg\",\"mobile\":\"\",\"responsive\":\"true\"}'\/>\r\n\r\n\t<\/a>\r\n\r\n\t\t\t\t\t\r\n\t\t\t\t<\/div>\r\n\r\n\t\t\t\t<div class=\"team-info-wrapper m_7\" itemscope=\"itemscope\" itemtype=\"https:\/\/schema.org\/Person\" >\r\n\t\t\t\t\t\t<a class=\"team-member-name\" href=\"https:\/\/itdweb.hu\/en\/team\/dr-katona-krisztian\/\">\r\n\t<span class=\"team-member-name jupiter-donut-font-16 jupiter-donut-display-block jupiter-donut-font-weight-bold jupiter-donut-text-transform-up jupiter-donut-color-333\">Dr. Kriszti\u00e1n Katona<\/span>\r\n\t<\/a>\r\n\t\t\t\t\t<span class=\"team-member-position jupiter-donut-font-12 jupiter-donut-text-transform-up jupiter-donut-display-block jupiter-donut-color-777 jupiter-donut-letter-spacing-1\">Department of Dentistry, Oral and Maxillofacial Surgery<\/span>\r\n\t\t\t\t\t\r\n\t\t\t\t\t<div class=\"clearboth\"><\/div>\r\n\r\n\t\t\t\t\t\r\n<ul class=\"mk-employeee-networks\">\r\n\t<\/ul>\r\n\t\t\t\t<\/div>\r\n\t\t\t<\/div>\r\n\t\t<\/li>\r\n\r\n\t\t\r\n\t\t<li class=\"mk-employee-item jupiter-donut-colitem jupiter-donut-align-center jupiter-donut-display-inline-block jupiter-donut-float-left m_7\">\r\n\t\t\t<div class=\"item-holder\">\r\n\t\t\t\t<div class=\"team-thumbnail jupiter-donut-position-relative jupiter-donut-width-100-per jupiter-donut-height-100-per jupiter-donut-overflow-hidden rounded-true\">\r\n\t\t\t\t\t\t<a href=\"https:\/\/itdweb.hu\/en\/team\/uzsaly-janos\/\">\r\n\t\t<img decoding=\"async\" alt=\"Dr. Uzsaly J\u00e1nos G\u00e1sp\u00e1r\" title=\"Dr. G\u00e1sp\u00e1r J\u00e1nos Uzsaly\" src=\"https:\/\/itdweb.hu\/wp-content\/uploads\/bfi_thumb\/dummy-transparent-r41uz2ulc24cwqlg6iu5fs873v6dgx3hpxx15grxxk.png\" data-mk-image-src-set='{\"default\":\"https:\/\/itdweb.hu\/wp-content\/uploads\/2021\/03\/uj-kep-scaled-500x500.jpg\",\"2x\":\"https:\/\/itdweb.hu\/wp-content\/uploads\/2021\/03\/uj-kep-scaled.jpg\",\"mobile\":\"\",\"responsive\":\"true\"}'\/>\r\n\r\n\t<\/a>\r\n\r\n\t\t\t\t\t\r\n\t\t\t\t<\/div>\r\n\r\n\t\t\t\t<div class=\"team-info-wrapper m_7\" itemscope=\"itemscope\" itemtype=\"https:\/\/schema.org\/Person\" >\r\n\t\t\t\t\t\t<a class=\"team-member-name\" href=\"https:\/\/itdweb.hu\/en\/team\/uzsaly-janos\/\">\r\n\t<span class=\"team-member-name jupiter-donut-font-16 jupiter-donut-display-block jupiter-donut-font-weight-bold jupiter-donut-text-transform-up jupiter-donut-color-333\">Dr. G\u00e1sp\u00e1r J\u00e1nos Uzsaly<\/span>\r\n\t<\/a>\r\n\t\t\t\t\t<span class=\"team-member-position jupiter-donut-font-12 jupiter-donut-text-transform-up jupiter-donut-display-block jupiter-donut-color-777 jupiter-donut-letter-spacing-1\">ENT Department (Department of Otorhinolaryngology)<\/span>\r\n\t\t\t\t\t\r\n\t\t\t\t\t<div class=\"clearboth\"><\/div>\r\n\r\n\t\t\t\t\t\r\n<ul class=\"mk-employeee-networks\">\r\n\t<\/ul>\r\n\t\t\t\t<\/div>\r\n\t\t\t<\/div>\r\n\t\t<\/li>\r\n\r\n\t\t\t<\/ul>\r\n<div class=\"clearboth\"><\/div>\r\n<\/div>\r\n<\/div>\r\n\t<\/div>\r\n\n<\/div>","protected":false},"excerpt":{"rendered":"Uzsaly J\u00e1nos vagyok, P\u00e9csett sz\u00fclettem, P\u00e9csett \u00e9retts\u00e9giztem a Ciszterci Rend Nagy Lajos Gimn\u00e1zium\u00e1ban \u00e9s P\u00e9csett szereztem a diplom\u00e1mat a PTE \u00c1ltal\u00e1nos Orvostudom\u00e1nyi Kar\u00e1n 2018-ban, majd 2018 szeptember\u00e9t\u0151l a p\u00e9csi F\u00fcl-Orr-G\u00e9g\u00e9szeti \u00e9s Fej-Nyakseb\u00e9szeti Klinik\u00e1j\u00e1nak orvosak\u00e9nt dolgozok. A f\u00fcl-orr-g\u00e9g\u00e9szet a szakm\u00e1n bel\u00fcli lehet\u0151s\u00e9gek sz\u00e9les t\u00e1rh\u00e1za miatt vonzott, \u00e9s ez a soksz\u00edn\u0171s\u00e9g, v\u00e1ltozatoss\u00e1g - az \u00e9let m\u00e1s ter\u00fcleteihez [...]","protected":false},"author":7,"featured_media":0,"parent":0,"menu_order":0,"comment_status":"closed","ping_status":"closed","template":"","meta":{"om_disable_all_campaigns":false,"_monsterinsights_skip_tracking":false,"_monsterinsights_sitenote_active":false,"_monsterinsights_sitenote_note":"","_monsterinsights_sitenote_category":0,"_uf_show_specific_survey":0,"_uf_disable_surveys":false,"footnotes":""},"class_list":["post-2211","page","type-page","status-publish","hentry"],"yoast_head":"<!-- This site is optimized with the Yoast SEO plugin v27.4 - https:\/\/yoast.com\/product\/yoast-seo-wordpress\/ -->\n<title>Our Champions - ITD official webpage<\/title>\n<meta name=\"robots\" content=\"index, follow, max-snippet:-1, max-image-preview:large, max-video-preview:-1\" \/>\n<link rel=\"canonical\" href=\"https:\/\/itdweb.hu\/en\/our-champions\/\" \/>\n<meta property=\"og:locale\" content=\"en_US\" \/>\n<meta property=\"og:type\" content=\"article\" \/>\n<meta property=\"og:title\" content=\"Our Champions - ITD official webpage\" \/>\n<meta property=\"og:url\" content=\"https:\/\/itdweb.hu\/en\/our-champions\/\" \/>\n<meta property=\"og:site_name\" content=\"ITD official webpage\" \/>\n<meta property=\"article:publisher\" content=\"https:\/\/www.facebook.com\/itdpteaok\" \/>\n<meta property=\"article:modified_time\" content=\"2023-01-31T12:26:42+00:00\" \/>\n<meta name=\"twitter:card\" content=\"summary_large_image\" \/>\n<meta name=\"twitter:site\" content=\"@itd_pte\" \/>\n<meta name=\"twitter:label1\" content=\"Est. reading time\" \/>\n\t<meta name=\"twitter:data1\" content=\"1 minute\" \/>\n<script type=\"application\/ld+json\" class=\"yoast-schema-graph\">{\"@context\":\"https:\\\/\\\/schema.org\",\"@graph\":[{\"@type\":\"WebPage\",\"@id\":\"https:\\\/\\\/itdweb.hu\\\/our-champions\\\/\",\"url\":\"https:\\\/\\\/itdweb.hu\\\/our-champions\\\/\",\"name\":\"Our Champions - ITD official webpage\",\"isPartOf\":{\"@id\":\"https:\\\/\\\/itdweb.hu\\\/en\\\/#website\"},\"datePublished\":\"2021-03-22T15:06:48+00:00\",\"dateModified\":\"2023-01-31T12:26:42+00:00\",\"breadcrumb\":{\"@id\":\"https:\\\/\\\/itdweb.hu\\\/our-champions\\\/#breadcrumb\"},\"inLanguage\":\"en-US\",\"potentialAction\":[{\"@type\":\"ReadAction\",\"target\":[\"https:\\\/\\\/itdweb.hu\\\/our-champions\\\/\"]}]},{\"@type\":\"BreadcrumbList\",\"@id\":\"https:\\\/\\\/itdweb.hu\\\/our-champions\\\/#breadcrumb\",\"itemListElement\":[{\"@type\":\"ListItem\",\"position\":1,\"name\":\"Home\",\"item\":\"https:\\\/\\\/itdweb.hu\\\/\"},{\"@type\":\"ListItem\",\"position\":2,\"name\":\"Our Champions\"}]},{\"@type\":\"WebSite\",\"@id\":\"https:\\\/\\\/itdweb.hu\\\/en\\\/#website\",\"url\":\"https:\\\/\\\/itdweb.hu\\\/en\\\/\",\"name\":\"ITD official webpage\",\"description\":\"\",\"publisher\":{\"@id\":\"https:\\\/\\\/itdweb.hu\\\/en\\\/#organization\"},\"potentialAction\":[{\"@type\":\"SearchAction\",\"target\":{\"@type\":\"EntryPoint\",\"urlTemplate\":\"https:\\\/\\\/itdweb.hu\\\/en\\\/?s={search_term_string}\"},\"query-input\":{\"@type\":\"PropertyValueSpecification\",\"valueRequired\":true,\"valueName\":\"search_term_string\"}}],\"inLanguage\":\"en-US\"},{\"@type\":\"Organization\",\"@id\":\"https:\\\/\\\/itdweb.hu\\\/en\\\/#organization\",\"name\":\"ITD - Institute of Transdisciplinary Discoveries\",\"url\":\"https:\\\/\\\/itdweb.hu\\\/en\\\/\",\"logo\":{\"@type\":\"ImageObject\",\"inLanguage\":\"en-US\",\"@id\":\"https:\\\/\\\/itdweb.hu\\\/en\\\/#\\\/schema\\\/logo\\\/image\\\/\",\"url\":\"https:\\\/\\\/itdweb.hu\\\/wp-content\\\/uploads\\\/2020\\\/11\\\/itd-ikon.png\",\"contentUrl\":\"https:\\\/\\\/itdweb.hu\\\/wp-content\\\/uploads\\\/2020\\\/11\\\/itd-ikon.png\",\"width\":512,\"height\":512,\"caption\":\"ITD - Institute of Transdisciplinary Discoveries\"},\"image\":{\"@id\":\"https:\\\/\\\/itdweb.hu\\\/en\\\/#\\\/schema\\\/logo\\\/image\\\/\"},\"sameAs\":[\"https:\\\/\\\/www.facebook.com\\\/itdpteaok\",\"https:\\\/\\\/x.com\\\/itd_pte\",\"https:\\\/\\\/www.linkedin.com\\\/company\\\/institute-of-transdisciplinary-discoveries\",\"https:\\\/\\\/www.youtube.com\\\/channel\\\/UCJpKCIjIg0aVbPQztlXBdcg\"]}]}<\/script>\n<!-- \/ Yoast SEO plugin. -->","yoast_head_json":{"title":"Our Champions - ITD official webpage","robots":{"index":"index","follow":"follow","max-snippet":"max-snippet:-1","max-image-preview":"max-image-preview:large","max-video-preview":"max-video-preview:-1"},"canonical":"https:\/\/itdweb.hu\/en\/our-champions\/","og_locale":"en_US","og_type":"article","og_title":"Our Champions - ITD official webpage","og_url":"https:\/\/itdweb.hu\/en\/our-champions\/","og_site_name":"ITD official webpage","article_publisher":"https:\/\/www.facebook.com\/itdpteaok","article_modified_time":"2023-01-31T12:26:42+00:00","twitter_card":"summary_large_image","twitter_site":"@itd_pte","twitter_misc":{"Est. reading time":"1 minute"},"schema":{"@context":"https:\/\/schema.org","@graph":[{"@type":"WebPage","@id":"https:\/\/itdweb.hu\/our-champions\/","url":"https:\/\/itdweb.hu\/our-champions\/","name":"Our Champions - ITD official webpage","isPartOf":{"@id":"https:\/\/itdweb.hu\/en\/#website"},"datePublished":"2021-03-22T15:06:48+00:00","dateModified":"2023-01-31T12:26:42+00:00","breadcrumb":{"@id":"https:\/\/itdweb.hu\/our-champions\/#breadcrumb"},"inLanguage":"en-US","potentialAction":[{"@type":"ReadAction","target":["https:\/\/itdweb.hu\/our-champions\/"]}]},{"@type":"BreadcrumbList","@id":"https:\/\/itdweb.hu\/our-champions\/#breadcrumb","itemListElement":[{"@type":"ListItem","position":1,"name":"Home","item":"https:\/\/itdweb.hu\/"},{"@type":"ListItem","position":2,"name":"Our Champions"}]},{"@type":"WebSite","@id":"https:\/\/itdweb.hu\/en\/#website","url":"https:\/\/itdweb.hu\/en\/","name":"ITD official webpage","description":"","publisher":{"@id":"https:\/\/itdweb.hu\/en\/#organization"},"potentialAction":[{"@type":"SearchAction","target":{"@type":"EntryPoint","urlTemplate":"https:\/\/itdweb.hu\/en\/?s={search_term_string}"},"query-input":{"@type":"PropertyValueSpecification","valueRequired":true,"valueName":"search_term_string"}}],"inLanguage":"en-US"},{"@type":"Organization","@id":"https:\/\/itdweb.hu\/en\/#organization","name":"ITD - Institute of Transdisciplinary Discoveries","url":"https:\/\/itdweb.hu\/en\/","logo":{"@type":"ImageObject","inLanguage":"en-US","@id":"https:\/\/itdweb.hu\/en\/#\/schema\/logo\/image\/","url":"https:\/\/itdweb.hu\/wp-content\/uploads\/2020\/11\/itd-ikon.png","contentUrl":"https:\/\/itdweb.hu\/wp-content\/uploads\/2020\/11\/itd-ikon.png","width":512,"height":512,"caption":"ITD - Institute of Transdisciplinary Discoveries"},"image":{"@id":"https:\/\/itdweb.hu\/en\/#\/schema\/logo\/image\/"},"sameAs":["https:\/\/www.facebook.com\/itdpteaok","https:\/\/x.com\/itd_pte","https:\/\/www.linkedin.com\/company\/institute-of-transdisciplinary-discoveries","https:\/\/www.youtube.com\/channel\/UCJpKCIjIg0aVbPQztlXBdcg"]}]}},"_links":{"self":[{"href":"https:\/\/itdweb.hu\/en\/wp-json\/wp\/v2\/pages\/2211","targetHints":{"allow":["GET"]}}],"collection":[{"href":"https:\/\/itdweb.hu\/en\/wp-json\/wp\/v2\/pages"}],"about":[{"href":"https:\/\/itdweb.hu\/en\/wp-json\/wp\/v2\/types\/page"}],"author":[{"embeddable":true,"href":"https:\/\/itdweb.hu\/en\/wp-json\/wp\/v2\/users\/7"}],"replies":[{"embeddable":true,"href":"https:\/\/itdweb.hu\/en\/wp-json\/wp\/v2\/comments?post=2211"}],"version-history":[{"count":16,"href":"https:\/\/itdweb.hu\/en\/wp-json\/wp\/v2\/pages\/2211\/revisions"}],"predecessor-version":[{"id":4476,"href":"https:\/\/itdweb.hu\/en\/wp-json\/wp\/v2\/pages\/2211\/revisions\/4476"}],"wp:attachment":[{"href":"https:\/\/itdweb.hu\/en\/wp-json\/wp\/v2\/media?parent=2211"}],"curies":[{"name":"wp","href":"https:\/\/api.w.org\/{rel}","templated":true}]}}