{"id":3412,"date":"2021-11-30T10:39:19","date_gmt":"2021-11-30T10:39:19","guid":{"rendered":"https:\/\/itdweb.hu\/?page_id=3412"},"modified":"2022-09-08T07:32:31","modified_gmt":"2022-09-08T07:32:31","slug":"ris-innovation-training-2022","status":"publish","type":"page","link":"https:\/\/itdweb.hu\/en\/ris-innovation-training-2022\/","title":{"rendered":"RIS Innovation training 2022"},"content":{"rendered":"\t\t<div data-elementor-type=\"wp-page\" data-elementor-id=\"3412\" class=\"elementor elementor-3412\" data-elementor-post-type=\"page\">\n\t\t\t\t\t\t<section class=\"elementor-section elementor-top-section elementor-element elementor-element-37d4a83 elementor-section-content-middle elementor-section-boxed elementor-section-height-default elementor-section-height-default\" data-id=\"37d4a83\" data-element_type=\"section\">\n\t\t\t\t\t\t<div class=\"elementor-container elementor-column-gap-no\">\n\t\t\t\t\t<div class=\"elementor-column elementor-col-100 elementor-top-column elementor-element elementor-element-33e3fb82\" data-id=\"33e3fb82\" data-element_type=\"column\">\n\t\t\t<div class=\"elementor-widget-wrap elementor-element-populated\">\n\t\t\t\t\t\t<div class=\"elementor-element elementor-element-2c948cd7 elementor-widget elementor-widget-image\" data-id=\"2c948cd7\" data-element_type=\"widget\" data-widget_type=\"image.default\">\n\t\t\t\t<div class=\"elementor-widget-container\">\n\t\t\t\t\t\t\t\t\t\t\t\t\t\t\t<img fetchpriority=\"high\" decoding=\"async\" width=\"768\" height=\"768\" src=\"https:\/\/itdweb.hu\/wp-content\/uploads\/2021\/10\/ris_innovationcall_training_fb-linked_1200x1200px-1-768x768.jpg\" class=\"attachment-medium_large size-medium_large wp-image-2876\" alt=\"\" srcset=\"https:\/\/itdweb.hu\/wp-content\/uploads\/2021\/10\/ris_innovationcall_training_fb-linked_1200x1200px-1-768x768.jpg 768w, https:\/\/itdweb.hu\/wp-content\/uploads\/2021\/10\/ris_innovationcall_training_fb-linked_1200x1200px-1-300x300.jpg 300w, https:\/\/itdweb.hu\/wp-content\/uploads\/2021\/10\/ris_innovationcall_training_fb-linked_1200x1200px-1-1024x1024.jpg 1024w, https:\/\/itdweb.hu\/wp-content\/uploads\/2021\/10\/ris_innovationcall_training_fb-linked_1200x1200px-1-150x150.jpg 150w, https:\/\/itdweb.hu\/wp-content\/uploads\/2021\/10\/ris_innovationcall_training_fb-linked_1200x1200px-1-12x12.jpg 12w, https:\/\/itdweb.hu\/wp-content\/uploads\/2021\/10\/ris_innovationcall_training_fb-linked_1200x1200px-1-600x600.jpg 600w, https:\/\/itdweb.hu\/wp-content\/uploads\/2021\/10\/ris_innovationcall_training_fb-linked_1200x1200px-1-100x100.jpg 100w, https:\/\/itdweb.hu\/wp-content\/uploads\/2021\/10\/ris_innovationcall_training_fb-linked_1200x1200px-1.jpg 1200w\" sizes=\"(max-width: 768px) 100vw, 768px\" \/>\t\t\t\t\t\t\t\t\t\t\t\t\t\t\t<\/div>\n\t\t\t\t<\/div>\n\t\t\t\t<div class=\"elementor-element elementor-element-24e3791d elementor-widget elementor-widget-heading\" data-id=\"24e3791d\" data-element_type=\"widget\" data-widget_type=\"heading.default\">\n\t\t\t\t<div class=\"elementor-widget-container\">\n\t\t\t\t\t<h3 class=\"elementor-heading-title elementor-size-default\">RIS Innovation Training 2021<\/h3>\t\t\t\t<\/div>\n\t\t\t\t<\/div>\n\t\t\t\t<div class=\"elementor-element elementor-element-1afa683 elementor-widget elementor-widget-text-editor\" data-id=\"1afa683\" data-element_type=\"widget\" data-widget_type=\"text-editor.default\">\n\t\t\t\t<div class=\"elementor-widget-container\">\n\t\t\t\t\t\t\t\t\t<div class=\"o9v6fnle cxmmr5t8 oygrvhab hcukyx3x c1et5uql ii04i59q\"><div dir=\"auto\" style=\"text-align: justify;\"><span style=\"color: #05012d;\">Ha rendelkezel v\u00e1llalkoz\u00f3i szeml\u00e9lettel \u00e9s egy olyan \u00f6tlettel amit az eg\u00e9szs\u00e9g\u00fcgyi ter\u00fcleten lehetne hasznos\u00edtani, r\u00e1ad\u00e1sul \u00e9rdekelnek olyan t\u00e9m\u00e1k mint az eg\u00e9szs\u00e9g\u00fcgyi innov\u00e1ci\u00f3, a szellemi tulajdon v\u00e9delme vagy EU szint\u0171 szab\u00e1lyoz\u00e1sok, akkor van egy j\u00f3 h\u00edr\u00fcnk! Az Eur\u00f3pai Innov\u00e1ci\u00f3s \u00e9s Technol\u00f3giai Int\u00e9zet ism\u00e9t elind\u00edtja RIS Innovation Training elnevez\u00e9s\u0171 k\u00e9pz\u00e9s\u00e9t, amelyen t\u00f6bbek k\u00f6z\u00f6tt a fenti t\u00e9m\u00e1k is el\u0151ker\u00fclnek, r\u00e1ad\u00e1sul a r\u00e9szv\u00e9tel ingyenes!<\/span><\/div><\/div><div dir=\"auto\">\u00a0<\/div><div class=\"o9v6fnle cxmmr5t8 oygrvhab hcukyx3x c1et5uql ii04i59q\" style=\"text-align: justify;\"><div dir=\"auto\"><span style=\"color: #05012d;\">Jelentkez\u00e9si felt\u00e9telek: A jelentkez\u00e9s nyitva \u00e1ll minden olyan projekt egy\u00fcttm\u0171k\u00f6d\u00e9s, micro \u00e9s kisv\u00e1llalkoz\u00e1s, kutat\u00f3 \u2013 oktat\u00e1si int\u00e9zm\u00e9ny, spin-off \u00e9s start-up el\u0151tt akiknek term\u00e9ke, megold\u00e1sa m\u00e9g kezdeti \u00e1llapotban van. Emellett a k\u00e9pz\u00e9s legink\u00e1bb a CIMIT IML 3 (Proof of Concept) szint\u00e9t m\u00e1r el\u00e9r\u0151 projektgazd\u00e1knak ny\u00fajt seg\u00edts\u00e9get.<\/span><\/div><div dir=\"auto\">\u00a0<\/div><\/div><div class=\"o9v6fnle cxmmr5t8 oygrvhab hcukyx3x c1et5uql ii04i59q\" style=\"text-align: justify;\"><div dir=\"auto\"><span style=\"color: #05012d;\">D\u00e1tum: A k\u00e9pz\u00e9s 2 napos, interakt\u00edv online training, mely<\/span><\/div><div dir=\"auto\">\u00a0<\/div><div dir=\"auto\"><span style=\"color: #05012d;\">&#8211; 2021.09.16. 10:30-12:30 (CET) and 15:00-17:00 (CET)<\/span><\/div><div dir=\"auto\"><span style=\"color: #05012d;\">&#8211; 2021.09.17. 10:30-12:30 (CET) and 15:00-17:00 (CET)<\/span><\/div><div dir=\"auto\">\u00a0<\/div><div dir=\"auto\"><span style=\"color: #05012d;\">k\u00f6z\u00f6tt ker\u00fcl megtart\u00e1sra.<\/span><\/div><div dir=\"auto\">\u00a0<\/div><\/div><div class=\"o9v6fnle cxmmr5t8 oygrvhab hcukyx3x c1et5uql ii04i59q\" style=\"text-align: justify;\"><div dir=\"auto\"><span style=\"color: #05012d;\">Jelentkez\u00e9si hat\u00e1rid\u0151 2021.09.14. 16:00.<\/span><\/div><\/div><div class=\"o9v6fnle cxmmr5t8 oygrvhab hcukyx3x c1et5uql ii04i59q\" style=\"text-align: justify;\"><div dir=\"auto\">\u00a0<\/div><div dir=\"auto\" style=\"text-align: center;\"><span style=\"color: #05012d;\">Tov\u00e1bbi r\u00e9szletek \u00e9s jelentkez\u00e9s:<\/span><\/div><div dir=\"auto\" style=\"text-align: center;\"><span style=\"color: #05012d;\"><a class=\"oajrlxb2 g5ia77u1 qu0x051f esr5mh6w e9989ue4 r7d6kgcz rq0escxv nhd2j8a9 nc684nl6 p7hjln8o kvgmc6g5 cxmmr5t8 oygrvhab hcukyx3x jb3vyjys rz4wbd8a qt6c0cv9 a8nywdso i1ao9s8h esuyzwwr f1sip0of lzcic4wl py34i1dx gpro0wi8\" style=\"color: #05012d;\" tabindex=\"0\" role=\"link\" href=\"https:\/\/l.facebook.com\/l.php?u=https%3A%2F%2Feithealth.eu%2Fopportunity%2Feit-health-ris-innovation-training%2F%3Ffbclid%3DIwAR1eD6C5bV9ob3OoXzoyFt21VWdjfH0w7lgUULtrkWDg-14XFb6NX5-o3LE&amp;h=AT3h-HHfRUm2iIJkiylWUfTt7kfcSOxqgV_8ero7ql434UjrGMv9iE7dIhZY0PDimqt3Z65yZ8fToIzeE1Gt1rvJgu54NnJXmz-BmOBWKtUwTNA6kZw6C_JClUcz2GZLw31a&amp;__tn__=-UK-R&amp;c[0]=AT1rqxIBibyaLQp9KgsINeH0RQibpxCkk5bB8yrybCIH1gn1FOhTS72cfW-SGpUsapH9axyGq7vBpVraOnd6W8UPt9xLSTHJ7Ey_I2sNcYD8-Ygu8W8FkrgYCKNsnbo5CtIc6yu9DiLXuotg_iatbVRzzNC1HSpjYa1lU5BtxB6MPA\" target=\"_blank\" rel=\"nofollow noopener\">https:\/\/eithealth.eu\/&#8230;\/eit-health-ris-innovation-training\/<\/a><\/span><\/div><\/div><div class=\"o9v6fnle cxmmr5t8 oygrvhab hcukyx3x c1et5uql ii04i59q\" style=\"text-align: justify;\"><div dir=\"auto\"><span style=\"color: #05012d;\">&#8212;<br \/><\/span><\/div><div dir=\"auto\">\u00a0<\/div><\/div><div class=\"o9v6fnle cxmmr5t8 oygrvhab hcukyx3x c1et5uql ii04i59q\" style=\"text-align: justify;\"><div dir=\"auto\"><span style=\"color: #05012d;\">Do you have an entrepreneurial mind-set with an idea in the healthcare field?<\/span><span style=\"color: #05012d;\"> Would you like to know more about healthcare innovation, MVP, IP, Medical device and other EU regulations?<\/span><\/div><div dir=\"auto\">\u00a0<\/div><div dir=\"auto\"><span style=\"color: #05012d;\">The opportunity is open for project partnerships, micro and small enterprises, research and educational institutions, spin-offs and start-ups that already have an innovation\/product\/solution, but in an early-stage of development. The training is best suited for project owners in CIMIT IML 3 (Proof of Concept) phase.<\/span><\/div><div dir=\"auto\">\u00a0<\/div><div dir=\"auto\"><span style=\"color: #05012d;\">2 days of interactive training covering the topics of innovation pathway from idea to market in the healthcare sector. Modules are: Innovation canvas, MVP and Pitching tools, IP, Medical device and other EU Regulations.<\/span><\/div><div dir=\"auto\">\u00a0<\/div><\/div><div class=\"o9v6fnle cxmmr5t8 oygrvhab hcukyx3x c1et5uql ii04i59q\"><div dir=\"auto\" style=\"text-align: justify;\"><span style=\"color: #05012d;\">Dates:<\/span><\/div><div dir=\"auto\">\u00a0<\/div><div dir=\"auto\" style=\"text-align: justify;\"><span style=\"color: #05012d;\">\u2022 16th September, 10:30-12:30 (CET) and 15:00-17:00 (CET)<\/span><\/div><div dir=\"auto\" style=\"text-align: justify;\"><span style=\"color: #05012d;\">\u2022 17th September, 10:30-12:30 (CET) and 15:00-17:00 (CET)<\/span><\/div><div dir=\"auto\" style=\"text-align: justify;\"><span style=\"color: #05012d;\">Application deadline:<\/span><span style=\"color: #05012d;\"> 14.09.2021. 16:00 (CET)<\/span><\/div><\/div><div dir=\"auto\" style=\"text-align: center;\"><span style=\"color: #05012d;\">More info and registration:<\/span><\/div><div class=\"o9v6fnle cxmmr5t8 oygrvhab hcukyx3x c1et5uql ii04i59q\"><div dir=\"auto\" style=\"text-align: center;\"><span style=\"color: #05012d;\"><a class=\"oajrlxb2 g5ia77u1 qu0x051f esr5mh6w e9989ue4 r7d6kgcz rq0escxv nhd2j8a9 nc684nl6 p7hjln8o kvgmc6g5 cxmmr5t8 oygrvhab hcukyx3x jb3vyjys rz4wbd8a qt6c0cv9 a8nywdso i1ao9s8h esuyzwwr f1sip0of lzcic4wl py34i1dx gpro0wi8\" style=\"color: #05012d;\" tabindex=\"0\" role=\"link\" href=\"https:\/\/l.facebook.com\/l.php?u=https%3A%2F%2Feithealth.eu%2Fopportunity%2Feit-health-ris-innovation-training%2F%3Ffbclid%3DIwAR3EokWSaD_Rf7cVWnSISMMt5rAMDkAh5GlGsw4oWlXarnp_Fqb1cMuJagQ&amp;h=AT3h-HHfRUm2iIJkiylWUfTt7kfcSOxqgV_8ero7ql434UjrGMv9iE7dIhZY0PDimqt3Z65yZ8fToIzeE1Gt1rvJgu54NnJXmz-BmOBWKtUwTNA6kZw6C_JClUcz2GZLw31a&amp;__tn__=-UK-R&amp;c[0]=AT1rqxIBibyaLQp9KgsINeH0RQibpxCkk5bB8yrybCIH1gn1FOhTS72cfW-SGpUsapH9axyGq7vBpVraOnd6W8UPt9xLSTHJ7Ey_I2sNcYD8-Ygu8W8FkrgYCKNsnbo5CtIc6yu9DiLXuotg_iatbVRzzNC1HSpjYa1lU5BtxB6MPA\" target=\"_blank\" rel=\"nofollow noopener\">https:\/\/eithealth.eu\/&#8230;\/eit-health-ris-innovation-training\/<\/a><\/span><\/div><\/div>\t\t\t\t\t\t\t\t<\/div>\n\t\t\t\t<\/div>\n\t\t\t\t\t<\/div>\n\t\t<\/div>\n\t\t\t\t\t<\/div>\n\t\t<\/section>\n\t\t\t\t<\/div>\n\t\t","protected":false},"excerpt":{"rendered":"RIS INNOV\u00c1CI\u00d3S K\u00c9PZ\u00c9S Kedves partnereink, mikro- \u00e9s kisv\u00e1llalkoz\u00e1sok, kutat\u00f3- \u00e9s oktat\u00e1si int\u00e9zm\u00e9nyek, spin-off v\u00e1llalkoz\u00e1sok, indul\u00f3 v\u00e1llalkoz\u00e1sok, akik m\u00e1r rendelkeztek innov\u00e1ci\u00f3val\/term\u00e9kkel\/szolg\u00e1ltat\u00e1ssal, de a fejleszt\u00e9setek korai szakasz\u00e1ban vagytok, most Ti figyeljetek! A RIS Innovation Training k\u00e9tnapos online interakt\u00edv k\u00e9pz\u00e9st hirdet meg sz\u00e1motokra, ahol az al\u00e1bbi t\u00e9mak\u00f6r\u00f6k lesznek: Innov\u00e1ci\u00f3s \u00fat: \u00f6tlett\u0151l a piacig az eg\u00e9szs\u00e9g\u00fcgyi szektorban \u2013 MVP [...]","protected":false},"author":7,"featured_media":0,"parent":0,"menu_order":0,"comment_status":"closed","ping_status":"closed","template":"","meta":{"om_disable_all_campaigns":false,"_monsterinsights_skip_tracking":false,"_monsterinsights_sitenote_active":false,"_monsterinsights_sitenote_note":"","_monsterinsights_sitenote_category":0,"_uf_show_specific_survey":0,"_uf_disable_surveys":false,"footnotes":""},"class_list":["post-3412","page","type-page","status-publish","hentry"],"yoast_head":"<!-- This site is optimized with the Yoast SEO plugin v27.4 - https:\/\/yoast.com\/product\/yoast-seo-wordpress\/ -->\n<title>RIS Innovation training 2022 - ITD official webpage<\/title>\n<meta name=\"robots\" content=\"index, follow, max-snippet:-1, max-image-preview:large, max-video-preview:-1\" \/>\n<link rel=\"canonical\" href=\"https:\/\/itdweb.hu\/en\/ris-innovation-training-2022\/\" \/>\n<meta property=\"og:locale\" content=\"en_US\" \/>\n<meta property=\"og:type\" content=\"article\" \/>\n<meta property=\"og:title\" content=\"RIS Innovation training 2022 - ITD official webpage\" \/>\n<meta property=\"og:url\" content=\"https:\/\/itdweb.hu\/en\/ris-innovation-training-2022\/\" \/>\n<meta property=\"og:site_name\" content=\"ITD official webpage\" \/>\n<meta property=\"article:publisher\" content=\"https:\/\/www.facebook.com\/itdpteaok\" \/>\n<meta property=\"article:modified_time\" content=\"2022-09-08T07:32:31+00:00\" \/>\n<meta property=\"og:image\" content=\"https:\/\/static.xx.fbcdn.net\/images\/emoji.php\/v9\/tfe\/1.5\/16\/203c.png\" \/>\n<meta name=\"twitter:card\" content=\"summary_large_image\" \/>\n<meta name=\"twitter:site\" content=\"@itd_pte\" \/>\n<meta name=\"twitter:label1\" content=\"Est. reading time\" \/>\n\t<meta name=\"twitter:data1\" content=\"2 minutes\" \/>\n<script type=\"application\/ld+json\" class=\"yoast-schema-graph\">{\"@context\":\"https:\\\/\\\/schema.org\",\"@graph\":[{\"@type\":\"WebPage\",\"@id\":\"https:\\\/\\\/itdweb.hu\\\/ris-innovation-training-2022\\\/\",\"url\":\"https:\\\/\\\/itdweb.hu\\\/ris-innovation-training-2022\\\/\",\"name\":\"RIS Innovation training 2022 - ITD official webpage\",\"isPartOf\":{\"@id\":\"https:\\\/\\\/itdweb.hu\\\/en\\\/#website\"},\"primaryImageOfPage\":{\"@id\":\"https:\\\/\\\/itdweb.hu\\\/ris-innovation-training-2022\\\/#primaryimage\"},\"image\":{\"@id\":\"https:\\\/\\\/itdweb.hu\\\/ris-innovation-training-2022\\\/#primaryimage\"},\"thumbnailUrl\":\"https:\\\/\\\/static.xx.fbcdn.net\\\/images\\\/emoji.php\\\/v9\\\/tfe\\\/1.5\\\/16\\\/203c.png\",\"datePublished\":\"2021-11-30T10:39:19+00:00\",\"dateModified\":\"2022-09-08T07:32:31+00:00\",\"breadcrumb\":{\"@id\":\"https:\\\/\\\/itdweb.hu\\\/ris-innovation-training-2022\\\/#breadcrumb\"},\"inLanguage\":\"en-US\",\"potentialAction\":[{\"@type\":\"ReadAction\",\"target\":[\"https:\\\/\\\/itdweb.hu\\\/ris-innovation-training-2022\\\/\"]}]},{\"@type\":\"ImageObject\",\"inLanguage\":\"en-US\",\"@id\":\"https:\\\/\\\/itdweb.hu\\\/ris-innovation-training-2022\\\/#primaryimage\",\"url\":\"https:\\\/\\\/static.xx.fbcdn.net\\\/images\\\/emoji.php\\\/v9\\\/tfe\\\/1.5\\\/16\\\/203c.png\",\"contentUrl\":\"https:\\\/\\\/static.xx.fbcdn.net\\\/images\\\/emoji.php\\\/v9\\\/tfe\\\/1.5\\\/16\\\/203c.png\"},{\"@type\":\"BreadcrumbList\",\"@id\":\"https:\\\/\\\/itdweb.hu\\\/ris-innovation-training-2022\\\/#breadcrumb\",\"itemListElement\":[{\"@type\":\"ListItem\",\"position\":1,\"name\":\"Home\",\"item\":\"https:\\\/\\\/itdweb.hu\\\/\"},{\"@type\":\"ListItem\",\"position\":2,\"name\":\"RIS Innovation training 2022\"}]},{\"@type\":\"WebSite\",\"@id\":\"https:\\\/\\\/itdweb.hu\\\/en\\\/#website\",\"url\":\"https:\\\/\\\/itdweb.hu\\\/en\\\/\",\"name\":\"ITD official webpage\",\"description\":\"\",\"publisher\":{\"@id\":\"https:\\\/\\\/itdweb.hu\\\/en\\\/#organization\"},\"potentialAction\":[{\"@type\":\"SearchAction\",\"target\":{\"@type\":\"EntryPoint\",\"urlTemplate\":\"https:\\\/\\\/itdweb.hu\\\/en\\\/?s={search_term_string}\"},\"query-input\":{\"@type\":\"PropertyValueSpecification\",\"valueRequired\":true,\"valueName\":\"search_term_string\"}}],\"inLanguage\":\"en-US\"},{\"@type\":\"Organization\",\"@id\":\"https:\\\/\\\/itdweb.hu\\\/en\\\/#organization\",\"name\":\"ITD - Institute of Transdisciplinary Discoveries\",\"url\":\"https:\\\/\\\/itdweb.hu\\\/en\\\/\",\"logo\":{\"@type\":\"ImageObject\",\"inLanguage\":\"en-US\",\"@id\":\"https:\\\/\\\/itdweb.hu\\\/en\\\/#\\\/schema\\\/logo\\\/image\\\/\",\"url\":\"https:\\\/\\\/itdweb.hu\\\/wp-content\\\/uploads\\\/2020\\\/11\\\/itd-ikon.png\",\"contentUrl\":\"https:\\\/\\\/itdweb.hu\\\/wp-content\\\/uploads\\\/2020\\\/11\\\/itd-ikon.png\",\"width\":512,\"height\":512,\"caption\":\"ITD - Institute of Transdisciplinary Discoveries\"},\"image\":{\"@id\":\"https:\\\/\\\/itdweb.hu\\\/en\\\/#\\\/schema\\\/logo\\\/image\\\/\"},\"sameAs\":[\"https:\\\/\\\/www.facebook.com\\\/itdpteaok\",\"https:\\\/\\\/x.com\\\/itd_pte\",\"https:\\\/\\\/www.linkedin.com\\\/company\\\/institute-of-transdisciplinary-discoveries\",\"https:\\\/\\\/www.youtube.com\\\/channel\\\/UCJpKCIjIg0aVbPQztlXBdcg\"]}]}<\/script>\n<!-- \/ Yoast SEO plugin. -->","yoast_head_json":{"title":"RIS Innovation training 2022 - ITD official webpage","robots":{"index":"index","follow":"follow","max-snippet":"max-snippet:-1","max-image-preview":"max-image-preview:large","max-video-preview":"max-video-preview:-1"},"canonical":"https:\/\/itdweb.hu\/en\/ris-innovation-training-2022\/","og_locale":"en_US","og_type":"article","og_title":"RIS Innovation training 2022 - ITD official webpage","og_url":"https:\/\/itdweb.hu\/en\/ris-innovation-training-2022\/","og_site_name":"ITD official webpage","article_publisher":"https:\/\/www.facebook.com\/itdpteaok","article_modified_time":"2022-09-08T07:32:31+00:00","og_image":[{"url":"https:\/\/static.xx.fbcdn.net\/images\/emoji.php\/v9\/tfe\/1.5\/16\/203c.png","type":"","width":"","height":""}],"twitter_card":"summary_large_image","twitter_site":"@itd_pte","twitter_misc":{"Est. reading time":"2 minutes"},"schema":{"@context":"https:\/\/schema.org","@graph":[{"@type":"WebPage","@id":"https:\/\/itdweb.hu\/ris-innovation-training-2022\/","url":"https:\/\/itdweb.hu\/ris-innovation-training-2022\/","name":"RIS Innovation training 2022 - ITD official webpage","isPartOf":{"@id":"https:\/\/itdweb.hu\/en\/#website"},"primaryImageOfPage":{"@id":"https:\/\/itdweb.hu\/ris-innovation-training-2022\/#primaryimage"},"image":{"@id":"https:\/\/itdweb.hu\/ris-innovation-training-2022\/#primaryimage"},"thumbnailUrl":"https:\/\/static.xx.fbcdn.net\/images\/emoji.php\/v9\/tfe\/1.5\/16\/203c.png","datePublished":"2021-11-30T10:39:19+00:00","dateModified":"2022-09-08T07:32:31+00:00","breadcrumb":{"@id":"https:\/\/itdweb.hu\/ris-innovation-training-2022\/#breadcrumb"},"inLanguage":"en-US","potentialAction":[{"@type":"ReadAction","target":["https:\/\/itdweb.hu\/ris-innovation-training-2022\/"]}]},{"@type":"ImageObject","inLanguage":"en-US","@id":"https:\/\/itdweb.hu\/ris-innovation-training-2022\/#primaryimage","url":"https:\/\/static.xx.fbcdn.net\/images\/emoji.php\/v9\/tfe\/1.5\/16\/203c.png","contentUrl":"https:\/\/static.xx.fbcdn.net\/images\/emoji.php\/v9\/tfe\/1.5\/16\/203c.png"},{"@type":"BreadcrumbList","@id":"https:\/\/itdweb.hu\/ris-innovation-training-2022\/#breadcrumb","itemListElement":[{"@type":"ListItem","position":1,"name":"Home","item":"https:\/\/itdweb.hu\/"},{"@type":"ListItem","position":2,"name":"RIS Innovation training 2022"}]},{"@type":"WebSite","@id":"https:\/\/itdweb.hu\/en\/#website","url":"https:\/\/itdweb.hu\/en\/","name":"ITD official webpage","description":"","publisher":{"@id":"https:\/\/itdweb.hu\/en\/#organization"},"potentialAction":[{"@type":"SearchAction","target":{"@type":"EntryPoint","urlTemplate":"https:\/\/itdweb.hu\/en\/?s={search_term_string}"},"query-input":{"@type":"PropertyValueSpecification","valueRequired":true,"valueName":"search_term_string"}}],"inLanguage":"en-US"},{"@type":"Organization","@id":"https:\/\/itdweb.hu\/en\/#organization","name":"ITD - Institute of Transdisciplinary Discoveries","url":"https:\/\/itdweb.hu\/en\/","logo":{"@type":"ImageObject","inLanguage":"en-US","@id":"https:\/\/itdweb.hu\/en\/#\/schema\/logo\/image\/","url":"https:\/\/itdweb.hu\/wp-content\/uploads\/2020\/11\/itd-ikon.png","contentUrl":"https:\/\/itdweb.hu\/wp-content\/uploads\/2020\/11\/itd-ikon.png","width":512,"height":512,"caption":"ITD - Institute of Transdisciplinary Discoveries"},"image":{"@id":"https:\/\/itdweb.hu\/en\/#\/schema\/logo\/image\/"},"sameAs":["https:\/\/www.facebook.com\/itdpteaok","https:\/\/x.com\/itd_pte","https:\/\/www.linkedin.com\/company\/institute-of-transdisciplinary-discoveries","https:\/\/www.youtube.com\/channel\/UCJpKCIjIg0aVbPQztlXBdcg"]}]}},"_links":{"self":[{"href":"https:\/\/itdweb.hu\/en\/wp-json\/wp\/v2\/pages\/3412","targetHints":{"allow":["GET"]}}],"collection":[{"href":"https:\/\/itdweb.hu\/en\/wp-json\/wp\/v2\/pages"}],"about":[{"href":"https:\/\/itdweb.hu\/en\/wp-json\/wp\/v2\/types\/page"}],"author":[{"embeddable":true,"href":"https:\/\/itdweb.hu\/en\/wp-json\/wp\/v2\/users\/7"}],"replies":[{"embeddable":true,"href":"https:\/\/itdweb.hu\/en\/wp-json\/wp\/v2\/comments?post=3412"}],"version-history":[{"count":8,"href":"https:\/\/itdweb.hu\/en\/wp-json\/wp\/v2\/pages\/3412\/revisions"}],"predecessor-version":[{"id":4216,"href":"https:\/\/itdweb.hu\/en\/wp-json\/wp\/v2\/pages\/3412\/revisions\/4216"}],"wp:attachment":[{"href":"https:\/\/itdweb.hu\/en\/wp-json\/wp\/v2\/media?parent=3412"}],"curies":[{"name":"wp","href":"https:\/\/api.w.org\/{rel}","templated":true}]}}