{"id":3627,"date":"2022-01-11T07:09:40","date_gmt":"2022-01-11T07:09:40","guid":{"rendered":"https:\/\/itdweb.hu\/?page_id=3627"},"modified":"2022-01-11T07:35:36","modified_gmt":"2022-01-11T07:35:36","slug":"allashirdetes","status":"publish","type":"page","link":"https:\/\/itdweb.hu\/en\/allashirdetes\/","title":{"rendered":"\u00e1ll\u00e1shirdet\u00e9s"},"content":{"rendered":"<div data-elementor-type=\"wp-page\" data-elementor-id=\"3627\" class=\"elementor elementor-3627\" data-elementor-post-type=\"page\">\n\t\t\t\t\t\t<section class=\"elementor-section elementor-top-section elementor-element elementor-element-47e6c326 elementor-section-full_width elementor-section-content-middle elementor-section-height-default elementor-section-height-default\" data-id=\"47e6c326\" data-element_type=\"section\">\n\t\t\t\t\t\t<div class=\"elementor-container elementor-column-gap-no\">\n\t\t\t\t\t<div class=\"elementor-column elementor-col-50 elementor-top-column elementor-element elementor-element-6ade90b0\" data-id=\"6ade90b0\" data-element_type=\"column\" data-settings=\"{&quot;background_background&quot;:&quot;classic&quot;}\">\n\t\t\t<div class=\"elementor-widget-wrap\">\n\t\t\t\t\t<div class=\"elementor-background-overlay\"><\/div>\n\t\t\t\t\t\t\t<\/div>\n\t\t<\/div>\n\t\t\t\t<div class=\"elementor-column elementor-col-50 elementor-top-column elementor-element elementor-element-d92bd08\" data-id=\"d92bd08\" data-element_type=\"column\">\n\t\t\t<div class=\"elementor-widget-wrap elementor-element-populated\">\n\t\t\t\t\t\t<div class=\"elementor-element elementor-element-2fb1e83d elementor-widget elementor-widget-text-editor\" data-id=\"2fb1e83d\" data-element_type=\"widget\" data-widget_type=\"text-editor.default\">\n\t\t\t\t<div class=\"elementor-widget-container\">\n\t\t\t\t\t\t\t\t\t<p>\u00c1ll\u00e1slehet\u0151s\u00e9g<\/p>\t\t\t\t\t\t\t\t<\/div>\n\t\t\t\t<\/div>\n\t\t\t\t<div class=\"elementor-element elementor-element-7d7d7beb elementor-widget elementor-widget-text-editor\" data-id=\"7d7d7beb\" data-element_type=\"widget\" data-widget_type=\"text-editor.default\">\n\t\t\t\t<div class=\"elementor-widget-container\">\n\t\t\t\t\t\t\t\t\t<p style=\"text-align: justify;\"><span style=\"color: #05012d;\">Ha annyira b\u00edrod a zebr\u00e1kat, hogy minden gyalog\u00e1tkel\u0151r\u0151l \u0151k jutnak eszedbe \u00e9s az \u00e1llatkerti akv\u00e1rium el\u0151tt magad el\u0151tt l\u00e1tod a N\u00e9m\u00f3 nyom\u00e1ban \u00f6sszes szerepl\u0151j\u00e9t, akkor van egy j\u00f3 h\u00edr\u00fcnk!<\/span><\/p><p style=\"text-align: justify;\"><span style=\"color: #05012d;\">Zebrahal kol\u00f3ni\u00e1nk gondoz\u00e1s\u00e1ra \u00e9s a vel\u00fck kapcsolatos mikroszk\u00f3pos k\u00eds\u00e9rletek t\u00e1mogat\u00e1s\u00e1ra biol\u00f3gust keres\u00fcnk! Eme nem h\u00e9tk\u00f6znapi feladatra nem h\u00e9tk\u00f6znapi jelentkez\u0151ket v\u00e1runk\u2026<\/span><\/p><p style=\"text-align: justify;\"><span style=\"color: #05012d;\">Szenill\u00e1nak ugyan mindegy, de a feladatok miatt nem \u00e1rt, ha tudsz angolul \u00e9s nem ijedsz meg ha sz\u00e1m\u00edt\u00f3g\u00e9pet l\u00e1tsz bekapcsolva, az meg k\u00fcl\u00f6n el\u0151ny, ha legal\u00e1bb te nem vagy feled\u00e9keny. R\u00e1ad\u00e1sul a halakon \u00e9s rajtad k\u00edv\u00fcl itt lesznek m\u00e1sok is, sz\u00f3val nem baj, ha j\u00f3 arc vagy \u00e9s b\u00edrod a t\u00e1rsas\u00e1got. Ja, \u00e9s rem\u00e9lj\u00fck a t\u0171t\u0151l nem f\u00e9lsz, ugyanis megn\u00e9zz\u00fck az olt\u00e1si k\u00f6nyvedet!<\/span><\/p><p style=\"text-align: justify;\"><span style=\"color: #05012d;\">Az el\u0151ny, ha van tapasztalatod a sejtkult\u00far\u00e1val, sz\u00f6vetkult\u00far\u00e1val kapcsolatban, viszont a profilfot\u00f3d miattunk nem kell friss\u00edtened, de minden pap\u00edrt elk\u00e9r\u00fcnk, ami bizony\u00edtja, hogy milyen okos vagy. Ha maradt m\u00e9g k\u00e9rd\u00e9sed keress minket!<br \/><\/span><\/p><p><span style=\"color: #05012d;\">Tov\u00e1bbi r\u00e9szletek \u00e9s jelentkez\u00e9s: <a href=\"https:\/\/hr.pte.hu\/hu\/allas\/megtekintes2?a=4afe6720\">https:\/\/hr.pte.hu\/hu\/allas\/megtekintes2?a=4afe6720<\/a><\/span><\/p><p style=\"text-align: justify;\"><span style=\"color: #05012d;\">Gyere v\u00e1runk!<\/span><\/p>\t\t\t\t\t\t\t\t<\/div>\n\t\t\t\t<\/div>\n\t\t\t\t\t<\/div>\n\t\t<\/div>\n\t\t\t\t\t<\/div>\n\t\t<\/section>\n\t\t\t\t<\/div>","protected":false},"excerpt":{"rendered":"<p>\u00c1ll\u00e1slehet\u0151s\u00e9g Ha annyira b\u00edrod a zebr\u00e1kat, hogy minden gyalog\u00e1tkel\u0151r\u0151l \u0151k jutnak eszedbe \u00e9s az \u00e1llatkerti akv\u00e1rium el\u0151tt magad el\u0151tt l\u00e1tod a N\u00e9m\u00f3 nyom\u00e1ban \u00f6sszes szerepl\u0151j\u00e9t, akkor van egy j\u00f3 h\u00edr\u00fcnk! Zebrahal kol\u00f3ni\u00e1nk gondoz\u00e1s\u00e1ra \u00e9s a vel\u00fck kapcsolatos mikroszk\u00f3pos k\u00eds\u00e9rletek t\u00e1mogat\u00e1s\u00e1ra biol\u00f3gust keres\u00fcnk! Eme nem h\u00e9tk\u00f6znapi feladatra nem h\u00e9tk\u00f6znapi jelentkez\u0151ket v\u00e1runk\u2026 Szenill\u00e1nak ugyan mindegy, de a [&hellip;]<\/p>\n","protected":false},"author":7,"featured_media":0,"parent":0,"menu_order":0,"comment_status":"closed","ping_status":"closed","template":"","meta":{"om_disable_all_campaigns":false,"_monsterinsights_skip_tracking":false,"_monsterinsights_sitenote_active":false,"_monsterinsights_sitenote_note":"","_monsterinsights_sitenote_category":0,"_uf_show_specific_survey":0,"_uf_disable_surveys":false,"footnotes":""},"class_list":["post-3627","page","type-page","status-publish","hentry"],"yoast_head":"<!-- This site is optimized with the Yoast SEO plugin v27.4 - https:\/\/yoast.com\/product\/yoast-seo-wordpress\/ -->\n<title>\u00e1ll\u00e1shirdet\u00e9s - ITD official webpage<\/title>\n<meta name=\"robots\" content=\"index, follow, max-snippet:-1, max-image-preview:large, max-video-preview:-1\" \/>\n<link rel=\"canonical\" href=\"https:\/\/itdweb.hu\/en\/allashirdetes\/\" \/>\n<meta property=\"og:locale\" content=\"en_US\" \/>\n<meta property=\"og:type\" content=\"article\" \/>\n<meta property=\"og:title\" content=\"\u00e1ll\u00e1shirdet\u00e9s - ITD official webpage\" \/>\n<meta property=\"og:description\" content=\"\u00c1ll\u00e1slehet\u0151s\u00e9g Ha annyira b\u00edrod a zebr\u00e1kat, hogy minden gyalog\u00e1tkel\u0151r\u0151l \u0151k jutnak eszedbe \u00e9s az \u00e1llatkerti akv\u00e1rium el\u0151tt magad el\u0151tt l\u00e1tod a N\u00e9m\u00f3 nyom\u00e1ban \u00f6sszes szerepl\u0151j\u00e9t, akkor van egy j\u00f3 h\u00edr\u00fcnk! Zebrahal kol\u00f3ni\u00e1nk gondoz\u00e1s\u00e1ra \u00e9s a vel\u00fck kapcsolatos mikroszk\u00f3pos k\u00eds\u00e9rletek t\u00e1mogat\u00e1s\u00e1ra biol\u00f3gust keres\u00fcnk! Eme nem h\u00e9tk\u00f6znapi feladatra nem h\u00e9tk\u00f6znapi jelentkez\u0151ket v\u00e1runk\u2026 Szenill\u00e1nak ugyan mindegy, de a [&hellip;]\" \/>\n<meta property=\"og:url\" content=\"https:\/\/itdweb.hu\/en\/allashirdetes\/\" \/>\n<meta property=\"og:site_name\" content=\"ITD official webpage\" \/>\n<meta property=\"article:publisher\" content=\"https:\/\/www.facebook.com\/itdpteaok\" \/>\n<meta property=\"article:modified_time\" content=\"2022-01-11T07:35:36+00:00\" \/>\n<meta name=\"twitter:card\" content=\"summary_large_image\" \/>\n<meta name=\"twitter:site\" content=\"@itd_pte\" \/>\n<meta name=\"twitter:label1\" content=\"Est. reading time\" \/>\n\t<meta name=\"twitter:data1\" content=\"1 minute\" \/>\n<script type=\"application\/ld+json\" class=\"yoast-schema-graph\">{\"@context\":\"https:\\\/\\\/schema.org\",\"@graph\":[{\"@type\":\"WebPage\",\"@id\":\"https:\\\/\\\/itdweb.hu\\\/allashirdetes\\\/\",\"url\":\"https:\\\/\\\/itdweb.hu\\\/allashirdetes\\\/\",\"name\":\"\u00e1ll\u00e1shirdet\u00e9s - ITD official webpage\",\"isPartOf\":{\"@id\":\"https:\\\/\\\/itdweb.hu\\\/en\\\/#website\"},\"datePublished\":\"2022-01-11T07:09:40+00:00\",\"dateModified\":\"2022-01-11T07:35:36+00:00\",\"breadcrumb\":{\"@id\":\"https:\\\/\\\/itdweb.hu\\\/allashirdetes\\\/#breadcrumb\"},\"inLanguage\":\"en-US\",\"potentialAction\":[{\"@type\":\"ReadAction\",\"target\":[\"https:\\\/\\\/itdweb.hu\\\/allashirdetes\\\/\"]}]},{\"@type\":\"BreadcrumbList\",\"@id\":\"https:\\\/\\\/itdweb.hu\\\/allashirdetes\\\/#breadcrumb\",\"itemListElement\":[{\"@type\":\"ListItem\",\"position\":1,\"name\":\"Home\",\"item\":\"https:\\\/\\\/itdweb.hu\\\/\"},{\"@type\":\"ListItem\",\"position\":2,\"name\":\"\u00e1ll\u00e1shirdet\u00e9s\"}]},{\"@type\":\"WebSite\",\"@id\":\"https:\\\/\\\/itdweb.hu\\\/en\\\/#website\",\"url\":\"https:\\\/\\\/itdweb.hu\\\/en\\\/\",\"name\":\"ITD official webpage\",\"description\":\"\",\"publisher\":{\"@id\":\"https:\\\/\\\/itdweb.hu\\\/en\\\/#organization\"},\"potentialAction\":[{\"@type\":\"SearchAction\",\"target\":{\"@type\":\"EntryPoint\",\"urlTemplate\":\"https:\\\/\\\/itdweb.hu\\\/en\\\/?s={search_term_string}\"},\"query-input\":{\"@type\":\"PropertyValueSpecification\",\"valueRequired\":true,\"valueName\":\"search_term_string\"}}],\"inLanguage\":\"en-US\"},{\"@type\":\"Organization\",\"@id\":\"https:\\\/\\\/itdweb.hu\\\/en\\\/#organization\",\"name\":\"ITD - Institute of Transdisciplinary Discoveries\",\"url\":\"https:\\\/\\\/itdweb.hu\\\/en\\\/\",\"logo\":{\"@type\":\"ImageObject\",\"inLanguage\":\"en-US\",\"@id\":\"https:\\\/\\\/itdweb.hu\\\/en\\\/#\\\/schema\\\/logo\\\/image\\\/\",\"url\":\"https:\\\/\\\/itdweb.hu\\\/wp-content\\\/uploads\\\/2020\\\/11\\\/itd-ikon.png\",\"contentUrl\":\"https:\\\/\\\/itdweb.hu\\\/wp-content\\\/uploads\\\/2020\\\/11\\\/itd-ikon.png\",\"width\":512,\"height\":512,\"caption\":\"ITD - Institute of Transdisciplinary Discoveries\"},\"image\":{\"@id\":\"https:\\\/\\\/itdweb.hu\\\/en\\\/#\\\/schema\\\/logo\\\/image\\\/\"},\"sameAs\":[\"https:\\\/\\\/www.facebook.com\\\/itdpteaok\",\"https:\\\/\\\/x.com\\\/itd_pte\",\"https:\\\/\\\/www.linkedin.com\\\/company\\\/institute-of-transdisciplinary-discoveries\",\"https:\\\/\\\/www.youtube.com\\\/channel\\\/UCJpKCIjIg0aVbPQztlXBdcg\"]}]}<\/script>\n<!-- \/ Yoast SEO plugin. -->","yoast_head_json":{"title":"\u00e1ll\u00e1shirdet\u00e9s - ITD official webpage","robots":{"index":"index","follow":"follow","max-snippet":"max-snippet:-1","max-image-preview":"max-image-preview:large","max-video-preview":"max-video-preview:-1"},"canonical":"https:\/\/itdweb.hu\/en\/allashirdetes\/","og_locale":"en_US","og_type":"article","og_title":"\u00e1ll\u00e1shirdet\u00e9s - ITD official webpage","og_description":"\u00c1ll\u00e1slehet\u0151s\u00e9g Ha annyira b\u00edrod a zebr\u00e1kat, hogy minden gyalog\u00e1tkel\u0151r\u0151l \u0151k jutnak eszedbe \u00e9s az \u00e1llatkerti akv\u00e1rium el\u0151tt magad el\u0151tt l\u00e1tod a N\u00e9m\u00f3 nyom\u00e1ban \u00f6sszes szerepl\u0151j\u00e9t, akkor van egy j\u00f3 h\u00edr\u00fcnk! Zebrahal kol\u00f3ni\u00e1nk gondoz\u00e1s\u00e1ra \u00e9s a vel\u00fck kapcsolatos mikroszk\u00f3pos k\u00eds\u00e9rletek t\u00e1mogat\u00e1s\u00e1ra biol\u00f3gust keres\u00fcnk! Eme nem h\u00e9tk\u00f6znapi feladatra nem h\u00e9tk\u00f6znapi jelentkez\u0151ket v\u00e1runk\u2026 Szenill\u00e1nak ugyan mindegy, de a [&hellip;]","og_url":"https:\/\/itdweb.hu\/en\/allashirdetes\/","og_site_name":"ITD official webpage","article_publisher":"https:\/\/www.facebook.com\/itdpteaok","article_modified_time":"2022-01-11T07:35:36+00:00","twitter_card":"summary_large_image","twitter_site":"@itd_pte","twitter_misc":{"Est. reading time":"1 minute"},"schema":{"@context":"https:\/\/schema.org","@graph":[{"@type":"WebPage","@id":"https:\/\/itdweb.hu\/allashirdetes\/","url":"https:\/\/itdweb.hu\/allashirdetes\/","name":"\u00e1ll\u00e1shirdet\u00e9s - ITD official webpage","isPartOf":{"@id":"https:\/\/itdweb.hu\/en\/#website"},"datePublished":"2022-01-11T07:09:40+00:00","dateModified":"2022-01-11T07:35:36+00:00","breadcrumb":{"@id":"https:\/\/itdweb.hu\/allashirdetes\/#breadcrumb"},"inLanguage":"en-US","potentialAction":[{"@type":"ReadAction","target":["https:\/\/itdweb.hu\/allashirdetes\/"]}]},{"@type":"BreadcrumbList","@id":"https:\/\/itdweb.hu\/allashirdetes\/#breadcrumb","itemListElement":[{"@type":"ListItem","position":1,"name":"Home","item":"https:\/\/itdweb.hu\/"},{"@type":"ListItem","position":2,"name":"\u00e1ll\u00e1shirdet\u00e9s"}]},{"@type":"WebSite","@id":"https:\/\/itdweb.hu\/en\/#website","url":"https:\/\/itdweb.hu\/en\/","name":"ITD official webpage","description":"","publisher":{"@id":"https:\/\/itdweb.hu\/en\/#organization"},"potentialAction":[{"@type":"SearchAction","target":{"@type":"EntryPoint","urlTemplate":"https:\/\/itdweb.hu\/en\/?s={search_term_string}"},"query-input":{"@type":"PropertyValueSpecification","valueRequired":true,"valueName":"search_term_string"}}],"inLanguage":"en-US"},{"@type":"Organization","@id":"https:\/\/itdweb.hu\/en\/#organization","name":"ITD - Institute of Transdisciplinary Discoveries","url":"https:\/\/itdweb.hu\/en\/","logo":{"@type":"ImageObject","inLanguage":"en-US","@id":"https:\/\/itdweb.hu\/en\/#\/schema\/logo\/image\/","url":"https:\/\/itdweb.hu\/wp-content\/uploads\/2020\/11\/itd-ikon.png","contentUrl":"https:\/\/itdweb.hu\/wp-content\/uploads\/2020\/11\/itd-ikon.png","width":512,"height":512,"caption":"ITD - Institute of Transdisciplinary Discoveries"},"image":{"@id":"https:\/\/itdweb.hu\/en\/#\/schema\/logo\/image\/"},"sameAs":["https:\/\/www.facebook.com\/itdpteaok","https:\/\/x.com\/itd_pte","https:\/\/www.linkedin.com\/company\/institute-of-transdisciplinary-discoveries","https:\/\/www.youtube.com\/channel\/UCJpKCIjIg0aVbPQztlXBdcg"]}]}},"_links":{"self":[{"href":"https:\/\/itdweb.hu\/en\/wp-json\/wp\/v2\/pages\/3627","targetHints":{"allow":["GET"]}}],"collection":[{"href":"https:\/\/itdweb.hu\/en\/wp-json\/wp\/v2\/pages"}],"about":[{"href":"https:\/\/itdweb.hu\/en\/wp-json\/wp\/v2\/types\/page"}],"author":[{"embeddable":true,"href":"https:\/\/itdweb.hu\/en\/wp-json\/wp\/v2\/users\/7"}],"replies":[{"embeddable":true,"href":"https:\/\/itdweb.hu\/en\/wp-json\/wp\/v2\/comments?post=3627"}],"version-history":[{"count":6,"href":"https:\/\/itdweb.hu\/en\/wp-json\/wp\/v2\/pages\/3627\/revisions"}],"predecessor-version":[{"id":3634,"href":"https:\/\/itdweb.hu\/en\/wp-json\/wp\/v2\/pages\/3627\/revisions\/3634"}],"wp:attachment":[{"href":"https:\/\/itdweb.hu\/en\/wp-json\/wp\/v2\/media?parent=3627"}],"curies":[{"name":"wp","href":"https:\/\/api.w.org\/{rel}","templated":true}]}}