{"id":3677,"date":"2022-04-05T08:05:49","date_gmt":"2022-04-05T08:05:49","guid":{"rendered":"https:\/\/itdweb.hu\/?page_id=3677"},"modified":"2022-04-05T08:17:09","modified_gmt":"2022-04-05T08:17:09","slug":"agykutatas-hete-2022","status":"publish","type":"page","link":"https:\/\/itdweb.hu\/en\/agykutatas-hete-2022\/","title":{"rendered":"Agykutat\u00e1s Hete 2022"},"content":{"rendered":"\t\t<div data-elementor-type=\"wp-page\" data-elementor-id=\"3677\" class=\"elementor elementor-3677\" data-elementor-post-type=\"page\">\n\t\t\t\t\t\t<section class=\"elementor-section elementor-top-section elementor-element elementor-element-41bc976a elementor-section-boxed elementor-section-height-default elementor-section-height-default\" data-id=\"41bc976a\" data-element_type=\"section\">\n\t\t\t\t\t\t<div class=\"elementor-container elementor-column-gap-default\">\n\t\t\t\t\t<div class=\"elementor-column elementor-col-100 elementor-top-column elementor-element elementor-element-2409de67\" data-id=\"2409de67\" data-element_type=\"column\">\n\t\t\t<div class=\"elementor-widget-wrap elementor-element-populated\">\n\t\t\t\t\t\t<section class=\"elementor-section elementor-inner-section elementor-element elementor-element-66af8bd elementor-section-boxed elementor-section-height-default elementor-section-height-default\" data-id=\"66af8bd\" data-element_type=\"section\">\n\t\t\t\t\t\t<div class=\"elementor-container elementor-column-gap-default\">\n\t\t\t\t\t<div class=\"elementor-column elementor-col-50 elementor-inner-column elementor-element elementor-element-3e7421b\" data-id=\"3e7421b\" data-element_type=\"column\">\n\t\t\t<div class=\"elementor-widget-wrap elementor-element-populated\">\n\t\t\t\t\t\t<div class=\"elementor-element elementor-element-0d63297 elementor-widget elementor-widget-image\" data-id=\"0d63297\" data-element_type=\"widget\" data-widget_type=\"image.default\">\n\t\t\t\t<div class=\"elementor-widget-container\">\n\t\t\t\t\t\t\t\t\t\t\t\t\t\t\t<img fetchpriority=\"high\" decoding=\"async\" width=\"701\" height=\"1024\" src=\"https:\/\/itdweb.hu\/wp-content\/uploads\/2022\/04\/2022_baw03-701x1024.jpg\" class=\"attachment-large size-large wp-image-3679\" alt=\"\" srcset=\"https:\/\/itdweb.hu\/wp-content\/uploads\/2022\/04\/2022_baw03-701x1024.jpg 701w, https:\/\/itdweb.hu\/wp-content\/uploads\/2022\/04\/2022_baw03-205x300.jpg 205w, https:\/\/itdweb.hu\/wp-content\/uploads\/2022\/04\/2022_baw03-768x1122.jpg 768w, https:\/\/itdweb.hu\/wp-content\/uploads\/2022\/04\/2022_baw03-1052x1536.jpg 1052w, https:\/\/itdweb.hu\/wp-content\/uploads\/2022\/04\/2022_baw03-1402x2048.jpg 1402w, https:\/\/itdweb.hu\/wp-content\/uploads\/2022\/04\/2022_baw03-8x12.jpg 8w, https:\/\/itdweb.hu\/wp-content\/uploads\/2022\/04\/2022_baw03-600x876.jpg 600w, https:\/\/itdweb.hu\/wp-content\/uploads\/2022\/04\/2022_baw03.jpg 1698w\" sizes=\"(max-width: 701px) 100vw, 701px\" \/>\t\t\t\t\t\t\t\t\t\t\t\t\t\t\t<\/div>\n\t\t\t\t<\/div>\n\t\t\t\t\t<\/div>\n\t\t<\/div>\n\t\t\t\t<div class=\"elementor-column elementor-col-50 elementor-inner-column elementor-element elementor-element-2722c8f\" data-id=\"2722c8f\" data-element_type=\"column\">\n\t\t\t<div class=\"elementor-widget-wrap elementor-element-populated\">\n\t\t\t\t\t\t<div class=\"elementor-element elementor-element-cd1657e elementor-widget elementor-widget-text-editor\" data-id=\"cd1657e\" data-element_type=\"widget\" data-widget_type=\"text-editor.default\">\n\t\t\t\t<div class=\"elementor-widget-container\">\n\t\t\t\t\t\t\t\t\t<p style=\"text-align: justify;\"><span style=\"color: #05012d;\">T\u00f6bb kutat\u00f3int\u00e9zet \u00e9s egyetem, k\u00f6zt\u00fck a PTE \u00f6sszefog\u00e1s\u00e1val m\u00e1rcius 16-20. k\u00f6z\u00f6tt id\u00e9n is megval\u00f3sul az\u00a0<a style=\"font-size: 16px; color: #05012d;\" href=\"https:\/\/agykutatashete.hu\/\">Agykutat\u00e1s Hete<\/a>\u00a0rendezv\u00e9nysorozat, melynek keret\u00e9ben Budapesten, Debrecenben, P\u00e9csett \u00e9s Szegeden ismeretterjeszt\u0151 el\u0151ad\u00e1sokon, l\u00e1tv\u00e1nyos laborl\u00e1togat\u00e1s, valamint kerekasztal-besz\u00e9lget\u00e9s sor\u00e1n mutatj\u00e1k be kutat\u00f3k \u00e9s szak\u00e9rt\u0151k idegrendszer\u00fcnk m\u0171k\u00f6d\u00e9s\u00e9t, bepillant\u00e1st engedve az agykutat\u00e1s k\u00fcl\u00f6nb\u00f6z\u0151 aspektusaiba.<\/span><\/p><p style=\"text-align: justify;\"><span style=\"color: #05012d;\">A\u00a0<a style=\"font-size: 16px; color: #05012d;\" href=\"https:\/\/www.dana.org\/\"><b>DANA Alap\u00edtv\u00e1ny<\/b><\/a>\u00a0\u00e1ltal koordin\u00e1lt\u00a0<a style=\"font-size: 16px; color: #05012d;\" href=\"https:\/\/brainawareness.org\/\"><b>Brain Awareness Week<\/b><\/a>\u00a0(Agykutat\u00e1s Hete) imm\u00e1ron 27. \u00e9ve n\u00e9pszer\u0171s\u00edti az agykutat\u00e1s innov\u00e1ci\u00f3j\u00e1t \u00e9s mindennapi kih\u00edv\u00e1sait, egyes\u00edt glob\u00e1lis kamp\u00e1ny\u00e1ban egyetemeket \u00e9s kutat\u00f3int\u00e9zeteket a vil\u00e1g sz\u00e1mos pontj\u00e1r\u00f3l.<\/span><\/p><p style=\"text-align: justify;\"><span style=\"color: #05012d;\">A t\u00f6bb mint 20 \u00e9ve haz\u00e1nkban is meghonosodott rendezv\u00e9ny szervez\u00e9s\u00e9ben olyan kiv\u00e1l\u00f3 egyetemek \u00e9s int\u00e9zetek vesznek r\u00e9szt, mint az <b>E\u00f6tv\u00f6s Lor\u00e1nd Tudom\u00e1nyegyetem<\/b>, a <b>Semmelweis Egyetem<\/b>, a <b>P\u00e9csi Tudom\u00e1nyegyetem<\/b> \u00e9s annak\u00a0<a style=\"font-size: 16px; color: #05012d;\" href=\"https:\/\/aok.pte.hu\/\"><b>\u00c1ltal\u00e1nos Orvostudom\u00e1nyi Kara<\/b><\/a>, a\u00a0<a style=\"font-size: 16px; color: #05012d;\" href=\"http:\/\/www.brc.hu\/hu\/\"><b>Szegedi Biol\u00f3giai Kutat\u00f3k\u00f6zpont<\/b><\/a>, valamint a\u00a0<b><a style=\"font-size: 16px; color: #05012d;\" href=\"https:\/\/anat.unideb.hu\/hu\/\">Debreceni Egyetem<\/a>.<\/b> A programsorozat f\u0151 szervez\u0151i \u00e9s t\u00e1mogat\u00f3i a nemzetk\u00f6zi\u00a0<b><a style=\"font-size: 16px; color: #05012d;\" href=\"https:\/\/www.dana.org\/\">DANA Foundation<\/a>, FENS<\/b>, a\u00a0<a style=\"font-size: 16px; color: #05012d;\" href=\"https:\/\/www.mitt.hu\/hu\"><b>Magyar Idegtudom\u00e1nyi T\u00e1rsas\u00e1g (MITT)<\/b><\/a>\u00a0\u00e9s a\u00a0<a style=\"font-size: 16px; color: #05012d;\" href=\"http:\/\/koki.hu\/\"><b>K\u00eds\u00e9rleti Orvostudom\u00e1nyi Kutat\u00f3int\u00e9zet<\/b><\/a>. 2020 \u00f3ta az MITT megb\u00edz\u00e1s\u00e1b\u00f3l int\u00e9zet\u00fcnk l\u00e1tja el a rendezv\u00e9ny orsz\u00e1gos koordin\u00e1ci\u00f3j\u00e1t.<\/span><\/p><p style=\"text-align: justify;\"><span style=\"color: #05012d;\">A programok sor\u00e1n nem csak neurobiol\u00f3giai megk\u00f6zel\u00edt\u00e9seket, hanem gyakorlati, a mindennapi \u00e9lethez k\u00f6thet\u0151, egy\u00e9ni \u00e9s t\u00e1rsadalmi hat\u00e1ssal b\u00edr\u00f3 ismereteket is szerezhetnek a l\u00e1togat\u00f3k. \u00c9vr\u0151l \u00e9vre m\u00e1s \u00e9s m\u00e1s tematik\u00e1j\u00fa el\u0151ad\u00e1sok hangzanak el a helysz\u00edneken, ezzel is bemutatva e tudom\u00e1nyter\u00fclet soksz\u00edn\u0171s\u00e9g\u00e9t.<\/span><\/p>\t\t\t\t\t\t\t\t<\/div>\n\t\t\t\t<\/div>\n\t\t\t\t\t<\/div>\n\t\t<\/div>\n\t\t\t\t\t<\/div>\n\t\t<\/section>\n\t\t\t\t<div class=\"elementor-element elementor-element-38356b06 elementor-widget elementor-widget-text-editor\" data-id=\"38356b06\" data-element_type=\"widget\" data-widget_type=\"text-editor.default\">\n\t\t\t\t<div class=\"elementor-widget-container\">\n\t\t\t\t\t\t\t\t\t<p style=\"text-align: justify;\"><span style=\"color: #05012d;\">Id\u00e9n P\u00e9csett a gyakorlati, tapasztalati ismeretszerz\u00e9s ker\u00fcl k\u00f6z\u00e9ppontba m\u00e1rcius 17-e \u00e9s 20-a k\u00f6z\u00f6tt. A fiatal koroszt\u00e1ly nem csak az ember, hanem az \u00e1llatok mozg\u00e1s- \u00e9s egyens\u00falyrendszer\u00e9nek m\u0171k\u00f6d\u00e9s\u00e9t is megismerheti a P\u00e9csi \u00c1llatkertben az <strong>&#8222;<a style=\"color: #05012d;\" href=\"https:\/\/www.facebook.com\/events\/705099143984623\/?acontext=%7B%22event_action_history%22%3A[%7B%22mechanism%22%3A%22search_results%22%2C%22surface%22%3A%22search%22%7D]%2C%22ref_notif_type%22%3Anull%7D\">\u00c1llati kalandoz\u00e1s az elm\u00e9nk k\u00f6r\u00fcl<\/a>&#8222;<\/strong> program sor\u00e1n. A gyermekeknek sz\u00f3l\u00f3 workshopok sz\u00fcnet\u00e9ben f\u00f3katr\u00e9ninggel, a program z\u00e1r\u00e1sak\u00e9nt pedig oroszl\u00e1netet\u00e9ssel v\u00e1rj\u00e1k a szervez\u0151k a lelkes kalandorokat \u00e9s csal\u00e1djaikat.<\/span><\/p><p style=\"text-align: left;\"><span style=\"color: #05012d;\">Az egyetemist\u00e1kat <b>Zebrahal laborl\u00e1togat\u00e1sra <\/b>invit\u00e1lj\u00e1k, mely sor\u00e1n fut\u00f3 kutat\u00e1sokkal is megismerkedhetnek.<\/span><\/p><p style=\"text-align: justify;\"><span style=\"color: #05012d;\"><span style=\"font-size: 16px; font-weight: var( --e-global-typography-text-font-weight );\">A\u00a0<\/span><strong><a style=\"color: #05012d;\" href=\"https:\/\/www.youtube.com\/watch?v=Jump4jK_o_Y\" target=\"_blank\" rel=\"noopener\">Cybercrime: meghackelve. Pszichol\u00f3giai manipul\u00e1ci\u00f3 a kibert\u00e9rben<\/a><\/strong><span style=\"font-size: 16px; font-weight: var( --e-global-typography-text-font-weight );\">\u00a0online kerekasztal-besz\u00e9lget\u00e9sen a vil\u00e1gh\u00e1l\u00f3n fut\u00f3 vesz\u00e9lyeket, a social engineering jelens\u00e9get \u00e9s annak neuropszichol\u00f3giai h\u00e1tter\u00e9t j\u00e1rj\u00e1k k\u00f6r\u00fcl a szak\u00e9rt\u0151k.<\/span><\/span><\/p><p style=\"text-align: justify;\"><span style=\"color: #05012d;\">A M\u0171v\u00e9szetek \u00e9s Irodalom H\u00e1z\u00e1ban egy igaz\u00e1n nyugtat\u00f3 programmal v\u00e1rnak mindenkit a szervez\u0151k: az <strong><a style=\"color: #05012d;\" href=\"https:\/\/www.facebook.com\/events\/510896400647231\/?acontext=%7B%22event_action_history%22%3A[%7B%22mechanism%22%3A%22search_results%22%2C%22surface%22%3A%22search%22%7D]%2C%22ref_notif_type%22%3Anull%7D\">Engedd el a feszk\u00f3t!<\/a><\/strong> workshop keret\u00e9ben a Semse World appjaival \u00e9s neurofeedback eszk\u00f6zeivel ny\u00edlik lehet\u0151s\u00e9g az otthoni, k\u00fcl\u00f6nf\u00e9le eszk\u00f6z\u00f6k \u00e1ltal t\u00e1mogatott relax\u00e1ci\u00f3 kipr\u00f3b\u00e1l\u00e1s\u00e1ra, de terraform\u00e1lhatunk egy \u00e9lettelen bolyg\u00f3t, vagy zen\u00e9t is szerezhet\u00fcnk.<\/span><\/p><p style=\"text-align: justify;\"><span style=\"color: #05012d;\">Az Agykutat\u00e1s Hete p\u00e9csi rendezv\u00e9nyeit az online kerekasztal-besz\u00e9lget\u00e9s kiv\u00e9tel\u00e9vel<b> el\u0151zetes regisztr\u00e1ci\u00f3 ellen\u00e9ben lehet felkeresni. Az \u00e1llatkerti programra regisztr\u00e1l\u00f3 gyermekek \u00e9s csal\u00e1djaik kedvezm\u00e9nyes bel\u00e9p\u0151jegyre jogosultak.<\/b><\/span><\/p><p style=\"text-align: justify;\"><span style=\"color: #05012d;\">Tov\u00e1bbi r\u00e9szletes programle\u00edr\u00e1s, inform\u00e1ci\u00f3 \u00e9s regisztr\u00e1ci\u00f3s lehet\u0151s\u00e9g a <strong><a style=\"color: #05012d;\" href=\"https:\/\/agykutatashete.hu\/\">www.agykutatashete.hu<\/a><\/strong> weboldalon tal\u00e1lhat\u00f3.<\/span><\/p><p style=\"text-align: justify;\"><span style=\"color: #05012d;\"><b>Facebook esem\u00e9ny\u00fcnk:<\/b> https:\/\/fb.me\/e\/1FqkzyIxo<\/span><\/p>\t\t\t\t\t\t\t\t<\/div>\n\t\t\t\t<\/div>\n\t\t\t\t\t<\/div>\n\t\t<\/div>\n\t\t\t\t\t<\/div>\n\t\t<\/section>\n\t\t\t\t<\/div>\n\t\t","protected":false},"excerpt":{"rendered":"<p>T\u00f6bb kutat\u00f3int\u00e9zet \u00e9s egyetem, k\u00f6zt\u00fck a PTE \u00f6sszefog\u00e1s\u00e1val m\u00e1rcius 16-20. k\u00f6z\u00f6tt id\u00e9n is megval\u00f3sul az\u00a0Agykutat\u00e1s Hete\u00a0rendezv\u00e9nysorozat, melynek keret\u00e9ben Budapesten, Debrecenben, P\u00e9csett \u00e9s Szegeden ismeretterjeszt\u0151 el\u0151ad\u00e1sokon, l\u00e1tv\u00e1nyos laborl\u00e1togat\u00e1s, valamint kerekasztal-besz\u00e9lget\u00e9s sor\u00e1n mutatj\u00e1k be kutat\u00f3k \u00e9s szak\u00e9rt\u0151k idegrendszer\u00fcnk m\u0171k\u00f6d\u00e9s\u00e9t, bepillant\u00e1st engedve az agykutat\u00e1s k\u00fcl\u00f6nb\u00f6z\u0151 aspektusaiba. A\u00a0DANA Alap\u00edtv\u00e1ny\u00a0\u00e1ltal koordin\u00e1lt\u00a0Brain Awareness Week\u00a0(Agykutat\u00e1s Hete) imm\u00e1ron 27. \u00e9ve n\u00e9pszer\u0171s\u00edti az agykutat\u00e1s [&hellip;]<\/p>\n","protected":false},"author":9,"featured_media":0,"parent":0,"menu_order":0,"comment_status":"closed","ping_status":"closed","template":"","meta":{"om_disable_all_campaigns":false,"_monsterinsights_skip_tracking":false,"_monsterinsights_sitenote_active":false,"_monsterinsights_sitenote_note":"","_monsterinsights_sitenote_category":0,"_uf_show_specific_survey":0,"_uf_disable_surveys":false,"footnotes":""},"class_list":["post-3677","page","type-page","status-publish","hentry"],"yoast_head":"<!-- This site is optimized with the Yoast SEO plugin v27.4 - https:\/\/yoast.com\/product\/yoast-seo-wordpress\/ -->\n<title>Agykutat\u00e1s Hete 2022 - ITD official webpage<\/title>\n<meta name=\"robots\" content=\"index, follow, max-snippet:-1, max-image-preview:large, max-video-preview:-1\" \/>\n<link rel=\"canonical\" href=\"https:\/\/itdweb.hu\/en\/agykutatas-hete-2022\/\" \/>\n<meta property=\"og:locale\" content=\"en_US\" \/>\n<meta property=\"og:type\" content=\"article\" \/>\n<meta property=\"og:title\" content=\"Agykutat\u00e1s Hete 2022 - ITD official webpage\" \/>\n<meta property=\"og:description\" content=\"T\u00f6bb kutat\u00f3int\u00e9zet \u00e9s egyetem, k\u00f6zt\u00fck a PTE \u00f6sszefog\u00e1s\u00e1val m\u00e1rcius 16-20. k\u00f6z\u00f6tt id\u00e9n is megval\u00f3sul az\u00a0Agykutat\u00e1s Hete\u00a0rendezv\u00e9nysorozat, melynek keret\u00e9ben Budapesten, Debrecenben, P\u00e9csett \u00e9s Szegeden ismeretterjeszt\u0151 el\u0151ad\u00e1sokon, l\u00e1tv\u00e1nyos laborl\u00e1togat\u00e1s, valamint kerekasztal-besz\u00e9lget\u00e9s sor\u00e1n mutatj\u00e1k be kutat\u00f3k \u00e9s szak\u00e9rt\u0151k idegrendszer\u00fcnk m\u0171k\u00f6d\u00e9s\u00e9t, bepillant\u00e1st engedve az agykutat\u00e1s k\u00fcl\u00f6nb\u00f6z\u0151 aspektusaiba. A\u00a0DANA Alap\u00edtv\u00e1ny\u00a0\u00e1ltal koordin\u00e1lt\u00a0Brain Awareness Week\u00a0(Agykutat\u00e1s Hete) imm\u00e1ron 27. \u00e9ve n\u00e9pszer\u0171s\u00edti az agykutat\u00e1s [&hellip;]\" \/>\n<meta property=\"og:url\" content=\"https:\/\/itdweb.hu\/en\/agykutatas-hete-2022\/\" \/>\n<meta property=\"og:site_name\" content=\"ITD official webpage\" \/>\n<meta property=\"article:publisher\" content=\"https:\/\/www.facebook.com\/itdpteaok\" \/>\n<meta property=\"article:modified_time\" content=\"2022-04-05T08:17:09+00:00\" \/>\n<meta property=\"og:image\" content=\"https:\/\/itdweb.hu\/wp-content\/uploads\/2022\/04\/2022_baw03-701x1024.jpg\" \/>\n<meta name=\"twitter:card\" content=\"summary_large_image\" \/>\n<meta name=\"twitter:site\" content=\"@itd_pte\" \/>\n<meta name=\"twitter:label1\" content=\"Est. reading time\" \/>\n\t<meta name=\"twitter:data1\" content=\"3 minutes\" \/>\n<script type=\"application\/ld+json\" class=\"yoast-schema-graph\">{\"@context\":\"https:\\\/\\\/schema.org\",\"@graph\":[{\"@type\":\"WebPage\",\"@id\":\"https:\\\/\\\/itdweb.hu\\\/agykutatas-hete-2022\\\/\",\"url\":\"https:\\\/\\\/itdweb.hu\\\/agykutatas-hete-2022\\\/\",\"name\":\"Agykutat\u00e1s Hete 2022 - ITD official webpage\",\"isPartOf\":{\"@id\":\"https:\\\/\\\/itdweb.hu\\\/en\\\/#website\"},\"primaryImageOfPage\":{\"@id\":\"https:\\\/\\\/itdweb.hu\\\/agykutatas-hete-2022\\\/#primaryimage\"},\"image\":{\"@id\":\"https:\\\/\\\/itdweb.hu\\\/agykutatas-hete-2022\\\/#primaryimage\"},\"thumbnailUrl\":\"https:\\\/\\\/itdweb.hu\\\/wp-content\\\/uploads\\\/2022\\\/04\\\/2022_baw03-701x1024.jpg\",\"datePublished\":\"2022-04-05T08:05:49+00:00\",\"dateModified\":\"2022-04-05T08:17:09+00:00\",\"breadcrumb\":{\"@id\":\"https:\\\/\\\/itdweb.hu\\\/agykutatas-hete-2022\\\/#breadcrumb\"},\"inLanguage\":\"en-US\",\"potentialAction\":[{\"@type\":\"ReadAction\",\"target\":[\"https:\\\/\\\/itdweb.hu\\\/agykutatas-hete-2022\\\/\"]}]},{\"@type\":\"ImageObject\",\"inLanguage\":\"en-US\",\"@id\":\"https:\\\/\\\/itdweb.hu\\\/agykutatas-hete-2022\\\/#primaryimage\",\"url\":\"https:\\\/\\\/itdweb.hu\\\/wp-content\\\/uploads\\\/2022\\\/04\\\/2022_baw03-701x1024.jpg\",\"contentUrl\":\"https:\\\/\\\/itdweb.hu\\\/wp-content\\\/uploads\\\/2022\\\/04\\\/2022_baw03-701x1024.jpg\"},{\"@type\":\"BreadcrumbList\",\"@id\":\"https:\\\/\\\/itdweb.hu\\\/agykutatas-hete-2022\\\/#breadcrumb\",\"itemListElement\":[{\"@type\":\"ListItem\",\"position\":1,\"name\":\"Home\",\"item\":\"https:\\\/\\\/itdweb.hu\\\/\"},{\"@type\":\"ListItem\",\"position\":2,\"name\":\"Agykutat\u00e1s Hete 2022\"}]},{\"@type\":\"WebSite\",\"@id\":\"https:\\\/\\\/itdweb.hu\\\/en\\\/#website\",\"url\":\"https:\\\/\\\/itdweb.hu\\\/en\\\/\",\"name\":\"ITD official webpage\",\"description\":\"\",\"publisher\":{\"@id\":\"https:\\\/\\\/itdweb.hu\\\/en\\\/#organization\"},\"potentialAction\":[{\"@type\":\"SearchAction\",\"target\":{\"@type\":\"EntryPoint\",\"urlTemplate\":\"https:\\\/\\\/itdweb.hu\\\/en\\\/?s={search_term_string}\"},\"query-input\":{\"@type\":\"PropertyValueSpecification\",\"valueRequired\":true,\"valueName\":\"search_term_string\"}}],\"inLanguage\":\"en-US\"},{\"@type\":\"Organization\",\"@id\":\"https:\\\/\\\/itdweb.hu\\\/en\\\/#organization\",\"name\":\"ITD - Institute of Transdisciplinary Discoveries\",\"url\":\"https:\\\/\\\/itdweb.hu\\\/en\\\/\",\"logo\":{\"@type\":\"ImageObject\",\"inLanguage\":\"en-US\",\"@id\":\"https:\\\/\\\/itdweb.hu\\\/en\\\/#\\\/schema\\\/logo\\\/image\\\/\",\"url\":\"https:\\\/\\\/itdweb.hu\\\/wp-content\\\/uploads\\\/2020\\\/11\\\/itd-ikon.png\",\"contentUrl\":\"https:\\\/\\\/itdweb.hu\\\/wp-content\\\/uploads\\\/2020\\\/11\\\/itd-ikon.png\",\"width\":512,\"height\":512,\"caption\":\"ITD - Institute of Transdisciplinary Discoveries\"},\"image\":{\"@id\":\"https:\\\/\\\/itdweb.hu\\\/en\\\/#\\\/schema\\\/logo\\\/image\\\/\"},\"sameAs\":[\"https:\\\/\\\/www.facebook.com\\\/itdpteaok\",\"https:\\\/\\\/x.com\\\/itd_pte\",\"https:\\\/\\\/www.linkedin.com\\\/company\\\/institute-of-transdisciplinary-discoveries\",\"https:\\\/\\\/www.youtube.com\\\/channel\\\/UCJpKCIjIg0aVbPQztlXBdcg\"]}]}<\/script>\n<!-- \/ Yoast SEO plugin. -->","yoast_head_json":{"title":"Agykutat\u00e1s Hete 2022 - ITD official webpage","robots":{"index":"index","follow":"follow","max-snippet":"max-snippet:-1","max-image-preview":"max-image-preview:large","max-video-preview":"max-video-preview:-1"},"canonical":"https:\/\/itdweb.hu\/en\/agykutatas-hete-2022\/","og_locale":"en_US","og_type":"article","og_title":"Agykutat\u00e1s Hete 2022 - ITD official webpage","og_description":"T\u00f6bb kutat\u00f3int\u00e9zet \u00e9s egyetem, k\u00f6zt\u00fck a PTE \u00f6sszefog\u00e1s\u00e1val m\u00e1rcius 16-20. k\u00f6z\u00f6tt id\u00e9n is megval\u00f3sul az\u00a0Agykutat\u00e1s Hete\u00a0rendezv\u00e9nysorozat, melynek keret\u00e9ben Budapesten, Debrecenben, P\u00e9csett \u00e9s Szegeden ismeretterjeszt\u0151 el\u0151ad\u00e1sokon, l\u00e1tv\u00e1nyos laborl\u00e1togat\u00e1s, valamint kerekasztal-besz\u00e9lget\u00e9s sor\u00e1n mutatj\u00e1k be kutat\u00f3k \u00e9s szak\u00e9rt\u0151k idegrendszer\u00fcnk m\u0171k\u00f6d\u00e9s\u00e9t, bepillant\u00e1st engedve az agykutat\u00e1s k\u00fcl\u00f6nb\u00f6z\u0151 aspektusaiba. A\u00a0DANA Alap\u00edtv\u00e1ny\u00a0\u00e1ltal koordin\u00e1lt\u00a0Brain Awareness Week\u00a0(Agykutat\u00e1s Hete) imm\u00e1ron 27. \u00e9ve n\u00e9pszer\u0171s\u00edti az agykutat\u00e1s [&hellip;]","og_url":"https:\/\/itdweb.hu\/en\/agykutatas-hete-2022\/","og_site_name":"ITD official webpage","article_publisher":"https:\/\/www.facebook.com\/itdpteaok","article_modified_time":"2022-04-05T08:17:09+00:00","og_image":[{"url":"https:\/\/itdweb.hu\/wp-content\/uploads\/2022\/04\/2022_baw03-701x1024.jpg","type":"","width":"","height":""}],"twitter_card":"summary_large_image","twitter_site":"@itd_pte","twitter_misc":{"Est. reading time":"3 minutes"},"schema":{"@context":"https:\/\/schema.org","@graph":[{"@type":"WebPage","@id":"https:\/\/itdweb.hu\/agykutatas-hete-2022\/","url":"https:\/\/itdweb.hu\/agykutatas-hete-2022\/","name":"Agykutat\u00e1s Hete 2022 - ITD official webpage","isPartOf":{"@id":"https:\/\/itdweb.hu\/en\/#website"},"primaryImageOfPage":{"@id":"https:\/\/itdweb.hu\/agykutatas-hete-2022\/#primaryimage"},"image":{"@id":"https:\/\/itdweb.hu\/agykutatas-hete-2022\/#primaryimage"},"thumbnailUrl":"https:\/\/itdweb.hu\/wp-content\/uploads\/2022\/04\/2022_baw03-701x1024.jpg","datePublished":"2022-04-05T08:05:49+00:00","dateModified":"2022-04-05T08:17:09+00:00","breadcrumb":{"@id":"https:\/\/itdweb.hu\/agykutatas-hete-2022\/#breadcrumb"},"inLanguage":"en-US","potentialAction":[{"@type":"ReadAction","target":["https:\/\/itdweb.hu\/agykutatas-hete-2022\/"]}]},{"@type":"ImageObject","inLanguage":"en-US","@id":"https:\/\/itdweb.hu\/agykutatas-hete-2022\/#primaryimage","url":"https:\/\/itdweb.hu\/wp-content\/uploads\/2022\/04\/2022_baw03-701x1024.jpg","contentUrl":"https:\/\/itdweb.hu\/wp-content\/uploads\/2022\/04\/2022_baw03-701x1024.jpg"},{"@type":"BreadcrumbList","@id":"https:\/\/itdweb.hu\/agykutatas-hete-2022\/#breadcrumb","itemListElement":[{"@type":"ListItem","position":1,"name":"Home","item":"https:\/\/itdweb.hu\/"},{"@type":"ListItem","position":2,"name":"Agykutat\u00e1s Hete 2022"}]},{"@type":"WebSite","@id":"https:\/\/itdweb.hu\/en\/#website","url":"https:\/\/itdweb.hu\/en\/","name":"ITD official webpage","description":"","publisher":{"@id":"https:\/\/itdweb.hu\/en\/#organization"},"potentialAction":[{"@type":"SearchAction","target":{"@type":"EntryPoint","urlTemplate":"https:\/\/itdweb.hu\/en\/?s={search_term_string}"},"query-input":{"@type":"PropertyValueSpecification","valueRequired":true,"valueName":"search_term_string"}}],"inLanguage":"en-US"},{"@type":"Organization","@id":"https:\/\/itdweb.hu\/en\/#organization","name":"ITD - Institute of Transdisciplinary Discoveries","url":"https:\/\/itdweb.hu\/en\/","logo":{"@type":"ImageObject","inLanguage":"en-US","@id":"https:\/\/itdweb.hu\/en\/#\/schema\/logo\/image\/","url":"https:\/\/itdweb.hu\/wp-content\/uploads\/2020\/11\/itd-ikon.png","contentUrl":"https:\/\/itdweb.hu\/wp-content\/uploads\/2020\/11\/itd-ikon.png","width":512,"height":512,"caption":"ITD - Institute of Transdisciplinary Discoveries"},"image":{"@id":"https:\/\/itdweb.hu\/en\/#\/schema\/logo\/image\/"},"sameAs":["https:\/\/www.facebook.com\/itdpteaok","https:\/\/x.com\/itd_pte","https:\/\/www.linkedin.com\/company\/institute-of-transdisciplinary-discoveries","https:\/\/www.youtube.com\/channel\/UCJpKCIjIg0aVbPQztlXBdcg"]}]}},"_links":{"self":[{"href":"https:\/\/itdweb.hu\/en\/wp-json\/wp\/v2\/pages\/3677","targetHints":{"allow":["GET"]}}],"collection":[{"href":"https:\/\/itdweb.hu\/en\/wp-json\/wp\/v2\/pages"}],"about":[{"href":"https:\/\/itdweb.hu\/en\/wp-json\/wp\/v2\/types\/page"}],"author":[{"embeddable":true,"href":"https:\/\/itdweb.hu\/en\/wp-json\/wp\/v2\/users\/9"}],"replies":[{"embeddable":true,"href":"https:\/\/itdweb.hu\/en\/wp-json\/wp\/v2\/comments?post=3677"}],"version-history":[{"count":7,"href":"https:\/\/itdweb.hu\/en\/wp-json\/wp\/v2\/pages\/3677\/revisions"}],"predecessor-version":[{"id":3685,"href":"https:\/\/itdweb.hu\/en\/wp-json\/wp\/v2\/pages\/3677\/revisions\/3685"}],"wp:attachment":[{"href":"https:\/\/itdweb.hu\/en\/wp-json\/wp\/v2\/media?parent=3677"}],"curies":[{"name":"wp","href":"https:\/\/api.w.org\/{rel}","templated":true}]}}