{"id":371,"date":"2020-05-22T07:47:59","date_gmt":"2020-05-22T07:47:59","guid":{"rendered":"http:\/\/itdweb.hu\/?page_id=371"},"modified":"2023-03-02T08:38:01","modified_gmt":"2023-03-02T08:38:01","slug":"eit-startupoknak","status":"publish","type":"page","link":"https:\/\/itdweb.hu\/en\/eit-startupoknak\/","title":{"rendered":"Startupoknak"},"content":{"rendered":"<div class=\"wpb-content-wrapper\">\r\n<div  data-mk-stretch-content=\"true\" class=\"wpb_row vc_row vc_row-fluid jupiter-donut- mk-fullwidth-false  attched-false     js-master-row  mk-grid\">\r\n\t\t\t\t\r\n<div class=\"vc_col-sm-12 wpb_column column_container  jupiter-donut- _ jupiter-donut-height-full\">\r\n\t<div class=\"vc_empty_space\"   style=\"height: 100px\"><span class=\"vc_empty_space_inner\"><\/span><\/div>\r\n<h2 id=\"fancy-title-2\" class=\"mk-fancy-title  simple-style jupiter-donut-  color-single\">\r\n\t<span>\r\n\t\t\t\t<p>Programs available for startups<\/p>\n\t\t\t<\/span>\r\n<\/h2>\r\n<div class=\"clearboth\"><\/div>\r\n\r\n\r\n\r\n\n\t<div  class=\"wpb_single_image wpb_content_element vc_align_center wpb_content_element\">\n\t\t\n\t\t<figure class=\"wpb_wrapper vc_figure\">\n\t\t\t<a href=\"https:\/\/itdweb.hu\/en\/eit-health-bootcamps\/\" target=\"_self\" class=\"vc_single_image-wrapper   vc_box_border_grey\"><img fetchpriority=\"high\" decoding=\"async\" width=\"800\" height=\"206\" src=\"https:\/\/itdweb.hu\/wp-content\/uploads\/2023\/03\/bootcamps.jpg\" class=\"vc_single_image-img attachment-full\" alt=\"\" title=\"bootcamps\" srcset=\"https:\/\/itdweb.hu\/wp-content\/uploads\/2023\/03\/bootcamps.jpg 800w, https:\/\/itdweb.hu\/wp-content\/uploads\/2023\/03\/bootcamps-300x77.jpg 300w, https:\/\/itdweb.hu\/wp-content\/uploads\/2023\/03\/bootcamps-768x198.jpg 768w, https:\/\/itdweb.hu\/wp-content\/uploads\/2023\/03\/bootcamps-18x5.jpg 18w\" sizes=\"(max-width: 800px) 100vw, 800px\" itemprop=\"image\" \/><\/a>\n\t\t<\/figure>\n\t<\/div>\n<\/div>\r\n\t<\/div>\r\n\r\n<div  data-mk-stretch-content=\"true\" class=\"wpb_row vc_row vc_row-fluid jupiter-donut- mk-fullwidth-false  attched-false     js-master-row  mk-grid\">\r\n\t\t\t\t\r\n<div class=\"vc_col-sm-12 wpb_column column_container  jupiter-donut- _ jupiter-donut-height-full\">\r\n\t\n\t<div  class=\"wpb_single_image wpb_content_element vc_align_center wpb_content_element\">\n\t\t\n\t\t<figure class=\"wpb_wrapper vc_figure\">\n\t\t\t<a href=\"https:\/\/itdweb.hu\/en\/europai-egeszsegipari-palyazatok\/\" target=\"_self\" class=\"vc_single_image-wrapper   vc_box_border_grey\"><img decoding=\"async\" width=\"800\" height=\"206\" src=\"https:\/\/itdweb.hu\/wp-content\/uploads\/2021\/11\/pexels-pixabay-207691-3.jpg\" class=\"vc_single_image-img attachment-full\" alt=\"\" title=\"pexels-pixabay-207691-3\" srcset=\"https:\/\/itdweb.hu\/wp-content\/uploads\/2021\/11\/pexels-pixabay-207691-3.jpg 800w, https:\/\/itdweb.hu\/wp-content\/uploads\/2021\/11\/pexels-pixabay-207691-3-300x77.jpg 300w, https:\/\/itdweb.hu\/wp-content\/uploads\/2021\/11\/pexels-pixabay-207691-3-768x198.jpg 768w, https:\/\/itdweb.hu\/wp-content\/uploads\/2021\/11\/pexels-pixabay-207691-3-18x5.jpg 18w, https:\/\/itdweb.hu\/wp-content\/uploads\/2021\/11\/pexels-pixabay-207691-3-600x155.jpg 600w\" sizes=\"(max-width: 800px) 100vw, 800px\" itemprop=\"image\" \/><\/a>\n\t\t<\/figure>\n\t<\/div>\n<\/div>\r\n\t<\/div>\r\n\r\n<div  data-mk-stretch-content=\"true\" class=\"wpb_row vc_row vc_row-fluid jupiter-donut- mk-fullwidth-false  attched-false     js-master-row  mk-grid\">\r\n\t\t\t\t\r\n<div class=\"vc_col-sm-12 wpb_column column_container  jupiter-donut- _ jupiter-donut-height-full\">\r\n\t\n\t<div  class=\"wpb_single_image wpb_content_element vc_align_center wpb_content_element\">\n\t\t\n\t\t<figure class=\"wpb_wrapper vc_figure\">\n\t\t\t<a href=\"https:\/\/itdweb.hu\/en\/eit-health-ris-innovation-call-2023\/\" target=\"_self\" class=\"vc_single_image-wrapper   vc_box_border_grey\"><img decoding=\"async\" width=\"800\" height=\"206\" src=\"https:\/\/itdweb.hu\/wp-content\/uploads\/2021\/11\/ris-innov-call.jpg\" class=\"vc_single_image-img attachment-full\" alt=\"\" title=\"ris-innov-call\" srcset=\"https:\/\/itdweb.hu\/wp-content\/uploads\/2021\/11\/ris-innov-call.jpg 800w, https:\/\/itdweb.hu\/wp-content\/uploads\/2021\/11\/ris-innov-call-300x77.jpg 300w, https:\/\/itdweb.hu\/wp-content\/uploads\/2021\/11\/ris-innov-call-768x198.jpg 768w, https:\/\/itdweb.hu\/wp-content\/uploads\/2021\/11\/ris-innov-call-18x5.jpg 18w, https:\/\/itdweb.hu\/wp-content\/uploads\/2021\/11\/ris-innov-call-600x155.jpg 600w\" sizes=\"(max-width: 800px) 100vw, 800px\" itemprop=\"image\" \/><\/a>\n\t\t<\/figure>\n\t<\/div>\n<\/div>\r\n\t<\/div>\r\n\r\n<div  data-mk-stretch-content=\"true\" class=\"wpb_row vc_row vc_row-fluid jupiter-donut- mk-fullwidth-false  attched-false     js-master-row  mk-grid\">\r\n\t\t\t\t\r\n<div class=\"vc_col-sm-12 wpb_column column_container  jupiter-donut- _ jupiter-donut-height-full\">\r\n\t\n\t<div  class=\"wpb_single_image wpb_content_element vc_align_center wpb_content_element\">\n\t\t\n\t\t<figure class=\"wpb_wrapper vc_figure\">\n\t\t\t<a href=\"https:\/\/itdweb.hu\/en\/ris-innovation-training-2022\/\" target=\"_self\" class=\"vc_single_image-wrapper   vc_box_border_grey\"><img loading=\"lazy\" decoding=\"async\" width=\"800\" height=\"206\" src=\"https:\/\/itdweb.hu\/wp-content\/uploads\/2021\/11\/ris-innovation-training.jpg\" class=\"vc_single_image-img attachment-full\" alt=\"\" title=\"ris-innovation-training\" srcset=\"https:\/\/itdweb.hu\/wp-content\/uploads\/2021\/11\/ris-innovation-training.jpg 800w, https:\/\/itdweb.hu\/wp-content\/uploads\/2021\/11\/ris-innovation-training-300x77.jpg 300w, https:\/\/itdweb.hu\/wp-content\/uploads\/2021\/11\/ris-innovation-training-768x198.jpg 768w, https:\/\/itdweb.hu\/wp-content\/uploads\/2021\/11\/ris-innovation-training-18x5.jpg 18w, https:\/\/itdweb.hu\/wp-content\/uploads\/2021\/11\/ris-innovation-training-600x155.jpg 600w\" sizes=\"(max-width: 800px) 100vw, 800px\" itemprop=\"image\" \/><\/a>\n\t\t<\/figure>\n\t<\/div>\n<\/div>\r\n\t<\/div>\r\n\r\n<div  data-mk-stretch-content=\"true\" class=\"wpb_row vc_row vc_row-fluid jupiter-donut- mk-fullwidth-false  attched-false     js-master-row  mk-grid\">\r\n\t\t\t\t\r\n<div class=\"vc_col-sm-12 wpb_column column_container  jupiter-donut- _ jupiter-donut-height-full\">\r\n\t\n\t<div  class=\"wpb_single_image wpb_content_element vc_align_center wpb_content_element\">\n\t\t\n\t\t<figure class=\"wpb_wrapper vc_figure\">\n\t\t\t<a href=\"https:\/\/itdweb.hu\/en\/eit-health-drive-2022\/\" target=\"_self\" class=\"vc_single_image-wrapper   vc_box_border_grey\"><img loading=\"lazy\" decoding=\"async\" class=\"vc_single_image-img\" src=\"https:\/\/itdweb.hu\/wp-content\/uploads\/2022\/07\/drive-hatter-1-800x206.jpg\" width=\"800\" height=\"206\" alt=\"drive-hatter\" title=\"drive-hatter\" \/><\/a>\n\t\t<\/figure>\n\t<\/div>\n<\/div>\r\n\t<\/div>\r\n\r\n<div  data-mk-stretch-content=\"true\" class=\"wpb_row vc_row vc_row-fluid jupiter-donut- mk-fullwidth-false  attched-false     js-master-row  mk-grid\">\r\n\t\t\t\t\r\n<div class=\"vc_col-sm-12 wpb_column column_container  jupiter-donut- _ jupiter-donut-height-full\">\r\n\t\n\t<div  class=\"wpb_single_image wpb_content_element vc_align_center wpb_content_element\">\n\t\t\n\t\t<figure class=\"wpb_wrapper vc_figure\">\n\t\t\t<a href=\"https:\/\/eithealth.eu\/project\/we-health\/\" target=\"_self\" class=\"vc_single_image-wrapper   vc_box_border_grey\"><img loading=\"lazy\" decoding=\"async\" width=\"800\" height=\"206\" src=\"https:\/\/itdweb.hu\/wp-content\/uploads\/2021\/11\/we.jpg\" class=\"vc_single_image-img attachment-full\" alt=\"\" title=\"we\" srcset=\"https:\/\/itdweb.hu\/wp-content\/uploads\/2021\/11\/we.jpg 800w, https:\/\/itdweb.hu\/wp-content\/uploads\/2021\/11\/we-300x77.jpg 300w, https:\/\/itdweb.hu\/wp-content\/uploads\/2021\/11\/we-768x198.jpg 768w, https:\/\/itdweb.hu\/wp-content\/uploads\/2021\/11\/we-18x5.jpg 18w, https:\/\/itdweb.hu\/wp-content\/uploads\/2021\/11\/we-600x155.jpg 600w\" sizes=\"(max-width: 800px) 100vw, 800px\" itemprop=\"image\" \/><\/a>\n\t\t<\/figure>\n\t<\/div>\n<\/div>\r\n\t<\/div>\r\n\r\n<div  data-mk-stretch-content=\"true\" class=\"wpb_row vc_row vc_row-fluid jupiter-donut- mk-fullwidth-false  attched-false     js-master-row  mk-grid\">\r\n\t\t\t\t\r\n<div class=\"vc_col-sm-12 wpb_column column_container  jupiter-donut- _ jupiter-donut-height-full\">\r\n\t\n\t<div  class=\"wpb_single_image wpb_content_element vc_align_center wpb_content_element\">\n\t\t\n\t\t<figure class=\"wpb_wrapper vc_figure\">\n\t\t\t<a href=\"https:\/\/itdweb.hu\/en\/innostars-start-up-amplifier\/\" target=\"_self\" class=\"vc_single_image-wrapper   vc_box_border_grey\"><img loading=\"lazy\" decoding=\"async\" width=\"800\" height=\"206\" src=\"https:\/\/itdweb.hu\/wp-content\/uploads\/2021\/11\/amplifier.jpg\" class=\"vc_single_image-img attachment-full\" alt=\"\" title=\"amplifier\" srcset=\"https:\/\/itdweb.hu\/wp-content\/uploads\/2021\/11\/amplifier.jpg 800w, https:\/\/itdweb.hu\/wp-content\/uploads\/2021\/11\/amplifier-300x77.jpg 300w, https:\/\/itdweb.hu\/wp-content\/uploads\/2021\/11\/amplifier-768x198.jpg 768w, https:\/\/itdweb.hu\/wp-content\/uploads\/2021\/11\/amplifier-18x5.jpg 18w, https:\/\/itdweb.hu\/wp-content\/uploads\/2021\/11\/amplifier-600x155.jpg 600w\" sizes=\"(max-width: 800px) 100vw, 800px\" itemprop=\"image\" \/><\/a>\n\t\t<\/figure>\n\t<\/div>\n<\/div>\r\n\t<\/div>\r\n\r\n<div  data-mk-stretch-content=\"true\" class=\"wpb_row vc_row vc_row-fluid jupiter-donut- mk-fullwidth-false  attched-false     js-master-row  mk-grid\">\r\n\t\t\t\t\r\n<div class=\"vc_col-sm-12 wpb_column column_container  jupiter-donut- _ jupiter-donut-height-full\">\r\n\t\n\t<div  class=\"wpb_single_image wpb_content_element vc_align_center wpb_content_element\">\n\t\t\n\t\t<figure class=\"wpb_wrapper vc_figure\">\n\t\t\t<a href=\"https:\/\/degree-programmes.eithealth.eu\/eit-health-eit-health-campus\/\" target=\"_self\" class=\"vc_single_image-wrapper   vc_box_border_grey\"><img loading=\"lazy\" decoding=\"async\" width=\"800\" height=\"206\" src=\"https:\/\/itdweb.hu\/wp-content\/uploads\/2021\/11\/wild-3.jpg\" class=\"vc_single_image-img attachment-full\" alt=\"\" title=\"wild\" srcset=\"https:\/\/itdweb.hu\/wp-content\/uploads\/2021\/11\/wild-3.jpg 800w, https:\/\/itdweb.hu\/wp-content\/uploads\/2021\/11\/wild-3-300x77.jpg 300w, https:\/\/itdweb.hu\/wp-content\/uploads\/2021\/11\/wild-3-768x198.jpg 768w, https:\/\/itdweb.hu\/wp-content\/uploads\/2021\/11\/wild-3-18x5.jpg 18w, https:\/\/itdweb.hu\/wp-content\/uploads\/2021\/11\/wild-3-600x155.jpg 600w\" sizes=\"(max-width: 800px) 100vw, 800px\" itemprop=\"image\" \/><\/a>\n\t\t<\/figure>\n\t<\/div>\n<\/div>\r\n\t<\/div>\r\n\n<\/div>","protected":false},"excerpt":{"rendered":"Programs available for startups","protected":false},"author":7,"featured_media":0,"parent":0,"menu_order":0,"comment_status":"closed","ping_status":"closed","template":"","meta":{"om_disable_all_campaigns":false,"_monsterinsights_skip_tracking":false,"_monsterinsights_sitenote_active":false,"_monsterinsights_sitenote_note":"","_monsterinsights_sitenote_category":0,"_uf_show_specific_survey":0,"_uf_disable_surveys":false,"footnotes":""},"class_list":["post-371","page","type-page","status-publish","hentry"],"yoast_head":"<!-- This site is optimized with the Yoast SEO plugin v27.4 - https:\/\/yoast.com\/product\/yoast-seo-wordpress\/ -->\n<title>Startupoknak - ITD official webpage<\/title>\n<meta name=\"description\" content=\"Oktat\u00e1s, k\u00e9pz\u00e9s, p\u00e1ly\u00e1zati tan\u00e1csad\u00e1s start-upok r\u00e9sz\u00e9re az Eur\u00f3pai Innov\u00e1ci\u00f3s \u00e9s Technol\u00f3giai Int\u00e9zet \u00e9s partnerei \u00e1ltal.\" \/>\n<meta name=\"robots\" content=\"index, follow, max-snippet:-1, max-image-preview:large, max-video-preview:-1\" \/>\n<link rel=\"canonical\" href=\"https:\/\/itdweb.hu\/en\/eit-startupoknak\/\" \/>\n<meta property=\"og:locale\" content=\"en_US\" \/>\n<meta property=\"og:type\" content=\"article\" \/>\n<meta property=\"og:title\" content=\"Startupoknak - ITD official webpage\" \/>\n<meta property=\"og:description\" content=\"Oktat\u00e1s, k\u00e9pz\u00e9s, p\u00e1ly\u00e1zati tan\u00e1csad\u00e1s start-upok r\u00e9sz\u00e9re az Eur\u00f3pai Innov\u00e1ci\u00f3s \u00e9s Technol\u00f3giai Int\u00e9zet \u00e9s partnerei \u00e1ltal.\" \/>\n<meta property=\"og:url\" content=\"https:\/\/itdweb.hu\/en\/eit-startupoknak\/\" \/>\n<meta property=\"og:site_name\" content=\"ITD official webpage\" \/>\n<meta property=\"article:publisher\" content=\"https:\/\/www.facebook.com\/itdpteaok\" \/>\n<meta property=\"article:modified_time\" content=\"2023-03-02T08:38:01+00:00\" \/>\n<meta name=\"twitter:card\" content=\"summary_large_image\" \/>\n<meta name=\"twitter:site\" content=\"@itd_pte\" \/>\n<meta name=\"twitter:label1\" content=\"Est. reading time\" \/>\n\t<meta name=\"twitter:data1\" content=\"1 minute\" \/>\n<script type=\"application\/ld+json\" class=\"yoast-schema-graph\">{\"@context\":\"https:\\\/\\\/schema.org\",\"@graph\":[{\"@type\":\"WebPage\",\"@id\":\"https:\\\/\\\/itdweb.hu\\\/eit-startupoknak\\\/\",\"url\":\"https:\\\/\\\/itdweb.hu\\\/eit-startupoknak\\\/\",\"name\":\"Startupoknak - ITD official webpage\",\"isPartOf\":{\"@id\":\"https:\\\/\\\/itdweb.hu\\\/en\\\/#website\"},\"datePublished\":\"2020-05-22T07:47:59+00:00\",\"dateModified\":\"2023-03-02T08:38:01+00:00\",\"description\":\"Oktat\u00e1s, k\u00e9pz\u00e9s, p\u00e1ly\u00e1zati tan\u00e1csad\u00e1s start-upok r\u00e9sz\u00e9re az Eur\u00f3pai Innov\u00e1ci\u00f3s \u00e9s Technol\u00f3giai Int\u00e9zet \u00e9s partnerei \u00e1ltal.\",\"breadcrumb\":{\"@id\":\"https:\\\/\\\/itdweb.hu\\\/eit-startupoknak\\\/#breadcrumb\"},\"inLanguage\":\"en-US\",\"potentialAction\":[{\"@type\":\"ReadAction\",\"target\":[\"https:\\\/\\\/itdweb.hu\\\/eit-startupoknak\\\/\"]}]},{\"@type\":\"BreadcrumbList\",\"@id\":\"https:\\\/\\\/itdweb.hu\\\/eit-startupoknak\\\/#breadcrumb\",\"itemListElement\":[{\"@type\":\"ListItem\",\"position\":1,\"name\":\"Home\",\"item\":\"https:\\\/\\\/itdweb.hu\\\/\"},{\"@type\":\"ListItem\",\"position\":2,\"name\":\"Startupoknak\"}]},{\"@type\":\"WebSite\",\"@id\":\"https:\\\/\\\/itdweb.hu\\\/en\\\/#website\",\"url\":\"https:\\\/\\\/itdweb.hu\\\/en\\\/\",\"name\":\"ITD official webpage\",\"description\":\"\",\"publisher\":{\"@id\":\"https:\\\/\\\/itdweb.hu\\\/en\\\/#organization\"},\"potentialAction\":[{\"@type\":\"SearchAction\",\"target\":{\"@type\":\"EntryPoint\",\"urlTemplate\":\"https:\\\/\\\/itdweb.hu\\\/en\\\/?s={search_term_string}\"},\"query-input\":{\"@type\":\"PropertyValueSpecification\",\"valueRequired\":true,\"valueName\":\"search_term_string\"}}],\"inLanguage\":\"en-US\"},{\"@type\":\"Organization\",\"@id\":\"https:\\\/\\\/itdweb.hu\\\/en\\\/#organization\",\"name\":\"ITD - Institute of Transdisciplinary Discoveries\",\"url\":\"https:\\\/\\\/itdweb.hu\\\/en\\\/\",\"logo\":{\"@type\":\"ImageObject\",\"inLanguage\":\"en-US\",\"@id\":\"https:\\\/\\\/itdweb.hu\\\/en\\\/#\\\/schema\\\/logo\\\/image\\\/\",\"url\":\"https:\\\/\\\/itdweb.hu\\\/wp-content\\\/uploads\\\/2020\\\/11\\\/itd-ikon.png\",\"contentUrl\":\"https:\\\/\\\/itdweb.hu\\\/wp-content\\\/uploads\\\/2020\\\/11\\\/itd-ikon.png\",\"width\":512,\"height\":512,\"caption\":\"ITD - Institute of Transdisciplinary Discoveries\"},\"image\":{\"@id\":\"https:\\\/\\\/itdweb.hu\\\/en\\\/#\\\/schema\\\/logo\\\/image\\\/\"},\"sameAs\":[\"https:\\\/\\\/www.facebook.com\\\/itdpteaok\",\"https:\\\/\\\/x.com\\\/itd_pte\",\"https:\\\/\\\/www.linkedin.com\\\/company\\\/institute-of-transdisciplinary-discoveries\",\"https:\\\/\\\/www.youtube.com\\\/channel\\\/UCJpKCIjIg0aVbPQztlXBdcg\"]}]}<\/script>\n<!-- \/ Yoast SEO plugin. -->","yoast_head_json":{"title":"Startupoknak - ITD official webpage","description":"Oktat\u00e1s, k\u00e9pz\u00e9s, p\u00e1ly\u00e1zati tan\u00e1csad\u00e1s start-upok r\u00e9sz\u00e9re az Eur\u00f3pai Innov\u00e1ci\u00f3s \u00e9s Technol\u00f3giai Int\u00e9zet \u00e9s partnerei \u00e1ltal.","robots":{"index":"index","follow":"follow","max-snippet":"max-snippet:-1","max-image-preview":"max-image-preview:large","max-video-preview":"max-video-preview:-1"},"canonical":"https:\/\/itdweb.hu\/en\/eit-startupoknak\/","og_locale":"en_US","og_type":"article","og_title":"Startupoknak - ITD official webpage","og_description":"Oktat\u00e1s, k\u00e9pz\u00e9s, p\u00e1ly\u00e1zati tan\u00e1csad\u00e1s start-upok r\u00e9sz\u00e9re az Eur\u00f3pai Innov\u00e1ci\u00f3s \u00e9s Technol\u00f3giai Int\u00e9zet \u00e9s partnerei \u00e1ltal.","og_url":"https:\/\/itdweb.hu\/en\/eit-startupoknak\/","og_site_name":"ITD official webpage","article_publisher":"https:\/\/www.facebook.com\/itdpteaok","article_modified_time":"2023-03-02T08:38:01+00:00","twitter_card":"summary_large_image","twitter_site":"@itd_pte","twitter_misc":{"Est. reading time":"1 minute"},"schema":{"@context":"https:\/\/schema.org","@graph":[{"@type":"WebPage","@id":"https:\/\/itdweb.hu\/eit-startupoknak\/","url":"https:\/\/itdweb.hu\/eit-startupoknak\/","name":"Startupoknak - ITD official webpage","isPartOf":{"@id":"https:\/\/itdweb.hu\/en\/#website"},"datePublished":"2020-05-22T07:47:59+00:00","dateModified":"2023-03-02T08:38:01+00:00","description":"Oktat\u00e1s, k\u00e9pz\u00e9s, p\u00e1ly\u00e1zati tan\u00e1csad\u00e1s start-upok r\u00e9sz\u00e9re az Eur\u00f3pai Innov\u00e1ci\u00f3s \u00e9s Technol\u00f3giai Int\u00e9zet \u00e9s partnerei \u00e1ltal.","breadcrumb":{"@id":"https:\/\/itdweb.hu\/eit-startupoknak\/#breadcrumb"},"inLanguage":"en-US","potentialAction":[{"@type":"ReadAction","target":["https:\/\/itdweb.hu\/eit-startupoknak\/"]}]},{"@type":"BreadcrumbList","@id":"https:\/\/itdweb.hu\/eit-startupoknak\/#breadcrumb","itemListElement":[{"@type":"ListItem","position":1,"name":"Home","item":"https:\/\/itdweb.hu\/"},{"@type":"ListItem","position":2,"name":"Startupoknak"}]},{"@type":"WebSite","@id":"https:\/\/itdweb.hu\/en\/#website","url":"https:\/\/itdweb.hu\/en\/","name":"ITD official webpage","description":"","publisher":{"@id":"https:\/\/itdweb.hu\/en\/#organization"},"potentialAction":[{"@type":"SearchAction","target":{"@type":"EntryPoint","urlTemplate":"https:\/\/itdweb.hu\/en\/?s={search_term_string}"},"query-input":{"@type":"PropertyValueSpecification","valueRequired":true,"valueName":"search_term_string"}}],"inLanguage":"en-US"},{"@type":"Organization","@id":"https:\/\/itdweb.hu\/en\/#organization","name":"ITD - Institute of Transdisciplinary Discoveries","url":"https:\/\/itdweb.hu\/en\/","logo":{"@type":"ImageObject","inLanguage":"en-US","@id":"https:\/\/itdweb.hu\/en\/#\/schema\/logo\/image\/","url":"https:\/\/itdweb.hu\/wp-content\/uploads\/2020\/11\/itd-ikon.png","contentUrl":"https:\/\/itdweb.hu\/wp-content\/uploads\/2020\/11\/itd-ikon.png","width":512,"height":512,"caption":"ITD - Institute of Transdisciplinary Discoveries"},"image":{"@id":"https:\/\/itdweb.hu\/en\/#\/schema\/logo\/image\/"},"sameAs":["https:\/\/www.facebook.com\/itdpteaok","https:\/\/x.com\/itd_pte","https:\/\/www.linkedin.com\/company\/institute-of-transdisciplinary-discoveries","https:\/\/www.youtube.com\/channel\/UCJpKCIjIg0aVbPQztlXBdcg"]}]}},"_links":{"self":[{"href":"https:\/\/itdweb.hu\/en\/wp-json\/wp\/v2\/pages\/371","targetHints":{"allow":["GET"]}}],"collection":[{"href":"https:\/\/itdweb.hu\/en\/wp-json\/wp\/v2\/pages"}],"about":[{"href":"https:\/\/itdweb.hu\/en\/wp-json\/wp\/v2\/types\/page"}],"author":[{"embeddable":true,"href":"https:\/\/itdweb.hu\/en\/wp-json\/wp\/v2\/users\/7"}],"replies":[{"embeddable":true,"href":"https:\/\/itdweb.hu\/en\/wp-json\/wp\/v2\/comments?post=371"}],"version-history":[{"count":53,"href":"https:\/\/itdweb.hu\/en\/wp-json\/wp\/v2\/pages\/371\/revisions"}],"predecessor-version":[{"id":4501,"href":"https:\/\/itdweb.hu\/en\/wp-json\/wp\/v2\/pages\/371\/revisions\/4501"}],"wp:attachment":[{"href":"https:\/\/itdweb.hu\/en\/wp-json\/wp\/v2\/media?parent=371"}],"curies":[{"name":"wp","href":"https:\/\/api.w.org\/{rel}","templated":true}]}}