{"id":399,"date":"2020-05-22T08:07:20","date_gmt":"2020-05-22T08:07:20","guid":{"rendered":"http:\/\/itdweb.hu\/?page_id=399"},"modified":"2022-09-07T08:16:02","modified_gmt":"2022-09-07T08:16:02","slug":"eit-hallgatoknak","status":"publish","type":"page","link":"https:\/\/itdweb.hu\/en\/eit-hallgatoknak\/","title":{"rendered":"Hallgat\u00f3knak"},"content":{"rendered":"<div class=\"wpb-content-wrapper\">\r\n<div  data-mk-stretch-content=\"true\" class=\"wpb_row vc_row vc_row-fluid jupiter-donut- mk-fullwidth-false  attched-false     js-master-row  mk-grid\">\r\n\t\t\t\t\r\n<div class=\"vc_col-sm-12 wpb_column column_container  jupiter-donut- _ jupiter-donut-height-full\">\r\n\t<div class=\"vc_empty_space\"   style=\"height: 100px\"><span class=\"vc_empty_space_inner\"><\/span><\/div>\r\n<h2 id=\"fancy-title-2\" class=\"mk-fancy-title  simple-style jupiter-donut-  color-single\">\r\n\t<span>\r\n\t\t\t\t<p>Programs available to students<\/p>\n\t\t\t<\/span>\r\n<\/h2>\r\n<div class=\"clearboth\"><\/div>\r\n\r\n\r\n\r\n\n\t<div  class=\"wpb_single_image wpb_content_element vc_align_center wpb_content_element\">\n\t\t\n\t\t<figure class=\"wpb_wrapper vc_figure\">\n\t\t\t<a href=\"https:\/\/itdweb.hu\/en\/eit-health-i-days-2022\/\" target=\"_self\" class=\"vc_single_image-wrapper   vc_box_border_grey\"><img fetchpriority=\"high\" decoding=\"async\" width=\"800\" height=\"206\" src=\"https:\/\/itdweb.hu\/wp-content\/uploads\/2021\/11\/innovation-days.jpg\" class=\"vc_single_image-img attachment-full\" alt=\"\" title=\"innovation-days\" srcset=\"https:\/\/itdweb.hu\/wp-content\/uploads\/2021\/11\/innovation-days.jpg 800w, https:\/\/itdweb.hu\/wp-content\/uploads\/2021\/11\/innovation-days-300x77.jpg 300w, https:\/\/itdweb.hu\/wp-content\/uploads\/2021\/11\/innovation-days-768x198.jpg 768w, https:\/\/itdweb.hu\/wp-content\/uploads\/2021\/11\/innovation-days-18x5.jpg 18w, https:\/\/itdweb.hu\/wp-content\/uploads\/2021\/11\/innovation-days-600x155.jpg 600w\" sizes=\"(max-width: 800px) 100vw, 800px\" itemprop=\"image\" \/><\/a>\n\t\t<\/figure>\n\t<\/div>\n<\/div>\r\n\t<\/div>\r\n\r\n<div  data-mk-stretch-content=\"true\" class=\"wpb_row vc_row vc_row-fluid jupiter-donut- mk-fullwidth-false  attched-false     js-master-row  mk-grid\">\r\n\t\t\t\t\r\n<div class=\"vc_col-sm-12 wpb_column column_container  jupiter-donut- _ jupiter-donut-height-full\">\r\n\t\n\t<div  class=\"wpb_single_image wpb_content_element vc_align_center wpb_content_element\">\n\t\t\n\t\t<figure class=\"wpb_wrapper vc_figure\">\n\t\t\t<a href=\"https:\/\/eithealth.eu\/in-your-region\/innostars\/early-health-technology-assessment\/\" target=\"_self\" class=\"vc_single_image-wrapper   vc_box_border_grey\"><img loading=\"lazy\" decoding=\"async\" class=\"vc_single_image-img\" src=\"https:\/\/itdweb.hu\/wp-content\/uploads\/2021\/11\/hta.jpg\" width=\"800\" height=\"206\" alt=\"hta\" title=\"hta\" \/><\/a>\n\t\t<\/figure>\n\t<\/div>\n<\/div>\r\n\t<\/div>\r\n\r\n<div  data-mk-stretch-content=\"true\" class=\"wpb_row vc_row vc_row-fluid jupiter-donut- mk-fullwidth-false  attched-false     js-master-row  mk-grid\">\r\n\t\t\t\t\r\n<div class=\"vc_col-sm-12 wpb_column column_container  jupiter-donut- _ jupiter-donut-height-full\">\r\n\t\n\t<div  class=\"wpb_single_image wpb_content_element vc_align_center wpb_content_element\">\n\t\t\n\t\t<figure class=\"wpb_wrapper vc_figure\">\n\t\t\t<a href=\"https:\/\/eit.europa.eu\/our-activities\/education\/eit-community-master-programmes\" target=\"_self\" class=\"vc_single_image-wrapper   vc_box_border_grey\"><img decoding=\"async\" width=\"800\" height=\"206\" src=\"https:\/\/itdweb.hu\/wp-content\/uploads\/2021\/11\/masters.jpg\" class=\"vc_single_image-img attachment-full\" alt=\"\" title=\"masters\" srcset=\"https:\/\/itdweb.hu\/wp-content\/uploads\/2021\/11\/masters.jpg 800w, https:\/\/itdweb.hu\/wp-content\/uploads\/2021\/11\/masters-300x77.jpg 300w, https:\/\/itdweb.hu\/wp-content\/uploads\/2021\/11\/masters-768x198.jpg 768w, https:\/\/itdweb.hu\/wp-content\/uploads\/2021\/11\/masters-18x5.jpg 18w, https:\/\/itdweb.hu\/wp-content\/uploads\/2021\/11\/masters-600x155.jpg 600w\" sizes=\"(max-width: 800px) 100vw, 800px\" itemprop=\"image\" \/><\/a>\n\t\t<\/figure>\n\t<\/div>\n<\/div>\r\n\t<\/div>\r\n\r\n<div  data-mk-stretch-content=\"true\" class=\"wpb_row vc_row vc_row-fluid jupiter-donut- mk-fullwidth-false  attched-false     js-master-row  mk-grid\">\r\n\t\t\t\t\r\n<div class=\"vc_col-sm-12 wpb_column column_container  jupiter-donut- _ jupiter-donut-height-full\">\r\n\t\n\t<div  class=\"wpb_single_image wpb_content_element vc_align_center wpb_content_element\">\n\t\t\n\t\t<figure class=\"wpb_wrapper vc_figure\">\n\t\t\t<a href=\"https:\/\/elab.eithealth.eu\/\" target=\"_self\" class=\"vc_single_image-wrapper   vc_box_border_grey\"><img decoding=\"async\" width=\"800\" height=\"206\" src=\"https:\/\/itdweb.hu\/wp-content\/uploads\/2021\/11\/elabs.jpg\" class=\"vc_single_image-img attachment-full\" alt=\"\" title=\"elabs\" srcset=\"https:\/\/itdweb.hu\/wp-content\/uploads\/2021\/11\/elabs.jpg 800w, https:\/\/itdweb.hu\/wp-content\/uploads\/2021\/11\/elabs-300x77.jpg 300w, https:\/\/itdweb.hu\/wp-content\/uploads\/2021\/11\/elabs-768x198.jpg 768w, https:\/\/itdweb.hu\/wp-content\/uploads\/2021\/11\/elabs-18x5.jpg 18w, https:\/\/itdweb.hu\/wp-content\/uploads\/2021\/11\/elabs-600x155.jpg 600w\" sizes=\"(max-width: 800px) 100vw, 800px\" itemprop=\"image\" \/><\/a>\n\t\t<\/figure>\n\t<\/div>\n<\/div>\r\n\t<\/div>\r\n\r\n<div  data-mk-stretch-content=\"true\" class=\"wpb_row vc_row vc_row-fluid jupiter-donut- mk-fullwidth-false  attched-false     js-master-row  mk-grid\">\r\n\t\t\t\t\r\n<div class=\"vc_col-sm-12 wpb_column column_container  jupiter-donut- _ jupiter-donut-height-full\">\r\n\t\n\t<div  class=\"wpb_single_image wpb_content_element vc_align_center wpb_content_element\">\n\t\t\n\t\t<figure class=\"wpb_wrapper vc_figure\">\n\t\t\t<a href=\"https:\/\/eithealth.eu\/summer-school\/\" target=\"_self\" class=\"vc_single_image-wrapper   vc_box_border_grey\"><img loading=\"lazy\" decoding=\"async\" width=\"800\" height=\"206\" src=\"https:\/\/itdweb.hu\/wp-content\/uploads\/2021\/11\/summer.jpg\" class=\"vc_single_image-img attachment-full\" alt=\"\" title=\"summer\" srcset=\"https:\/\/itdweb.hu\/wp-content\/uploads\/2021\/11\/summer.jpg 800w, https:\/\/itdweb.hu\/wp-content\/uploads\/2021\/11\/summer-300x77.jpg 300w, https:\/\/itdweb.hu\/wp-content\/uploads\/2021\/11\/summer-768x198.jpg 768w, https:\/\/itdweb.hu\/wp-content\/uploads\/2021\/11\/summer-18x5.jpg 18w, https:\/\/itdweb.hu\/wp-content\/uploads\/2021\/11\/summer-600x155.jpg 600w\" sizes=\"(max-width: 800px) 100vw, 800px\" itemprop=\"image\" \/><\/a>\n\t\t<\/figure>\n\t<\/div>\n<\/div>\r\n\t<\/div>\r\n\r\n<div  data-mk-stretch-content=\"true\" class=\"wpb_row vc_row vc_row-fluid jupiter-donut- mk-fullwidth-false  attched-false     js-master-row  mk-grid\">\r\n\t\t\t\t\r\n<div class=\"vc_col-sm-12 wpb_column column_container  jupiter-donut- _ jupiter-donut-height-full\">\r\n\t\n\t<div  class=\"wpb_single_image wpb_content_element vc_align_center wpb_content_element\">\n\t\t\n\t\t<figure class=\"wpb_wrapper vc_figure\">\n\t\t\t<a href=\"https:\/\/itdweb.hu\/en\/helloai-2022\/\" target=\"_self\" class=\"vc_single_image-wrapper   vc_box_border_grey\"><img loading=\"lazy\" decoding=\"async\" class=\"vc_single_image-img\" src=\"https:\/\/itdweb.hu\/wp-content\/uploads\/2021\/11\/ai.jpg\" width=\"800\" height=\"206\" alt=\"ai\" title=\"ai\" \/><\/a>\n\t\t<\/figure>\n\t<\/div>\n<\/div>\r\n\t<\/div>\r\n\n<\/div>","protected":false},"excerpt":{"rendered":"Programs available to students","protected":false},"author":7,"featured_media":0,"parent":0,"menu_order":0,"comment_status":"closed","ping_status":"closed","template":"","meta":{"om_disable_all_campaigns":false,"_monsterinsights_skip_tracking":false,"_monsterinsights_sitenote_active":false,"_monsterinsights_sitenote_note":"","_monsterinsights_sitenote_category":0,"_uf_show_specific_survey":0,"_uf_disable_surveys":false,"footnotes":""},"class_list":["post-399","page","type-page","status-publish","hentry"],"yoast_head":"<!-- This site is optimized with the Yoast SEO plugin v27.5 - https:\/\/yoast.com\/product\/yoast-seo-wordpress\/ -->\n<title>Hallgat\u00f3knak - ITD official webpage<\/title>\n<meta name=\"description\" content=\"EIT Health \u00e9s partnerei \u00e1ltal szervezett k\u00e9pz\u00e9sek, mentoringok, oktat\u00e1si lehet\u0151s\u00e9gek hallgat\u00f3i jogviszonnyal rendelkez\u0151knek.\" \/>\n<meta name=\"robots\" content=\"index, follow, max-snippet:-1, max-image-preview:large, max-video-preview:-1\" \/>\n<link rel=\"canonical\" href=\"https:\/\/itdweb.hu\/en\/eit-hallgatoknak\/\" \/>\n<meta property=\"og:locale\" content=\"en_US\" \/>\n<meta property=\"og:type\" content=\"article\" \/>\n<meta property=\"og:title\" content=\"Hallgat\u00f3knak - ITD official webpage\" \/>\n<meta property=\"og:description\" content=\"EIT Health \u00e9s partnerei \u00e1ltal szervezett k\u00e9pz\u00e9sek, mentoringok, oktat\u00e1si lehet\u0151s\u00e9gek hallgat\u00f3i jogviszonnyal rendelkez\u0151knek.\" \/>\n<meta property=\"og:url\" content=\"https:\/\/itdweb.hu\/en\/eit-hallgatoknak\/\" \/>\n<meta property=\"og:site_name\" content=\"ITD official webpage\" \/>\n<meta property=\"article:publisher\" content=\"https:\/\/www.facebook.com\/itdpteaok\" \/>\n<meta property=\"article:modified_time\" content=\"2022-09-07T08:16:02+00:00\" \/>\n<meta name=\"twitter:card\" content=\"summary_large_image\" \/>\n<meta name=\"twitter:site\" content=\"@itd_pte\" \/>\n<meta name=\"twitter:label1\" content=\"Est. reading time\" \/>\n\t<meta name=\"twitter:data1\" content=\"1 minute\" \/>\n<script type=\"application\/ld+json\" class=\"yoast-schema-graph\">{\"@context\":\"https:\\\/\\\/schema.org\",\"@graph\":[{\"@type\":\"WebPage\",\"@id\":\"https:\\\/\\\/itdweb.hu\\\/eit-hallgatoknak\\\/\",\"url\":\"https:\\\/\\\/itdweb.hu\\\/eit-hallgatoknak\\\/\",\"name\":\"Hallgat\u00f3knak - ITD official webpage\",\"isPartOf\":{\"@id\":\"https:\\\/\\\/itdweb.hu\\\/en\\\/#website\"},\"datePublished\":\"2020-05-22T08:07:20+00:00\",\"dateModified\":\"2022-09-07T08:16:02+00:00\",\"description\":\"EIT Health \u00e9s partnerei \u00e1ltal szervezett k\u00e9pz\u00e9sek, mentoringok, oktat\u00e1si lehet\u0151s\u00e9gek hallgat\u00f3i jogviszonnyal rendelkez\u0151knek.\",\"breadcrumb\":{\"@id\":\"https:\\\/\\\/itdweb.hu\\\/eit-hallgatoknak\\\/#breadcrumb\"},\"inLanguage\":\"en-US\",\"potentialAction\":[{\"@type\":\"ReadAction\",\"target\":[\"https:\\\/\\\/itdweb.hu\\\/eit-hallgatoknak\\\/\"]}]},{\"@type\":\"BreadcrumbList\",\"@id\":\"https:\\\/\\\/itdweb.hu\\\/eit-hallgatoknak\\\/#breadcrumb\",\"itemListElement\":[{\"@type\":\"ListItem\",\"position\":1,\"name\":\"Home\",\"item\":\"https:\\\/\\\/itdweb.hu\\\/\"},{\"@type\":\"ListItem\",\"position\":2,\"name\":\"Hallgat\u00f3knak\"}]},{\"@type\":\"WebSite\",\"@id\":\"https:\\\/\\\/itdweb.hu\\\/en\\\/#website\",\"url\":\"https:\\\/\\\/itdweb.hu\\\/en\\\/\",\"name\":\"ITD official webpage\",\"description\":\"\",\"publisher\":{\"@id\":\"https:\\\/\\\/itdweb.hu\\\/en\\\/#organization\"},\"potentialAction\":[{\"@type\":\"SearchAction\",\"target\":{\"@type\":\"EntryPoint\",\"urlTemplate\":\"https:\\\/\\\/itdweb.hu\\\/en\\\/?s={search_term_string}\"},\"query-input\":{\"@type\":\"PropertyValueSpecification\",\"valueRequired\":true,\"valueName\":\"search_term_string\"}}],\"inLanguage\":\"en-US\"},{\"@type\":\"Organization\",\"@id\":\"https:\\\/\\\/itdweb.hu\\\/en\\\/#organization\",\"name\":\"ITD - Institute of Transdisciplinary Discoveries\",\"url\":\"https:\\\/\\\/itdweb.hu\\\/en\\\/\",\"logo\":{\"@type\":\"ImageObject\",\"inLanguage\":\"en-US\",\"@id\":\"https:\\\/\\\/itdweb.hu\\\/en\\\/#\\\/schema\\\/logo\\\/image\\\/\",\"url\":\"https:\\\/\\\/itdweb.hu\\\/wp-content\\\/uploads\\\/2020\\\/11\\\/itd-ikon.png\",\"contentUrl\":\"https:\\\/\\\/itdweb.hu\\\/wp-content\\\/uploads\\\/2020\\\/11\\\/itd-ikon.png\",\"width\":512,\"height\":512,\"caption\":\"ITD - Institute of Transdisciplinary Discoveries\"},\"image\":{\"@id\":\"https:\\\/\\\/itdweb.hu\\\/en\\\/#\\\/schema\\\/logo\\\/image\\\/\"},\"sameAs\":[\"https:\\\/\\\/www.facebook.com\\\/itdpteaok\",\"https:\\\/\\\/x.com\\\/itd_pte\",\"https:\\\/\\\/www.linkedin.com\\\/company\\\/institute-of-transdisciplinary-discoveries\",\"https:\\\/\\\/www.youtube.com\\\/channel\\\/UCJpKCIjIg0aVbPQztlXBdcg\"]}]}<\/script>\n<!-- \/ Yoast SEO plugin. -->","yoast_head_json":{"title":"Hallgat\u00f3knak - ITD official webpage","description":"EIT Health \u00e9s partnerei \u00e1ltal szervezett k\u00e9pz\u00e9sek, mentoringok, oktat\u00e1si lehet\u0151s\u00e9gek hallgat\u00f3i jogviszonnyal rendelkez\u0151knek.","robots":{"index":"index","follow":"follow","max-snippet":"max-snippet:-1","max-image-preview":"max-image-preview:large","max-video-preview":"max-video-preview:-1"},"canonical":"https:\/\/itdweb.hu\/en\/eit-hallgatoknak\/","og_locale":"en_US","og_type":"article","og_title":"Hallgat\u00f3knak - ITD official webpage","og_description":"EIT Health \u00e9s partnerei \u00e1ltal szervezett k\u00e9pz\u00e9sek, mentoringok, oktat\u00e1si lehet\u0151s\u00e9gek hallgat\u00f3i jogviszonnyal rendelkez\u0151knek.","og_url":"https:\/\/itdweb.hu\/en\/eit-hallgatoknak\/","og_site_name":"ITD official webpage","article_publisher":"https:\/\/www.facebook.com\/itdpteaok","article_modified_time":"2022-09-07T08:16:02+00:00","twitter_card":"summary_large_image","twitter_site":"@itd_pte","twitter_misc":{"Est. reading time":"1 minute"},"schema":{"@context":"https:\/\/schema.org","@graph":[{"@type":"WebPage","@id":"https:\/\/itdweb.hu\/eit-hallgatoknak\/","url":"https:\/\/itdweb.hu\/eit-hallgatoknak\/","name":"Hallgat\u00f3knak - ITD official webpage","isPartOf":{"@id":"https:\/\/itdweb.hu\/en\/#website"},"datePublished":"2020-05-22T08:07:20+00:00","dateModified":"2022-09-07T08:16:02+00:00","description":"EIT Health \u00e9s partnerei \u00e1ltal szervezett k\u00e9pz\u00e9sek, mentoringok, oktat\u00e1si lehet\u0151s\u00e9gek hallgat\u00f3i jogviszonnyal rendelkez\u0151knek.","breadcrumb":{"@id":"https:\/\/itdweb.hu\/eit-hallgatoknak\/#breadcrumb"},"inLanguage":"en-US","potentialAction":[{"@type":"ReadAction","target":["https:\/\/itdweb.hu\/eit-hallgatoknak\/"]}]},{"@type":"BreadcrumbList","@id":"https:\/\/itdweb.hu\/eit-hallgatoknak\/#breadcrumb","itemListElement":[{"@type":"ListItem","position":1,"name":"Home","item":"https:\/\/itdweb.hu\/"},{"@type":"ListItem","position":2,"name":"Hallgat\u00f3knak"}]},{"@type":"WebSite","@id":"https:\/\/itdweb.hu\/en\/#website","url":"https:\/\/itdweb.hu\/en\/","name":"ITD official webpage","description":"","publisher":{"@id":"https:\/\/itdweb.hu\/en\/#organization"},"potentialAction":[{"@type":"SearchAction","target":{"@type":"EntryPoint","urlTemplate":"https:\/\/itdweb.hu\/en\/?s={search_term_string}"},"query-input":{"@type":"PropertyValueSpecification","valueRequired":true,"valueName":"search_term_string"}}],"inLanguage":"en-US"},{"@type":"Organization","@id":"https:\/\/itdweb.hu\/en\/#organization","name":"ITD - Institute of Transdisciplinary Discoveries","url":"https:\/\/itdweb.hu\/en\/","logo":{"@type":"ImageObject","inLanguage":"en-US","@id":"https:\/\/itdweb.hu\/en\/#\/schema\/logo\/image\/","url":"https:\/\/itdweb.hu\/wp-content\/uploads\/2020\/11\/itd-ikon.png","contentUrl":"https:\/\/itdweb.hu\/wp-content\/uploads\/2020\/11\/itd-ikon.png","width":512,"height":512,"caption":"ITD - Institute of Transdisciplinary Discoveries"},"image":{"@id":"https:\/\/itdweb.hu\/en\/#\/schema\/logo\/image\/"},"sameAs":["https:\/\/www.facebook.com\/itdpteaok","https:\/\/x.com\/itd_pte","https:\/\/www.linkedin.com\/company\/institute-of-transdisciplinary-discoveries","https:\/\/www.youtube.com\/channel\/UCJpKCIjIg0aVbPQztlXBdcg"]}]}},"_links":{"self":[{"href":"https:\/\/itdweb.hu\/en\/wp-json\/wp\/v2\/pages\/399","targetHints":{"allow":["GET"]}}],"collection":[{"href":"https:\/\/itdweb.hu\/en\/wp-json\/wp\/v2\/pages"}],"about":[{"href":"https:\/\/itdweb.hu\/en\/wp-json\/wp\/v2\/types\/page"}],"author":[{"embeddable":true,"href":"https:\/\/itdweb.hu\/en\/wp-json\/wp\/v2\/users\/7"}],"replies":[{"embeddable":true,"href":"https:\/\/itdweb.hu\/en\/wp-json\/wp\/v2\/comments?post=399"}],"version-history":[{"count":27,"href":"https:\/\/itdweb.hu\/en\/wp-json\/wp\/v2\/pages\/399\/revisions"}],"predecessor-version":[{"id":4213,"href":"https:\/\/itdweb.hu\/en\/wp-json\/wp\/v2\/pages\/399\/revisions\/4213"}],"wp:attachment":[{"href":"https:\/\/itdweb.hu\/en\/wp-json\/wp\/v2\/media?parent=399"}],"curies":[{"name":"wp","href":"https:\/\/api.w.org\/{rel}","templated":true}]}}