{"id":4073,"date":"2022-07-06T19:11:11","date_gmt":"2022-07-06T19:11:11","guid":{"rendered":"https:\/\/itdweb.hu\/?page_id=4073"},"modified":"2022-07-06T19:30:01","modified_gmt":"2022-07-06T19:30:01","slug":"eit-health-drive-2022","status":"publish","type":"page","link":"https:\/\/itdweb.hu\/en\/eit-health-drive-2022\/","title":{"rendered":"EIT Health DRIVE 2022"},"content":{"rendered":"<div class=\"wpb-content-wrapper\">\r\n<div  data-mk-stretch-content=\"true\" class=\"wpb_row vc_row vc_row-fluid jupiter-donut- mk-fullwidth-false  attched-false     js-master-row  mk-grid\">\r\n\t\t\t\t\r\n<div class=\"vc_col-sm-12 wpb_column column_container  jupiter-donut- _ jupiter-donut-height-full\">\r\n\t<div class=\"vc_empty_space\"   style=\"height: 120px\"><span class=\"vc_empty_space_inner\"><\/span><\/div><h2 style=\"color: #001b48;text-align: center\" class=\"vc_custom_heading vc_do_custom_heading\" >EIT Health DRIVE 2022<\/h2><div class=\"vc_empty_space\"   style=\"height: 5px\"><span class=\"vc_empty_space_inner\"><\/span><\/div><h4 style=\"color: #7e0089;text-align: center\" class=\"vc_custom_heading vc_do_custom_heading\" ><a href=\"https:\/\/eithealth.eu\/opportunity\/eit-health-drive-2022\/\">EIT Helath DRIVE 2022 felh\u00edv\u00e1s weboldala IDE KATTINTVA \u00e9rhet\u0151 el<\/a><\/h4><div class=\"vc_empty_space\"   style=\"height: 30px\"><span class=\"vc_empty_space_inner\"><\/span><\/div><div class=\"vc_separator wpb_content_element vc_separator_align_center vc_sep_width_70 vc_sep_shadow vc_sep_pos_align_center vc_separator_no_text vc_sep_color_mulled_wine wpb_content_element  wpb_content_element\" ><span class=\"vc_sep_holder vc_sep_holder_l\"><span class=\"vc_sep_line\"><\/span><\/span><span class=\"vc_sep_holder vc_sep_holder_r\"><span class=\"vc_sep_line\"><\/span><\/span>\n<\/div><\/div>\r\n\t<\/div>\r\n\r\n<div class=\"vc_col-sm-12 wpb_column column_container  jupiter-donut- _ jupiter-donut-height-full\">\r\n\t\r\n\r\n<div class=\"wpb_row vc_inner vc_row vc_row-fluid jupiter-donut-   attched-false\">\r\n\t\t\t<div class=\"wpb_column vc_column_container vc_col-sm-12\"><div class=\"vc_column-inner\"><div class=\"wpb_wrapper\"><\/div><\/div><\/div>\t<\/div>\r\n<\/div>\r\n\t<div class=\"vc_custom_1657135394186\">\r\n\r\n<div id=\"text-block-3\" class=\"mk-text-block  jupiter-donut-\">\r\n\r\n\t\r\n\t<div class=\"cxmmr5t8 oygrvhab hcukyx3x c1et5uql o9v6fnle ii04i59q\">\n<p dir=\"auto\"><span style=\"font-family: georgia, palatino, serif; font-size: 12pt; color: #001b48;\">The <span style=\"color: #ffffff;\"><strong><span style=\"background-color: #333399;\">EIT Health DRIVE<\/span><\/strong><\/span> k\u00e9pz\u00e9si programj\u00e1t a szer\u00e9ny vagy k\u00f6zepes innov\u00e1ci\u00f3s kapacit\u00e1ssal rendelkez\u0151 (az eur\u00f3pai innov\u00e1ci\u00f3s eredm\u00e9nyt\u00e1bla szerint) eur\u00f3pai orsz\u00e1gok azon szervezetei sz\u00e1m\u00e1ra tervezt\u00e9k, amelyek t\u00e1mogat\u00e1st ny\u00fajtanak az innov\u00e1toroknak, hogy kutat\u00e1sukat\/\u00f6tleteiket sikeres v\u00e1llalkoz\u00e1sokk\u00e1 alak\u00edts\u00e1k, \u00e9s c\u00e9lja egy speci\u00e1lis, \u00e1tfog\u00f3 program l\u00e9trehoz\u00e1sa az eg\u00e9szs\u00e9g\u00fcgyi \u00e9s \u00e9lettudom\u00e1nyi start-upok sz\u00e1m\u00e1ra.<\/span><\/p>\n<\/div>\n<div dir=\"auto\"><span style=\"font-family: georgia, palatino, serif; font-size: 12pt; color: #001b48;\">Az EIT Health DRIVE k\u00e9pz\u00e9si programj\u00e1nak konkr\u00e9t c\u00e9ljai k\u00f6z\u00e9 tartozik, hogy a p\u00e1ly\u00e1z\u00f3 szervezetek \u00e1ltal kijel\u00f6lt csapatok:<\/span><\/div>\n<div dir=\"auto\"><\/div>\n<div dir=\"auto\" style=\"padding-left: 40px;\"><span style=\"font-family: georgia, palatino, serif; font-size: 12pt; color: #001b48;\">&#8211; m\u00e9lyrehat\u00f3 ismereteket szerezzenek az eg\u00e9szs\u00e9g\u00fcgyi innov\u00e1ci\u00f3s \u00f6kosziszt\u00e9m\u00e1jukban rejl\u0151 kiakn\u00e1zatlan lehet\u0151s\u00e9gekr\u0151l,<\/span><\/div>\n<div dir=\"auto\" style=\"padding-left: 40px;\"><span style=\"font-family: georgia, palatino, serif; font-size: 12pt; color: #001b48;\">&#8211; megtanulj\u00e1k, hogyan tervezzenek valid\u00e1lt, fenntarthat\u00f3, a region\u00e1lis ig\u00e9nyekre szabott eg\u00e9szs\u00e9g\u00fcgyi \u00e9s \u00e9lettudom\u00e1nyi start-up t\u00e1mogat\u00e1si programokat,<\/span><\/div>\n<div dir=\"auto\" style=\"padding-left: 40px;\"><span style=\"font-family: georgia, palatino, serif; font-size: 12pt; color: #001b48;\">&#8211; megtanulj\u00e1k, hogyan ind\u00edts\u00e1k el, ir\u00e1ny\u00edts\u00e1k, \u00e9rt\u00e9kelj\u00e9k \u00e9s m\u00e9rj\u00e9k az eg\u00e9szs\u00e9g\u00fcgyi \u00e9s \u00e9lettudom\u00e1nyi start-up t\u00e1mogat\u00e1si programok hat\u00e1s\u00e1t,<\/span><\/div>\n<div dir=\"auto\" style=\"padding-left: 40px;\"><span style=\"font-family: georgia, palatino, serif; font-size: 12pt; color: #001b48;\">&#8211; megtanulj\u00e1k, hogyan azonos\u00edts\u00e1k \u00e9s vonj\u00e1k be a szervezet\u00fck k\u00f6r\u00e9 \u00e9p\u00fcl\u0151 innov\u00e1ci\u00f3s \u00f6kosziszt\u00e9ma sikeres ki\u00e9p\u00edt\u00e9se \u00e9rdek\u00e9ben a l\u00e9tfontoss\u00e1g\u00fa \u00e9rdekelt feleket.<\/span><\/div>\n<div dir=\"auto\"><\/div>\n<div dir=\"auto\"><span style=\"font-family: georgia, palatino, serif; font-size: 12pt; color: #001b48;\">A k\u00e9pz\u00e9si programban 2022-ben r\u00e9szt vev\u0151 szervezetek 2023-ban jogosultak lesznek v\u00e9grehajt\u00e1si t\u00e1mogat\u00e1sra (finansz\u00edroz\u00e1s \u00e9s mentor\u00e1l\u00e1s) p\u00e1ly\u00e1zni a tervezett start-up t\u00e1mogat\u00e1si programok megval\u00f3s\u00edt\u00e1s\u00e1hoz.<\/span><\/div>\n<div dir=\"auto\"><span style=\"font-family: georgia, palatino, serif; font-size: 12pt; color: #001b48;\">Tov\u00e1bbi r\u00e9szletek\u00e9rt k\u00e9rj\u00fck, tekintse \u00e1t a felh\u00edv\u00e1s dokumentum\u00e1t.<\/span><\/div>\n<div dir=\"auto\"><\/div>\n<div class=\"cxmmr5t8 oygrvhab hcukyx3x c1et5uql o9v6fnle ii04i59q\">\n<p dir=\"auto\"><span style=\"font-family: georgia, palatino, serif; font-size: 12pt; color: #001b48;\">A p\u00e1ly\u00e1zatokat az EIT Health InnoStars regisztr\u00e1ci\u00f3s platformj\u00e1n, a Wufoo-n kereszt\u00fcl kell beny\u00fajtani, legk\u00e9s\u0151bb 2022. j\u00falius 12-ig, k\u00f6z\u00e9p-eur\u00f3pai id\u0151 szerint 12:00 \u00f3r\u00e1ig.<\/span><\/p>\n<\/div>\n\r\n\t<div class=\"clearboth\"><\/div>\r\n<\/div>\r\n\r\n\t<\/div>\r\n\r\n<div  data-mk-stretch-content=\"true\" class=\"wpb_row vc_row vc_row-fluid jupiter-donut- mk-fullwidth-false  attched-false     js-master-row  mk-grid\">\r\n\t\t\t\t\r\n<div class=\"vc_col-sm-12 wpb_column column_container  jupiter-donut- _ jupiter-donut-height-full\">\r\n\t\t<div class=\"vc_custom_1657135799717\">\r\n\r\n<div id=\"text-block-5\" class=\"mk-text-block  jupiter-donut-\">\r\n\r\n\t\r\n\t<h3 style=\"text-align: center;\"><a href=\"https:\/\/eithealth.eu\/opportunity\/eit-health-drive-2022\/\"><span style=\"font-family: georgia, palatino, serif; color: #001b48;\">https:\/\/eithealth.eu\/opportunity\/eit-health-drive-2022\/<\/span><\/a><\/h3>\n\r\n\t<div class=\"clearboth\"><\/div>\r\n<\/div>\r\n\r\n\t<\/div>\r\n\n\t<div  class=\"wpb_single_image wpb_content_element vc_align_center wpb_content_element\">\n\t\t\n\t\t<figure class=\"wpb_wrapper vc_figure\">\n\t\t\t<div class=\"vc_single_image-wrapper vc_box_border  vc_box_border_grey\"><img fetchpriority=\"high\" decoding=\"async\" width=\"1556\" height=\"893\" src=\"https:\/\/itdweb.hu\/wp-content\/uploads\/2022\/07\/drive.jpg\" class=\"vc_single_image-img attachment-full\" alt=\"\" title=\"drive\" srcset=\"https:\/\/itdweb.hu\/wp-content\/uploads\/2022\/07\/drive.jpg 1556w, https:\/\/itdweb.hu\/wp-content\/uploads\/2022\/07\/drive-300x172.jpg 300w, https:\/\/itdweb.hu\/wp-content\/uploads\/2022\/07\/drive-1024x588.jpg 1024w, https:\/\/itdweb.hu\/wp-content\/uploads\/2022\/07\/drive-768x441.jpg 768w, https:\/\/itdweb.hu\/wp-content\/uploads\/2022\/07\/drive-18x10.jpg 18w\" sizes=\"(max-width: 1556px) 100vw, 1556px\" itemprop=\"image\" \/><\/div>\n\t\t<\/figure>\n\t<\/div>\n<\/div>\r\n\t<\/div>\r\n\n<\/div>","protected":false},"excerpt":{"rendered":"EIT Health DRIVE 2022EIT Helath DRIVE 2022 felh\u00edv\u00e1s weboldala IDE KATTINTVA \u00e9rhet\u0151 el Az EIT Health DRIVE k\u00e9pz\u00e9si programj\u00e1t a szer\u00e9ny vagy k\u00f6zepes innov\u00e1ci\u00f3s kapacit\u00e1ssal rendelkez\u0151 (az eur\u00f3pai innov\u00e1ci\u00f3s eredm\u00e9nyt\u00e1bla szerint) eur\u00f3pai orsz\u00e1gok azon szervezetei sz\u00e1m\u00e1ra tervezt\u00e9k, amelyek t\u00e1mogat\u00e1st ny\u00fajtanak az innov\u00e1toroknak, hogy kutat\u00e1sukat\/\u00f6tleteiket sikeres v\u00e1llalkoz\u00e1sokk\u00e1 alak\u00edts\u00e1k, \u00e9s c\u00e9lja egy speci\u00e1lis, \u00e1tfog\u00f3 program l\u00e9trehoz\u00e1sa az [...]","protected":false},"author":7,"featured_media":0,"parent":0,"menu_order":0,"comment_status":"closed","ping_status":"closed","template":"","meta":{"om_disable_all_campaigns":false,"_monsterinsights_skip_tracking":false,"_monsterinsights_sitenote_active":false,"_monsterinsights_sitenote_note":"","_monsterinsights_sitenote_category":0,"_uf_show_specific_survey":0,"_uf_disable_surveys":false,"footnotes":""},"class_list":["post-4073","page","type-page","status-publish","hentry"],"yoast_head":"<!-- This site is optimized with the Yoast SEO plugin v27.4 - https:\/\/yoast.com\/product\/yoast-seo-wordpress\/ -->\n<title>EIT Health DRIVE 2022 - ITD official webpage<\/title>\n<meta name=\"robots\" content=\"index, follow, max-snippet:-1, max-image-preview:large, max-video-preview:-1\" \/>\n<link rel=\"canonical\" href=\"https:\/\/itdweb.hu\/en\/eit-health-drive-2022\/\" \/>\n<meta property=\"og:locale\" content=\"en_US\" \/>\n<meta property=\"og:type\" content=\"article\" \/>\n<meta property=\"og:title\" content=\"EIT Health DRIVE 2022 - ITD official webpage\" \/>\n<meta property=\"og:url\" content=\"https:\/\/itdweb.hu\/en\/eit-health-drive-2022\/\" \/>\n<meta property=\"og:site_name\" content=\"ITD official webpage\" \/>\n<meta property=\"article:publisher\" content=\"https:\/\/www.facebook.com\/itdpteaok\" \/>\n<meta property=\"article:modified_time\" content=\"2022-07-06T19:30:01+00:00\" \/>\n<meta name=\"twitter:card\" content=\"summary_large_image\" \/>\n<meta name=\"twitter:site\" content=\"@itd_pte\" \/>\n<meta name=\"twitter:label1\" content=\"Est. reading time\" \/>\n\t<meta name=\"twitter:data1\" content=\"2 minutes\" \/>\n<script type=\"application\/ld+json\" class=\"yoast-schema-graph\">{\"@context\":\"https:\\\/\\\/schema.org\",\"@graph\":[{\"@type\":\"WebPage\",\"@id\":\"https:\\\/\\\/itdweb.hu\\\/eit-health-drive-2022\\\/\",\"url\":\"https:\\\/\\\/itdweb.hu\\\/eit-health-drive-2022\\\/\",\"name\":\"EIT Health DRIVE 2022 - ITD official webpage\",\"isPartOf\":{\"@id\":\"https:\\\/\\\/itdweb.hu\\\/en\\\/#website\"},\"datePublished\":\"2022-07-06T19:11:11+00:00\",\"dateModified\":\"2022-07-06T19:30:01+00:00\",\"breadcrumb\":{\"@id\":\"https:\\\/\\\/itdweb.hu\\\/eit-health-drive-2022\\\/#breadcrumb\"},\"inLanguage\":\"en-US\",\"potentialAction\":[{\"@type\":\"ReadAction\",\"target\":[\"https:\\\/\\\/itdweb.hu\\\/eit-health-drive-2022\\\/\"]}]},{\"@type\":\"BreadcrumbList\",\"@id\":\"https:\\\/\\\/itdweb.hu\\\/eit-health-drive-2022\\\/#breadcrumb\",\"itemListElement\":[{\"@type\":\"ListItem\",\"position\":1,\"name\":\"Home\",\"item\":\"https:\\\/\\\/itdweb.hu\\\/\"},{\"@type\":\"ListItem\",\"position\":2,\"name\":\"EIT Health DRIVE 2022\"}]},{\"@type\":\"WebSite\",\"@id\":\"https:\\\/\\\/itdweb.hu\\\/en\\\/#website\",\"url\":\"https:\\\/\\\/itdweb.hu\\\/en\\\/\",\"name\":\"ITD official webpage\",\"description\":\"\",\"publisher\":{\"@id\":\"https:\\\/\\\/itdweb.hu\\\/en\\\/#organization\"},\"potentialAction\":[{\"@type\":\"SearchAction\",\"target\":{\"@type\":\"EntryPoint\",\"urlTemplate\":\"https:\\\/\\\/itdweb.hu\\\/en\\\/?s={search_term_string}\"},\"query-input\":{\"@type\":\"PropertyValueSpecification\",\"valueRequired\":true,\"valueName\":\"search_term_string\"}}],\"inLanguage\":\"en-US\"},{\"@type\":\"Organization\",\"@id\":\"https:\\\/\\\/itdweb.hu\\\/en\\\/#organization\",\"name\":\"ITD - Institute of Transdisciplinary Discoveries\",\"url\":\"https:\\\/\\\/itdweb.hu\\\/en\\\/\",\"logo\":{\"@type\":\"ImageObject\",\"inLanguage\":\"en-US\",\"@id\":\"https:\\\/\\\/itdweb.hu\\\/en\\\/#\\\/schema\\\/logo\\\/image\\\/\",\"url\":\"https:\\\/\\\/itdweb.hu\\\/wp-content\\\/uploads\\\/2020\\\/11\\\/itd-ikon.png\",\"contentUrl\":\"https:\\\/\\\/itdweb.hu\\\/wp-content\\\/uploads\\\/2020\\\/11\\\/itd-ikon.png\",\"width\":512,\"height\":512,\"caption\":\"ITD - Institute of Transdisciplinary Discoveries\"},\"image\":{\"@id\":\"https:\\\/\\\/itdweb.hu\\\/en\\\/#\\\/schema\\\/logo\\\/image\\\/\"},\"sameAs\":[\"https:\\\/\\\/www.facebook.com\\\/itdpteaok\",\"https:\\\/\\\/x.com\\\/itd_pte\",\"https:\\\/\\\/www.linkedin.com\\\/company\\\/institute-of-transdisciplinary-discoveries\",\"https:\\\/\\\/www.youtube.com\\\/channel\\\/UCJpKCIjIg0aVbPQztlXBdcg\"]}]}<\/script>\n<!-- \/ Yoast SEO plugin. -->","yoast_head_json":{"title":"EIT Health DRIVE 2022 - ITD official webpage","robots":{"index":"index","follow":"follow","max-snippet":"max-snippet:-1","max-image-preview":"max-image-preview:large","max-video-preview":"max-video-preview:-1"},"canonical":"https:\/\/itdweb.hu\/en\/eit-health-drive-2022\/","og_locale":"en_US","og_type":"article","og_title":"EIT Health DRIVE 2022 - ITD official webpage","og_url":"https:\/\/itdweb.hu\/en\/eit-health-drive-2022\/","og_site_name":"ITD official webpage","article_publisher":"https:\/\/www.facebook.com\/itdpteaok","article_modified_time":"2022-07-06T19:30:01+00:00","twitter_card":"summary_large_image","twitter_site":"@itd_pte","twitter_misc":{"Est. reading time":"2 minutes"},"schema":{"@context":"https:\/\/schema.org","@graph":[{"@type":"WebPage","@id":"https:\/\/itdweb.hu\/eit-health-drive-2022\/","url":"https:\/\/itdweb.hu\/eit-health-drive-2022\/","name":"EIT Health DRIVE 2022 - ITD official webpage","isPartOf":{"@id":"https:\/\/itdweb.hu\/en\/#website"},"datePublished":"2022-07-06T19:11:11+00:00","dateModified":"2022-07-06T19:30:01+00:00","breadcrumb":{"@id":"https:\/\/itdweb.hu\/eit-health-drive-2022\/#breadcrumb"},"inLanguage":"en-US","potentialAction":[{"@type":"ReadAction","target":["https:\/\/itdweb.hu\/eit-health-drive-2022\/"]}]},{"@type":"BreadcrumbList","@id":"https:\/\/itdweb.hu\/eit-health-drive-2022\/#breadcrumb","itemListElement":[{"@type":"ListItem","position":1,"name":"Home","item":"https:\/\/itdweb.hu\/"},{"@type":"ListItem","position":2,"name":"EIT Health DRIVE 2022"}]},{"@type":"WebSite","@id":"https:\/\/itdweb.hu\/en\/#website","url":"https:\/\/itdweb.hu\/en\/","name":"ITD official webpage","description":"","publisher":{"@id":"https:\/\/itdweb.hu\/en\/#organization"},"potentialAction":[{"@type":"SearchAction","target":{"@type":"EntryPoint","urlTemplate":"https:\/\/itdweb.hu\/en\/?s={search_term_string}"},"query-input":{"@type":"PropertyValueSpecification","valueRequired":true,"valueName":"search_term_string"}}],"inLanguage":"en-US"},{"@type":"Organization","@id":"https:\/\/itdweb.hu\/en\/#organization","name":"ITD - Institute of Transdisciplinary Discoveries","url":"https:\/\/itdweb.hu\/en\/","logo":{"@type":"ImageObject","inLanguage":"en-US","@id":"https:\/\/itdweb.hu\/en\/#\/schema\/logo\/image\/","url":"https:\/\/itdweb.hu\/wp-content\/uploads\/2020\/11\/itd-ikon.png","contentUrl":"https:\/\/itdweb.hu\/wp-content\/uploads\/2020\/11\/itd-ikon.png","width":512,"height":512,"caption":"ITD - Institute of Transdisciplinary Discoveries"},"image":{"@id":"https:\/\/itdweb.hu\/en\/#\/schema\/logo\/image\/"},"sameAs":["https:\/\/www.facebook.com\/itdpteaok","https:\/\/x.com\/itd_pte","https:\/\/www.linkedin.com\/company\/institute-of-transdisciplinary-discoveries","https:\/\/www.youtube.com\/channel\/UCJpKCIjIg0aVbPQztlXBdcg"]}]}},"_links":{"self":[{"href":"https:\/\/itdweb.hu\/en\/wp-json\/wp\/v2\/pages\/4073","targetHints":{"allow":["GET"]}}],"collection":[{"href":"https:\/\/itdweb.hu\/en\/wp-json\/wp\/v2\/pages"}],"about":[{"href":"https:\/\/itdweb.hu\/en\/wp-json\/wp\/v2\/types\/page"}],"author":[{"embeddable":true,"href":"https:\/\/itdweb.hu\/en\/wp-json\/wp\/v2\/users\/7"}],"replies":[{"embeddable":true,"href":"https:\/\/itdweb.hu\/en\/wp-json\/wp\/v2\/comments?post=4073"}],"version-history":[{"count":12,"href":"https:\/\/itdweb.hu\/en\/wp-json\/wp\/v2\/pages\/4073\/revisions"}],"predecessor-version":[{"id":4086,"href":"https:\/\/itdweb.hu\/en\/wp-json\/wp\/v2\/pages\/4073\/revisions\/4086"}],"wp:attachment":[{"href":"https:\/\/itdweb.hu\/en\/wp-json\/wp\/v2\/media?parent=4073"}],"curies":[{"name":"wp","href":"https:\/\/api.w.org\/{rel}","templated":true}]}}