{"id":4507,"date":"2023-03-02T08:59:24","date_gmt":"2023-03-02T08:59:24","guid":{"rendered":"https:\/\/itdweb.hu\/?page_id=4507"},"modified":"2023-03-09T15:32:27","modified_gmt":"2023-03-09T15:32:27","slug":"infoday-2023-tajekoztato-az-europai-egeszsegipari-palyazatokrol","status":"publish","type":"page","link":"https:\/\/itdweb.hu\/en\/infoday-2023-tajekoztato-az-europai-egeszsegipari-palyazatokrol\/","title":{"rendered":"InfoDay 2023 &#8211; t\u00e1j\u00e9koztat\u00f3 az eur\u00f3pai eg\u00e9szs\u00e9gipari p\u00e1ly\u00e1zatokr\u00f3l"},"content":{"rendered":"<div class=\"wpb-content-wrapper\">\r\n<div  data-mk-stretch-content=\"true\" class=\"wpb_row vc_row vc_row-fluid jupiter-donut- mk-fullwidth-false  attched-false     js-master-row  mk-grid\">\r\n\t\t\t\t\r\n<div class=\"vc_col-sm-12 wpb_column column_container  jupiter-donut- _ jupiter-donut-height-full\">\r\n\t<div class=\"vc_empty_space\"   style=\"height: 120px\"><span class=\"vc_empty_space_inner\"><\/span><\/div><h2 style=\"color: #001b48;text-align: center\" class=\"vc_custom_heading vc_do_custom_heading\" >EIT Health InfoDay 2023 - information about european health industry tenders<\/h2><div class=\"vc_empty_space\"   style=\"height: 5px\"><span class=\"vc_empty_space_inner\"><\/span><\/div><h4 style=\"color: #7e0089;text-align: center\" class=\"vc_custom_heading vc_do_custom_heading\" ><a href=\"https:\/\/events.teams.microsoft.com\/event\/68373f34-2c5e-45b9-8b9e-ad3d465609af@570702d4-0107-4a39-a9d5-747f8b97ae91\">March 27, 2023 (Monday) 15:00 p.m<\/a><\/h4><div class=\"vc_empty_space\"   style=\"height: 30px\"><span class=\"vc_empty_space_inner\"><\/span><\/div><div class=\"vc_separator wpb_content_element vc_separator_align_center vc_sep_width_70 vc_sep_shadow vc_sep_pos_align_center vc_separator_no_text vc_sep_color_mulled_wine wpb_content_element  wpb_content_element\" ><span class=\"vc_sep_holder vc_sep_holder_l\"><span class=\"vc_sep_line\"><\/span><\/span><span class=\"vc_sep_holder vc_sep_holder_r\"><span class=\"vc_sep_line\"><\/span><\/span>\n<\/div><div class=\"vc_empty_space\"   style=\"height: 30px\"><span class=\"vc_empty_space_inner\"><\/span><\/div><\/div>\r\n\t<\/div>\r\n\r\n<div  data-mk-stretch-content=\"true\" class=\"wpb_row vc_row vc_row-fluid jupiter-donut- mk-fullwidth-false  attched-false     js-master-row  mk-grid\">\r\n\t\t\t\t\r\n<div class=\"vc_col-sm-8 wpb_column column_container  jupiter-donut- _ jupiter-donut-height-full\">\r\n\t\t<div class=\"vc_custom_1678359024357\">\r\n\r\n<div id=\"text-block-3\" class=\"mk-text-block  jupiter-donut-\">\r\n\r\n\t\r\n\t<p style=\"text-align: justify;\"><span style=\"font-family: georgia, palatino, serif; font-size: 12pt; color: #001b48;\">The first phase of EIT Health\u2019s<a style=\"color: #001b48;\" href=\"https:\/\/eit.europa.eu\/\">EIT<\/a>- as a \u2018knowledge and innovation community\u2019 (KIC)<a style=\"color: #001b48;\" href=\"https:\/\/eithealth.eu\/\">EIT Health<\/a>of the European Institute of Innovation and Technology (EIT) - calls for 2023 is now open!\u00a0\u00a0<\/span><\/p>\n<p style=\"text-align: justify;\"><span style=\"font-family: georgia, palatino, serif; font-size: 12pt; color: #001b48;\">The new Accelerator programmes and Bootcamps aimed at SMEs, startups,\u202fentrepreneurs and innovators who want to connect with European health experts to fast track their business ideas in health innovation. \n\nThe accelerator programmes catalyse new business growth to deliver transformative products and services. EIT works with entrepreneurs, startups and SMEs to shorten the time-to-market for life-changing health products and services while creating new jobs and contributing to a thriving economy. Since launching in 2016, EIT Health Ireland UK has supported more than 170 startups with significant investment of \u20ac293 m until 2022.\u00a0<\/span><\/p>\n\r\n\t<div class=\"clearboth\"><\/div>\r\n<\/div>\r\n\r\n\t<\/div>\r\n<\/div>\r\n\r\n<div class=\"vc_col-sm-4 wpb_column column_container  jupiter-donut- _ jupiter-donut-height-full\">\r\n\t<div class=\"vc_empty_space\"   style=\"height: 20px\"><span class=\"vc_empty_space_inner\"><\/span><\/div>\n\t<div  class=\"wpb_single_image wpb_content_element vc_align_center wpb_content_element\">\n\t\t\n\t\t<figure class=\"wpb_wrapper vc_figure\">\n\t\t\t<div class=\"vc_single_image-wrapper   vc_box_border_grey\"><img decoding=\"async\" width=\"150\" height=\"150\" src=\"https:\/\/itdweb.hu\/wp-content\/uploads\/2023\/03\/icon_rocket-150x150.png\" class=\"vc_single_image-img attachment-thumbnail\" alt=\"\" title=\"icon_rocket\" srcset=\"https:\/\/itdweb.hu\/wp-content\/uploads\/2023\/03\/icon_rocket-150x150.png 150w, https:\/\/itdweb.hu\/wp-content\/uploads\/2023\/03\/icon_rocket-300x300.png 300w, https:\/\/itdweb.hu\/wp-content\/uploads\/2023\/03\/icon_rocket-12x12.png 12w, https:\/\/itdweb.hu\/wp-content\/uploads\/2023\/03\/icon_rocket-1024x1024.png 1024w, https:\/\/itdweb.hu\/wp-content\/uploads\/2023\/03\/icon_rocket.png 510w\" sizes=\"(max-width: 150px) 100vw, 150px\" itemprop=\"image\" \/><\/div>\n\t\t<\/figure>\n\t<\/div>\n<\/div>\r\n\t<\/div>\r\n\r\n<div  data-mk-stretch-content=\"true\" class=\"wpb_row vc_row vc_row-fluid jupiter-donut- mk-fullwidth-false  attched-false     js-master-row  mk-grid\">\r\n\t\t\t\t\r\n<div class=\"vc_col-sm-12 wpb_column column_container  jupiter-donut- _ jupiter-donut-height-full\">\r\n\t\t<div class=\"vc_custom_1678359138225\">\r\n\r\n<div id=\"text-block-6\" class=\"mk-text-block  jupiter-donut-\">\r\n\r\n\t\r\n\t<p style=\"text-align: left;\"><span style=\"font-family: georgia, palatino, serif; font-size: 12pt; color: #001b48;\">Applications now are open to entrepreneurs, start-ups, SMEs, innovative project owners focused on medtech, biotech, and digital health. Whether you need access to knowledge, new markets, key stakeholders, or investors and funding \u2013 EIT Health can help!\u00a0\u00a0\u00a0<\/span><\/p>\n<p style=\"text-align: center;\"><span style=\"text-decoration: underline; color: #0000ff;\"><span style=\"font-family: georgia, palatino, serif; font-size: 12pt;\"><a style=\"color: #0000ff; text-decoration: underline;\" href=\"https:\/\/itdweb.hu\/en\/europai-egeszsegipari-palyazatok\/\">https:\/\/itdweb.hu\/europai-egeszsegipari-palyazatok\/<\/a>\u00a0<\/span><\/span><\/p>\n<p style=\"text-align: center;\"><span style=\"font-family: georgia, palatino, serif; font-size: 12pt; color: #001b48;\">Details of the calls and further information can be found here:\u00a0\u00a0<\/span><\/p>\n<p style=\"text-align: center;\"><span style=\"text-decoration: underline;\"><span style=\"font-family: georgia, palatino, serif; font-size: 12pt; color: #0000ff; text-decoration: underline;\"><a style=\"color: #0000ff; text-decoration: underline;\" href=\"https:\/\/innostarter.eithealth.eu\/\">https:\/\/innostarter.eithealth.eu\/<\/a>\u00a0<\/span><\/span><\/p>\n<p style=\"text-align: center;\"><span style=\"font-family: georgia, palatino, serif; font-size: 12pt; color: #001b48;\">The application conditions for tenders are constantly updated!\u00a0<\/span><\/p>\n<p style=\"text-align: center;\"><span style=\"font-family: georgia, palatino, serif; font-size: 12pt; color: #001b48;\">In addition to all this, in order to navigate more easily between the application options\u00a0\u00a0<\/span><\/p>\n<p style=\"text-align: center;\"><span style=\"text-decoration: underline;\"><span style=\"font-family: georgia, palatino, serif; font-size: 14pt; color: #001b48; background-color: #ffffff; text-decoration: underline;\"><b>On March 27, 2023 from 3:00 p.m. to 4:00 p.m. ONLINE<\/b>\u00a0<\/span><\/span><\/p>\n<p style=\"text-align: center;\"><span style=\"font-family: georgia, palatino, serif; font-size: 12pt; color: #001b48;\">we hold an information session, in the framework of which, in addition to explaining the application materials, we also share useful and practical practical tips with interested parties in order to successfully submit an application.<\/span><\/p>\n\r\n\t<div class=\"clearboth\"><\/div>\r\n<\/div>\r\n\r\n\t<\/div>\r\n<\/div>\r\n\t<\/div>\r\n\r\n<div  data-mk-stretch-content=\"true\" class=\"wpb_row vc_row vc_row-fluid jupiter-donut- mk-fullwidth-false  attched-false     js-master-row  mk-grid\">\r\n\t\t\t\t\r\n<div class=\"vc_col-sm-12 wpb_column column_container  jupiter-donut- _ jupiter-donut-height-full\">\r\n\t<div class=\"vc_empty_space\"   style=\"height: 10px\"><span class=\"vc_empty_space_inner\"><\/span><\/div><div class=\"vc_btn3-container vc_btn3-center vc_do_btn\" ><a class=\"vc_general vc_btn3 vc_btn3-size-md vc_btn3-shape-rounded vc_btn3-style-modern vc_btn3-color-blue\" href=\"https:\/\/events.teams.microsoft.com\/event\/68373f34-2c5e-45b9-8b9e-ad3d465609af@570702d4-0107-4a39-a9d5-747f8b97ae91\" title=\"\">REGISTER<\/a><\/div><div class=\"vc_empty_space\"   style=\"height: 10px\"><span class=\"vc_empty_space_inner\"><\/span><\/div><h3 style=\"color: #001b48;text-align: left\" class=\"vc_custom_heading vc_do_custom_heading\" >EL\u0150AD\u00d3K<\/h3><\/div>\r\n\t<\/div>\r\n\r\n<div  data-mk-stretch-content=\"true\" class=\"wpb_row vc_row vc_row-fluid jupiter-donut- mk-fullwidth-false  attched-false     js-master-row  mk-grid\">\r\n\t\t\t\t\r\n<div class=\"vc_col-sm-3 wpb_column column_container  jupiter-donut- _ jupiter-donut-height-full\">\r\n\t<div class=\"vc_empty_space\"   style=\"height: 20px\"><span class=\"vc_empty_space_inner\"><\/span><\/div>\n\t<div  class=\"wpb_single_image wpb_content_element vc_align_center wpb_content_element\">\n\t\t\n\t\t<figure class=\"wpb_wrapper vc_figure\">\n\t\t\t<div class=\"vc_single_image-wrapper   vc_box_border_grey\"><img decoding=\"async\" width=\"150\" height=\"150\" src=\"https:\/\/itdweb.hu\/wp-content\/uploads\/2023\/03\/1536589358235-150x150.jpg\" class=\"vc_single_image-img attachment-thumbnail\" alt=\"\" title=\"1536589358235\" srcset=\"https:\/\/itdweb.hu\/wp-content\/uploads\/2023\/03\/1536589358235-150x150.jpg 150w, https:\/\/itdweb.hu\/wp-content\/uploads\/2023\/03\/1536589358235-300x300.jpg 300w, https:\/\/itdweb.hu\/wp-content\/uploads\/2023\/03\/1536589358235-12x12.jpg 12w, https:\/\/itdweb.hu\/wp-content\/uploads\/2023\/03\/1536589358235-1024x1024.jpg 1024w, https:\/\/itdweb.hu\/wp-content\/uploads\/2023\/03\/1536589358235-200x200.jpg 200w, https:\/\/itdweb.hu\/wp-content\/uploads\/2023\/03\/1536589358235.jpg 500w\" sizes=\"(max-width: 150px) 100vw, 150px\" itemprop=\"image\" \/><\/div>\n\t\t<\/figure>\n\t<\/div>\n<div class=\"vc_empty_space\"   style=\"height: 100px\"><span class=\"vc_empty_space_inner\"><\/span><\/div>\n\t<div  class=\"wpb_single_image wpb_content_element vc_align_center wpb_content_element\">\n\t\t\n\t\t<figure class=\"wpb_wrapper vc_figure\">\n\t\t\t<div class=\"vc_single_image-wrapper   vc_box_border_grey\"><img decoding=\"async\" width=\"150\" height=\"150\" src=\"https:\/\/itdweb.hu\/wp-content\/uploads\/2023\/03\/dr-dobos-istvan-1-300x210-1-150x150.jpg\" class=\"vc_single_image-img attachment-thumbnail\" alt=\"\" title=\"dr-dobos-istvan-1-300x210\" srcset=\"https:\/\/itdweb.hu\/wp-content\/uploads\/2023\/03\/dr-dobos-istvan-1-300x210-1-150x150.jpg 150w, https:\/\/itdweb.hu\/wp-content\/uploads\/2023\/03\/dr-dobos-istvan-1-300x210-1-1024x1024.jpg 1024w, https:\/\/itdweb.hu\/wp-content\/uploads\/2023\/03\/dr-dobos-istvan-1-300x210-1-300x300.jpg 300w\" sizes=\"(max-width: 150px) 100vw, 150px\" itemprop=\"image\" \/><\/div>\n\t\t<\/figure>\n\t<\/div>\n<\/div>\r\n\r\n<div class=\"vc_col-sm-9 wpb_column column_container  jupiter-donut- _ jupiter-donut-height-full\">\r\n\t\t<div class=\"vc_custom_1678357716449\">\r\n\r\n<div id=\"text-block-10\" class=\"mk-text-block  jupiter-donut-\">\r\n\r\n\t\r\n\t<p><a href=\"https:\/\/hu.linkedin.com\/in\/tam%C3%A1s-b%C3%A9k%C3%A1si-b7666aa0\"><span data-contrast=\"none\"><span style=\"font-family: georgia, palatino, serif; font-size: 12pt; color: #001b48;\"><span style=\"text-decoration: underline;\">Tam\u00e1s B\u00e9k\u00e1si<\/span><\/span><\/span><\/a><span style=\"text-decoration: underline;\"><span style=\"font-family: georgia, palatino, serif; font-size: 12pt; color: #001b48; text-decoration: underline;\"> EIT Health RIS Business Creation Manager\u00a0<\/span><\/span><\/p>\n<p style=\"text-align: justify;\"><span style=\"font-family: georgia, palatino, serif; font-size: 12pt; color: #001b48;\"><b>Tam\u00e1s B\u00e9k\u00e1si<\/b>Over the past fifteen years,\u202fTam\u00e1s B\u00e9k\u00e1si\u202fhas gained extensive experience in process and business development, marketing communications and international service transfer in the agency, corporate and SSC sectors. As the Business Creation Project Manager in the RIS region of EIT Health (European Institute of Innovation and Technology), his main task is to support and mentor healthcare professionals and start-ups in Europe and in the country.\u202f\u00a0<\/span><\/p>\n<p><span style=\"font-family: georgia, palatino, serif; font-size: 12pt; color: #001b48;\">His presentation will be<b>on\u202fRIS Business Creation Programmes 2023.<\/b>\u00a0<\/span><\/p>\n<p>&nbsp;<\/p>\n<p><span style=\"text-decoration: underline;\"><span style=\"color: #001b48; font-family: georgia, palatino, serif; font-size: 12pt; text-decoration: underline;\">Istv\u00e1n Dobos<\/span><span style=\"color: #001b48; font-family: georgia, palatino, serif; font-size: 12pt; text-decoration: underline;\"> &#8211; \u00dcgyv\u00e9d<\/span><\/span><\/p>\n<p style=\"text-align: justify;\"><span style=\"font-family: georgia, palatino, serif; font-size: 12pt; color: #001b48;\">He has been dealing with start-ups, syndicate agreements, equity investments and full buy-outs (exits) for 10 years. In addition to Hungarian, Istv\u00e1n works in English and German, so he can also help you with possible foreign expansion or capital investment from abroad.\u00a0<\/span><\/p>\n<p><span style=\"font-family: georgia, palatino, serif; font-size: 12pt; color: #001b48;\">Dr Istv\u00e1n Dobos, attorney at law, will also give an interesting presentation on\u202f <b>\"Legal solutions for start-ups - the role of control rights\".<\/b><\/span><\/p>\n\r\n\t<div class=\"clearboth\"><\/div>\r\n<\/div>\r\n\r\n\t<\/div>\r\n<\/div>\r\n\t<\/div>\r\n\r\n<div  data-mk-stretch-content=\"true\" class=\"wpb_row vc_row vc_row-fluid jupiter-donut- mk-fullwidth-false  attched-false     js-master-row  mk-grid\">\r\n\t\t\t\t\r\n<div class=\"vc_col-sm-12 wpb_column column_container  jupiter-donut- _ jupiter-donut-height-full\">\r\n\t<div class=\"vc_empty_space\"   style=\"height: 20px\"><span class=\"vc_empty_space_inner\"><\/span><\/div>\t<div class=\"vc_custom_1678358054966\">\r\n\r\n<div id=\"text-block-12\" class=\"mk-text-block  jupiter-donut-\">\r\n\r\n\t\r\n\t<p style=\"text-align: center;\"><strong><span class=\"TextRun SCXW260219739 BCX0\" lang=\"HU-HU\" style=\"font-family: georgia, palatino, serif; font-size: 12pt; color: #001b48;\" xml:lang=\"HU-HU\" data-contrast=\"auto\"><span class=\"NormalTextRun SCXW260219739 BCX0\">The event is going to be held online, but registration is needed.<\/span><\/span><\/strong><\/p>\n\r\n\t<div class=\"clearboth\"><\/div>\r\n<\/div>\r\n\r\n\t<\/div>\r\n<div class=\"vc_empty_space\"   style=\"height: 10px\"><span class=\"vc_empty_space_inner\"><\/span><\/div><div class=\"vc_btn3-container vc_btn3-center vc_do_btn\" ><a class=\"vc_general vc_btn3 vc_btn3-size-md vc_btn3-shape-rounded vc_btn3-style-modern vc_btn3-color-blue\" href=\"https:\/\/events.teams.microsoft.com\/event\/68373f34-2c5e-45b9-8b9e-ad3d465609af@570702d4-0107-4a39-a9d5-747f8b97ae91\" title=\"\">REGISTER<\/a><\/div><\/div>\r\n\t<\/div>\r\n\r\n<div class=\"vc_col-sm-12 wpb_column column_container  jupiter-donut- _ jupiter-donut-height-full\">\r\n\t<\/div>\r\n\n<\/div>","protected":false},"excerpt":{"rendered":"EIT Health InfoDay 2023 - t\u00e1j\u00e9koztat\u00f3 az eur\u00f3pai eg\u00e9szs\u00e9gipari p\u00e1ly\u00e1zatokr\u00f3l2023. m\u00e1rcius 27. (h\u00e9tf\u0151) 15:00 \u00f3ra Az Eur\u00f3pai Innov\u00e1ci\u00f3s \u00e9s Technol\u00f3giai Int\u00e9zet (EIT) eg\u00e9szs\u00e9g\u00fcgyi innov\u00e1ci\u00f3t n\u00e9pszer\u0171s\u00edt\u0151 k\u00f6z\u00f6ss\u00e9ge (EIT Health) 2023-ban is sz\u00e1mos p\u00e1ly\u00e1zati lehet\u0151s\u00e9get hirdet meg medtech, biotech \u00e9s digital health vonatkoz\u00e1s\u00fa eg\u00e9szs\u00e9g\u00fcgyi fejleszt\u00e9sek t\u00e1mogat\u00e1s\u00e1ra kis \u00e9s k\u00f6z\u00e9pv\u00e1llalkoz\u00e1sok, start-up-ok \u00e9s egy\u00e9ni v\u00e1llalkoz\u00f3k r\u00e9sz\u00e9re.\u00a0\u00a0 A p\u00e1ly\u00e1zatok c\u00e9lja, [...]","protected":false},"author":7,"featured_media":0,"parent":0,"menu_order":0,"comment_status":"closed","ping_status":"closed","template":"","meta":{"om_disable_all_campaigns":false,"_monsterinsights_skip_tracking":false,"_monsterinsights_sitenote_active":false,"_monsterinsights_sitenote_note":"","_monsterinsights_sitenote_category":0,"_uf_show_specific_survey":0,"_uf_disable_surveys":false,"footnotes":""},"class_list":["post-4507","page","type-page","status-publish","hentry"],"yoast_head":"<!-- This site is optimized with the Yoast SEO plugin v27.4 - https:\/\/yoast.com\/product\/yoast-seo-wordpress\/ -->\n<title>InfoDay 2023 - t\u00e1j\u00e9koztat\u00f3 az eur\u00f3pai eg\u00e9szs\u00e9gipari p\u00e1ly\u00e1zatokr\u00f3l - ITD official webpage<\/title>\n<meta name=\"robots\" content=\"index, follow, max-snippet:-1, max-image-preview:large, max-video-preview:-1\" \/>\n<link rel=\"canonical\" href=\"https:\/\/itdweb.hu\/en\/infoday-2023-tajekoztato-az-europai-egeszsegipari-palyazatokrol\/\" \/>\n<meta property=\"og:locale\" content=\"en_US\" \/>\n<meta property=\"og:type\" content=\"article\" \/>\n<meta property=\"og:title\" content=\"InfoDay 2023 - t\u00e1j\u00e9koztat\u00f3 az eur\u00f3pai eg\u00e9szs\u00e9gipari p\u00e1ly\u00e1zatokr\u00f3l\" \/>\n<meta property=\"og:description\" content=\"Az Eur\u00f3pai Innov\u00e1ci\u00f3s \u00e9s Technol\u00f3giai Int\u00e9zet (EIT) eg\u00e9szs\u00e9g\u00fcgyi innov\u00e1ci\u00f3t n\u00e9pszer\u0171s\u00edt\u0151 k\u00f6z\u00f6ss\u00e9ge (EIT Health) 2023-ban is sz\u00e1mos p\u00e1ly\u00e1zati lehet\u0151s\u00e9get hirdet meg medtech, biotech \u00e9s digital health vonatkoz\u00e1s\u00fa eg\u00e9szs\u00e9g\u00fcgyi fejleszt\u00e9sek t\u00e1mogat\u00e1s\u00e1ra kis \u00e9s k\u00f6z\u00e9pv\u00e1llalkoz\u00e1sok, start-up-ok \u00e9s egy\u00e9ni v\u00e1llalkoz\u00f3k r\u00e9sz\u00e9re.\u00a0\u00a0\" \/>\n<meta property=\"og:url\" content=\"https:\/\/itdweb.hu\/en\/infoday-2023-tajekoztato-az-europai-egeszsegipari-palyazatokrol\/\" \/>\n<meta property=\"og:site_name\" content=\"ITD official webpage\" \/>\n<meta property=\"article:publisher\" content=\"https:\/\/www.facebook.com\/itdpteaok\" \/>\n<meta property=\"article:modified_time\" content=\"2023-03-09T15:32:27+00:00\" \/>\n<meta property=\"og:image\" content=\"https:\/\/itdweb.hu\/wp-content\/uploads\/2023\/03\/zzz.jpg\" \/>\n\t<meta property=\"og:image:width\" content=\"696\" \/>\n\t<meta property=\"og:image:height\" content=\"444\" \/>\n\t<meta property=\"og:image:type\" content=\"image\/jpeg\" \/>\n<meta name=\"twitter:card\" content=\"summary_large_image\" \/>\n<meta name=\"twitter:site\" content=\"@itd_pte\" \/>\n<meta name=\"twitter:label1\" content=\"Est. reading time\" \/>\n\t<meta name=\"twitter:data1\" content=\"5 minutes\" \/>\n<script type=\"application\/ld+json\" class=\"yoast-schema-graph\">{\"@context\":\"https:\\\/\\\/schema.org\",\"@graph\":[{\"@type\":\"WebPage\",\"@id\":\"https:\\\/\\\/itdweb.hu\\\/infoday-2023-tajekoztato-az-europai-egeszsegipari-palyazatokrol\\\/\",\"url\":\"https:\\\/\\\/itdweb.hu\\\/infoday-2023-tajekoztato-az-europai-egeszsegipari-palyazatokrol\\\/\",\"name\":\"InfoDay 2023 - t\u00e1j\u00e9koztat\u00f3 az eur\u00f3pai eg\u00e9szs\u00e9gipari p\u00e1ly\u00e1zatokr\u00f3l - ITD official webpage\",\"isPartOf\":{\"@id\":\"https:\\\/\\\/itdweb.hu\\\/en\\\/#website\"},\"datePublished\":\"2023-03-02T08:59:24+00:00\",\"dateModified\":\"2023-03-09T15:32:27+00:00\",\"breadcrumb\":{\"@id\":\"https:\\\/\\\/itdweb.hu\\\/infoday-2023-tajekoztato-az-europai-egeszsegipari-palyazatokrol\\\/#breadcrumb\"},\"inLanguage\":\"en-US\",\"potentialAction\":[{\"@type\":\"ReadAction\",\"target\":[\"https:\\\/\\\/itdweb.hu\\\/infoday-2023-tajekoztato-az-europai-egeszsegipari-palyazatokrol\\\/\"]}]},{\"@type\":\"BreadcrumbList\",\"@id\":\"https:\\\/\\\/itdweb.hu\\\/infoday-2023-tajekoztato-az-europai-egeszsegipari-palyazatokrol\\\/#breadcrumb\",\"itemListElement\":[{\"@type\":\"ListItem\",\"position\":1,\"name\":\"Home\",\"item\":\"https:\\\/\\\/itdweb.hu\\\/\"},{\"@type\":\"ListItem\",\"position\":2,\"name\":\"InfoDay 2023 &#8211; t\u00e1j\u00e9koztat\u00f3 az eur\u00f3pai eg\u00e9szs\u00e9gipari p\u00e1ly\u00e1zatokr\u00f3l\"}]},{\"@type\":\"WebSite\",\"@id\":\"https:\\\/\\\/itdweb.hu\\\/en\\\/#website\",\"url\":\"https:\\\/\\\/itdweb.hu\\\/en\\\/\",\"name\":\"ITD official webpage\",\"description\":\"\",\"publisher\":{\"@id\":\"https:\\\/\\\/itdweb.hu\\\/en\\\/#organization\"},\"potentialAction\":[{\"@type\":\"SearchAction\",\"target\":{\"@type\":\"EntryPoint\",\"urlTemplate\":\"https:\\\/\\\/itdweb.hu\\\/en\\\/?s={search_term_string}\"},\"query-input\":{\"@type\":\"PropertyValueSpecification\",\"valueRequired\":true,\"valueName\":\"search_term_string\"}}],\"inLanguage\":\"en-US\"},{\"@type\":\"Organization\",\"@id\":\"https:\\\/\\\/itdweb.hu\\\/en\\\/#organization\",\"name\":\"ITD - Institute of Transdisciplinary Discoveries\",\"url\":\"https:\\\/\\\/itdweb.hu\\\/en\\\/\",\"logo\":{\"@type\":\"ImageObject\",\"inLanguage\":\"en-US\",\"@id\":\"https:\\\/\\\/itdweb.hu\\\/en\\\/#\\\/schema\\\/logo\\\/image\\\/\",\"url\":\"https:\\\/\\\/itdweb.hu\\\/wp-content\\\/uploads\\\/2020\\\/11\\\/itd-ikon.png\",\"contentUrl\":\"https:\\\/\\\/itdweb.hu\\\/wp-content\\\/uploads\\\/2020\\\/11\\\/itd-ikon.png\",\"width\":512,\"height\":512,\"caption\":\"ITD - Institute of Transdisciplinary Discoveries\"},\"image\":{\"@id\":\"https:\\\/\\\/itdweb.hu\\\/en\\\/#\\\/schema\\\/logo\\\/image\\\/\"},\"sameAs\":[\"https:\\\/\\\/www.facebook.com\\\/itdpteaok\",\"https:\\\/\\\/x.com\\\/itd_pte\",\"https:\\\/\\\/www.linkedin.com\\\/company\\\/institute-of-transdisciplinary-discoveries\",\"https:\\\/\\\/www.youtube.com\\\/channel\\\/UCJpKCIjIg0aVbPQztlXBdcg\"]}]}<\/script>\n<!-- \/ Yoast SEO plugin. -->","yoast_head_json":{"title":"InfoDay 2023 - t\u00e1j\u00e9koztat\u00f3 az eur\u00f3pai eg\u00e9szs\u00e9gipari p\u00e1ly\u00e1zatokr\u00f3l - ITD official webpage","robots":{"index":"index","follow":"follow","max-snippet":"max-snippet:-1","max-image-preview":"max-image-preview:large","max-video-preview":"max-video-preview:-1"},"canonical":"https:\/\/itdweb.hu\/en\/infoday-2023-tajekoztato-az-europai-egeszsegipari-palyazatokrol\/","og_locale":"en_US","og_type":"article","og_title":"InfoDay 2023 - t\u00e1j\u00e9koztat\u00f3 az eur\u00f3pai eg\u00e9szs\u00e9gipari p\u00e1ly\u00e1zatokr\u00f3l","og_description":"Az Eur\u00f3pai Innov\u00e1ci\u00f3s \u00e9s Technol\u00f3giai Int\u00e9zet (EIT) eg\u00e9szs\u00e9g\u00fcgyi innov\u00e1ci\u00f3t n\u00e9pszer\u0171s\u00edt\u0151 k\u00f6z\u00f6ss\u00e9ge (EIT Health) 2023-ban is sz\u00e1mos p\u00e1ly\u00e1zati lehet\u0151s\u00e9get hirdet meg medtech, biotech \u00e9s digital health vonatkoz\u00e1s\u00fa eg\u00e9szs\u00e9g\u00fcgyi fejleszt\u00e9sek t\u00e1mogat\u00e1s\u00e1ra kis \u00e9s k\u00f6z\u00e9pv\u00e1llalkoz\u00e1sok, start-up-ok \u00e9s egy\u00e9ni v\u00e1llalkoz\u00f3k r\u00e9sz\u00e9re.\u00a0\u00a0","og_url":"https:\/\/itdweb.hu\/en\/infoday-2023-tajekoztato-az-europai-egeszsegipari-palyazatokrol\/","og_site_name":"ITD official webpage","article_publisher":"https:\/\/www.facebook.com\/itdpteaok","article_modified_time":"2023-03-09T15:32:27+00:00","og_image":[{"width":696,"height":444,"url":"https:\/\/itdweb.hu\/wp-content\/uploads\/2023\/03\/zzz.jpg","type":"image\/jpeg"}],"twitter_card":"summary_large_image","twitter_site":"@itd_pte","twitter_misc":{"Est. reading time":"5 minutes"},"schema":{"@context":"https:\/\/schema.org","@graph":[{"@type":"WebPage","@id":"https:\/\/itdweb.hu\/infoday-2023-tajekoztato-az-europai-egeszsegipari-palyazatokrol\/","url":"https:\/\/itdweb.hu\/infoday-2023-tajekoztato-az-europai-egeszsegipari-palyazatokrol\/","name":"InfoDay 2023 - t\u00e1j\u00e9koztat\u00f3 az eur\u00f3pai eg\u00e9szs\u00e9gipari p\u00e1ly\u00e1zatokr\u00f3l - ITD official webpage","isPartOf":{"@id":"https:\/\/itdweb.hu\/en\/#website"},"datePublished":"2023-03-02T08:59:24+00:00","dateModified":"2023-03-09T15:32:27+00:00","breadcrumb":{"@id":"https:\/\/itdweb.hu\/infoday-2023-tajekoztato-az-europai-egeszsegipari-palyazatokrol\/#breadcrumb"},"inLanguage":"en-US","potentialAction":[{"@type":"ReadAction","target":["https:\/\/itdweb.hu\/infoday-2023-tajekoztato-az-europai-egeszsegipari-palyazatokrol\/"]}]},{"@type":"BreadcrumbList","@id":"https:\/\/itdweb.hu\/infoday-2023-tajekoztato-az-europai-egeszsegipari-palyazatokrol\/#breadcrumb","itemListElement":[{"@type":"ListItem","position":1,"name":"Home","item":"https:\/\/itdweb.hu\/"},{"@type":"ListItem","position":2,"name":"InfoDay 2023 &#8211; t\u00e1j\u00e9koztat\u00f3 az eur\u00f3pai eg\u00e9szs\u00e9gipari p\u00e1ly\u00e1zatokr\u00f3l"}]},{"@type":"WebSite","@id":"https:\/\/itdweb.hu\/en\/#website","url":"https:\/\/itdweb.hu\/en\/","name":"ITD official webpage","description":"","publisher":{"@id":"https:\/\/itdweb.hu\/en\/#organization"},"potentialAction":[{"@type":"SearchAction","target":{"@type":"EntryPoint","urlTemplate":"https:\/\/itdweb.hu\/en\/?s={search_term_string}"},"query-input":{"@type":"PropertyValueSpecification","valueRequired":true,"valueName":"search_term_string"}}],"inLanguage":"en-US"},{"@type":"Organization","@id":"https:\/\/itdweb.hu\/en\/#organization","name":"ITD - Institute of Transdisciplinary Discoveries","url":"https:\/\/itdweb.hu\/en\/","logo":{"@type":"ImageObject","inLanguage":"en-US","@id":"https:\/\/itdweb.hu\/en\/#\/schema\/logo\/image\/","url":"https:\/\/itdweb.hu\/wp-content\/uploads\/2020\/11\/itd-ikon.png","contentUrl":"https:\/\/itdweb.hu\/wp-content\/uploads\/2020\/11\/itd-ikon.png","width":512,"height":512,"caption":"ITD - Institute of Transdisciplinary Discoveries"},"image":{"@id":"https:\/\/itdweb.hu\/en\/#\/schema\/logo\/image\/"},"sameAs":["https:\/\/www.facebook.com\/itdpteaok","https:\/\/x.com\/itd_pte","https:\/\/www.linkedin.com\/company\/institute-of-transdisciplinary-discoveries","https:\/\/www.youtube.com\/channel\/UCJpKCIjIg0aVbPQztlXBdcg"]}]}},"_links":{"self":[{"href":"https:\/\/itdweb.hu\/en\/wp-json\/wp\/v2\/pages\/4507","targetHints":{"allow":["GET"]}}],"collection":[{"href":"https:\/\/itdweb.hu\/en\/wp-json\/wp\/v2\/pages"}],"about":[{"href":"https:\/\/itdweb.hu\/en\/wp-json\/wp\/v2\/types\/page"}],"author":[{"embeddable":true,"href":"https:\/\/itdweb.hu\/en\/wp-json\/wp\/v2\/users\/7"}],"replies":[{"embeddable":true,"href":"https:\/\/itdweb.hu\/en\/wp-json\/wp\/v2\/comments?post=4507"}],"version-history":[{"count":23,"href":"https:\/\/itdweb.hu\/en\/wp-json\/wp\/v2\/pages\/4507\/revisions"}],"predecessor-version":[{"id":4550,"href":"https:\/\/itdweb.hu\/en\/wp-json\/wp\/v2\/pages\/4507\/revisions\/4550"}],"wp:attachment":[{"href":"https:\/\/itdweb.hu\/en\/wp-json\/wp\/v2\/media?parent=4507"}],"curies":[{"name":"wp","href":"https:\/\/api.w.org\/{rel}","templated":true}]}}