{"id":484,"date":"2020-05-28T10:46:08","date_gmt":"2020-05-28T10:46:08","guid":{"rendered":"http:\/\/itdweb.hu\/?page_id=484"},"modified":"2021-11-30T10:32:16","modified_gmt":"2021-11-30T10:32:16","slug":"campus-programmes-klinikusoknak","status":"publish","type":"page","link":"https:\/\/itdweb.hu\/en\/campus-programmes-klinikusoknak\/","title":{"rendered":"Campus Programmes &#8211; Klinikusoknak"},"content":{"rendered":"<div class=\"wpb-content-wrapper\">\r\n<div  data-mk-stretch-content=\"true\" class=\"wpb_row vc_row vc_row-fluid jupiter-donut- mk-fullwidth-false  attched-false     js-master-row  mk-grid\">\r\n\t\t\t\t\r\n<div class=\"vc_col-sm-12 wpb_column column_container  jupiter-donut- _ jupiter-donut-height-full\">\r\n\t<div class=\"vc_empty_space\"   style=\"height: 100px\"><span class=\"vc_empty_space_inner\"><\/span><\/div><\/div>\r\n\t<\/div>\r\n\r\n<div  data-mk-stretch-content=\"true\" class=\"wpb_row vc_row vc_row-fluid jupiter-donut- mk-fullwidth-false  attched-false     js-master-row  mk-grid\">\r\n\t\t\t\t\r\n<div class=\"vc_col-sm-12 wpb_column column_container  jupiter-donut- _ jupiter-donut-height-full\">\r\n\t\r\n<h2 id=\"fancy-title-3\" class=\"mk-fancy-title  simple-style jupiter-donut-  color-single\">\r\n\t<span>\r\n\t\t\t\t<p>Currently available programs<\/p>\n\t\t\t<\/span>\r\n<\/h2>\r\n<div class=\"clearboth\"><\/div>\r\n\r\n\r\n\r\n<div class=\"vc_empty_space\"   style=\"height: 32px\"><span class=\"vc_empty_space_inner\"><\/span><\/div><\/div>\r\n\t<\/div>\r\n\r\n<div  data-mk-stretch-content=\"true\" class=\"wpb_row vc_row vc_row-fluid jupiter-donut- mk-fullwidth-false  attched-false     js-master-row  mk-grid\">\r\n\t\t\t\t\r\n<div class=\"vc_col-sm-3 wpb_column column_container  jupiter-donut- _ jupiter-donut-height-full\">\r\n\t\r\n<div id=\"box-icon-5\" class=\"mk-box-icon  jupiter-donut- simple_ultimate-style   jupiter-donut-clearfix\">\r\n\r\n    <div class=\"top-side rounded-circle\">\r\n\r\n    <a href=\"https:\/\/eithealth.eu\/project\/helloairis\/\"><i class=\"mk-main-ico medium\"><svg  class=\"mk-svg-icon\" data-name=\"mk-icon-desktop\" data-cacheid=\"icon-69e74b96ab3cb\" xmlns=\"http:\/\/www.w3.org\/2000\/svg\" viewbox=\"0 0 1920 1792\"><path d=\"M1792 992v-832q0-13-9.5-22.5t-22.5-9.5h-1600q-13 0-22.5 9.5t-9.5 22.5v832q0 13 9.5 22.5t22.5 9.5h1600q13 0 22.5-9.5t9.5-22.5zm128-832v1088q0 66-47 113t-113 47h-544q0 37 16 77.5t32 71 16 43.5q0 26-19 45t-45 19h-512q-26 0-45-19t-19-45q0-14 16-44t32-70 16-78h-544q-66 0-113-47t-47-113v-1088q0-66 47-113t113-47h1600q66 0 113 47t47 113z\"\/><\/svg><\/i><\/a>\r\n\r\n    <div class=\"box-detail-wrapper medium-size\">\r\n        <h4 class=\"icon-box-title\">\r\n          \t\t<a href=\"https:\/\/eithealth.eu\/project\/helloairis\/\">Hello AIRIS<\/a>\r\n     <\/h4>\r\n\r\n\r\n    <\/div>\r\n\r\n<div class=\"clearboth\"><\/div>\r\n<\/div>\r\n\r\n\r\n\r\n\r\n\r\n\r\n    <div class=\"clearboth\"><\/div>\r\n<\/div>\r\n\r\n\r\n\r\n\r\n<\/div>\r\n\r\n<div class=\"vc_col-sm-3 wpb_column column_container  jupiter-donut- _ jupiter-donut-height-full\">\r\n\t\r\n<div id=\"box-icon-7\" class=\"mk-box-icon  jupiter-donut- simple_ultimate-style   jupiter-donut-clearfix\">\r\n\r\n    <div class=\"top-side rounded-circle\">\r\n\r\n    <a href=\"https:\/\/eithealth.eu\/project\/i-days\/\"><i class=\"mk-main-ico medium\"><svg  class=\"mk-svg-icon\" data-name=\"mk-icon-code-fork\" data-cacheid=\"icon-69e74b96acffd\" xmlns=\"http:\/\/www.w3.org\/2000\/svg\" viewbox=\"0 0 1024 1792\"><path d=\"M288 1472q0-40-28-68t-68-28-68 28-28 68 28 68 68 28 68-28 28-68zm0-1152q0-40-28-68t-68-28-68 28-28 68 28 68 68 28 68-28 28-68zm640 128q0-40-28-68t-68-28-68 28-28 68 28 68 68 28 68-28 28-68zm96 0q0 52-26 96.5t-70 69.5q-2 287-226 414-68 38-203 81-128 40-169.5 71t-41.5 100v26q44 25 70 69.5t26 96.5q0 80-56 136t-136 56-136-56-56-136q0-52 26-96.5t70-69.5v-820q-44-25-70-69.5t-26-96.5q0-80 56-136t136-56 136 56 56 136q0 52-26 96.5t-70 69.5v497q54-26 154-57 55-17 87.5-29.5t70.5-31 59-39.5 40.5-51 28-69.5 8.5-91.5q-44-25-70-69.5t-26-96.5q0-80 56-136t136-56 136 56 56 136z\"\/><\/svg><\/i><\/a>\r\n\r\n    <div class=\"box-detail-wrapper medium-size\">\r\n        <h4 class=\"icon-box-title\">\r\n          \t\t<a href=\"https:\/\/eithealth.eu\/project\/i-days\/\">i-Days<\/a>\r\n     <\/h4>\r\n\r\n\r\n    <\/div>\r\n\r\n<div class=\"clearboth\"><\/div>\r\n<\/div>\r\n\r\n\r\n\r\n\r\n\r\n\r\n    <div class=\"clearboth\"><\/div>\r\n<\/div>\r\n\r\n\r\n\r\n\r\n<\/div>\r\n\r\n<div class=\"vc_col-sm-3 wpb_column column_container  jupiter-donut- _ jupiter-donut-height-full\">\r\n\t\r\n<div id=\"box-icon-9\" class=\"mk-box-icon  jupiter-donut- simple_ultimate-style   jupiter-donut-clearfix\">\r\n\r\n    <div class=\"top-side rounded-circle\">\r\n\r\n    <a href=\"https:\/\/emk.semmelweis.hu\/eithealth\/\"><i class=\"mk-main-ico medium\"><svg  class=\"mk-svg-icon\" data-name=\"mk-icon-graduation-cap\" data-cacheid=\"icon-69e74b96aec01\" xmlns=\"http:\/\/www.w3.org\/2000\/svg\" viewbox=\"0 0 2304 1792\"><path d=\"M1774 836l18 316q4 69-82 128t-235 93.5-323 34.5-323-34.5-235-93.5-82-128l18-316 574 181q22 7 48 7t48-7zm530-324q0 23-22 31l-1120 352q-4 1-10 1t-10-1l-652-206q-43 34-71 111.5t-34 178.5q63 36 63 109 0 69-58 107l58 433q2 14-8 25-9 11-24 11h-192q-15 0-24-11-10-11-8-25l58-433q-58-38-58-107 0-73 65-111 11-207 98-330l-333-104q-22-8-22-31t22-31l1120-352q4-1 10-1t10 1l1120 352q22 8 22 31z\"\/><\/svg><\/i><\/a>\r\n\r\n    <div class=\"box-detail-wrapper medium-size\">\r\n        <h4 class=\"icon-box-title\">\r\n          \t\t<a href=\"https:\/\/emk.semmelweis.hu\/eithealth\/\">L-ead Summer School<\/a>\r\n     <\/h4>\r\n\r\n\r\n    <\/div>\r\n\r\n<div class=\"clearboth\"><\/div>\r\n<\/div>\r\n\r\n\r\n\r\n\r\n\r\n\r\n    <div class=\"clearboth\"><\/div>\r\n<\/div>\r\n\r\n\r\n\r\n\r\n<\/div>\r\n\r\n<div class=\"vc_col-sm-3 wpb_column column_container  jupiter-donut- _ jupiter-donut-height-full\">\r\n\t\r\n<div id=\"box-icon-11\" class=\"mk-box-icon  jupiter-donut- simple_ultimate-style   jupiter-donut-clearfix\">\r\n\r\n    <div class=\"top-side rounded-circle\">\r\n\r\n    <a href=\"https:\/\/eithealth.eu\/project\/smart-up-lab-2019\/\"><i class=\"mk-main-ico medium\"><svg  class=\"mk-svg-icon\" data-name=\"mk-icon-flask\" data-cacheid=\"icon-69e74b96b0773\" xmlns=\"http:\/\/www.w3.org\/2000\/svg\" viewbox=\"0 0 1664 1792\"><path d=\"M1527 1448q56 89 21.5 152.5t-140.5 63.5h-1152q-106 0-140.5-63.5t21.5-152.5l503-793v-399h-64q-26 0-45-19t-19-45 19-45 45-19h512q26 0 45 19t19 45-19 45-45 19h-64v399zm-779-725l-272 429h712l-272-429-20-31v-436h-128v436z\"\/><\/svg><\/i><\/a>\r\n\r\n    <div class=\"box-detail-wrapper medium-size\">\r\n        <h4 class=\"icon-box-title\">\r\n          \t\t<a href=\"https:\/\/eithealth.eu\/project\/smart-up-lab-2019\/\">Smart-up Lab<\/a>\r\n     <\/h4>\r\n\r\n\r\n    <\/div>\r\n\r\n<div class=\"clearboth\"><\/div>\r\n<\/div>\r\n\r\n\r\n\r\n\r\n\r\n\r\n    <div class=\"clearboth\"><\/div>\r\n<\/div>\r\n\r\n\r\n\r\n\r\n<\/div>\r\n\t<\/div>\r\n\n<\/div>","protected":false},"excerpt":{"rendered":"Jelenleg el\u00e9rhet\u0151 programok Hello AIRIS i-Days L-ead Summer School Smart-up Lab","protected":false},"author":7,"featured_media":0,"parent":0,"menu_order":0,"comment_status":"closed","ping_status":"closed","template":"","meta":{"om_disable_all_campaigns":false,"_monsterinsights_skip_tracking":false,"_monsterinsights_sitenote_active":false,"_monsterinsights_sitenote_note":"","_monsterinsights_sitenote_category":0,"_uf_show_specific_survey":0,"_uf_disable_surveys":false,"footnotes":""},"class_list":["post-484","page","type-page","status-publish","hentry"],"yoast_head":"<!-- This site is optimized with the Yoast SEO plugin v27.4 - https:\/\/yoast.com\/product\/yoast-seo-wordpress\/ -->\n<title>Campus Programmes - Klinikusoknak - ITD official webpage<\/title>\n<meta name=\"description\" content=\"Oktat\u00e1s, k\u00e9pz\u00e9s, training lehet\u0151s\u00e9gek klinikai szakdolgoz\u00f3knak Eur\u00f3pa legjobb szakembereit\u0151l, coach-ati\u00f3l, mentorait\u00f3l.\" \/>\n<meta name=\"robots\" content=\"index, follow, max-snippet:-1, max-image-preview:large, max-video-preview:-1\" \/>\n<link rel=\"canonical\" href=\"https:\/\/itdweb.hu\/en\/campus-programmes-klinikusoknak\/\" \/>\n<meta property=\"og:locale\" content=\"en_US\" \/>\n<meta property=\"og:type\" content=\"article\" \/>\n<meta property=\"og:title\" content=\"Campus Programmes - Klinikusoknak - ITD official webpage\" \/>\n<meta property=\"og:description\" content=\"Oktat\u00e1s, k\u00e9pz\u00e9s, training lehet\u0151s\u00e9gek klinikai szakdolgoz\u00f3knak Eur\u00f3pa legjobb szakembereit\u0151l, coach-ati\u00f3l, mentorait\u00f3l.\" \/>\n<meta property=\"og:url\" content=\"https:\/\/itdweb.hu\/en\/campus-programmes-klinikusoknak\/\" \/>\n<meta property=\"og:site_name\" content=\"ITD official webpage\" \/>\n<meta property=\"article:publisher\" content=\"https:\/\/www.facebook.com\/itdpteaok\" \/>\n<meta property=\"article:modified_time\" content=\"2021-11-30T10:32:16+00:00\" \/>\n<meta name=\"twitter:card\" content=\"summary_large_image\" \/>\n<meta name=\"twitter:site\" content=\"@itd_pte\" \/>\n<meta name=\"twitter:label1\" content=\"Est. reading time\" \/>\n\t<meta name=\"twitter:data1\" content=\"1 minute\" \/>\n<script type=\"application\/ld+json\" class=\"yoast-schema-graph\">{\"@context\":\"https:\\\/\\\/schema.org\",\"@graph\":[{\"@type\":\"WebPage\",\"@id\":\"https:\\\/\\\/itdweb.hu\\\/campus-programmes-klinikusoknak\\\/\",\"url\":\"https:\\\/\\\/itdweb.hu\\\/campus-programmes-klinikusoknak\\\/\",\"name\":\"Campus Programmes - Klinikusoknak - ITD official webpage\",\"isPartOf\":{\"@id\":\"https:\\\/\\\/itdweb.hu\\\/en\\\/#website\"},\"datePublished\":\"2020-05-28T10:46:08+00:00\",\"dateModified\":\"2021-11-30T10:32:16+00:00\",\"description\":\"Oktat\u00e1s, k\u00e9pz\u00e9s, training lehet\u0151s\u00e9gek klinikai szakdolgoz\u00f3knak Eur\u00f3pa legjobb szakembereit\u0151l, coach-ati\u00f3l, mentorait\u00f3l.\",\"breadcrumb\":{\"@id\":\"https:\\\/\\\/itdweb.hu\\\/campus-programmes-klinikusoknak\\\/#breadcrumb\"},\"inLanguage\":\"en-US\",\"potentialAction\":[{\"@type\":\"ReadAction\",\"target\":[\"https:\\\/\\\/itdweb.hu\\\/campus-programmes-klinikusoknak\\\/\"]}]},{\"@type\":\"BreadcrumbList\",\"@id\":\"https:\\\/\\\/itdweb.hu\\\/campus-programmes-klinikusoknak\\\/#breadcrumb\",\"itemListElement\":[{\"@type\":\"ListItem\",\"position\":1,\"name\":\"Home\",\"item\":\"https:\\\/\\\/itdweb.hu\\\/\"},{\"@type\":\"ListItem\",\"position\":2,\"name\":\"Campus Programmes &#8211; Klinikusoknak\"}]},{\"@type\":\"WebSite\",\"@id\":\"https:\\\/\\\/itdweb.hu\\\/en\\\/#website\",\"url\":\"https:\\\/\\\/itdweb.hu\\\/en\\\/\",\"name\":\"ITD official webpage\",\"description\":\"\",\"publisher\":{\"@id\":\"https:\\\/\\\/itdweb.hu\\\/en\\\/#organization\"},\"potentialAction\":[{\"@type\":\"SearchAction\",\"target\":{\"@type\":\"EntryPoint\",\"urlTemplate\":\"https:\\\/\\\/itdweb.hu\\\/en\\\/?s={search_term_string}\"},\"query-input\":{\"@type\":\"PropertyValueSpecification\",\"valueRequired\":true,\"valueName\":\"search_term_string\"}}],\"inLanguage\":\"en-US\"},{\"@type\":\"Organization\",\"@id\":\"https:\\\/\\\/itdweb.hu\\\/en\\\/#organization\",\"name\":\"ITD - Institute of Transdisciplinary Discoveries\",\"url\":\"https:\\\/\\\/itdweb.hu\\\/en\\\/\",\"logo\":{\"@type\":\"ImageObject\",\"inLanguage\":\"en-US\",\"@id\":\"https:\\\/\\\/itdweb.hu\\\/en\\\/#\\\/schema\\\/logo\\\/image\\\/\",\"url\":\"https:\\\/\\\/itdweb.hu\\\/wp-content\\\/uploads\\\/2020\\\/11\\\/itd-ikon.png\",\"contentUrl\":\"https:\\\/\\\/itdweb.hu\\\/wp-content\\\/uploads\\\/2020\\\/11\\\/itd-ikon.png\",\"width\":512,\"height\":512,\"caption\":\"ITD - Institute of Transdisciplinary Discoveries\"},\"image\":{\"@id\":\"https:\\\/\\\/itdweb.hu\\\/en\\\/#\\\/schema\\\/logo\\\/image\\\/\"},\"sameAs\":[\"https:\\\/\\\/www.facebook.com\\\/itdpteaok\",\"https:\\\/\\\/x.com\\\/itd_pte\",\"https:\\\/\\\/www.linkedin.com\\\/company\\\/institute-of-transdisciplinary-discoveries\",\"https:\\\/\\\/www.youtube.com\\\/channel\\\/UCJpKCIjIg0aVbPQztlXBdcg\"]}]}<\/script>\n<!-- \/ Yoast SEO plugin. -->","yoast_head_json":{"title":"Campus Programmes - Klinikusoknak - ITD official webpage","description":"Oktat\u00e1s, k\u00e9pz\u00e9s, training lehet\u0151s\u00e9gek klinikai szakdolgoz\u00f3knak Eur\u00f3pa legjobb szakembereit\u0151l, coach-ati\u00f3l, mentorait\u00f3l.","robots":{"index":"index","follow":"follow","max-snippet":"max-snippet:-1","max-image-preview":"max-image-preview:large","max-video-preview":"max-video-preview:-1"},"canonical":"https:\/\/itdweb.hu\/en\/campus-programmes-klinikusoknak\/","og_locale":"en_US","og_type":"article","og_title":"Campus Programmes - Klinikusoknak - ITD official webpage","og_description":"Oktat\u00e1s, k\u00e9pz\u00e9s, training lehet\u0151s\u00e9gek klinikai szakdolgoz\u00f3knak Eur\u00f3pa legjobb szakembereit\u0151l, coach-ati\u00f3l, mentorait\u00f3l.","og_url":"https:\/\/itdweb.hu\/en\/campus-programmes-klinikusoknak\/","og_site_name":"ITD official webpage","article_publisher":"https:\/\/www.facebook.com\/itdpteaok","article_modified_time":"2021-11-30T10:32:16+00:00","twitter_card":"summary_large_image","twitter_site":"@itd_pte","twitter_misc":{"Est. reading time":"1 minute"},"schema":{"@context":"https:\/\/schema.org","@graph":[{"@type":"WebPage","@id":"https:\/\/itdweb.hu\/campus-programmes-klinikusoknak\/","url":"https:\/\/itdweb.hu\/campus-programmes-klinikusoknak\/","name":"Campus Programmes - Klinikusoknak - ITD official webpage","isPartOf":{"@id":"https:\/\/itdweb.hu\/en\/#website"},"datePublished":"2020-05-28T10:46:08+00:00","dateModified":"2021-11-30T10:32:16+00:00","description":"Oktat\u00e1s, k\u00e9pz\u00e9s, training lehet\u0151s\u00e9gek klinikai szakdolgoz\u00f3knak Eur\u00f3pa legjobb szakembereit\u0151l, coach-ati\u00f3l, mentorait\u00f3l.","breadcrumb":{"@id":"https:\/\/itdweb.hu\/campus-programmes-klinikusoknak\/#breadcrumb"},"inLanguage":"en-US","potentialAction":[{"@type":"ReadAction","target":["https:\/\/itdweb.hu\/campus-programmes-klinikusoknak\/"]}]},{"@type":"BreadcrumbList","@id":"https:\/\/itdweb.hu\/campus-programmes-klinikusoknak\/#breadcrumb","itemListElement":[{"@type":"ListItem","position":1,"name":"Home","item":"https:\/\/itdweb.hu\/"},{"@type":"ListItem","position":2,"name":"Campus Programmes &#8211; Klinikusoknak"}]},{"@type":"WebSite","@id":"https:\/\/itdweb.hu\/en\/#website","url":"https:\/\/itdweb.hu\/en\/","name":"ITD official webpage","description":"","publisher":{"@id":"https:\/\/itdweb.hu\/en\/#organization"},"potentialAction":[{"@type":"SearchAction","target":{"@type":"EntryPoint","urlTemplate":"https:\/\/itdweb.hu\/en\/?s={search_term_string}"},"query-input":{"@type":"PropertyValueSpecification","valueRequired":true,"valueName":"search_term_string"}}],"inLanguage":"en-US"},{"@type":"Organization","@id":"https:\/\/itdweb.hu\/en\/#organization","name":"ITD - Institute of Transdisciplinary Discoveries","url":"https:\/\/itdweb.hu\/en\/","logo":{"@type":"ImageObject","inLanguage":"en-US","@id":"https:\/\/itdweb.hu\/en\/#\/schema\/logo\/image\/","url":"https:\/\/itdweb.hu\/wp-content\/uploads\/2020\/11\/itd-ikon.png","contentUrl":"https:\/\/itdweb.hu\/wp-content\/uploads\/2020\/11\/itd-ikon.png","width":512,"height":512,"caption":"ITD - Institute of Transdisciplinary Discoveries"},"image":{"@id":"https:\/\/itdweb.hu\/en\/#\/schema\/logo\/image\/"},"sameAs":["https:\/\/www.facebook.com\/itdpteaok","https:\/\/x.com\/itd_pte","https:\/\/www.linkedin.com\/company\/institute-of-transdisciplinary-discoveries","https:\/\/www.youtube.com\/channel\/UCJpKCIjIg0aVbPQztlXBdcg"]}]}},"_links":{"self":[{"href":"https:\/\/itdweb.hu\/en\/wp-json\/wp\/v2\/pages\/484","targetHints":{"allow":["GET"]}}],"collection":[{"href":"https:\/\/itdweb.hu\/en\/wp-json\/wp\/v2\/pages"}],"about":[{"href":"https:\/\/itdweb.hu\/en\/wp-json\/wp\/v2\/types\/page"}],"author":[{"embeddable":true,"href":"https:\/\/itdweb.hu\/en\/wp-json\/wp\/v2\/users\/7"}],"replies":[{"embeddable":true,"href":"https:\/\/itdweb.hu\/en\/wp-json\/wp\/v2\/comments?post=484"}],"version-history":[{"count":5,"href":"https:\/\/itdweb.hu\/en\/wp-json\/wp\/v2\/pages\/484\/revisions"}],"predecessor-version":[{"id":3411,"href":"https:\/\/itdweb.hu\/en\/wp-json\/wp\/v2\/pages\/484\/revisions\/3411"}],"wp:attachment":[{"href":"https:\/\/itdweb.hu\/en\/wp-json\/wp\/v2\/media?parent=484"}],"curies":[{"name":"wp","href":"https:\/\/api.w.org\/{rel}","templated":true}]}}