{"id":514,"date":"2020-06-12T06:55:12","date_gmt":"2020-06-12T06:55:12","guid":{"rendered":"http:\/\/itdweb.hu\/?page_id=514"},"modified":"2020-06-12T11:17:18","modified_gmt":"2020-06-12T11:17:18","slug":"eit-health-infodays-2020","status":"publish","type":"page","link":"https:\/\/itdweb.hu\/en\/eit-health-infodays-2020\/","title":{"rendered":"EIT Health InfoDays 2020"},"content":{"rendered":"<div class=\"wpb-content-wrapper\">\r\n<div  data-mk-stretch-content=\"true\" class=\"wpb_row vc_row vc_row-fluid jupiter-donut- mk-fullwidth-false  attched-false     js-master-row  mk-grid\">\r\n\t\t\t\t\r\n<div class=\"vc_col-sm-12 wpb_column column_container  jupiter-donut- _ jupiter-donut-height-full\">\r\n\t\r\n<h2 id=\"fancy-title-2\" class=\"mk-fancy-title  simple-style jupiter-donut-  color-single\">\r\n\t<span>\r\n\t\t\t\t<p>K\u00e9peink az esem\u00e9nyr\u0151l<\/p>\n\t\t\t<\/span>\r\n<\/h2>\r\n<div class=\"clearboth\"><\/div>\r\n\r\n\r\n\r\n<div class=\"wpb_gallery wpb_content_element vc_clearfix wpb_content_element\" ><div class=\"wpb_wrapper\"><div class=\"wpb_gallery_slides wpb_flexslider flexslider_slide flexslider\" data-interval=\"3\" data-flex_fx=\"slide\"><ul class=\"slides\"><li><a class=\"\" href=\"https:\/\/itdweb.hu\/wp-content\/uploads\/2020\/06\/89070472_2815294825458322_3470967044189454336_n-1024x768.jpg\" data-lightbox=\"lightbox[rel-514-960469079]\"><img fetchpriority=\"high\" decoding=\"async\" width=\"2048\" height=\"1536\" src=\"https:\/\/itdweb.hu\/wp-content\/uploads\/2020\/06\/89070472_2815294825458322_3470967044189454336_n.jpg\" class=\"attachment-full\" alt=\"\" title=\"89070472_2815294825458322_3470967044189454336_n\" srcset=\"https:\/\/itdweb.hu\/wp-content\/uploads\/2020\/06\/89070472_2815294825458322_3470967044189454336_n.jpg 2048w, https:\/\/itdweb.hu\/wp-content\/uploads\/2020\/06\/89070472_2815294825458322_3470967044189454336_n-600x450.jpg 600w, https:\/\/itdweb.hu\/wp-content\/uploads\/2020\/06\/89070472_2815294825458322_3470967044189454336_n-300x225.jpg 300w, https:\/\/itdweb.hu\/wp-content\/uploads\/2020\/06\/89070472_2815294825458322_3470967044189454336_n-1024x768.jpg 1024w, https:\/\/itdweb.hu\/wp-content\/uploads\/2020\/06\/89070472_2815294825458322_3470967044189454336_n-768x576.jpg 768w, https:\/\/itdweb.hu\/wp-content\/uploads\/2020\/06\/89070472_2815294825458322_3470967044189454336_n-1536x1152.jpg 1536w\" sizes=\"(max-width: 2048px) 100vw, 2048px\" itemprop=\"image\" \/><\/a><\/li><li><a class=\"\" href=\"https:\/\/itdweb.hu\/wp-content\/uploads\/2020\/06\/88433608_2226995237607513_3479993849969901568_n-1024x768.jpg\" data-lightbox=\"lightbox[rel-514-960469079]\"><img decoding=\"async\" width=\"2048\" height=\"1536\" src=\"https:\/\/itdweb.hu\/wp-content\/uploads\/2020\/06\/88433608_2226995237607513_3479993849969901568_n.jpg\" class=\"attachment-full\" alt=\"\" title=\"88433608_2226995237607513_3479993849969901568_n\" srcset=\"https:\/\/itdweb.hu\/wp-content\/uploads\/2020\/06\/88433608_2226995237607513_3479993849969901568_n.jpg 2048w, https:\/\/itdweb.hu\/wp-content\/uploads\/2020\/06\/88433608_2226995237607513_3479993849969901568_n-600x450.jpg 600w, https:\/\/itdweb.hu\/wp-content\/uploads\/2020\/06\/88433608_2226995237607513_3479993849969901568_n-300x225.jpg 300w, https:\/\/itdweb.hu\/wp-content\/uploads\/2020\/06\/88433608_2226995237607513_3479993849969901568_n-1024x768.jpg 1024w, https:\/\/itdweb.hu\/wp-content\/uploads\/2020\/06\/88433608_2226995237607513_3479993849969901568_n-768x576.jpg 768w, https:\/\/itdweb.hu\/wp-content\/uploads\/2020\/06\/88433608_2226995237607513_3479993849969901568_n-1536x1152.jpg 1536w\" sizes=\"(max-width: 2048px) 100vw, 2048px\" itemprop=\"image\" \/><\/a><\/li><li><a class=\"\" href=\"https:\/\/itdweb.hu\/wp-content\/uploads\/2020\/06\/89236801_510321519860793_3811232379356315648_n-1024x768.jpg\" data-lightbox=\"lightbox[rel-514-960469079]\"><img decoding=\"async\" width=\"2048\" height=\"1536\" src=\"https:\/\/itdweb.hu\/wp-content\/uploads\/2020\/06\/89236801_510321519860793_3811232379356315648_n.jpg\" class=\"attachment-full\" alt=\"\" title=\"89236801_510321519860793_3811232379356315648_n\" srcset=\"https:\/\/itdweb.hu\/wp-content\/uploads\/2020\/06\/89236801_510321519860793_3811232379356315648_n.jpg 2048w, https:\/\/itdweb.hu\/wp-content\/uploads\/2020\/06\/89236801_510321519860793_3811232379356315648_n-600x450.jpg 600w, https:\/\/itdweb.hu\/wp-content\/uploads\/2020\/06\/89236801_510321519860793_3811232379356315648_n-300x225.jpg 300w, https:\/\/itdweb.hu\/wp-content\/uploads\/2020\/06\/89236801_510321519860793_3811232379356315648_n-1024x768.jpg 1024w, https:\/\/itdweb.hu\/wp-content\/uploads\/2020\/06\/89236801_510321519860793_3811232379356315648_n-768x576.jpg 768w, https:\/\/itdweb.hu\/wp-content\/uploads\/2020\/06\/89236801_510321519860793_3811232379356315648_n-1536x1152.jpg 1536w\" sizes=\"(max-width: 2048px) 100vw, 2048px\" itemprop=\"image\" \/><\/a><\/li><li><a class=\"\" href=\"https:\/\/itdweb.hu\/wp-content\/uploads\/2020\/06\/89114051_254055442266106_8637965743847112704_n-1024x768.jpg\" data-lightbox=\"lightbox[rel-514-960469079]\"><img loading=\"lazy\" decoding=\"async\" width=\"2048\" height=\"1536\" src=\"https:\/\/itdweb.hu\/wp-content\/uploads\/2020\/06\/89114051_254055442266106_8637965743847112704_n.jpg\" class=\"attachment-full\" alt=\"\" title=\"89114051_254055442266106_8637965743847112704_n\" srcset=\"https:\/\/itdweb.hu\/wp-content\/uploads\/2020\/06\/89114051_254055442266106_8637965743847112704_n.jpg 2048w, https:\/\/itdweb.hu\/wp-content\/uploads\/2020\/06\/89114051_254055442266106_8637965743847112704_n-600x450.jpg 600w, https:\/\/itdweb.hu\/wp-content\/uploads\/2020\/06\/89114051_254055442266106_8637965743847112704_n-300x225.jpg 300w, https:\/\/itdweb.hu\/wp-content\/uploads\/2020\/06\/89114051_254055442266106_8637965743847112704_n-1024x768.jpg 1024w, https:\/\/itdweb.hu\/wp-content\/uploads\/2020\/06\/89114051_254055442266106_8637965743847112704_n-768x576.jpg 768w, https:\/\/itdweb.hu\/wp-content\/uploads\/2020\/06\/89114051_254055442266106_8637965743847112704_n-1536x1152.jpg 1536w\" sizes=\"(max-width: 2048px) 100vw, 2048px\" itemprop=\"image\" \/><\/a><\/li><li><a class=\"\" href=\"https:\/\/itdweb.hu\/wp-content\/uploads\/2020\/06\/89022378_208083926938884_2419203770433929216_n-1024x768.jpg\" data-lightbox=\"lightbox[rel-514-960469079]\"><img loading=\"lazy\" decoding=\"async\" width=\"2048\" height=\"1536\" src=\"https:\/\/itdweb.hu\/wp-content\/uploads\/2020\/06\/89022378_208083926938884_2419203770433929216_n.jpg\" class=\"attachment-full\" alt=\"\" title=\"89022378_208083926938884_2419203770433929216_n\" srcset=\"https:\/\/itdweb.hu\/wp-content\/uploads\/2020\/06\/89022378_208083926938884_2419203770433929216_n.jpg 2048w, https:\/\/itdweb.hu\/wp-content\/uploads\/2020\/06\/89022378_208083926938884_2419203770433929216_n-600x450.jpg 600w, https:\/\/itdweb.hu\/wp-content\/uploads\/2020\/06\/89022378_208083926938884_2419203770433929216_n-300x225.jpg 300w, https:\/\/itdweb.hu\/wp-content\/uploads\/2020\/06\/89022378_208083926938884_2419203770433929216_n-1024x768.jpg 1024w, https:\/\/itdweb.hu\/wp-content\/uploads\/2020\/06\/89022378_208083926938884_2419203770433929216_n-768x576.jpg 768w, https:\/\/itdweb.hu\/wp-content\/uploads\/2020\/06\/89022378_208083926938884_2419203770433929216_n-1536x1152.jpg 1536w\" sizes=\"(max-width: 2048px) 100vw, 2048px\" itemprop=\"image\" \/><\/a><\/li><\/ul><\/div><\/div><\/div><div class=\"vc_empty_space\"   style=\"height: 8px\"><span class=\"vc_empty_space_inner\"><\/span><\/div><div class=\"vc_separator wpb_content_element vc_separator_align_center vc_sep_width_100 vc_sep_border_width_2 vc_sep_pos_align_center vc_separator_no_text wpb_content_element  wpb_content_element\" ><span class=\"vc_sep_holder vc_sep_holder_l\"><span style=\"border-color:#0c2340;\" class=\"vc_sep_line\"><\/span><\/span><span class=\"vc_sep_holder vc_sep_holder_r\"><span style=\"border-color:#0c2340;\" class=\"vc_sep_line\"><\/span><\/span>\n<\/div><\/div>\r\n\t<\/div>\r\n\r\n<div  data-mk-stretch-content=\"true\" class=\"wpb_row vc_row vc_row-fluid jupiter-donut- mk-fullwidth-false  attched-false     js-master-row  mk-grid\">\r\n\t\t\t\t\r\n<div class=\"vc_col-sm-12 wpb_column column_container  jupiter-donut- _ jupiter-donut-height-full\">\r\n\t<div class=\"vc_empty_space\"   style=\"height: 8px\"><span class=\"vc_empty_space_inner\"><\/span><\/div>\r\n<h2 id=\"fancy-title-4\" class=\"mk-fancy-title  simple-style jupiter-donut-  color-single\">\r\n\t<span>\r\n\t\t\t\t<p>Inform\u00e1ci\u00f3k az esem\u00e9nyr\u0151l<\/p>\n\t\t\t<\/span>\r\n<\/h2>\r\n<div class=\"clearboth\"><\/div>\r\n\r\n\r\n\r\n\n\t<div  class=\"wpb_single_image wpb_content_element vc_align_center wpb_content_element\">\n\t\t\n\t\t<figure class=\"wpb_wrapper vc_figure\">\n\t\t\t<div class=\"vc_single_image-wrapper   vc_box_border_grey\"><img loading=\"lazy\" decoding=\"async\" width=\"1024\" height=\"152\" src=\"https:\/\/itdweb.hu\/wp-content\/uploads\/2020\/06\/a-1024x152-1.png\" class=\"vc_single_image-img attachment-full\" alt=\"\" title=\"a-1024x152\" srcset=\"https:\/\/itdweb.hu\/wp-content\/uploads\/2020\/06\/a-1024x152-1.png 1024w, https:\/\/itdweb.hu\/wp-content\/uploads\/2020\/06\/a-1024x152-1-600x89.png 600w, https:\/\/itdweb.hu\/wp-content\/uploads\/2020\/06\/a-1024x152-1-300x45.png 300w, https:\/\/itdweb.hu\/wp-content\/uploads\/2020\/06\/a-1024x152-1-768x114.png 768w\" sizes=\"(max-width: 1024px) 100vw, 1024px\" itemprop=\"image\" \/><\/div>\n\t\t<\/figure>\n\t<\/div>\n\t<div class=\" vc_custom_1591944900170\">\r\n\r\n<div id=\"text-block-5\" class=\"mk-text-block  jupiter-donut- \">\r\n\r\n\t\r\n\t<p><span style=\"color: #0c2340;\">Sok szeretettel megh\u00edvjuk az INPUT Program \u00e9s a P\u00e9csi Tudom\u00e1nyegyetem Transzdiszciplin\u00e1ris Kutat\u00e1sok Int\u00e9zete \u00e1ltal szervezett esem\u00e9nyre! A rendezv\u00e9ny sor\u00e1n a r\u00e9sztvev\u0151k egy kerekasztal besz\u00e9lget\u00e9s form\u00e1j\u00e1ban vitathatj\u00e1k meg a mai innov\u00e1ci\u00f3s k\u00f6zeget \u00e9rint\u0151 leg\u00e9get\u0151bb k\u00e9rd\u00e9seket.<\/span><\/p>\n<p><span style=\"color: #0c2340;\"><strong>Id\u0151pont:<\/strong> 2020. m\u00e1rcius 10. 17.30. \u2013 19.00.<\/span><\/p>\n<p><span style=\"color: #0c2340;\"><strong>Helysz\u00edn:<\/strong> Trafik P\u00e9cs, Perczel Mikl\u00f3s u. 22, 7621<\/span><\/p>\n<p><span style=\"color: #0c2340;\"><strong>T\u00e9mak\u00f6r\u00f6k<\/strong><\/span><\/p>\n<p><span style=\"color: #0c2340;\"><strong>EIT Health Business Creation programok bemutat\u00e1sa (p\u00e1ly\u00e1zati programok ismertet\u00e9se, jelenl\u00e9v\u0151k \u00e9rdekelts\u00e9g\u00e9nek, lehet\u0151s\u00e9geinek felm\u00e9r\u00e9se)<\/strong> \u2013 B\u00e9k\u00e1si Tam\u00e1s, EIT Health Business Creation Program menedzser<\/span><\/p>\n<p><span style=\"color: #0c2340;\">A programok bemutat\u00e1sa ut\u00e1n az al\u00e1bbi t\u00e9m\u00e1kat t\u00e1rgyalhatj\u00e1k meg r\u00e9sztvev\u0151ink a megh\u00edvott szak\u00e9rt\u0151k seg\u00edts\u00e9g\u00e9vel:<\/span><\/p>\n<p><span style=\"color: #0c2340;\"><strong>Startup szemmel: Mit k\u00edn\u00e1l \u00e9s mit v\u00e1r el a befektet\u0151i oldal?<\/strong> \u2013 G\u00e1sz Bal\u00e1zs, ME3D \u2013 Graft Kft., \u00fcgyvezet\u0151<\/span><\/p>\n<p><span style=\"color: #0c2340;\"><strong>Mik a p\u00e1ly\u00e1zati lehet\u0151s\u00e9geid, ha innovat\u00edv \u00f6tlettel, c\u00e9ggel rendelkezel? <\/strong>&#8211; Toller Helga, Vanessia Kft. (Tel.: +36204175568; e-mail: helga@vanessia.hu)<\/span><\/p>\n<p><span style=\"color: #0c2340;\"><strong>VINTER: Szuper c\u00e9l, neh\u00e9zkes megval\u00f3s\u00edt\u00e1s<\/strong> \u2013 G\u00f6nd\u00f6csn\u00e9 Ag\u00f3cs D\u00f3ra, Eco-Cortex Kft., inkub\u00e1ci\u00f3s menedzser (Tel.: +36306505715; e-mail: agocsdorka@gmail.com)<\/span><\/p>\n<p><span style=\"color: #0c2340;\"><strong>Hogy l\u00e1tja a banki szf\u00e9ra az innovat\u00edv projekteket?<\/strong> \u2013 Sipos Zolt\u00e1n Budapest Bank Zrt., P\u00e9cs-Moh\u00e1cs fi\u00f3kcsoport, fi\u00f3kvezet\u0151 (Tel.: +36704369068; e-mail: zoltan.sipos@budapestbank.hu)<\/span><\/p>\n<p><span style=\"color: #0c2340;\">Ezt k\u00f6vet\u0151en k\u00f6tetlen besz\u00e9lget\u00e9s \u00e9s networking lehet\u0151s\u00e9g az el\u0151ad\u00f3kkal \u00e9s a r\u00e9sztvev\u0151kkel egyar\u00e1nt.<\/span><\/p>\n\r\n\t<div class=\"clearboth\"><\/div>\r\n<\/div>\r\n\r\n\t<\/div>\r\n<\/div>\r\n\t<\/div>\r\n\n<\/div>","protected":false},"excerpt":{"rendered":"K\u00e9peink az esem\u00e9nyr\u0151l Inform\u00e1ci\u00f3k az esem\u00e9nyr\u0151l Sok szeretettel megh\u00edvjuk az INPUT Program \u00e9s a P\u00e9csi Tudom\u00e1nyegyetem Transzdiszciplin\u00e1ris Kutat\u00e1sok Int\u00e9zete \u00e1ltal szervezett esem\u00e9nyre! A rendezv\u00e9ny sor\u00e1n a r\u00e9sztvev\u0151k egy kerekasztal besz\u00e9lget\u00e9s form\u00e1j\u00e1ban vitathatj\u00e1k meg a mai innov\u00e1ci\u00f3s k\u00f6zeget \u00e9rint\u0151 leg\u00e9get\u0151bb k\u00e9rd\u00e9seket. Id\u0151pont: 2020. m\u00e1rcius 10. 17.30. \u2013 19.00. Helysz\u00edn: Trafik P\u00e9cs, Perczel Mikl\u00f3s u. 22, 7621 [...]","protected":false},"author":7,"featured_media":0,"parent":0,"menu_order":0,"comment_status":"closed","ping_status":"closed","template":"","meta":{"om_disable_all_campaigns":false,"_monsterinsights_skip_tracking":false,"_monsterinsights_sitenote_active":false,"_monsterinsights_sitenote_note":"","_monsterinsights_sitenote_category":0,"_uf_show_specific_survey":0,"_uf_disable_surveys":false,"footnotes":""},"class_list":["post-514","page","type-page","status-publish","hentry"],"yoast_head":"<!-- This site is optimized with the Yoast SEO plugin v27.5 - https:\/\/yoast.com\/product\/yoast-seo-wordpress\/ -->\n<title>EIT Health InfoDays 2020 - ITD official webpage<\/title>\n<meta name=\"robots\" content=\"index, follow, max-snippet:-1, max-image-preview:large, max-video-preview:-1\" \/>\n<link rel=\"canonical\" href=\"https:\/\/itdweb.hu\/en\/eit-health-infodays-2020\/\" \/>\n<meta property=\"og:locale\" content=\"en_US\" \/>\n<meta property=\"og:type\" content=\"article\" \/>\n<meta property=\"og:title\" content=\"EIT Health InfoDays 2020 - ITD official webpage\" \/>\n<meta property=\"og:url\" content=\"https:\/\/itdweb.hu\/en\/eit-health-infodays-2020\/\" \/>\n<meta property=\"og:site_name\" content=\"ITD official webpage\" \/>\n<meta property=\"article:publisher\" content=\"https:\/\/www.facebook.com\/itdpteaok\" \/>\n<meta property=\"article:modified_time\" content=\"2020-06-12T11:17:18+00:00\" \/>\n<meta name=\"twitter:card\" content=\"summary_large_image\" \/>\n<meta name=\"twitter:site\" content=\"@itd_pte\" \/>\n<meta name=\"twitter:label1\" content=\"Est. reading time\" \/>\n\t<meta name=\"twitter:data1\" content=\"2 minutes\" \/>\n<script type=\"application\/ld+json\" class=\"yoast-schema-graph\">{\"@context\":\"https:\\\/\\\/schema.org\",\"@graph\":[{\"@type\":\"WebPage\",\"@id\":\"https:\\\/\\\/itdweb.hu\\\/eit-health-infodays-2020\\\/\",\"url\":\"https:\\\/\\\/itdweb.hu\\\/eit-health-infodays-2020\\\/\",\"name\":\"EIT Health InfoDays 2020 - ITD official webpage\",\"isPartOf\":{\"@id\":\"https:\\\/\\\/itdweb.hu\\\/en\\\/#website\"},\"datePublished\":\"2020-06-12T06:55:12+00:00\",\"dateModified\":\"2020-06-12T11:17:18+00:00\",\"breadcrumb\":{\"@id\":\"https:\\\/\\\/itdweb.hu\\\/eit-health-infodays-2020\\\/#breadcrumb\"},\"inLanguage\":\"en-US\",\"potentialAction\":[{\"@type\":\"ReadAction\",\"target\":[\"https:\\\/\\\/itdweb.hu\\\/eit-health-infodays-2020\\\/\"]}]},{\"@type\":\"BreadcrumbList\",\"@id\":\"https:\\\/\\\/itdweb.hu\\\/eit-health-infodays-2020\\\/#breadcrumb\",\"itemListElement\":[{\"@type\":\"ListItem\",\"position\":1,\"name\":\"Home\",\"item\":\"https:\\\/\\\/itdweb.hu\\\/\"},{\"@type\":\"ListItem\",\"position\":2,\"name\":\"EIT Health InfoDays 2020\"}]},{\"@type\":\"WebSite\",\"@id\":\"https:\\\/\\\/itdweb.hu\\\/en\\\/#website\",\"url\":\"https:\\\/\\\/itdweb.hu\\\/en\\\/\",\"name\":\"ITD official webpage\",\"description\":\"\",\"publisher\":{\"@id\":\"https:\\\/\\\/itdweb.hu\\\/en\\\/#organization\"},\"potentialAction\":[{\"@type\":\"SearchAction\",\"target\":{\"@type\":\"EntryPoint\",\"urlTemplate\":\"https:\\\/\\\/itdweb.hu\\\/en\\\/?s={search_term_string}\"},\"query-input\":{\"@type\":\"PropertyValueSpecification\",\"valueRequired\":true,\"valueName\":\"search_term_string\"}}],\"inLanguage\":\"en-US\"},{\"@type\":\"Organization\",\"@id\":\"https:\\\/\\\/itdweb.hu\\\/en\\\/#organization\",\"name\":\"ITD - Institute of Transdisciplinary Discoveries\",\"url\":\"https:\\\/\\\/itdweb.hu\\\/en\\\/\",\"logo\":{\"@type\":\"ImageObject\",\"inLanguage\":\"en-US\",\"@id\":\"https:\\\/\\\/itdweb.hu\\\/en\\\/#\\\/schema\\\/logo\\\/image\\\/\",\"url\":\"https:\\\/\\\/itdweb.hu\\\/wp-content\\\/uploads\\\/2020\\\/11\\\/itd-ikon.png\",\"contentUrl\":\"https:\\\/\\\/itdweb.hu\\\/wp-content\\\/uploads\\\/2020\\\/11\\\/itd-ikon.png\",\"width\":512,\"height\":512,\"caption\":\"ITD - Institute of Transdisciplinary Discoveries\"},\"image\":{\"@id\":\"https:\\\/\\\/itdweb.hu\\\/en\\\/#\\\/schema\\\/logo\\\/image\\\/\"},\"sameAs\":[\"https:\\\/\\\/www.facebook.com\\\/itdpteaok\",\"https:\\\/\\\/x.com\\\/itd_pte\",\"https:\\\/\\\/www.linkedin.com\\\/company\\\/institute-of-transdisciplinary-discoveries\",\"https:\\\/\\\/www.youtube.com\\\/channel\\\/UCJpKCIjIg0aVbPQztlXBdcg\"]}]}<\/script>\n<!-- \/ Yoast SEO plugin. -->","yoast_head_json":{"title":"EIT Health InfoDays 2020 - ITD official webpage","robots":{"index":"index","follow":"follow","max-snippet":"max-snippet:-1","max-image-preview":"max-image-preview:large","max-video-preview":"max-video-preview:-1"},"canonical":"https:\/\/itdweb.hu\/en\/eit-health-infodays-2020\/","og_locale":"en_US","og_type":"article","og_title":"EIT Health InfoDays 2020 - ITD official webpage","og_url":"https:\/\/itdweb.hu\/en\/eit-health-infodays-2020\/","og_site_name":"ITD official webpage","article_publisher":"https:\/\/www.facebook.com\/itdpteaok","article_modified_time":"2020-06-12T11:17:18+00:00","twitter_card":"summary_large_image","twitter_site":"@itd_pte","twitter_misc":{"Est. reading time":"2 minutes"},"schema":{"@context":"https:\/\/schema.org","@graph":[{"@type":"WebPage","@id":"https:\/\/itdweb.hu\/eit-health-infodays-2020\/","url":"https:\/\/itdweb.hu\/eit-health-infodays-2020\/","name":"EIT Health InfoDays 2020 - ITD official webpage","isPartOf":{"@id":"https:\/\/itdweb.hu\/en\/#website"},"datePublished":"2020-06-12T06:55:12+00:00","dateModified":"2020-06-12T11:17:18+00:00","breadcrumb":{"@id":"https:\/\/itdweb.hu\/eit-health-infodays-2020\/#breadcrumb"},"inLanguage":"en-US","potentialAction":[{"@type":"ReadAction","target":["https:\/\/itdweb.hu\/eit-health-infodays-2020\/"]}]},{"@type":"BreadcrumbList","@id":"https:\/\/itdweb.hu\/eit-health-infodays-2020\/#breadcrumb","itemListElement":[{"@type":"ListItem","position":1,"name":"Home","item":"https:\/\/itdweb.hu\/"},{"@type":"ListItem","position":2,"name":"EIT Health InfoDays 2020"}]},{"@type":"WebSite","@id":"https:\/\/itdweb.hu\/en\/#website","url":"https:\/\/itdweb.hu\/en\/","name":"ITD official webpage","description":"","publisher":{"@id":"https:\/\/itdweb.hu\/en\/#organization"},"potentialAction":[{"@type":"SearchAction","target":{"@type":"EntryPoint","urlTemplate":"https:\/\/itdweb.hu\/en\/?s={search_term_string}"},"query-input":{"@type":"PropertyValueSpecification","valueRequired":true,"valueName":"search_term_string"}}],"inLanguage":"en-US"},{"@type":"Organization","@id":"https:\/\/itdweb.hu\/en\/#organization","name":"ITD - Institute of Transdisciplinary Discoveries","url":"https:\/\/itdweb.hu\/en\/","logo":{"@type":"ImageObject","inLanguage":"en-US","@id":"https:\/\/itdweb.hu\/en\/#\/schema\/logo\/image\/","url":"https:\/\/itdweb.hu\/wp-content\/uploads\/2020\/11\/itd-ikon.png","contentUrl":"https:\/\/itdweb.hu\/wp-content\/uploads\/2020\/11\/itd-ikon.png","width":512,"height":512,"caption":"ITD - Institute of Transdisciplinary Discoveries"},"image":{"@id":"https:\/\/itdweb.hu\/en\/#\/schema\/logo\/image\/"},"sameAs":["https:\/\/www.facebook.com\/itdpteaok","https:\/\/x.com\/itd_pte","https:\/\/www.linkedin.com\/company\/institute-of-transdisciplinary-discoveries","https:\/\/www.youtube.com\/channel\/UCJpKCIjIg0aVbPQztlXBdcg"]}]}},"_links":{"self":[{"href":"https:\/\/itdweb.hu\/en\/wp-json\/wp\/v2\/pages\/514","targetHints":{"allow":["GET"]}}],"collection":[{"href":"https:\/\/itdweb.hu\/en\/wp-json\/wp\/v2\/pages"}],"about":[{"href":"https:\/\/itdweb.hu\/en\/wp-json\/wp\/v2\/types\/page"}],"author":[{"embeddable":true,"href":"https:\/\/itdweb.hu\/en\/wp-json\/wp\/v2\/users\/7"}],"replies":[{"embeddable":true,"href":"https:\/\/itdweb.hu\/en\/wp-json\/wp\/v2\/comments?post=514"}],"version-history":[{"count":14,"href":"https:\/\/itdweb.hu\/en\/wp-json\/wp\/v2\/pages\/514\/revisions"}],"predecessor-version":[{"id":602,"href":"https:\/\/itdweb.hu\/en\/wp-json\/wp\/v2\/pages\/514\/revisions\/602"}],"wp:attachment":[{"href":"https:\/\/itdweb.hu\/en\/wp-json\/wp\/v2\/media?parent=514"}],"curies":[{"name":"wp","href":"https:\/\/api.w.org\/{rel}","templated":true}]}}