{"id":6709,"date":"2024-04-22T14:20:18","date_gmt":"2024-04-22T14:20:18","guid":{"rendered":"https:\/\/itdweb.hu\/?page_id=6709"},"modified":"2025-01-21T09:44:16","modified_gmt":"2025-01-21T09:44:16","slug":"vr-nyiltnap-2024","status":"publish","type":"page","link":"https:\/\/itdweb.hu\/en\/vr-nyiltnap-2024\/","title":{"rendered":"VR Ny\u00edltnap 2024"},"content":{"rendered":"<div class=\"wpb-content-wrapper\">\r\n<div  data-mk-stretch-content=\"true\" class=\"wpb_row vc_row vc_row-fluid jupiter-donut- mk-fullwidth-false  attched-false     js-master-row  mk-grid\">\r\n\t\t\t\t\r\n<div class=\"vc_col-sm-12 wpb_column column_container  jupiter-donut- _ jupiter-donut-height-full\">\r\n\t<div class=\"vc_empty_space\"   style=\"height: 60px\"><span class=\"vc_empty_space_inner\"><\/span><\/div><h2 style=\"color: #001b48;text-align: center\" class=\"vc_custom_heading vc_do_custom_heading\" >VR Ny\u00edltnap 2024<\/h2><div class=\"vc_empty_space\"   style=\"height: 5px\"><span class=\"vc_empty_space_inner\"><\/span><\/div><h4 style=\"color: #001b48;text-align: center\" class=\"vc_custom_heading vc_do_custom_heading\" ><a href=\"https:\/\/forms.gle\/5u1Ne42STAfME9hE6\">2024. m\u00e1jus 2. [cs\u00fct\u00f6rt\u00f6k]<\/a><\/h4><h4 style=\"color: #001b48;text-align: center\" class=\"vc_custom_heading vc_do_custom_heading\" ><a href=\"https:\/\/forms.gle\/5u1Ne42STAfME9hE6\">Helysz\u00edn: PTE \u00c1OK, Orvosi K\u00e9szs\u00e9gfejleszt\u0151 \u00e9s Innov\u00e1ci\u00f3s K\u00f6zpont<\/a><\/h4><div class=\"vc_empty_space\"   style=\"height: 30px\"><span class=\"vc_empty_space_inner\"><\/span><\/div><div class=\"vc_separator wpb_content_element vc_separator_align_center vc_sep_width_70 vc_sep_shadow vc_sep_pos_align_center vc_separator_no_text vc_sep_color_mulled_wine wpb_content_element  wpb_content_element\" ><span class=\"vc_sep_holder vc_sep_holder_l\"><span class=\"vc_sep_line\"><\/span><\/span><span class=\"vc_sep_holder vc_sep_holder_r\"><span class=\"vc_sep_line\"><\/span><\/span>\n<\/div><div class=\"vc_empty_space\"   style=\"height: 30px\"><span class=\"vc_empty_space_inner\"><\/span><\/div><\/div>\r\n\t<\/div>\r\n\r\n<div  data-mk-stretch-content=\"true\" class=\"wpb_row vc_row vc_row-fluid jupiter-donut- mk-fullwidth-false  attched-false     js-master-row  mk-grid\">\r\n\t\t\t\t\r\n<div class=\"vc_col-sm-8 wpb_column column_container  jupiter-donut- _ jupiter-donut-height-full\">\r\n\t\t<div class=\" vc_custom_1713795775723\">\r\n\r\n<div id=\"text-block-3\" class=\"mk-text-block  jupiter-donut- \">\r\n\r\n\t\r\n\t<h4 style=\"text-align: justify;\"><span style=\"font-family: georgia, palatino, serif; font-size: 12pt;\">A P\u00e9csi Tudom\u00e1nyegyetemt\u0151l eg\u00e9szen Portug\u00e1li\u00e1ig \u00e1t\u00edvel\u0151 Erasmus+ V.I.B.E (Virtual Biomedical and STEM\/STEAM Education) nemzetk\u00f6zi p\u00e1ly\u00e1zat ad otthont a <u>2024. m\u00e1jus 2-\u00e1n cs\u00fct\u00f6rt\u00f6k\u00f6n<\/u>, 10:00 \u00f3rakor kezd\u0151d\u0151 VR Napnak. Az \u00c1ltal\u00e1nos Orvostudom\u00e1nyi Kar, Orvosi K\u00e9szs\u00e9gfejleszt\u0151 \u00e9s Innov\u00e1ci\u00f3s K\u00f6zpont M\u0171veleti Medicina term\u00e9ben, valamint az OKIK VR Laborj\u00e1ban (VR Labor 033) v\u00e1rj\u00e1k a szervez\u0151k mindazon egyetemi polg\u00e1rt \u2013 hallgat\u00f3kat, adminisztrat\u00edv munkat\u00e1rsakat, ak\u00e1r oktat\u00f3-kutat\u00f3 koll\u00e9g\u00e1kat \u2013, akik \u00e9rdekl\u0151dnek a virtu\u00e1lis val\u00f3s\u00e1gba (VR), valamint a kiterjesztett val\u00f3s\u00e1gba (AR) \u00e1gyazott, gyakorlatorient\u00e1lt, interakt\u00edv, e-learning oktat\u00e1s \u00e9s tanul\u00e1s ir\u00e1nt.<\/span><\/h4>\n\r\n\t<div class=\"clearboth\"><\/div>\r\n<\/div>\r\n\r\n\t<\/div>\r\n<\/div>\r\n\r\n<div class=\"vc_col-sm-4 wpb_column column_container  jupiter-donut- _ jupiter-donut-height-full\">\r\n\t<div class=\"vc_empty_space\"   style=\"height: 20px\"><span class=\"vc_empty_space_inner\"><\/span><\/div>\n\t<div  class=\"wpb_single_image wpb_content_element vc_align_center wpb_content_element\">\n\t\t\n\t\t<figure class=\"wpb_wrapper vc_figure\">\n\t\t\t<div class=\"vc_single_image-wrapper   vc_box_border_grey\"><img fetchpriority=\"high\" decoding=\"async\" width=\"1024\" height=\"468\" src=\"https:\/\/itdweb.hu\/wp-content\/uploads\/2024\/04\/vibe_project_logo-03-1024x468.png\" class=\"vc_single_image-img attachment-large\" alt=\"\" title=\"vibe_project_logo-03\" srcset=\"https:\/\/itdweb.hu\/wp-content\/uploads\/2024\/04\/vibe_project_logo-03-1024x468.png 1024w, https:\/\/itdweb.hu\/wp-content\/uploads\/2024\/04\/vibe_project_logo-03-300x137.png 300w, https:\/\/itdweb.hu\/wp-content\/uploads\/2024\/04\/vibe_project_logo-03-768x351.png 768w, https:\/\/itdweb.hu\/wp-content\/uploads\/2024\/04\/vibe_project_logo-03-18x8.png 18w, https:\/\/itdweb.hu\/wp-content\/uploads\/2024\/04\/vibe_project_logo-03.png 1088w\" sizes=\"(max-width: 1024px) 100vw, 1024px\" itemprop=\"image\" \/><\/div>\n\t\t<\/figure>\n\t<\/div>\n<\/div>\r\n\t<\/div>\r\n\r\n<div  data-mk-stretch-content=\"true\" class=\"wpb_row vc_row vc_row-fluid jupiter-donut- mk-fullwidth-false  attched-false     js-master-row  mk-grid\">\r\n\t\t\t\t\r\n<div class=\"vc_col-sm-12 wpb_column column_container  jupiter-donut- _ jupiter-donut-height-full\">\r\n\t\t<div class=\" vc_custom_1713795999971\">\r\n\r\n<div id=\"text-block-6\" class=\"mk-text-block  jupiter-donut- \">\r\n\r\n\t\r\n\t<p style=\"text-align: justify;\"><span style=\"font-family: georgia, palatino, serif; font-size: 12pt;\">A VR Ny\u00edltnap keretei k\u00f6z\u00f6tt, az el\u0151zetesen regisztr\u00e1l\u00f3 r\u00e9sztvev\u0151k 20 perces turnusokban pr\u00f3b\u00e1lhatnak ki olyan hardveres \u00e9s szoftveres k\u00e9szs\u00e9gfejleszt\u0151 megold\u00e1sokat, mint a Laparoszk\u00f3pos VR Trainer Applik\u00e1ci\u00f3, Biol\u00f3giai VR tesztfeladatsor, SimX Virtu\u00e1lis Betegell\u00e1t\u00f3 Szoftver, valamint k\u00fcl\u00f6nb\u00f6z\u0151 orvosi szimul\u00e1torokat is.<\/span><\/p>\n<p style=\"text-align: justify;\"><span style=\"font-family: georgia, palatino, serif; font-size: 12pt;\">A program \u00e9s egyben a p\u00e1ly\u00e1zat c\u00e9lja, hogy a sz\u00e9les k\u00f6rben alkalmazott, \u00e1m \u00e1ltal\u00e1nosan m\u00e9g mindig nem elfogadott digit\u00e1lis \u00e9s VR-alap\u00fa platformok oktat\u00e1sba \u00fcltetett el\u0151nyeit \u00e9s haszn\u00e1lhat\u00f3s\u00e1g\u00e1t bemutassa, \u00e9s sz\u00e9les k\u00f6rben elterjessze. Ezen eszk\u00f6z\u00f6kkel \u00e9s megold\u00e1sokkal nem csak az oktat\u00f3k dolgozhatnak ki hat\u00e9kony m\u00f3dszereket a tananyagok magas sz\u00ednvonal\u00fa oktat\u00e1s\u00e1ra, hanem a hallgat\u00f3k tanul\u00e1si folyamatai, el\u00e9rt eredm\u00e9nyei \u00e9s digit\u00e1lis kompetenci\u00e1i is fejl\u0151dnek innovat\u00edv m\u00f3don, a vizualiz\u00e1ci\u00f3 \u00e9s interakci\u00f3 seg\u00edts\u00e9g\u00e9vel. A virtu\u00e1lis val\u00f3s\u00e1g rendszerei sk\u00e1l\u00e1zhat\u00f3 platformot \u00e9s k\u00f6nnyen megoszthat\u00f3 megold\u00e1st k\u00edn\u00e1lnak a t\u00f6meges online tanul\u00e1shoz. Mindemellett a p\u00e1ly\u00e1zat legfontosabb c\u00e9lkit\u0171z\u00e9se, hogy kapcsolatot teremtsen az orvosi \u00e9s a STEM-k\u00e9pess\u00e9gek k\u00f6z\u00f6tt.<\/span><\/p>\n<p style=\"text-align: justify;\"><span style=\"font-family: georgia, palatino, serif; font-size: 12pt;\">A VR Ny\u00edltnap el\u0151zetes regisztr\u00e1ci\u00f3hoz k\u00f6t\u00f6tt. Minimaliz\u00e1lva a v\u00e1rakoz\u00e1si id\u0151t \u00e9s biztos\u00edtva a tan\u00f3r\u00e1k k\u00f6z\u00f6tti rugalmass\u00e1got, a jelentkez\u0151k megadott id\u0151pontokat foglalhatnak le maguknak. A program 10:00 \u00e9s 13:00 \u00f3rakor r\u00f6vid ismertet\u0151vel \u00e9s gyakorlati tan\u00e1csokkal kezd\u0151dik. A turnusok k\u00f6z\u00f6tt pedig nyitva \u00e1ll a M\u0171veleti Medicina terem is az el\u00e9rhet\u0151 eszk\u00f6zparkj\u00e1val.<\/span><\/p>\n<h4><span style=\"font-family: georgia, palatino, serif; font-size: 12pt;\"><em><span style=\"text-decoration: underline;\">Regisztr\u00e1ci\u00f3 \u00e9s foglalhat\u00f3 id\u0151pontok kattinthat\u00f3 el\u00e9r\u00e9se:<\/span> <\/em><span style=\"color: #0000ff;\"><a style=\"color: #0000ff;\" href=\"https:\/\/forms.gle\/5u1Ne42STAfME9hE6\"><em>Regisztr\u00e1ci\u00f3<\/em><\/a><\/span><\/span><\/h4>\n<h4><span style=\"font-family: georgia, palatino, serif; font-size: 12pt;\"><em><span style=\"text-decoration: underline;\">Helysz\u00edn:<\/span><\/em> P\u00e9csi Tudom\u00e1nyegyetem \u00c1ltal\u00e1nos Orvostudom\u00e1nyi Kar, <a href=\"https:\/\/aok.pte.hu\/hu\/egyseg\/3014\">Orvosi K\u00e9szs\u00e9gfejleszt\u0151 \u00e9s Innov\u00e1ci\u00f3s K\u00f6zpont [7624 P\u00e9cs, Szigeti \u00fat 12.]<\/a><\/span><\/h4>\n<h4><span style=\"font-family: georgia, palatino, serif; font-size: 12pt;\"><span style=\"text-decoration: underline;\"><em>Tov\u00e1bbi inform\u00e1ci\u00f3 a V.I.B.E projektr\u0151l:<\/em><\/span><span style=\"color: #0000ff;\"> <a style=\"color: #0000ff;\" href=\"https:\/\/vibe-project.pte.hu\/\">vibe-project.pte.hu<\/a><\/span><\/span><\/h4>\n\r\n\t<div class=\"clearboth\"><\/div>\r\n<\/div>\r\n\r\n\t<\/div>\r\n<div class=\"vc_empty_space\"   style=\"height: 20px\"><span class=\"vc_empty_space_inner\"><\/span><\/div>\n\t<div  class=\"wpb_single_image wpb_content_element vc_align_center wpb_content_element\">\n\t\t\n\t\t<figure class=\"wpb_wrapper vc_figure\">\n\t\t\t<div class=\"vc_single_image-wrapper   vc_box_border_grey\"><img decoding=\"async\" width=\"2560\" height=\"1280\" src=\"https:\/\/itdweb.hu\/wp-content\/uploads\/2024\/04\/kep2.jpg\" class=\"vc_single_image-img attachment-full\" alt=\"\" title=\"kep2\" srcset=\"https:\/\/itdweb.hu\/wp-content\/uploads\/2024\/04\/kep2.jpg 2560w, https:\/\/itdweb.hu\/wp-content\/uploads\/2024\/04\/kep2-300x150.jpg 300w, https:\/\/itdweb.hu\/wp-content\/uploads\/2024\/04\/kep2-1024x512.jpg 1024w, https:\/\/itdweb.hu\/wp-content\/uploads\/2024\/04\/kep2-768x384.jpg 768w, https:\/\/itdweb.hu\/wp-content\/uploads\/2024\/04\/kep2-18x9.jpg 18w\" sizes=\"(max-width: 2560px) 100vw, 2560px\" itemprop=\"image\" \/><\/div>\n\t\t<\/figure>\n\t<\/div>\n<\/div>\r\n\t<\/div>\r\n\r\n<div class=\"vc_col-sm-12 wpb_column column_container  jupiter-donut- _ jupiter-donut-height-full\">\r\n\t<\/div>\r\n\n<\/div>","protected":false},"excerpt":{"rendered":"VR Ny\u00edltnap 20242024. m\u00e1jus 2. [cs\u00fct\u00f6rt\u00f6k]Helysz\u00edn: PTE \u00c1OK, Orvosi K\u00e9szs\u00e9gfejleszt\u0151 \u00e9s Innov\u00e1ci\u00f3s K\u00f6zpont A P\u00e9csi Tudom\u00e1nyegyetemt\u0151l eg\u00e9szen Portug\u00e1li\u00e1ig \u00e1t\u00edvel\u0151 Erasmus+ V.I.B.E (Virtual Biomedical and STEM\/STEAM Education) nemzetk\u00f6zi p\u00e1ly\u00e1zat ad otthont a 2024. m\u00e1jus 2-\u00e1n cs\u00fct\u00f6rt\u00f6k\u00f6n, 10:00 \u00f3rakor kezd\u0151d\u0151 VR Napnak. Az \u00c1ltal\u00e1nos Orvostudom\u00e1nyi Kar, Orvosi K\u00e9szs\u00e9gfejleszt\u0151 \u00e9s Innov\u00e1ci\u00f3s K\u00f6zpont M\u0171veleti Medicina term\u00e9ben, valamint az OKIK [...]","protected":false},"author":7,"featured_media":0,"parent":0,"menu_order":0,"comment_status":"closed","ping_status":"closed","template":"","meta":{"om_disable_all_campaigns":false,"_monsterinsights_skip_tracking":false,"_monsterinsights_sitenote_active":false,"_monsterinsights_sitenote_note":"","_monsterinsights_sitenote_category":0,"_uf_show_specific_survey":0,"_uf_disable_surveys":false,"footnotes":""},"class_list":["post-6709","page","type-page","status-publish","hentry"],"yoast_head":"<!-- This site is optimized with the Yoast SEO plugin v27.4 - https:\/\/yoast.com\/product\/yoast-seo-wordpress\/ -->\n<title>VR Ny\u00edltnap 2024 - ITD official webpage<\/title>\n<meta name=\"robots\" content=\"index, follow, max-snippet:-1, max-image-preview:large, max-video-preview:-1\" \/>\n<link rel=\"canonical\" href=\"https:\/\/itdweb.hu\/en\/vr-nyiltnap-2024\/\" \/>\n<meta property=\"og:locale\" content=\"en_US\" \/>\n<meta property=\"og:type\" content=\"article\" \/>\n<meta property=\"og:title\" content=\"VR Ny\u00edltnap 2024 - ITD official webpage\" \/>\n<meta property=\"og:url\" content=\"https:\/\/itdweb.hu\/en\/vr-nyiltnap-2024\/\" \/>\n<meta property=\"og:site_name\" content=\"ITD official webpage\" \/>\n<meta property=\"article:publisher\" content=\"https:\/\/www.facebook.com\/itdpteaok\" \/>\n<meta property=\"article:modified_time\" content=\"2025-01-21T09:44:16+00:00\" \/>\n<meta name=\"twitter:card\" content=\"summary_large_image\" \/>\n<meta name=\"twitter:site\" content=\"@itd_pte\" \/>\n<meta name=\"twitter:label1\" content=\"Est. reading time\" \/>\n\t<meta name=\"twitter:data1\" content=\"4 minutes\" \/>\n<script type=\"application\/ld+json\" class=\"yoast-schema-graph\">{\"@context\":\"https:\\\/\\\/schema.org\",\"@graph\":[{\"@type\":\"WebPage\",\"@id\":\"https:\\\/\\\/itdweb.hu\\\/vr-nyiltnap-2024\\\/\",\"url\":\"https:\\\/\\\/itdweb.hu\\\/vr-nyiltnap-2024\\\/\",\"name\":\"VR Ny\u00edltnap 2024 - ITD official webpage\",\"isPartOf\":{\"@id\":\"https:\\\/\\\/itdweb.hu\\\/en\\\/#website\"},\"datePublished\":\"2024-04-22T14:20:18+00:00\",\"dateModified\":\"2025-01-21T09:44:16+00:00\",\"breadcrumb\":{\"@id\":\"https:\\\/\\\/itdweb.hu\\\/vr-nyiltnap-2024\\\/#breadcrumb\"},\"inLanguage\":\"en-US\",\"potentialAction\":[{\"@type\":\"ReadAction\",\"target\":[\"https:\\\/\\\/itdweb.hu\\\/vr-nyiltnap-2024\\\/\"]}]},{\"@type\":\"BreadcrumbList\",\"@id\":\"https:\\\/\\\/itdweb.hu\\\/vr-nyiltnap-2024\\\/#breadcrumb\",\"itemListElement\":[{\"@type\":\"ListItem\",\"position\":1,\"name\":\"Home\",\"item\":\"https:\\\/\\\/itdweb.hu\\\/\"},{\"@type\":\"ListItem\",\"position\":2,\"name\":\"VR Ny\u00edltnap 2024\"}]},{\"@type\":\"WebSite\",\"@id\":\"https:\\\/\\\/itdweb.hu\\\/en\\\/#website\",\"url\":\"https:\\\/\\\/itdweb.hu\\\/en\\\/\",\"name\":\"ITD official webpage\",\"description\":\"\",\"publisher\":{\"@id\":\"https:\\\/\\\/itdweb.hu\\\/en\\\/#organization\"},\"potentialAction\":[{\"@type\":\"SearchAction\",\"target\":{\"@type\":\"EntryPoint\",\"urlTemplate\":\"https:\\\/\\\/itdweb.hu\\\/en\\\/?s={search_term_string}\"},\"query-input\":{\"@type\":\"PropertyValueSpecification\",\"valueRequired\":true,\"valueName\":\"search_term_string\"}}],\"inLanguage\":\"en-US\"},{\"@type\":\"Organization\",\"@id\":\"https:\\\/\\\/itdweb.hu\\\/en\\\/#organization\",\"name\":\"ITD - Institute of Transdisciplinary Discoveries\",\"url\":\"https:\\\/\\\/itdweb.hu\\\/en\\\/\",\"logo\":{\"@type\":\"ImageObject\",\"inLanguage\":\"en-US\",\"@id\":\"https:\\\/\\\/itdweb.hu\\\/en\\\/#\\\/schema\\\/logo\\\/image\\\/\",\"url\":\"https:\\\/\\\/itdweb.hu\\\/wp-content\\\/uploads\\\/2020\\\/11\\\/itd-ikon.png\",\"contentUrl\":\"https:\\\/\\\/itdweb.hu\\\/wp-content\\\/uploads\\\/2020\\\/11\\\/itd-ikon.png\",\"width\":512,\"height\":512,\"caption\":\"ITD - Institute of Transdisciplinary Discoveries\"},\"image\":{\"@id\":\"https:\\\/\\\/itdweb.hu\\\/en\\\/#\\\/schema\\\/logo\\\/image\\\/\"},\"sameAs\":[\"https:\\\/\\\/www.facebook.com\\\/itdpteaok\",\"https:\\\/\\\/x.com\\\/itd_pte\",\"https:\\\/\\\/www.linkedin.com\\\/company\\\/institute-of-transdisciplinary-discoveries\",\"https:\\\/\\\/www.youtube.com\\\/channel\\\/UCJpKCIjIg0aVbPQztlXBdcg\"]}]}<\/script>\n<!-- \/ Yoast SEO plugin. -->","yoast_head_json":{"title":"VR Ny\u00edltnap 2024 - ITD official webpage","robots":{"index":"index","follow":"follow","max-snippet":"max-snippet:-1","max-image-preview":"max-image-preview:large","max-video-preview":"max-video-preview:-1"},"canonical":"https:\/\/itdweb.hu\/en\/vr-nyiltnap-2024\/","og_locale":"en_US","og_type":"article","og_title":"VR Ny\u00edltnap 2024 - ITD official webpage","og_url":"https:\/\/itdweb.hu\/en\/vr-nyiltnap-2024\/","og_site_name":"ITD official webpage","article_publisher":"https:\/\/www.facebook.com\/itdpteaok","article_modified_time":"2025-01-21T09:44:16+00:00","twitter_card":"summary_large_image","twitter_site":"@itd_pte","twitter_misc":{"Est. reading time":"4 minutes"},"schema":{"@context":"https:\/\/schema.org","@graph":[{"@type":"WebPage","@id":"https:\/\/itdweb.hu\/vr-nyiltnap-2024\/","url":"https:\/\/itdweb.hu\/vr-nyiltnap-2024\/","name":"VR Ny\u00edltnap 2024 - ITD official webpage","isPartOf":{"@id":"https:\/\/itdweb.hu\/en\/#website"},"datePublished":"2024-04-22T14:20:18+00:00","dateModified":"2025-01-21T09:44:16+00:00","breadcrumb":{"@id":"https:\/\/itdweb.hu\/vr-nyiltnap-2024\/#breadcrumb"},"inLanguage":"en-US","potentialAction":[{"@type":"ReadAction","target":["https:\/\/itdweb.hu\/vr-nyiltnap-2024\/"]}]},{"@type":"BreadcrumbList","@id":"https:\/\/itdweb.hu\/vr-nyiltnap-2024\/#breadcrumb","itemListElement":[{"@type":"ListItem","position":1,"name":"Home","item":"https:\/\/itdweb.hu\/"},{"@type":"ListItem","position":2,"name":"VR Ny\u00edltnap 2024"}]},{"@type":"WebSite","@id":"https:\/\/itdweb.hu\/en\/#website","url":"https:\/\/itdweb.hu\/en\/","name":"ITD official webpage","description":"","publisher":{"@id":"https:\/\/itdweb.hu\/en\/#organization"},"potentialAction":[{"@type":"SearchAction","target":{"@type":"EntryPoint","urlTemplate":"https:\/\/itdweb.hu\/en\/?s={search_term_string}"},"query-input":{"@type":"PropertyValueSpecification","valueRequired":true,"valueName":"search_term_string"}}],"inLanguage":"en-US"},{"@type":"Organization","@id":"https:\/\/itdweb.hu\/en\/#organization","name":"ITD - Institute of Transdisciplinary Discoveries","url":"https:\/\/itdweb.hu\/en\/","logo":{"@type":"ImageObject","inLanguage":"en-US","@id":"https:\/\/itdweb.hu\/en\/#\/schema\/logo\/image\/","url":"https:\/\/itdweb.hu\/wp-content\/uploads\/2020\/11\/itd-ikon.png","contentUrl":"https:\/\/itdweb.hu\/wp-content\/uploads\/2020\/11\/itd-ikon.png","width":512,"height":512,"caption":"ITD - Institute of Transdisciplinary Discoveries"},"image":{"@id":"https:\/\/itdweb.hu\/en\/#\/schema\/logo\/image\/"},"sameAs":["https:\/\/www.facebook.com\/itdpteaok","https:\/\/x.com\/itd_pte","https:\/\/www.linkedin.com\/company\/institute-of-transdisciplinary-discoveries","https:\/\/www.youtube.com\/channel\/UCJpKCIjIg0aVbPQztlXBdcg"]}]}},"_links":{"self":[{"href":"https:\/\/itdweb.hu\/en\/wp-json\/wp\/v2\/pages\/6709","targetHints":{"allow":["GET"]}}],"collection":[{"href":"https:\/\/itdweb.hu\/en\/wp-json\/wp\/v2\/pages"}],"about":[{"href":"https:\/\/itdweb.hu\/en\/wp-json\/wp\/v2\/types\/page"}],"author":[{"embeddable":true,"href":"https:\/\/itdweb.hu\/en\/wp-json\/wp\/v2\/users\/7"}],"replies":[{"embeddable":true,"href":"https:\/\/itdweb.hu\/en\/wp-json\/wp\/v2\/comments?post=6709"}],"version-history":[{"count":9,"href":"https:\/\/itdweb.hu\/en\/wp-json\/wp\/v2\/pages\/6709\/revisions"}],"predecessor-version":[{"id":6786,"href":"https:\/\/itdweb.hu\/en\/wp-json\/wp\/v2\/pages\/6709\/revisions\/6786"}],"wp:attachment":[{"href":"https:\/\/itdweb.hu\/en\/wp-json\/wp\/v2\/media?parent=6709"}],"curies":[{"name":"wp","href":"https:\/\/api.w.org\/{rel}","templated":true}]}}