{"id":9,"date":"2017-02-17T12:14:20","date_gmt":"2017-02-17T12:14:20","guid":{"rendered":"http:\/\/biandel.com\/ombrios\/?page_id=9"},"modified":"2025-04-04T11:12:49","modified_gmt":"2025-04-04T11:12:49","slug":"kapcsolat","status":"publish","type":"page","link":"https:\/\/itdweb.hu\/en\/kapcsolat\/","title":{"rendered":"Contact"},"content":{"rendered":"<div class=\"wpb-content-wrapper\">\r\n<div class=\"mk-page-section-wrapper\" data-mk-full-width=\"true\" data-mk-full-width-init=\"true\" data-mk-stretch-content=\"true\">\r\n\t<div id=\"page-section-1\" class=\"mk-page-section self-hosted   half_left_layout half_boxed full-width-1 js-el js-master-row jupiter-donut-    center-y\" data-mk-component=\"FullHeight\" data-fullheight-config='{\"min\": 100}'   data-intro-effect=\"false\">\r\n\r\n\t\t\t\r\n\t\t\t<div class=\"mk-page-section-inner\">\r\n\t\t\t\t\r\n\r\n\r\n<div class=\"mk-video-color-mask\"><\/div>\r\n\r\n\t\t\t\t\r\n\t\t\t\t\t\t\t<\/div>\r\n\r\n\t\t\t\r\n\t\t\t \r\n \r\n\r\n <div class=\"mk-half-layout half_left_layout\" data-mk-img-set='{\"landscape\":{\"desktop\":\"https:\/\/itdweb.hu\/wp-content\/uploads\/2020\/05\/contact-email-fashion-hand-4970-scaled.jpg\",\"tablet\":\"https:\/\/itdweb.hu\/wp-content\/uploads\/2020\/05\/contact-email-fashion-hand-4970-scaled-1024x768.jpg\",\"mobile\":\"https:\/\/itdweb.hu\/wp-content\/uploads\/2020\/05\/contact-email-fashion-hand-4970-scaled-736x414.jpg\"},\"responsive\":\"true\"}'>\r\n     <\/div>\r\n\r\n <div class=\"mk-half-layout-container page-section-content half_left_layout\">\r\n    <div class=\"mk-half-layout-inner\">\r\n \t  \r\n<div class=\"vc_col-sm-12 wpb_column column_container  jupiter-donut- _ jupiter-donut-height-full\">\r\n\t<div class=\"vc_empty_space\"   style=\"height: 150px\"><span class=\"vc_empty_space_inner\"><\/span><\/div>\r\n<h1 id=\"fancy-title-3\" class=\"mk-fancy-title  simple-style jupiter-donut-  color-single\">\r\n\t<span>\r\n\t\t\t\t<p>Contact<\/p>\n\t\t\t<\/span>\r\n<\/h1>\r\n<div class=\"clearboth\"><\/div>\r\n\r\n\r\n\r\n<style>#fancy-title-3 {font-family: \"Roboto\"}<\/style>\r\n<h3 id=\"fancy-title-4\" class=\"mk-fancy-title  simple-style jupiter-donut-  color-single\">\r\n\t<span>\r\n\t\t\t\t<p>7624 P\u00e9cs, Ifj\u00fas\u00e1g \u00fatja 11. 2nd floor<\/p>\n<ul>\n<li><span style=\"color: #ffffff;\"><a style=\"color: #ffffff;\" href=\"http:\/\/marotipeter8@gmail.,com\"><span style=\"font-size: 10pt;\">Dr. Mar\u00f3ti P\u00e9ter &#8211; int\u00e9zetigazgat\u00f3<\/span><\/a><\/span><\/li>\n<li style=\"text-align: left;\"><span style=\"color: #ffffff;\"><a style=\"color: #ffffff;\" href=\"mailto:liber.noemi@pte.hu\"><span style=\"font-size: 10pt;\">Dr. Liber No\u00e9mi &#8211; int\u00e9zetigazgat\u00f3-helyettes<\/span><\/a><\/span><\/li>\n<li style=\"text-align: left;\"><span style=\"color: #ffffff;\"><a style=\"color: #ffffff;\" href=\"mailto:pandur.eva@pte.hu\"><span style=\"font-size: 10pt;\">Pandur \u00c9va &#8211; projekt \u00e9s innov\u00e1ci\u00f3s koordin\u00e1tor<\/span><\/a><\/span><\/li>\n<li style=\"text-align: left;\"><span style=\"color: #ffffff;\"><a style=\"color: #ffffff;\" href=\"mailto:samoczi.alexandra@pte.hu\"><span style=\"font-size: 10pt;\">S\u00e1m\u00f3czi Alexandra &#8211; projekt \u00e9s innov\u00e1ci\u00f3s koordin\u00e1tor<\/span><\/a><\/span><\/li>\n<li><span style=\"color: #ffffff;\"><a style=\"color: #ffffff;\" href=\"mailto:samoczi.alexandra@pte.hu\"><span style=\"font-size: 10pt;\">dr. Gruber Ad\u00e9l &#8211; projekt \u00e9s innov\u00e1ci\u00f3s koordin\u00e1tor<\/span><\/a><\/span><\/li>\n<li><span style=\"color: #ffffff;\"><a style=\"color: #ffffff;\" href=\"mailto:martini.szabina@pte.hu\"><span style=\"font-size: 10pt;\">Madaras-Martini Szabina &#8211; projekt \u00e9s innov\u00e1ci\u00f3s koordin\u00e1tor<\/span><\/a><\/span><\/li>\n<li style=\"text-align: left;\"><span style=\"color: #ffffff;\"><a style=\"color: #ffffff;\" href=\"mailto:illes.annamaria@pte.hu\"><span style=\"font-size: 10pt;\">Ill\u00e9s Annam\u00e1ria &#8211; PR koordin\u00e1tor<\/span><\/a><\/span><\/li>\n<li style=\"text-align: left;\"><span style=\"color: #ffffff;\"><a style=\"color: #ffffff;\" href=\"mailto:rappai.erika@pte.hu\"><span style=\"font-size: 10pt;\">B\u00f3zsa-Rappai Erika &#8211; PR koordin\u00e1tor<\/span><\/a><\/span><\/li>\n<li style=\"text-align: left;\"><span style=\"color: #ffffff;\"><a style=\"color: #ffffff;\" href=\"mailto:szentpeteri.jozsef@pte.hu\"><span style=\"font-size: 10pt;\">Dr. Szentp\u00e9teri J\u00f3zsef L\u00e1szl\u00f3 &#8211; c\u00edmze. egyetemi tan\u00e1r, oktat\u00f3<\/span><\/a><\/span><\/li>\n<li><span style=\"color: #ffffff; font-size: 10pt;\"><a style=\"color: #ffffff;\" href=\"mailto:deak.mate@pte.hu\">Dr. De\u00e1k M\u00e1t\u00e9 &#8211; adjunktus, innov\u00e1ci\u00f3s szak\u00e9rt\u0151<\/a><\/span><\/li>\n<li><span style=\"color: #ffffff;\"><a style=\"color: #ffffff;\" href=\"mailto:bartha-mogyorosi.eszter@pte.hu\"><span style=\"font-size: 10pt;\">Bartha-Mogyor\u00f3si Eszter &#8211; int\u00e9zeti \u00fcgyint\u00e9z\u0151, gazd. referens<\/span><\/a><\/span><\/li>\n<li><span style=\"color: #ffffff;\"><a style=\"color: #ffffff;\" href=\"mailto:samoczi.istvanne@pte.hu\"><span style=\"font-size: 10pt;\">S\u00e1m\u00f3czi Istv\u00e1nn\u00e9 &#8211; int\u00e9zeti \u00fcgyint\u00e9z\u0151<\/span><\/a><\/span><\/li>\n<\/ul>\n<p>innovacio.aok@pte.hu<\/p>\n<p><span style=\"font-size: 10pt;\">Tel.: +3630 842 5301<\/span><\/p>\n\t\t\t<\/span>\r\n<\/h3>\r\n<div class=\"clearboth\"><\/div>\r\n\r\n\r\n\r\n<style>#fancy-title-4 {font-family: \"Roboto\"}<\/style><div id=\"divider-5\" class=\"mk-divider  jupiter-donut-hidden-sm   divider_one_half left thin_solid hidden-sm\">\r\n\r\n\t\t\t<div class=\"divider-inner\"><\/div>\r\n\t\r\n<\/div>\r\n<div class=\"clearboth\"><\/div>\r\n\r\n<div id=\"social-networks-6\" class=\"mk-social-network-shortcode jupiter-donut-padding-0 jupiter-donut-margin-10-0 s_social jupiter-donut-list-reset jupiter-donut-align-left s_rounded social-align-left xx-large  jupiter-donut-\">\r\n\t<ul class=\"jupiter-donut-margin-0 jupiter-donut-padding-0 a_list-style-none\">\r\n\t\t<li><a rel=\"noreferrer noopener\" target=\"_blank\" class=\"facebook-hover c_\" href=\"https:\/\/www.facebook.com\/itdpteaok\"><svg  class=\"mk-svg-icon\" data-name=\"mk-jupiter-icon-square-facebook\" data-cacheid=\"icon-69fb3ce9f0704\" style=\" height:64px; width: 64px; \"  xmlns=\"http:\/\/www.w3.org\/2000\/svg\" viewbox=\"0 0 512 512\"><path d=\"M444-6.4h-376c-37.555 0-68 30.445-68 68v376c0 37.555 30.445 68 68 68h376c37.555 0 68-30.445 68-68v-376c0-37.555-30.445-68-68-68zm-123.943 159.299h-49.041c-7.42 0-14.918 7.452-14.918 12.99v19.487h63.723c-2.081 28.41-6.407 64.679-6.407 64.679h-57.565v159.545h-63.929v-159.545h-32.756v-64.474h32.756v-33.53c0-8.098-1.706-62.336 70.46-62.336h57.678v63.183z\"\/><\/svg><\/a><\/li><li><a rel=\"noreferrer noopener\" target=\"_blank\" class=\"linkedin-hover c_\" href=\"https:\/\/www.linkedin.com\/company\/institute-of-transdisciplinary-discoveries\/?viewAsMember=true\"><svg  class=\"mk-svg-icon\" data-name=\"mk-jupiter-icon-square-linkedin\" data-cacheid=\"icon-69fb3ce9f0a93\" style=\" height:64px; width: 64px; \"  xmlns=\"http:\/\/www.w3.org\/2000\/svg\" viewbox=\"0 0 512 512\"><path d=\"M444-6.4h-376c-37.555 0-68 30.445-68 68v376c0 37.555 30.445 68 68 68h376c37.555 0 68-30.445 68-68v-376c0-37.555-30.445-68-68-68zm-284.612 95.448c19.722 0 31.845 13.952 32.215 32.284 0 17.943-12.492 32.311-32.592 32.311h-.389c-19.308 0-31.842-14.368-31.842-32.311 0-18.332 12.897-32.284 32.609-32.284zm32.685 288.552h-64.073v-192h64.073v192zm223.927-.089h-63.77v-97.087c0-27.506-11.119-46.257-34.797-46.257-18.092 0-22.348 12.656-27.075 24.868-1.724 4.382-2.165 10.468-2.165 16.583v101.892h-64.193s.881-173.01 0-192.221h57.693v.31h6.469v19.407c9.562-12.087 25.015-24.527 52.495-24.527 43.069 0 75.344 29.25 75.344 92.077v104.954z\"\/><\/svg><\/a><\/li><li><a rel=\"noreferrer noopener\" target=\"_blank\" class=\"youtube-hover c_\" href=\"https:\/\/www.youtube.com\/channel\/UCJpKCIjIg0aVbPQztlXBdcg\"><svg  class=\"mk-svg-icon\" data-name=\"mk-jupiter-icon-square-youtube\" data-cacheid=\"icon-69fb3ce9f0e06\" style=\" height:64px; width: 64px; \"  xmlns=\"http:\/\/www.w3.org\/2000\/svg\" viewbox=\"0 0 512 512\"><path d=\"M227.369 349.573c0 7.385.448 11.076-.017 12.377-1.446 3.965-7.964 8.156-10.513.43-.427-1.353-.049-5.44-.049-12.447l-.07-51.394h-17.734l.053 50.578c.022 7.752-.172 13.537.061 16.164.44 4.644.286 10.049 4.584 13.133 8.026 5.793 23.391-.861 27.24-9.123l-.04 10.547 14.319.019v-81.318h-17.835v51.035zm46.259-47.854l.062-31.592-17.809.035-.089 109.006 14.645-.219 1.335-6.785c18.715 17.166 30.485 5.404 30.458-15.174l-.035-42.49c-.017-16.183-12.129-25.887-28.567-12.781zm15.364 58.35c0 3.524-3.515 6.39-7.805 6.39s-7.797-2.867-7.797-6.39v-47.695c0-3.526 3.507-6.408 7.797-6.408 4.289 0 7.805 2.883 7.805 6.408v47.695zm155.008-366.469h-376c-37.555 0-68 30.445-68 68v376c0 37.555 30.445 68 68 68h376c37.555 0 68-30.445 68-68v-376c0-37.555-30.445-68-68-68zm-156.606 129.297h16.34v65.764c0 3.564 2.935 6.473 6.505 6.473 3.586 0 6.512-2.909 6.512-6.473v-65.764h15.649v84.5h-19.866l.334-6.997c-1.354 2.843-3.024 4.97-5.001 6.399-1.988 1.433-4.255 2.127-6.83 2.127-2.928 0-5.381-.681-7.297-2.026-1.933-1.366-3.366-3.178-4.29-5.419-.915-2.259-1.476-4.601-1.705-7.036-.219-2.457-.351-7.296-.351-14.556v-56.991zm-48.83.883c3.511-2.769 8.003-4.158 13.471-4.158 4.592 0 8.539.901 11.826 2.673 3.305 1.771 5.854 4.083 7.631 6.931 1.801 2.856 3.022 5.793 3.673 8.799.66 3.046.994 7.643.994 13.836v21.369c0 7.84-.317 13.606-.923 17.267-.599 3.67-1.908 7.072-3.912 10.272-1.988 3.155-4.544 5.52-7.647 7.029-3.137 1.515-6.733 2.258-10.786 2.258-4.531 0-8.341-.619-11.488-1.934-3.156-1.291-5.59-3.26-7.331-5.857-1.754-2.594-2.985-5.772-3.727-9.468-.756-3.701-1.113-9.261-1.113-16.666v-22.371c0-8.113.685-14.447 2.026-19.012 1.345-4.55 3.78-8.21 7.305-10.966zm-52.06-34.18l11.946 41.353 11.77-41.239h20.512l-22.16 55.523-.023 64.81h-18.736l-.031-64.788-23.566-55.659h20.287zm197.528 280.428c0 21.764-18.882 39.572-41.947 39.572h-172.476c-23.078 0-41.951-17.808-41.951-39.572v-90.733c0-21.755 18.873-39.573 41.951-39.573h172.476c23.065 0 41.947 17.819 41.947 39.573v90.733zm-131.334-174.005c4.343 0 7.876-3.912 7.876-8.698v-44.983c0-4.778-3.532-8.684-7.876-8.684-4.338 0-7.903 3.906-7.903 8.684v44.984c0 4.786 3.565 8.698 7.903 8.698zm-50.218 88.284v-14.152l-56.999-.098v13.924l17.791.053v95.84h17.835l-.013-95.567h21.386zm142.172 67.119l-.034 1.803v7.453c0 4-3.297 7.244-7.298 7.244h-2.619c-4.015 0-7.313-3.244-7.313-7.244v-19.61h30.617v-11.515c0-8.42-.229-16.832-.924-21.651-2.188-15.224-23.549-17.64-34.353-9.853-3.384 2.435-5.978 5.695-7.478 10.074-1.522 4.377-2.269 10.363-2.269 17.967v25.317c0 42.113 51.14 36.162 45.041-.053l-13.37.068zm-16.947-34.244c0-4.361 3.586-7.922 7.964-7.922h1.063c4.394 0 7.981 3.56 7.981 7.922l-.192 9.81h-16.887l.072-9.81z\"\/><\/svg><\/a><\/li>\t<\/ul>\r\n<\/div>\r\n\r\n\r\n\r\n<\/div>\r\n    <\/div>\r\n <\/div>\r\n\r\n\r\n\t\t\t\r\n\t\t\t\r\n\t\t<div class=\"clearboth\"><\/div>\r\n\t<\/div>\r\n<\/div>\r\n<div class=\"vc_row-full-width vc_clearfix\"><\/div>\r\n\r\n\n<\/div>","protected":false},"excerpt":{"rendered":"Kapcsolat 7624 P\u00e9cs, Ifj\u00fas\u00e1g \u00fatja 11. 2. emelet Dr. Mar\u00f3ti P\u00e9ter - int\u00e9zetigazgat\u00f3 Dr. Liber No\u00e9mi - int\u00e9zetigazgat\u00f3-helyettes Pandur \u00c9va - projekt \u00e9s innov\u00e1ci\u00f3s koordin\u00e1tor S\u00e1m\u00f3czi Alexandra - projekt \u00e9s innov\u00e1ci\u00f3s koordin\u00e1tor dr. Gruber Ad\u00e9l - projekt \u00e9s innov\u00e1ci\u00f3s koordin\u00e1tor Madaras-Martini Szabina - projekt \u00e9s innov\u00e1ci\u00f3s koordin\u00e1tor Ill\u00e9s Annam\u00e1ria - PR koordin\u00e1tor B\u00f3zsa-Rappai Erika - [...]","protected":false},"author":7,"featured_media":0,"parent":0,"menu_order":0,"comment_status":"closed","ping_status":"closed","template":"","meta":{"om_disable_all_campaigns":false,"_monsterinsights_skip_tracking":false,"_monsterinsights_sitenote_active":false,"_monsterinsights_sitenote_note":"","_monsterinsights_sitenote_category":0,"_uf_show_specific_survey":0,"_uf_disable_surveys":false,"footnotes":""},"class_list":["post-9","page","type-page","status-publish","hentry"],"yoast_head":"<!-- This site is optimized with the Yoast SEO plugin v27.5 - https:\/\/yoast.com\/product\/yoast-seo-wordpress\/ -->\n<title>Kapcsolat - ITD official webpage<\/title>\n<meta name=\"robots\" content=\"index, follow, max-snippet:-1, max-image-preview:large, max-video-preview:-1\" \/>\n<link rel=\"canonical\" href=\"https:\/\/itdweb.hu\/en\/kapcsolat\/\" \/>\n<meta property=\"og:locale\" content=\"en_US\" \/>\n<meta property=\"og:type\" content=\"article\" \/>\n<meta property=\"og:title\" content=\"Kapcsolat - ITD official webpage\" \/>\n<meta property=\"og:url\" content=\"https:\/\/itdweb.hu\/en\/kapcsolat\/\" \/>\n<meta property=\"og:site_name\" content=\"ITD official webpage\" \/>\n<meta property=\"article:publisher\" content=\"https:\/\/www.facebook.com\/itdpteaok\" \/>\n<meta property=\"article:modified_time\" content=\"2025-04-04T11:12:49+00:00\" \/>\n<meta name=\"twitter:card\" content=\"summary_large_image\" \/>\n<meta name=\"twitter:site\" content=\"@itd_pte\" \/>\n<meta name=\"twitter:label1\" content=\"Est. reading time\" \/>\n\t<meta name=\"twitter:data1\" content=\"2 minutes\" \/>\n<script type=\"application\/ld+json\" class=\"yoast-schema-graph\">{\"@context\":\"https:\\\/\\\/schema.org\",\"@graph\":[{\"@type\":\"WebPage\",\"@id\":\"https:\\\/\\\/itdweb.hu\\\/kapcsolat\\\/\",\"url\":\"https:\\\/\\\/itdweb.hu\\\/kapcsolat\\\/\",\"name\":\"Kapcsolat - ITD official webpage\",\"isPartOf\":{\"@id\":\"https:\\\/\\\/itdweb.hu\\\/en\\\/#website\"},\"datePublished\":\"2017-02-17T12:14:20+00:00\",\"dateModified\":\"2025-04-04T11:12:49+00:00\",\"breadcrumb\":{\"@id\":\"https:\\\/\\\/itdweb.hu\\\/kapcsolat\\\/#breadcrumb\"},\"inLanguage\":\"en-US\",\"potentialAction\":[{\"@type\":\"ReadAction\",\"target\":[\"https:\\\/\\\/itdweb.hu\\\/kapcsolat\\\/\"]}]},{\"@type\":\"BreadcrumbList\",\"@id\":\"https:\\\/\\\/itdweb.hu\\\/kapcsolat\\\/#breadcrumb\",\"itemListElement\":[{\"@type\":\"ListItem\",\"position\":1,\"name\":\"Home\",\"item\":\"https:\\\/\\\/itdweb.hu\\\/\"},{\"@type\":\"ListItem\",\"position\":2,\"name\":\"Kapcsolat\"}]},{\"@type\":\"WebSite\",\"@id\":\"https:\\\/\\\/itdweb.hu\\\/en\\\/#website\",\"url\":\"https:\\\/\\\/itdweb.hu\\\/en\\\/\",\"name\":\"ITD official webpage\",\"description\":\"\",\"publisher\":{\"@id\":\"https:\\\/\\\/itdweb.hu\\\/en\\\/#organization\"},\"potentialAction\":[{\"@type\":\"SearchAction\",\"target\":{\"@type\":\"EntryPoint\",\"urlTemplate\":\"https:\\\/\\\/itdweb.hu\\\/en\\\/?s={search_term_string}\"},\"query-input\":{\"@type\":\"PropertyValueSpecification\",\"valueRequired\":true,\"valueName\":\"search_term_string\"}}],\"inLanguage\":\"en-US\"},{\"@type\":\"Organization\",\"@id\":\"https:\\\/\\\/itdweb.hu\\\/en\\\/#organization\",\"name\":\"ITD - Institute of Transdisciplinary Discoveries\",\"url\":\"https:\\\/\\\/itdweb.hu\\\/en\\\/\",\"logo\":{\"@type\":\"ImageObject\",\"inLanguage\":\"en-US\",\"@id\":\"https:\\\/\\\/itdweb.hu\\\/en\\\/#\\\/schema\\\/logo\\\/image\\\/\",\"url\":\"https:\\\/\\\/itdweb.hu\\\/wp-content\\\/uploads\\\/2020\\\/11\\\/itd-ikon.png\",\"contentUrl\":\"https:\\\/\\\/itdweb.hu\\\/wp-content\\\/uploads\\\/2020\\\/11\\\/itd-ikon.png\",\"width\":512,\"height\":512,\"caption\":\"ITD - Institute of Transdisciplinary Discoveries\"},\"image\":{\"@id\":\"https:\\\/\\\/itdweb.hu\\\/en\\\/#\\\/schema\\\/logo\\\/image\\\/\"},\"sameAs\":[\"https:\\\/\\\/www.facebook.com\\\/itdpteaok\",\"https:\\\/\\\/x.com\\\/itd_pte\",\"https:\\\/\\\/www.linkedin.com\\\/company\\\/institute-of-transdisciplinary-discoveries\",\"https:\\\/\\\/www.youtube.com\\\/channel\\\/UCJpKCIjIg0aVbPQztlXBdcg\"]}]}<\/script>\n<!-- \/ Yoast SEO plugin. -->","yoast_head_json":{"title":"Kapcsolat - ITD official webpage","robots":{"index":"index","follow":"follow","max-snippet":"max-snippet:-1","max-image-preview":"max-image-preview:large","max-video-preview":"max-video-preview:-1"},"canonical":"https:\/\/itdweb.hu\/en\/kapcsolat\/","og_locale":"en_US","og_type":"article","og_title":"Kapcsolat - ITD official webpage","og_url":"https:\/\/itdweb.hu\/en\/kapcsolat\/","og_site_name":"ITD official webpage","article_publisher":"https:\/\/www.facebook.com\/itdpteaok","article_modified_time":"2025-04-04T11:12:49+00:00","twitter_card":"summary_large_image","twitter_site":"@itd_pte","twitter_misc":{"Est. reading time":"2 minutes"},"schema":{"@context":"https:\/\/schema.org","@graph":[{"@type":"WebPage","@id":"https:\/\/itdweb.hu\/kapcsolat\/","url":"https:\/\/itdweb.hu\/kapcsolat\/","name":"Kapcsolat - ITD official webpage","isPartOf":{"@id":"https:\/\/itdweb.hu\/en\/#website"},"datePublished":"2017-02-17T12:14:20+00:00","dateModified":"2025-04-04T11:12:49+00:00","breadcrumb":{"@id":"https:\/\/itdweb.hu\/kapcsolat\/#breadcrumb"},"inLanguage":"en-US","potentialAction":[{"@type":"ReadAction","target":["https:\/\/itdweb.hu\/kapcsolat\/"]}]},{"@type":"BreadcrumbList","@id":"https:\/\/itdweb.hu\/kapcsolat\/#breadcrumb","itemListElement":[{"@type":"ListItem","position":1,"name":"Home","item":"https:\/\/itdweb.hu\/"},{"@type":"ListItem","position":2,"name":"Kapcsolat"}]},{"@type":"WebSite","@id":"https:\/\/itdweb.hu\/en\/#website","url":"https:\/\/itdweb.hu\/en\/","name":"ITD official webpage","description":"","publisher":{"@id":"https:\/\/itdweb.hu\/en\/#organization"},"potentialAction":[{"@type":"SearchAction","target":{"@type":"EntryPoint","urlTemplate":"https:\/\/itdweb.hu\/en\/?s={search_term_string}"},"query-input":{"@type":"PropertyValueSpecification","valueRequired":true,"valueName":"search_term_string"}}],"inLanguage":"en-US"},{"@type":"Organization","@id":"https:\/\/itdweb.hu\/en\/#organization","name":"ITD - Institute of Transdisciplinary Discoveries","url":"https:\/\/itdweb.hu\/en\/","logo":{"@type":"ImageObject","inLanguage":"en-US","@id":"https:\/\/itdweb.hu\/en\/#\/schema\/logo\/image\/","url":"https:\/\/itdweb.hu\/wp-content\/uploads\/2020\/11\/itd-ikon.png","contentUrl":"https:\/\/itdweb.hu\/wp-content\/uploads\/2020\/11\/itd-ikon.png","width":512,"height":512,"caption":"ITD - Institute of Transdisciplinary Discoveries"},"image":{"@id":"https:\/\/itdweb.hu\/en\/#\/schema\/logo\/image\/"},"sameAs":["https:\/\/www.facebook.com\/itdpteaok","https:\/\/x.com\/itd_pte","https:\/\/www.linkedin.com\/company\/institute-of-transdisciplinary-discoveries","https:\/\/www.youtube.com\/channel\/UCJpKCIjIg0aVbPQztlXBdcg"]}]}},"_links":{"self":[{"href":"https:\/\/itdweb.hu\/en\/wp-json\/wp\/v2\/pages\/9","targetHints":{"allow":["GET"]}}],"collection":[{"href":"https:\/\/itdweb.hu\/en\/wp-json\/wp\/v2\/pages"}],"about":[{"href":"https:\/\/itdweb.hu\/en\/wp-json\/wp\/v2\/types\/page"}],"author":[{"embeddable":true,"href":"https:\/\/itdweb.hu\/en\/wp-json\/wp\/v2\/users\/7"}],"replies":[{"embeddable":true,"href":"https:\/\/itdweb.hu\/en\/wp-json\/wp\/v2\/comments?post=9"}],"version-history":[{"count":26,"href":"https:\/\/itdweb.hu\/en\/wp-json\/wp\/v2\/pages\/9\/revisions"}],"predecessor-version":[{"id":6832,"href":"https:\/\/itdweb.hu\/en\/wp-json\/wp\/v2\/pages\/9\/revisions\/6832"}],"wp:attachment":[{"href":"https:\/\/itdweb.hu\/en\/wp-json\/wp\/v2\/media?parent=9"}],"curies":[{"name":"wp","href":"https:\/\/api.w.org\/{rel}","templated":true}]}}